{"id":1321,"date":"2020-01-06T16:59:43","date_gmt":"2020-01-06T14:59:43","guid":{"rendered":"http:\/\/194.213.36.175:8000\/?page_id=1321"},"modified":"2020-01-06T16:59:43","modified_gmt":"2020-01-06T14:59:43","slug":"o-krmivech-spillers","status":"publish","type":"page","link":"https:\/\/universalpet.cz\/?page_id=1321","title":{"rendered":"O krmivech Spillers"},"content":{"rendered":"<ul class=\"highlightsList highlightsTheme-strip_left highlights-withText\">\n<li class=\"highlightsItem\">\n<figure class=\"highlightsFigCont\"><i class=\"navIcon navIconImg fa-fw\"><img decoding=\"async\" src=\"https:\/\/www.britskakrmiva.cz\/resize\/f\/50\/50\/files\/atom.png\" alt=\"Ikona\" \/><\/i><figcaption>\n<h3>V\u011aDECK\u00c9 Z\u00c1ZEM\u00cd<\/h3>\n<\/figcaption><\/figure>\n<\/li>\n<li class=\"highlightsItem\">\n<figure class=\"highlightsFigCont\"><i class=\"navIcon navIconImg fa-fw\"><img decoding=\"async\" src=\"https:\/\/www.britskakrmiva.cz\/resize\/f\/50\/50\/files\/natural.png\" alt=\"Ikona\" \/><\/i><figcaption>\n<h3>100% P\u0158\u00cdRODN\u00cd BEZ KONZERVANT\u016e<\/h3>\n<\/figcaption><\/figure>\n<\/li>\n<li class=\"highlightsItem\">\n<figure class=\"highlightsFigCont\"><i class=\"navIcon navIconImg fa-fw\"><img decoding=\"async\" src=\"https:\/\/www.britskakrmiva.cz\/resize\/f\/50\/50\/files\/beze-jmena.png\" alt=\"Ikona\" \/><\/i><figcaption>\n<h3>100% GARANCE<\/h3>\n<\/figcaption><\/figure>\n<\/li>\n<li class=\"highlightsItem\">\n<figure class=\"highlightsFigCont\"><i class=\"navIcon navIconImg fa-fw\"><img decoding=\"async\" src=\"https:\/\/www.britskakrmiva.cz\/resize\/f\/50\/50\/files\/the-beta-nops-logo-1.jpg\" alt=\"Ikona\" \/><\/i><figcaption>\n<h3>100% DOPING FREE<\/h3>\n<\/figcaption><\/figure>\n<\/li>\n<li class=\"highlightsItem\">\n<figure class=\"highlightsFigCont\"><i class=\"navIcon navIconImg fa-fw\"><img decoding=\"async\" src=\"https:\/\/www.britskakrmiva.cz\/resize\/f\/50\/50\/files\/40.png\" alt=\"Ikona\" \/><\/i><figcaption>\n<h3>V\u00cdCE NE\u017d 40 DRUH\u016e<\/h3>\n<\/figcaption><\/figure>\n<\/li>\n<li class=\"highlightsItem\">\n<figure class=\"highlightsFigCont\"><i class=\"navIcon navIconImg fa-fw\"><img decoding=\"async\" src=\"https:\/\/www.britskakrmiva.cz\/resize\/f\/50\/50\/files\/whole-oat-free.png\" alt=\"Ikona\" \/><\/i><figcaption>\n<h3>RECEPTURY BEZ CEL\u00ddCH OBILOVIN<\/h3>\n<\/figcaption><\/figure>\n<\/li>\n<li class=\"highlightsItem\">\n<figure class=\"highlightsFigCont\"><i class=\"navIcon navIconImg fa-fw\"><img decoding=\"async\" src=\"https:\/\/www.britskakrmiva.cz\/resize\/f\/50\/50\/files\/razitko-black.png\" alt=\"Ikona\" \/><\/i><figcaption>\n<h3>70 LET TRADICE<\/h3>\n<\/figcaption><\/figure>\n<p>&nbsp;<\/li>\n<\/ul>\n<h2>\u200bTradice v\u00fdroby krmiv pro kon\u011b t\u00e9m\u011b\u0159 70 let<\/h2>\n<div class=\"userHTMLContent\"><a class=\"linkImage textGalleryLink linkRight\" href=\"https:\/\/www.britskakrmiva.cz\/resize\/e\/800\/800\/files\/464505275.jpg\" target=\"_blank\" rel=\"noopener noreferrer\"><img decoding=\"async\" class=\"imageRight\" title=\"\u200bTradice v\u00fdroby krmiv pro kon\u011b t\u00e9m\u011b\u0159 70 let\" src=\"https:\/\/www.britskakrmiva.cz\/resize\/e\/300\/300\/files\/464505275.jpg\" alt=\"\u200bTradice v\u00fdroby krmiv pro kon\u011b t\u00e9m\u011b\u0159 70 let\" \/><\/a>\u200bFirma Spillers zapo\u010dala sv\u016fj v\u00fdzkum v oblasti v\u00fd\u017eivy kon\u00ed ji\u017e v roce 1950. O osm let pozd\u011bji na britsk\u00fd trh uvedla v\u016fbec prvn\u00ed kompletn\u00ed granule pro kon\u011b &#8211; Horse and pony cubes.<\/p>\n<p>\u200b<br \/>\nD\u00edky t\u00e9m\u011b\u0159 70 let\u016fm v\u00fdzkum\u016f a inovac\u00ed v oblasti v\u00fd\u017eivy kon\u00ed jsme i nad\u00e1le l\u00eddry ve sv\u00e9m oboru. S nad\u0161en\u00edm zlep\u0161ujeme \u017eivoty kon\u00ed a pon\u00edk\u016f, a\u0165 u\u017e je va\u0161\u00edm c\u00edlem vrcholov\u00e1 v\u00fdkonnost nebo v\u00e1m jednodu\u0161e z\u00e1le\u017e\u00ed &#8222;jen&#8220; na zdrav\u00ed sv\u00e9ho ko\u0148sk\u00e9ho p\u0159\u00edtele. S na\u0161imi nutri\u010dn\u00edmi specialisty v\u00e1m zaru\u010dujeme, \u017ee poskytujeme jen tu nejlep\u0161\u00ed v\u00fd\u017eivu.\u200b<\/p>\n<p>&nbsp;<\/p>\n<p><strong>N\u00e1sledujte n\u00e1s. Vyr\u00e1b\u00edme&#8230; KRMIVA S TRADIC\u00cd<\/strong><\/p>\n<div id=\"block-745\" class=\"blockText box blockTextLeft\">\n<h2>V\u011bda pro Spillers<\/h2>\n<div class=\"userHTMLContent\"><a class=\"linkImage textGalleryLink linkLeft\" href=\"https:\/\/www.britskakrmiva.cz\/resize\/e\/800\/800\/files\/welt.jpg\" target=\"_blank\" rel=\"noopener noreferrer\"><img decoding=\"async\" class=\"imageLeft\" title=\"V\u011bda pro Spillers\" src=\"https:\/\/www.britskakrmiva.cz\/resize\/e\/150\/150\/files\/welt.jpg\" alt=\"V\u011bda pro Spillers\" \/><\/a>WALTHAM\u00ae Pet Nutrition Centre &#8211; na\u0161e v\u011bdeck\u00e9 z\u00e1zem\u00ed, d\u00edky kter\u00e9mu posouv\u00e1me porozum\u011bn\u00ed v\u00fd\u017eiv\u011b kon\u00ed na nad\u010dasovou \u00farove\u0148. WALTHAM\u00ae spolupracuje s odborn\u00edky z \u0159ad veterin\u00e1\u0159\u016f, chovatel\u016f, v\u011bdc\u016f a krmiv\u00e1\u0159\u016f z cel\u00e9ho sv\u011bta. D\u00edky tomu neust\u00e1le prohlubujeme na\u0161e znalosti o tom, jak v\u00fd\u017eiva ovliv\u0148uje zdrav\u00ed, chov\u00e1n\u00ed, psychickou pohodu a v\u00fdkonnost ka\u017ed\u00e9ho kon\u011b. S v\u011bdeckou z\u00e1kladnou WALTHAM\u00ae Pet Nutrition Centre jsme jednodu\u0161e v\u017edy o krok nap\u0159ed.<\/p>\n<\/div>\n<\/div>\n<div id=\"block-749\" class=\"blockText box blockTextLeft\">\n<h2>100% P\u0159\u00edrodn\u00ed<\/h2>\n<div class=\"userHTMLContent\"><a class=\"linkImage textGalleryLink linkLeft\" href=\"https:\/\/www.britskakrmiva.cz\/resize\/e\/800\/800\/files\/gmo-free.jpg\" target=\"_blank\" rel=\"noopener noreferrer\"><img decoding=\"async\" class=\"imageLeft\" title=\"100% P\u0159\u00edrodn\u00ed\" src=\"https:\/\/www.britskakrmiva.cz\/resize\/e\/150\/150\/files\/gmo-free.jpg\" alt=\"100% P\u0159\u00edrodn\u00ed\" \/><\/a>V\u0161echna na\u0161e krmiva jsou stoprocentn\u011b p\u0159\u00edrodn\u00ed bez p\u0159idan\u00fdch konzervant\u016f a barviv. V\u0161echna krmiva jsou &#8222;GMO FREE&#8220;, tzn. neobsahuj\u00ed geneticky modifikovan\u00e9 suroviny.<\/p>\n<\/div>\n<\/div>\n<div id=\"block-755\" class=\"blockText box blockTextLeft\">\n<h2>100% BEZPE\u010cNOST<\/h2>\n<div class=\"userHTMLContent\"><a class=\"linkImage textGalleryLink linkLeft\" href=\"https:\/\/www.britskakrmiva.cz\/resize\/e\/800\/800\/files\/dopig.jpg\" target=\"_blank\" rel=\"noopener noreferrer\"><img decoding=\"async\" class=\"imageLeft\" title=\"100% BEZPE\u010cNOST\" src=\"https:\/\/www.britskakrmiva.cz\/resize\/e\/150\/150\/files\/dopig.jpg\" alt=\"100% BEZPE\u010cNOST\" \/><\/a>Ve\u0161ker\u00e9 suroviny spl\u0148uj\u00ed stejn\u00e9 standardy jako pro lidskou spot\u0159ebu. Denn\u011b je kontrolujeme v laborato\u0159i tak, abychom se ujistili, \u017ee spl\u0148uj\u00ed na\u0161e intern\u00ed normy a normy t\u0159et\u00edch stran. Tyto procesy n\u00e1s uji\u0161\u0165uj\u00ed, \u017ee krmiva jsou top kvality, bezpe\u010dn\u00e1 pro kon\u011b a p\u016fsob\u00ed tak, jak deklarujeme.<\/p>\n<\/div>\n<\/div>\n<div id=\"block-750\" class=\"blockText box blockTextLeft\">\n<h2>BETA UFAS NOPS<\/h2>\n<div class=\"userHTMLContent\"><a class=\"linkImage textGalleryLink linkLeft\" href=\"https:\/\/www.britskakrmiva.cz\/resize\/e\/800\/800\/files\/beta-ufas-nops.jpg\" target=\"_blank\" rel=\"noopener noreferrer\"><img decoding=\"async\" class=\"imageLeft\" title=\"BETA UFAS NOPS\" src=\"https:\/\/www.britskakrmiva.cz\/resize\/e\/150\/150\/files\/beta-ufas-nops.jpg\" alt=\"BETA UFAS NOPS\" \/><\/a>Certifik\u00e1t BETA UFAS NOPS garantuje, \u017ee krmiva neobsahuj\u00ed \u017e\u00e1dn\u00e9 nepovolen\u00e9 \u010di dopingov\u00e9 l\u00e1tky a jsou v tomto ohledu bezpe\u010dn\u00e1 pro v\u0161echny kon\u011b startuj\u00edc\u00ed v sout\u011b\u017e\u00edch dle pravidel Mezin\u00e1rodn\u00ed jezdeck\u00e9 federace (FEI) a Jockey Clubu.<\/p>\n<\/div>\n<\/div>\n<div id=\"block-752\" class=\"blockText box blockTextLeft\">\n<h2>GMP+<\/h2>\n<div class=\"userHTMLContent\"><a class=\"linkImage textGalleryLink linkLeft\" href=\"https:\/\/www.britskakrmiva.cz\/resize\/e\/800\/800\/files\/gmp.jpg\" target=\"_blank\" rel=\"noopener noreferrer\"><img decoding=\"async\" class=\"imageLeft\" title=\"GMP+\" src=\"https:\/\/www.britskakrmiva.cz\/resize\/e\/150\/150\/files\/gmp.jpg\" alt=\"GMP+\" \/><\/a>Spr\u00e1vn\u00e1 v\u00fdrobn\u00ed praxe &#8211; mezin\u00e1rodn\u00ed zabezpe\u010den\u00ed zdravotn\u00ed nez\u00e1vadnosti ve v\u0161ech f\u00e1z\u00edch potravinov\u00e9ho \u0159et\u011bzce. Je p\u0159\u00edsn\u011bj\u0161\u00ed, ne\u017e legislativn\u00ed po\u017eadavky a zaru\u010duje to, \u017ee vyroben\u00e1 produkce je bezpe\u010dn\u00e1 pro zv\u00ed\u0159ata, lidi a \u017eivotn\u00ed prost\u0159ed\u00ed.<\/p>\n<\/div>\n<\/div>\n<div id=\"block-753\" class=\"blockText box blockTextLeft\">\n<h2>ISO 22000<\/h2>\n<div class=\"userHTMLContent\"><a class=\"linkImage textGalleryLink linkLeft\" href=\"https:\/\/www.britskakrmiva.cz\/resize\/e\/800\/800\/files\/oves.jpg\" target=\"_blank\" rel=\"noopener noreferrer\"><img decoding=\"async\" class=\"imageLeft\" title=\"ISO 22000\" src=\"https:\/\/www.britskakrmiva.cz\/resize\/e\/150\/150\/files\/oves.jpg\" alt=\"ISO 22000\" \/><\/a>Syst\u00e9m bezpe\u010dnosti potravin &#8211; mezin\u00e1rodn\u00ed norma, kter\u00e1 zaru\u010duje, \u017ee krmiva jsou vyrobena s nadstandartn\u00edmi po\u017eadavky na bezpe\u010dnost &#8211; stejn\u00e1 jako pro lidskou spot\u0159ebu. Zaru\u010duje bezpe\u010dnost potravin (krmiv) daleko nad r\u00e1mec minim\u00e1ln\u00edch po\u017eadavk\u016f.<\/p>\n<\/div>\n<\/div>\n<div id=\"block-751\" class=\"blockText box blockTextLeft\">\n<h2>ISO 9001:2008<\/h2>\n<div class=\"userHTMLContent\"><a class=\"linkImage textGalleryLink linkLeft\" href=\"https:\/\/www.britskakrmiva.cz\/resize\/e\/800\/800\/files\/iso-dalsi.jpg\" target=\"_blank\" rel=\"noopener noreferrer\"><img decoding=\"async\" class=\"imageLeft\" title=\"ISO 9001:2008\" src=\"https:\/\/www.britskakrmiva.cz\/resize\/e\/150\/150\/files\/iso-dalsi.jpg\" alt=\"ISO 9001:2008\" \/><\/a>Syst\u00e9m managementu kvality ISO 9001:2008 zaru\u010duje stabiln\u00ed kvalitativn\u00ed \u00farove\u0148.<\/p>\n<\/div>\n<\/div>\n<div id=\"block-754\" class=\"blockText box blockTextLeft\">\n<h2>KRMIVA T\u00ddMU GBR<\/h2>\n<div class=\"userHTMLContent\"><a class=\"linkImage textGalleryLink linkLeft\" href=\"https:\/\/www.britskakrmiva.cz\/resize\/e\/800\/800\/files\/gbr.jpg\" target=\"_blank\" rel=\"noopener noreferrer\"><img decoding=\"async\" class=\"imageLeft\" title=\"KRMIVA T\u00ddMU GBR\" src=\"https:\/\/www.britskakrmiva.cz\/resize\/e\/150\/150\/files\/gbr.jpg\" alt=\"KRMIVA T\u00ddMU GBR\" \/><\/a>Ofici\u00e1ln\u00ed dodavetel krmiv reprezenta\u010dn\u00edho t\u00fdmu Velk\u00e9 Brit\u00e1nie.\u00a0Spillers pat\u0159\u00ed mezi ofici\u00e1ln\u00ed dodavatele krmiv reprezenta\u010dn\u00edch t\u00fdm\u016f Velk\u00e9 Brit\u00e1nie, USA, Irska a \u0160pan\u011blska<\/p>\n<\/div>\n<\/div>\n<div id=\"block-943\" class=\"blockRecentlyVisitedProducts boxSimple\">\n<h2><\/h2>\n<\/div>\n<\/div>\n","protected":false},"excerpt":{"rendered":"<p>V\u011aDECK\u00c9 Z\u00c1ZEM\u00cd 100% P\u0158\u00cdRODN\u00cd BEZ KONZERVANT\u016e 100% GARANCE 100% DOPING FREE V\u00cdCE NE\u017d 40 DRUH\u016e RECEPTURY BEZ CEL\u00ddCH OBILOVIN 70 LET TRADICE &nbsp; \u200bTradice v\u00fdroby krmiv pro kon\u011b t\u00e9m\u011b\u0159 70 let \u200bFirma Spillers zapo\u010dala sv\u016fj v\u00fdzkum v oblasti v\u00fd\u017eivy kon\u00ed ji\u017e v roce 1950. O osm let pozd\u011bji na britsk\u00fd trh uvedla v\u016fbec prvn\u00ed kompletn\u00ed [&hellip;]<\/p>\n","protected":false},"author":1,"featured_media":0,"parent":0,"menu_order":0,"comment_status":"closed","ping_status":"closed","template":"","meta":{"footnotes":""},"class_list":["post-1321","page","type-page","status-publish","hentry"],"yoast_head":"<!-- This site is optimized with the Yoast SEO plugin v26.9 - https:\/\/yoast.com\/product\/yoast-seo-wordpress\/ -->\n<title>O krmivech Spillers - UniversalPet<\/title>\n<meta name=\"robots\" content=\"index, follow, max-snippet:-1, max-image-preview:large, max-video-preview:-1\" \/>\n<link rel=\"canonical\" href=\"https:\/\/universalpet.cz\/?page_id=1321\" \/>\n<meta property=\"og:locale\" content=\"cs_CZ\" \/>\n<meta property=\"og:type\" content=\"article\" \/>\n<meta property=\"og:title\" content=\"O krmivech Spillers - UniversalPet\" \/>\n<meta property=\"og:description\" content=\"V\u011aDECK\u00c9 Z\u00c1ZEM\u00cd 100% P\u0158\u00cdRODN\u00cd BEZ KONZERVANT\u016e 100% GARANCE 100% DOPING FREE V\u00cdCE NE\u017d 40 DRUH\u016e RECEPTURY BEZ CEL\u00ddCH OBILOVIN 70 LET TRADICE &nbsp; \u200bTradice v\u00fdroby krmiv pro kon\u011b t\u00e9m\u011b\u0159 70 let \u200bFirma Spillers zapo\u010dala sv\u016fj v\u00fdzkum v oblasti v\u00fd\u017eivy kon\u00ed ji\u017e v roce 1950. O osm let pozd\u011bji na britsk\u00fd trh uvedla v\u016fbec prvn\u00ed kompletn\u00ed [&hellip;]\" \/>\n<meta property=\"og:url\" content=\"https:\/\/universalpet.cz\/?page_id=1321\" \/>\n<meta property=\"og:site_name\" content=\"UniversalPet\" \/>\n<meta property=\"og:image\" content=\"https:\/\/www.britskakrmiva.cz\/resize\/f\/50\/50\/files\/atom.png\" \/>\n<meta name=\"twitter:card\" content=\"summary_large_image\" \/>\n<meta name=\"twitter:label1\" content=\"Odhadovan\u00e1 doba \u010dten\u00ed\" \/>\n\t<meta name=\"twitter:data1\" content=\"3 minuty\" \/>\n<script type=\"application\/ld+json\" class=\"yoast-schema-graph\">{\"@context\":\"https:\/\/schema.org\",\"@graph\":[{\"@type\":\"WebPage\",\"@id\":\"https:\/\/universalpet.cz\/?page_id=1321\",\"url\":\"https:\/\/universalpet.cz\/?page_id=1321\",\"name\":\"O krmivech Spillers - UniversalPet\",\"isPartOf\":{\"@id\":\"https:\/\/universalpet.cz\/#website\"},\"primaryImageOfPage\":{\"@id\":\"https:\/\/universalpet.cz\/?page_id=1321#primaryimage\"},\"image\":{\"@id\":\"https:\/\/universalpet.cz\/?page_id=1321#primaryimage\"},\"thumbnailUrl\":\"https:\/\/www.britskakrmiva.cz\/resize\/f\/50\/50\/files\/atom.png\",\"datePublished\":\"2020-01-06T14:59:43+00:00\",\"breadcrumb\":{\"@id\":\"https:\/\/universalpet.cz\/?page_id=1321#breadcrumb\"},\"inLanguage\":\"cs\",\"potentialAction\":[{\"@type\":\"ReadAction\",\"target\":[\"https:\/\/universalpet.cz\/?page_id=1321\"]}]},{\"@type\":\"ImageObject\",\"inLanguage\":\"cs\",\"@id\":\"https:\/\/universalpet.cz\/?page_id=1321#primaryimage\",\"url\":\"https:\/\/www.britskakrmiva.cz\/resize\/f\/50\/50\/files\/atom.png\",\"contentUrl\":\"https:\/\/www.britskakrmiva.cz\/resize\/f\/50\/50\/files\/atom.png\"},{\"@type\":\"BreadcrumbList\",\"@id\":\"https:\/\/universalpet.cz\/?page_id=1321#breadcrumb\",\"itemListElement\":[{\"@type\":\"ListItem\",\"position\":1,\"name\":\"Dom\u016f\",\"item\":\"https:\/\/universalpet.cz\/\"},{\"@type\":\"ListItem\",\"position\":2,\"name\":\"O krmivech Spillers\"}]},{\"@type\":\"WebSite\",\"@id\":\"https:\/\/universalpet.cz\/#website\",\"url\":\"https:\/\/universalpet.cz\/\",\"name\":\"UniversalPet\",\"description\":\"Kvalitn\u00ed krmiva pro Va\u0161e mazl\u00ed\u010dky\",\"potentialAction\":[{\"@type\":\"SearchAction\",\"target\":{\"@type\":\"EntryPoint\",\"urlTemplate\":\"https:\/\/universalpet.cz\/?s={search_term_string}\"},\"query-input\":{\"@type\":\"PropertyValueSpecification\",\"valueRequired\":true,\"valueName\":\"search_term_string\"}}],\"inLanguage\":\"cs\"}]}<\/script>\n<!-- \/ Yoast SEO plugin. -->","yoast_head_json":{"title":"O krmivech Spillers - UniversalPet","robots":{"index":"index","follow":"follow","max-snippet":"max-snippet:-1","max-image-preview":"max-image-preview:large","max-video-preview":"max-video-preview:-1"},"canonical":"https:\/\/universalpet.cz\/?page_id=1321","og_locale":"cs_CZ","og_type":"article","og_title":"O krmivech Spillers - UniversalPet","og_description":"V\u011aDECK\u00c9 Z\u00c1ZEM\u00cd 100% P\u0158\u00cdRODN\u00cd BEZ KONZERVANT\u016e 100% GARANCE 100% DOPING FREE V\u00cdCE NE\u017d 40 DRUH\u016e RECEPTURY BEZ CEL\u00ddCH OBILOVIN 70 LET TRADICE &nbsp; \u200bTradice v\u00fdroby krmiv pro kon\u011b t\u00e9m\u011b\u0159 70 let \u200bFirma Spillers zapo\u010dala sv\u016fj v\u00fdzkum v oblasti v\u00fd\u017eivy kon\u00ed ji\u017e v roce 1950. O osm let pozd\u011bji na britsk\u00fd trh uvedla v\u016fbec prvn\u00ed kompletn\u00ed [&hellip;]","og_url":"https:\/\/universalpet.cz\/?page_id=1321","og_site_name":"UniversalPet","og_image":[{"url":"https:\/\/www.britskakrmiva.cz\/resize\/f\/50\/50\/files\/atom.png","type":"","width":"","height":""}],"twitter_card":"summary_large_image","twitter_misc":{"Odhadovan\u00e1 doba \u010dten\u00ed":"3 minuty"},"schema":{"@context":"https:\/\/schema.org","@graph":[{"@type":"WebPage","@id":"https:\/\/universalpet.cz\/?page_id=1321","url":"https:\/\/universalpet.cz\/?page_id=1321","name":"O krmivech Spillers - UniversalPet","isPartOf":{"@id":"https:\/\/universalpet.cz\/#website"},"primaryImageOfPage":{"@id":"https:\/\/universalpet.cz\/?page_id=1321#primaryimage"},"image":{"@id":"https:\/\/universalpet.cz\/?page_id=1321#primaryimage"},"thumbnailUrl":"https:\/\/www.britskakrmiva.cz\/resize\/f\/50\/50\/files\/atom.png","datePublished":"2020-01-06T14:59:43+00:00","breadcrumb":{"@id":"https:\/\/universalpet.cz\/?page_id=1321#breadcrumb"},"inLanguage":"cs","potentialAction":[{"@type":"ReadAction","target":["https:\/\/universalpet.cz\/?page_id=1321"]}]},{"@type":"ImageObject","inLanguage":"cs","@id":"https:\/\/universalpet.cz\/?page_id=1321#primaryimage","url":"https:\/\/www.britskakrmiva.cz\/resize\/f\/50\/50\/files\/atom.png","contentUrl":"https:\/\/www.britskakrmiva.cz\/resize\/f\/50\/50\/files\/atom.png"},{"@type":"BreadcrumbList","@id":"https:\/\/universalpet.cz\/?page_id=1321#breadcrumb","itemListElement":[{"@type":"ListItem","position":1,"name":"Dom\u016f","item":"https:\/\/universalpet.cz\/"},{"@type":"ListItem","position":2,"name":"O krmivech Spillers"}]},{"@type":"WebSite","@id":"https:\/\/universalpet.cz\/#website","url":"https:\/\/universalpet.cz\/","name":"UniversalPet","description":"Kvalitn\u00ed krmiva pro Va\u0161e mazl\u00ed\u010dky","potentialAction":[{"@type":"SearchAction","target":{"@type":"EntryPoint","urlTemplate":"https:\/\/universalpet.cz\/?s={search_term_string}"},"query-input":{"@type":"PropertyValueSpecification","valueRequired":true,"valueName":"search_term_string"}}],"inLanguage":"cs"}]}},"post_mailing_queue_ids":[],"_links":{"self":[{"href":"https:\/\/universalpet.cz\/index.php?rest_route=\/wp\/v2\/pages\/1321","targetHints":{"allow":["GET"]}}],"collection":[{"href":"https:\/\/universalpet.cz\/index.php?rest_route=\/wp\/v2\/pages"}],"about":[{"href":"https:\/\/universalpet.cz\/index.php?rest_route=\/wp\/v2\/types\/page"}],"author":[{"embeddable":true,"href":"https:\/\/universalpet.cz\/index.php?rest_route=\/wp\/v2\/users\/1"}],"replies":[{"embeddable":true,"href":"https:\/\/universalpet.cz\/index.php?rest_route=%2Fwp%2Fv2%2Fcomments&post=1321"}],"version-history":[{"count":1,"href":"https:\/\/universalpet.cz\/index.php?rest_route=\/wp\/v2\/pages\/1321\/revisions"}],"predecessor-version":[{"id":1322,"href":"https:\/\/universalpet.cz\/index.php?rest_route=\/wp\/v2\/pages\/1321\/revisions\/1322"}],"wp:attachment":[{"href":"https:\/\/universalpet.cz\/index.php?rest_route=%2Fwp%2Fv2%2Fmedia&parent=1321"}],"curies":[{"name":"wp","href":"https:\/\/api.w.org\/{rel}","templated":true}]}}