{"id":1346,"date":"2020-01-07T16:40:28","date_gmt":"2020-01-07T14:40:28","guid":{"rendered":"http:\/\/194.213.36.175:8000\/?page_id=1346"},"modified":"2020-01-07T16:40:28","modified_gmt":"2020-01-07T14:40:28","slug":"o-krmivech-horsehage-mollichaff","status":"publish","type":"page","link":"https:\/\/universalpet.cz\/?page_id=1346","title":{"rendered":"O krmivech Horsehage &#038; Mollichaff"},"content":{"rendered":"<h1>Horsehage &amp; Mollichaff<\/h1>\n<div id=\"box-id-content\" class=\"pagebox\">\n<div id=\"block-742\" class=\"blockText box blockTextCenter\">\n<div class=\"userHTMLContent\"><a class=\"linkImage textGalleryLink linkCenter\" href=\"https:\/\/www.britskakrmiva.cz\/resize\/e\/800\/800\/files\/mollichaff-banner.jpg\" target=\"_blank\" rel=\"noopener noreferrer\"><img decoding=\"async\" class=\"imageCenter\" src=\"https:\/\/www.britskakrmiva.cz\/resize\/e\/550\/550\/files\/mollichaff-banner.jpg\" alt=\"\" \/><\/a><strong>Pokud u\u017e jste vybrali pro sv\u00e9ho kon\u011b vhodn\u00e9 krmivo Spillers, p\u0159im\u00edchejte mu do ka\u017ed\u00e9 krmn\u00e9 d\u00e1vky 2 hrsti n\u011bkter\u00e9ho z Mollichaff\u016f a ud\u011bl\u00e1te pro jeho zdrav\u00ed skute\u010dn\u00e9\u00a0maximum!<\/strong><\/p>\n<\/div>\n<\/div>\n<div id=\"block-759\" class=\"blockText box blockTextRight\">\n<div class=\"userHTMLContent\"><a class=\"linkImage textGalleryLink linkRight\" href=\"https:\/\/www.britskakrmiva.cz\/resize\/e\/800\/800\/files\/fdfd.jpg\" target=\"_blank\" rel=\"noopener noreferrer\"><img decoding=\"async\" class=\"imageRight\" src=\"https:\/\/www.britskakrmiva.cz\/resize\/e\/300\/300\/files\/fdfd.jpg\" alt=\"\" \/><\/a>Mollichaffy jsou dopl\u0148kov\u00e1 krmiva vyrobena z nejkvalitn\u011bj\u0161\u00ed ovesn\u00e9 a p\u0161eni\u010dn\u00e9 sl\u00e1my, vojt\u011b\u0161ky a su\u0161en\u00fdch bylinek. Krmiva jsou 100% bezpra\u0161n\u00e1, sekan\u00e1 na drobnou \u0159ezanku s lehk\u00fdm filmem z melasy. Melasa je aplikov\u00e1na speci\u00e1ln\u00edm n\u00e1st\u0159ikem, tak aby byla rozm\u00edst\u011bna rovnom\u011brn\u011b, to dod\u00e1v\u00e1 Mollichaff\u016fm otev\u0159enou strukturu na rozd\u00edl od konkuren\u010dn\u00edch produkt\u016f, kter\u00e9 b\u00fdvaj\u00ed lepkav\u00e9 a hrudkovit\u00e9.<br \/>\nP\u0159im\u00edch\u00e1n\u00edm 2 hrst\u00ed Mollichaffu do ka\u017ed\u00e9 krmn\u00e9 d\u00e1vky prodlou\u017e\u00edme dobu \u017ev\u00fdk\u00e1n\u00ed minim\u00e1ln\u011b o 1\/3. Zvy\u0161uje se slin\u011bn\u00ed, t\u00edm se sni\u017euje riziko vzniku \u017ealude\u010dn\u00edch v\u0159ed\u016f a prodlu\u017euje se doba samotn\u00e9ho tr\u00e1ven\u00ed krmiva. Na v\u00fdb\u011br je hned z n\u011bkolika neodolateln\u00fdch p\u0159\u00edchut\u00ed.<\/p>\n<p>&nbsp;<\/p>\n<\/div>\n<\/div>\n<div id=\"block-760\" class=\"blockText box blockTextRight\">\n<div class=\"userHTMLContent\"><a class=\"linkImage textGalleryLink linkRight\" href=\"https:\/\/www.britskakrmiva.cz\/resize\/e\/800\/800\/files\/fdfdvee.jpg\" target=\"_blank\" rel=\"noopener noreferrer\"><img decoding=\"async\" class=\"imageRight\" src=\"https:\/\/www.britskakrmiva.cz\/resize\/e\/300\/300\/files\/fdfdvee.jpg\" alt=\"\" \/><\/a><\/p>\n<ul>\n<li>VHODN\u00c9 PRO V\u0160ECHNY KON\u011a A PON\u00cdKY BEZ ROZD\u00cdLU V\u011aKU A V\u00ddKONNOSTI<\/li>\n<li>A\u017d TROJN\u00c1SOBN\u011a STIMULUJE \u017dV\u00ddK\u00c1N\u00cd A SLIN\u011aN\u00cd<\/li>\n<li>ZAMEZUJE HLT\u00c1N\u00cd<\/li>\n<li>ZAMEZUJE TVORB\u011a \u017dALUDE\u010cN\u00cdCH V\u0158ED\u016e<\/li>\n<li>ZVY\u0160UJE POD\u00cdL VL\u00c1KNINY V KRMN\u00c9 D\u00c1VCE<\/li>\n<li>P\u0158IM\u00cdCHEJTE 2 HRSTI DO KA\u017dD\u00c9HO KRMEN\u00cd<\/li>\n<li>NEODOLATELN\u00c9 P\u0158\u00cdCHUT\u011a, KTER\u00c9 KON\u011a MILUJ\u00cd!<\/li>\n<li>VHODN\u00c9 PRO V\u0160ECHNY KON\u011a SOUT\u011a\u017d\u00cdC\u00cd POD PRAVIDLY FEI A JOCKEY CLUBU<\/li>\n<\/ul>\n<\/div>\n<\/div>\n<div id=\"block-762\" class=\"blockText box blockTextCenter\">\n<div class=\"userHTMLContent\"><a class=\"linkImage textGalleryLink linkCenter\" href=\"https:\/\/www.britskakrmiva.cz\/resize\/e\/800\/800\/files\/horsehage-logo.jpg\" target=\"_blank\" rel=\"noopener noreferrer\"><img decoding=\"async\" class=\"imageCenter\" src=\"https:\/\/www.britskakrmiva.cz\/resize\/e\/450\/450\/files\/horsehage-logo.jpg\" alt=\"\" \/><\/a><strong>Tak trochu jin\u00e1 sen\u00e1\u017e&#8230; Horsehage je ide\u00e1ln\u00ed p\u00edce pro v\u0161echny kon\u011b a pon\u00edky. Je konzistentn\u00ed, v\u017edy z jednoho druhu travin. Horsehage je 100% bezpran\u00e9 krmivo, vhodn\u00e9 pro dlouhodob\u011b ust\u00e1jen\u00e9 kon\u011b, kon\u011b alergick\u00e9 na seno nebo s d\u00fdchac\u00edmi obt\u00ed\u017eemi. D\u00edky praktick\u00e9mu balen\u00ed najde vyu\u017eit\u00ed tak\u00e9 p\u0159i cestov\u00e1n\u00ed na z\u00e1vody.<\/strong><strong><br \/>\n<\/strong><\/p>\n<\/div>\n<\/div>\n<div id=\"block-763\" class=\"blockText box blockTextLeft\">\n<div class=\"userHTMLContent\"><a class=\"linkImage textGalleryLink linkLeft\" href=\"https:\/\/www.britskakrmiva.cz\/resize\/e\/800\/800\/files\/zaruka-spokojenosti.jpg\" target=\"_blank\" rel=\"noopener noreferrer\"><img decoding=\"async\" class=\"imageLeft\" src=\"https:\/\/www.britskakrmiva.cz\/resize\/e\/100\/100\/files\/zaruka-spokojenosti.jpg\" alt=\"\" \/><\/a><strong>100% Z\u00c1RUKA SPOKOJENOSTI<\/strong><\/p>\n<p>U v\u0161ech produktu garantujeme 100% kvalitu podlo\u017eenou mnoha v\u00fdzkumy a zku\u0161enostmi<\/p>\n<\/div>\n<\/div>\n<div id=\"block-764\" class=\"blockText box blockTextLeft\">\n<div class=\"userHTMLContent\"><a class=\"linkImage textGalleryLink linkLeft\" href=\"https:\/\/www.britskakrmiva.cz\/resize\/e\/800\/800\/files\/bez-chemickych-prisad.jpg\" target=\"_blank\" rel=\"noopener noreferrer\"><img decoding=\"async\" class=\"imageLeft\" src=\"https:\/\/www.britskakrmiva.cz\/resize\/e\/100\/100\/files\/bez-chemickych-prisad.jpg\" alt=\"\" \/><\/a><strong>BEZ CHEMICK\u00ddCH P\u0158\u00cdSAD<\/strong><\/p>\n<p>Horsehage neobsahuj\u00ed chemick\u00e1 aditiva, p\u0159\u00edchut\u011b, nebo melasu. Jsou to 100% p\u0159\u00edrodn\u00ed produkty<\/p>\n<\/div>\n<\/div>\n<div id=\"block-765\" class=\"blockText box blockTextLeft\">\n<div class=\"userHTMLContent\"><a class=\"linkImage textGalleryLink linkLeft\" href=\"https:\/\/www.britskakrmiva.cz\/resize\/e\/800\/800\/files\/bez-prachu.jpg\" target=\"_blank\" rel=\"noopener noreferrer\"><img decoding=\"async\" class=\"imageLeft\" src=\"https:\/\/www.britskakrmiva.cz\/resize\/e\/100\/100\/files\/bez-prachu.jpg\" alt=\"\" \/><\/a><strong>100% BEZPRA\u0160N\u00c9<\/strong><\/p>\n<p>Vhodn\u00e9 pro kon\u011b s respira\u010dn\u00edmi obt\u00ed\u017eemi, kon\u011b alergick\u00e9 na prach\/ seno a jako prevence p\u0159ed d\u00fdchac\u00edmi probl\u00e9my<\/p>\n<\/div>\n<\/div>\n<div id=\"block-766\" class=\"blockText box blockTextLeft\">\n<div class=\"userHTMLContent\"><a class=\"linkImage textGalleryLink linkLeft\" href=\"https:\/\/www.britskakrmiva.cz\/resize\/e\/800\/800\/files\/no-sugar.jpg\" target=\"_blank\" rel=\"noopener noreferrer\"><img decoding=\"async\" class=\"imageLeft\" src=\"https:\/\/www.britskakrmiva.cz\/resize\/e\/100\/100\/files\/no-sugar.jpg\" alt=\"\" \/><\/a><strong>N\u00cdZK\u00dd OBSAH CUKRU<\/strong><\/p>\n<p>D\u00edky unik\u00e1tn\u00edmu fermenta\u010dn\u00edmu procesu obsahuj\u00ed Horsehage zna\u010dn\u011b m\u00e9n\u011b cukru ne\u017e ostatn\u00ed objemn\u00e9 p\u00edce<\/p>\n<\/div>\n<\/div>\n<div id=\"block-767\" class=\"blockText box blockTextLeft\">\n<div class=\"userHTMLContent\"><a class=\"linkImage textGalleryLink linkLeft\" href=\"https:\/\/www.britskakrmiva.cz\/resize\/e\/800\/800\/files\/sipky.jpg\" target=\"_blank\" rel=\"noopener noreferrer\"><img decoding=\"async\" class=\"imageLeft\" src=\"https:\/\/www.britskakrmiva.cz\/resize\/e\/100\/100\/files\/sipky.jpg\" alt=\"\" \/><\/a><strong>DVOJIT\u00dd OBAL<\/strong><\/p>\n<p>Dvojit\u00e9, semi-permeabiln\u00ed obaly sni\u017euj\u00ed riziko protrhnut\u00ed. Plyny z fermentace odch\u00e1z\u00ed ven, ale dovnit\u0159 se vzduch nedostane<\/p>\n<\/div>\n<\/div>\n<div id=\"block-768\" class=\"blockText box blockTextLeft\">\n<div class=\"userHTMLContent\"><a class=\"linkImage textGalleryLink linkLeft\" href=\"https:\/\/www.britskakrmiva.cz\/resize\/e\/800\/800\/files\/hoofkind.jpg\" target=\"_blank\" rel=\"noopener noreferrer\"><img decoding=\"async\" class=\"imageLeft\" src=\"https:\/\/www.britskakrmiva.cz\/resize\/e\/100\/100\/files\/hoofkind.jpg\" alt=\"\" \/><\/a><strong>IDE\u00c1LN\u00cd PRO KON\u011a N\u00c1CHYLN\u00c9 K LAMINITID\u011a<\/strong><\/p>\n<p>Horsehage s logem \u201eHoofkind&#8220; jsou absolutn\u011b bezpe\u010dn\u00e9 pro kon\u011b n\u00e1chyln\u00e9 k laminitid\u011b<\/p>\n<\/div>\n<\/div>\n<div id=\"block-769\" class=\"blockText box blockTextLeft\">\n<div class=\"userHTMLContent\"><a class=\"linkImage textGalleryLink linkLeft\" href=\"https:\/\/www.britskakrmiva.cz\/resize\/e\/800\/800\/files\/femas-beta.jpg\" target=\"_blank\" rel=\"noopener noreferrer\"><img decoding=\"async\" class=\"imageLeft\" src=\"https:\/\/www.britskakrmiva.cz\/resize\/e\/100\/100\/files\/femas-beta.jpg\" alt=\"\" \/><\/a><strong>BETA FEMAS NOPS<\/strong><\/p>\n<p>Horsehage jsou jedin\u00e9 \u201esen\u00e1\u017ee&#8220;, kter\u00e9 z\u00edskaly tento certifik\u00e1t kvality<\/p>\n<\/div>\n<\/div>\n<div id=\"block-770\" class=\"blockText box blockTextLeft\">\n<div class=\"userHTMLContent\"><a class=\"linkImage textGalleryLink linkLeft\" href=\"https:\/\/www.britskakrmiva.cz\/resize\/e\/800\/800\/files\/skupina-hh.jpg\" target=\"_blank\" rel=\"noopener noreferrer\"><img decoding=\"async\" class=\"imageLeft\" src=\"https:\/\/www.britskakrmiva.cz\/resize\/e\/100\/100\/files\/skupina-hh.jpg\" alt=\"\" \/><\/a><strong>4 VARIANTY<\/strong><\/p>\n<p>Odli\u0161n\u00e9 energetick\u00e9 a nutri\u010dn\u00ed hodnoty tak, aby vyhovovaly r\u016fzn\u00fdm typ\u016fm kon\u00ed a pon\u00edk\u016f<\/p>\n<\/div>\n<\/div>\n<\/div>\n","protected":false},"excerpt":{"rendered":"<p>Horsehage &amp; Mollichaff Pokud u\u017e jste vybrali pro sv\u00e9ho kon\u011b vhodn\u00e9 krmivo Spillers, p\u0159im\u00edchejte mu do ka\u017ed\u00e9 krmn\u00e9 d\u00e1vky 2 hrsti n\u011bkter\u00e9ho z Mollichaff\u016f a ud\u011bl\u00e1te pro jeho zdrav\u00ed skute\u010dn\u00e9\u00a0maximum! Mollichaffy jsou dopl\u0148kov\u00e1 krmiva vyrobena z nejkvalitn\u011bj\u0161\u00ed ovesn\u00e9 a p\u0161eni\u010dn\u00e9 sl\u00e1my, vojt\u011b\u0161ky a su\u0161en\u00fdch bylinek. Krmiva jsou 100% bezpra\u0161n\u00e1, sekan\u00e1 na drobnou \u0159ezanku s lehk\u00fdm [&hellip;]<\/p>\n","protected":false},"author":1,"featured_media":0,"parent":0,"menu_order":0,"comment_status":"closed","ping_status":"closed","template":"","meta":{"footnotes":""},"class_list":["post-1346","page","type-page","status-publish","hentry"],"yoast_head":"<!-- This site is optimized with the Yoast SEO plugin v26.9 - https:\/\/yoast.com\/product\/yoast-seo-wordpress\/ -->\n<title>O krmivech Horsehage &amp; Mollichaff - UniversalPet<\/title>\n<meta name=\"robots\" content=\"index, follow, max-snippet:-1, max-image-preview:large, max-video-preview:-1\" \/>\n<link rel=\"canonical\" href=\"https:\/\/universalpet.cz\/?page_id=1346\" \/>\n<meta property=\"og:locale\" content=\"cs_CZ\" \/>\n<meta property=\"og:type\" content=\"article\" \/>\n<meta property=\"og:title\" content=\"O krmivech Horsehage &amp; Mollichaff - UniversalPet\" \/>\n<meta property=\"og:description\" content=\"Horsehage &amp; Mollichaff Pokud u\u017e jste vybrali pro sv\u00e9ho kon\u011b vhodn\u00e9 krmivo Spillers, p\u0159im\u00edchejte mu do ka\u017ed\u00e9 krmn\u00e9 d\u00e1vky 2 hrsti n\u011bkter\u00e9ho z Mollichaff\u016f a ud\u011bl\u00e1te pro jeho zdrav\u00ed skute\u010dn\u00e9\u00a0maximum! Mollichaffy jsou dopl\u0148kov\u00e1 krmiva vyrobena z nejkvalitn\u011bj\u0161\u00ed ovesn\u00e9 a p\u0161eni\u010dn\u00e9 sl\u00e1my, vojt\u011b\u0161ky a su\u0161en\u00fdch bylinek. Krmiva jsou 100% bezpra\u0161n\u00e1, sekan\u00e1 na drobnou \u0159ezanku s lehk\u00fdm [&hellip;]\" \/>\n<meta property=\"og:url\" content=\"https:\/\/universalpet.cz\/?page_id=1346\" \/>\n<meta property=\"og:site_name\" content=\"UniversalPet\" \/>\n<meta property=\"og:image\" content=\"https:\/\/www.britskakrmiva.cz\/resize\/e\/550\/550\/files\/mollichaff-banner.jpg\" \/>\n<meta name=\"twitter:card\" content=\"summary_large_image\" \/>\n<meta name=\"twitter:label1\" content=\"Odhadovan\u00e1 doba \u010dten\u00ed\" \/>\n\t<meta name=\"twitter:data1\" content=\"2 minuty\" \/>\n<script type=\"application\/ld+json\" class=\"yoast-schema-graph\">{\"@context\":\"https:\/\/schema.org\",\"@graph\":[{\"@type\":\"WebPage\",\"@id\":\"https:\/\/universalpet.cz\/?page_id=1346\",\"url\":\"https:\/\/universalpet.cz\/?page_id=1346\",\"name\":\"O krmivech Horsehage & Mollichaff - UniversalPet\",\"isPartOf\":{\"@id\":\"https:\/\/universalpet.cz\/#website\"},\"primaryImageOfPage\":{\"@id\":\"https:\/\/universalpet.cz\/?page_id=1346#primaryimage\"},\"image\":{\"@id\":\"https:\/\/universalpet.cz\/?page_id=1346#primaryimage\"},\"thumbnailUrl\":\"https:\/\/www.britskakrmiva.cz\/resize\/e\/550\/550\/files\/mollichaff-banner.jpg\",\"datePublished\":\"2020-01-07T14:40:28+00:00\",\"breadcrumb\":{\"@id\":\"https:\/\/universalpet.cz\/?page_id=1346#breadcrumb\"},\"inLanguage\":\"cs\",\"potentialAction\":[{\"@type\":\"ReadAction\",\"target\":[\"https:\/\/universalpet.cz\/?page_id=1346\"]}]},{\"@type\":\"ImageObject\",\"inLanguage\":\"cs\",\"@id\":\"https:\/\/universalpet.cz\/?page_id=1346#primaryimage\",\"url\":\"https:\/\/www.britskakrmiva.cz\/resize\/e\/550\/550\/files\/mollichaff-banner.jpg\",\"contentUrl\":\"https:\/\/www.britskakrmiva.cz\/resize\/e\/550\/550\/files\/mollichaff-banner.jpg\"},{\"@type\":\"BreadcrumbList\",\"@id\":\"https:\/\/universalpet.cz\/?page_id=1346#breadcrumb\",\"itemListElement\":[{\"@type\":\"ListItem\",\"position\":1,\"name\":\"Dom\u016f\",\"item\":\"https:\/\/universalpet.cz\/\"},{\"@type\":\"ListItem\",\"position\":2,\"name\":\"O krmivech Horsehage &#038; Mollichaff\"}]},{\"@type\":\"WebSite\",\"@id\":\"https:\/\/universalpet.cz\/#website\",\"url\":\"https:\/\/universalpet.cz\/\",\"name\":\"UniversalPet\",\"description\":\"Kvalitn\u00ed krmiva pro Va\u0161e mazl\u00ed\u010dky\",\"potentialAction\":[{\"@type\":\"SearchAction\",\"target\":{\"@type\":\"EntryPoint\",\"urlTemplate\":\"https:\/\/universalpet.cz\/?s={search_term_string}\"},\"query-input\":{\"@type\":\"PropertyValueSpecification\",\"valueRequired\":true,\"valueName\":\"search_term_string\"}}],\"inLanguage\":\"cs\"}]}<\/script>\n<!-- \/ Yoast SEO plugin. -->","yoast_head_json":{"title":"O krmivech Horsehage & Mollichaff - UniversalPet","robots":{"index":"index","follow":"follow","max-snippet":"max-snippet:-1","max-image-preview":"max-image-preview:large","max-video-preview":"max-video-preview:-1"},"canonical":"https:\/\/universalpet.cz\/?page_id=1346","og_locale":"cs_CZ","og_type":"article","og_title":"O krmivech Horsehage & Mollichaff - UniversalPet","og_description":"Horsehage &amp; Mollichaff Pokud u\u017e jste vybrali pro sv\u00e9ho kon\u011b vhodn\u00e9 krmivo Spillers, p\u0159im\u00edchejte mu do ka\u017ed\u00e9 krmn\u00e9 d\u00e1vky 2 hrsti n\u011bkter\u00e9ho z Mollichaff\u016f a ud\u011bl\u00e1te pro jeho zdrav\u00ed skute\u010dn\u00e9\u00a0maximum! Mollichaffy jsou dopl\u0148kov\u00e1 krmiva vyrobena z nejkvalitn\u011bj\u0161\u00ed ovesn\u00e9 a p\u0161eni\u010dn\u00e9 sl\u00e1my, vojt\u011b\u0161ky a su\u0161en\u00fdch bylinek. Krmiva jsou 100% bezpra\u0161n\u00e1, sekan\u00e1 na drobnou \u0159ezanku s lehk\u00fdm [&hellip;]","og_url":"https:\/\/universalpet.cz\/?page_id=1346","og_site_name":"UniversalPet","og_image":[{"url":"https:\/\/www.britskakrmiva.cz\/resize\/e\/550\/550\/files\/mollichaff-banner.jpg","type":"","width":"","height":""}],"twitter_card":"summary_large_image","twitter_misc":{"Odhadovan\u00e1 doba \u010dten\u00ed":"2 minuty"},"schema":{"@context":"https:\/\/schema.org","@graph":[{"@type":"WebPage","@id":"https:\/\/universalpet.cz\/?page_id=1346","url":"https:\/\/universalpet.cz\/?page_id=1346","name":"O krmivech Horsehage & Mollichaff - UniversalPet","isPartOf":{"@id":"https:\/\/universalpet.cz\/#website"},"primaryImageOfPage":{"@id":"https:\/\/universalpet.cz\/?page_id=1346#primaryimage"},"image":{"@id":"https:\/\/universalpet.cz\/?page_id=1346#primaryimage"},"thumbnailUrl":"https:\/\/www.britskakrmiva.cz\/resize\/e\/550\/550\/files\/mollichaff-banner.jpg","datePublished":"2020-01-07T14:40:28+00:00","breadcrumb":{"@id":"https:\/\/universalpet.cz\/?page_id=1346#breadcrumb"},"inLanguage":"cs","potentialAction":[{"@type":"ReadAction","target":["https:\/\/universalpet.cz\/?page_id=1346"]}]},{"@type":"ImageObject","inLanguage":"cs","@id":"https:\/\/universalpet.cz\/?page_id=1346#primaryimage","url":"https:\/\/www.britskakrmiva.cz\/resize\/e\/550\/550\/files\/mollichaff-banner.jpg","contentUrl":"https:\/\/www.britskakrmiva.cz\/resize\/e\/550\/550\/files\/mollichaff-banner.jpg"},{"@type":"BreadcrumbList","@id":"https:\/\/universalpet.cz\/?page_id=1346#breadcrumb","itemListElement":[{"@type":"ListItem","position":1,"name":"Dom\u016f","item":"https:\/\/universalpet.cz\/"},{"@type":"ListItem","position":2,"name":"O krmivech Horsehage &#038; Mollichaff"}]},{"@type":"WebSite","@id":"https:\/\/universalpet.cz\/#website","url":"https:\/\/universalpet.cz\/","name":"UniversalPet","description":"Kvalitn\u00ed krmiva pro Va\u0161e mazl\u00ed\u010dky","potentialAction":[{"@type":"SearchAction","target":{"@type":"EntryPoint","urlTemplate":"https:\/\/universalpet.cz\/?s={search_term_string}"},"query-input":{"@type":"PropertyValueSpecification","valueRequired":true,"valueName":"search_term_string"}}],"inLanguage":"cs"}]}},"post_mailing_queue_ids":[],"_links":{"self":[{"href":"https:\/\/universalpet.cz\/index.php?rest_route=\/wp\/v2\/pages\/1346","targetHints":{"allow":["GET"]}}],"collection":[{"href":"https:\/\/universalpet.cz\/index.php?rest_route=\/wp\/v2\/pages"}],"about":[{"href":"https:\/\/universalpet.cz\/index.php?rest_route=\/wp\/v2\/types\/page"}],"author":[{"embeddable":true,"href":"https:\/\/universalpet.cz\/index.php?rest_route=\/wp\/v2\/users\/1"}],"replies":[{"embeddable":true,"href":"https:\/\/universalpet.cz\/index.php?rest_route=%2Fwp%2Fv2%2Fcomments&post=1346"}],"version-history":[{"count":1,"href":"https:\/\/universalpet.cz\/index.php?rest_route=\/wp\/v2\/pages\/1346\/revisions"}],"predecessor-version":[{"id":1347,"href":"https:\/\/universalpet.cz\/index.php?rest_route=\/wp\/v2\/pages\/1346\/revisions\/1347"}],"wp:attachment":[{"href":"https:\/\/universalpet.cz\/index.php?rest_route=%2Fwp%2Fv2%2Fmedia&parent=1346"}],"curies":[{"name":"wp","href":"https:\/\/api.w.org\/{rel}","templated":true}]}}