{"id":1222,"date":"2020-01-05T16:08:25","date_gmt":"2020-01-05T14:08:25","guid":{"rendered":"http:\/\/194.213.36.175:8000\/?post_type=product&#038;p=1222"},"modified":"2024-10-20T06:28:55","modified_gmt":"2024-10-20T04:28:55","slug":"shine-conditioning-mix-20kg","status":"publish","type":"product","link":"https:\/\/universalpet.cz\/?product=shine-conditioning-mix-20kg","title":{"rendered":"Shine+ Conditioning mix 20kg"},"content":{"rendered":"<p><strong>Bezkonkuren\u010dn\u011b nejprod\u00e1van\u011bj\u0161\u00ed krmivo z na\u0161\u00ed nab\u00eddky, nov\u011b se zv\u00fd\u0161en\u00fdm pod\u00edlem\u00a0olej\u016f, Vitaminu E a \u017eiv\u00fdmi kvasinkami<\/strong><\/p>\n<p>&nbsp;<\/p>\n<h3><strong>INOVACE OPROTI P\u016eVODN\u00cdMU CONDITIONING MIXU:<\/strong><\/h3>\n<p>&nbsp;<\/p>\n<p><strong>&#8211;\u00a0 \u00a0 \u00a0<\/strong>v\u00edce ne\u017e\u00a0<strong>dvojn\u00e1sobn\u00fd pod\u00edl Vitaminu E<\/strong>\u00a0(z 200iu\/kg na 450iu\/kg)<\/p>\n<p>&#8211;\u00a0 \u00a0 \u00a0Zv\u00fd\u0161en\u00fd pod\u00edl olej\u016f<\/p>\n<p>&#8211;\u00a0 \u00a0 \u00a0Probiotick\u00e9\u00a0<strong>\u017eiv\u00e9 kvasinky<\/strong>\u00a0pro podporu zdrav\u00ed prosp\u011b\u0161n\u00fdch st\u0159evn\u00edch bakteri\u00ed<\/p>\n<p>&nbsp;<\/p>\n<ul>\n<li>Bezpe\u010dn\u00e9 nabyt\u00ed kondice, p\u0159\u00edr\u016fstek a udr\u017een\u00ed svalov\u00e9 hmoty bez nadm\u011brn\u00e9 vzru\u0161ivosti<\/li>\n<li>Viditeln\u00e9 zlep\u0161en\u00ed kondice ji\u017e za 2 t\u00fddny<\/li>\n<li>Vysoce kvalitn\u00ed b\u00edlkoviny z r\u00fd\u017eov\u00fdch otrub, kuku\u0159ice a hr\u00e1\u0161ku pro r\u016fst svalov\u00e9 hmoty<\/li>\n<li>Zv\u00fd\u0161en\u00fd pod\u00edl olej\u016f a \u0159\u00edzen\u00e9 mno\u017estv\u00ed \u0161krob\u016f pro dosa\u017een\u00ed po\u017eadovan\u00e9ho stavu bez\u201ehork\u00e9&#8220; energie a pro brilantn\u00ed lesk srsti<\/li>\n<li>Receptura bez cel\u00e9ho ovsa<\/li>\n<li>Zv\u00fd\u0161en\u00e9 mno\u017estv\u00ed vitaminu E pro podporu svalov\u00e9ho tonusu a spr\u00e1vnou imunitu<\/li>\n<li>Probiotick\u00e9 \u017eiv\u00e9 kvasinky pro podporu &#8222;dobr\u00fdch&#8220; st\u0159evn\u00edch bakteri\u00ed<\/li>\n<li>Obohaceno o kompletn\u00ed spektrum vitamin\u016f a miner\u00e1l\u016f pro zdrav\u00ed va\u0161ich kon\u00ed<\/li>\n<\/ul>\n<p>&nbsp;<\/p>\n<p><strong>Slo\u017een\u00ed:<\/strong><\/p>\n<p>P\u0161eni\u010dn\u00e9 otruby a endosperm, napa\u0159ovan\u00e9 vlo\u010dky je\u010dmene, ovesn\u00e9 otruby a endosperm, slune\u010dnicov\u00e9 expelery, travn\u00ed pelety,\u00a0melasa, r\u00fd\u017eov\u00e9 otruby, kuku\u0159i\u010dn\u00e9 vlo\u010dky, vlo\u010dky hr\u00e1\u0161ku, \u0159epkov\u00fd olej, uhli\u010ditan v\u00e1penat\u00fd, s\u016fl, vitamin e, vitamino-miner\u00e1ln\u00ed\u00a0premix, \u017eiv\u00e9 kvasinky, lyzin<\/p>\n","protected":false},"excerpt":{"rendered":"<p>M\u00fcsli pro nabr\u00e1n\u00ed a udr\u017een\u00ed svalov\u00e9 hmoty, p\u0159edev\u0161\u00edm pro kon\u011b podvy\u017eiven\u00e9, sportovn\u00ed, v\u00fdstavn\u00ed, barokn\u00ed a westernov\u00e1 plemena<\/p>\n","protected":false},"featured_media":1227,"comment_status":"open","ping_status":"closed","template":"","meta":[],"product_brand":[],"product_cat":[53,56,54],"product_tag":[],"class_list":{"0":"post-1222","1":"product","2":"type-product","3":"status-publish","4":"has-post-thumbnail","6":"product_cat-kone","7":"product_cat-musli","8":"product_cat-spillers","10":"first","11":"instock","12":"taxable","13":"shipping-taxable","14":"purchasable","15":"product-type-simple"},"yoast_head":"<!-- This site is optimized with the Yoast SEO plugin v26.9 - https:\/\/yoast.com\/product\/yoast-seo-wordpress\/ -->\n<title>Shine+ Conditioning mix 20kg - UniversalPet<\/title>\n<meta name=\"description\" content=\"M\u00fcsli pro nabr\u00e1n\u00ed a udr\u017een\u00ed svalov\u00e9 hmoty, p\u0159edev\u0161\u00edm pro kon\u011b podvy\u017eiven\u00e9, sportovn\u00ed, v\u00fdstavn\u00ed, barokn\u00ed a westernov\u00e1 plemena\" \/>\n<meta name=\"robots\" content=\"index, follow, max-snippet:-1, max-image-preview:large, max-video-preview:-1\" \/>\n<link rel=\"canonical\" href=\"https:\/\/universalpet.cz\/?product=shine-conditioning-mix-20kg\" \/>\n<meta property=\"og:locale\" content=\"cs_CZ\" \/>\n<meta property=\"og:type\" content=\"article\" \/>\n<meta property=\"og:title\" content=\"Shine+ Conditioning mix 20kg - UniversalPet\" \/>\n<meta property=\"og:description\" content=\"M\u00fcsli pro nabr\u00e1n\u00ed a udr\u017een\u00ed svalov\u00e9 hmoty, p\u0159edev\u0161\u00edm pro kon\u011b podvy\u017eiven\u00e9, sportovn\u00ed, v\u00fdstavn\u00ed, barokn\u00ed a westernov\u00e1 plemena\" \/>\n<meta property=\"og:url\" content=\"https:\/\/universalpet.cz\/?product=shine-conditioning-mix-20kg\" \/>\n<meta property=\"og:site_name\" content=\"UniversalPet\" \/>\n<meta property=\"article:modified_time\" content=\"2024-10-20T04:28:55+00:00\" \/>\n<meta property=\"og:image\" content=\"https:\/\/universalpet.cz\/wp-content\/uploads\/2020\/01\/shine-1.jpg\" \/>\n\t<meta property=\"og:image:width\" content=\"611\" \/>\n\t<meta property=\"og:image:height\" content=\"914\" \/>\n\t<meta property=\"og:image:type\" content=\"image\/jpeg\" \/>\n<meta name=\"twitter:card\" content=\"summary_large_image\" \/>\n<meta name=\"twitter:label1\" content=\"Odhadovan\u00e1 doba \u010dten\u00ed\" \/>\n\t<meta name=\"twitter:data1\" content=\"1 minuta\" \/>\n<script type=\"application\/ld+json\" class=\"yoast-schema-graph\">{\"@context\":\"https:\/\/schema.org\",\"@graph\":[{\"@type\":\"WebPage\",\"@id\":\"https:\/\/universalpet.cz\/?product=shine-conditioning-mix-20kg\",\"url\":\"https:\/\/universalpet.cz\/?product=shine-conditioning-mix-20kg\",\"name\":\"Shine+ Conditioning mix 20kg - UniversalPet\",\"isPartOf\":{\"@id\":\"https:\/\/universalpet.cz\/#website\"},\"primaryImageOfPage\":{\"@id\":\"https:\/\/universalpet.cz\/?product=shine-conditioning-mix-20kg#primaryimage\"},\"image\":{\"@id\":\"https:\/\/universalpet.cz\/?product=shine-conditioning-mix-20kg#primaryimage\"},\"thumbnailUrl\":\"https:\/\/universalpet.cz\/wp-content\/uploads\/2020\/01\/shine-1.jpg\",\"datePublished\":\"2020-01-05T14:08:25+00:00\",\"dateModified\":\"2024-10-20T04:28:55+00:00\",\"description\":\"M\u00fcsli pro nabr\u00e1n\u00ed a udr\u017een\u00ed svalov\u00e9 hmoty, p\u0159edev\u0161\u00edm pro kon\u011b podvy\u017eiven\u00e9, sportovn\u00ed, v\u00fdstavn\u00ed, barokn\u00ed a westernov\u00e1 plemena\",\"breadcrumb\":{\"@id\":\"https:\/\/universalpet.cz\/?product=shine-conditioning-mix-20kg#breadcrumb\"},\"inLanguage\":\"cs\",\"potentialAction\":[{\"@type\":\"ReadAction\",\"target\":[\"https:\/\/universalpet.cz\/?product=shine-conditioning-mix-20kg\"]}]},{\"@type\":\"ImageObject\",\"inLanguage\":\"cs\",\"@id\":\"https:\/\/universalpet.cz\/?product=shine-conditioning-mix-20kg#primaryimage\",\"url\":\"https:\/\/universalpet.cz\/wp-content\/uploads\/2020\/01\/shine-1.jpg\",\"contentUrl\":\"https:\/\/universalpet.cz\/wp-content\/uploads\/2020\/01\/shine-1.jpg\",\"width\":611,\"height\":914},{\"@type\":\"BreadcrumbList\",\"@id\":\"https:\/\/universalpet.cz\/?product=shine-conditioning-mix-20kg#breadcrumb\",\"itemListElement\":[{\"@type\":\"ListItem\",\"position\":1,\"name\":\"Dom\u016f\",\"item\":\"https:\/\/universalpet.cz\/\"},{\"@type\":\"ListItem\",\"position\":2,\"name\":\"Obchod\",\"item\":\"https:\/\/universalpet.cz\/?page_id=6\"},{\"@type\":\"ListItem\",\"position\":3,\"name\":\"Shine+ Conditioning mix 20kg\"}]},{\"@type\":\"WebSite\",\"@id\":\"https:\/\/universalpet.cz\/#website\",\"url\":\"https:\/\/universalpet.cz\/\",\"name\":\"UniversalPet\",\"description\":\"Kvalitn\u00ed krmiva pro Va\u0161e mazl\u00ed\u010dky\",\"potentialAction\":[{\"@type\":\"SearchAction\",\"target\":{\"@type\":\"EntryPoint\",\"urlTemplate\":\"https:\/\/universalpet.cz\/?s={search_term_string}\"},\"query-input\":{\"@type\":\"PropertyValueSpecification\",\"valueRequired\":true,\"valueName\":\"search_term_string\"}}],\"inLanguage\":\"cs\"}]}<\/script>\n<!-- \/ Yoast SEO plugin. -->","yoast_head_json":{"title":"Shine+ Conditioning mix 20kg - UniversalPet","description":"M\u00fcsli pro nabr\u00e1n\u00ed a udr\u017een\u00ed svalov\u00e9 hmoty, p\u0159edev\u0161\u00edm pro kon\u011b podvy\u017eiven\u00e9, sportovn\u00ed, v\u00fdstavn\u00ed, barokn\u00ed a westernov\u00e1 plemena","robots":{"index":"index","follow":"follow","max-snippet":"max-snippet:-1","max-image-preview":"max-image-preview:large","max-video-preview":"max-video-preview:-1"},"canonical":"https:\/\/universalpet.cz\/?product=shine-conditioning-mix-20kg","og_locale":"cs_CZ","og_type":"article","og_title":"Shine+ Conditioning mix 20kg - UniversalPet","og_description":"M\u00fcsli pro nabr\u00e1n\u00ed a udr\u017een\u00ed svalov\u00e9 hmoty, p\u0159edev\u0161\u00edm pro kon\u011b podvy\u017eiven\u00e9, sportovn\u00ed, v\u00fdstavn\u00ed, barokn\u00ed a westernov\u00e1 plemena","og_url":"https:\/\/universalpet.cz\/?product=shine-conditioning-mix-20kg","og_site_name":"UniversalPet","article_modified_time":"2024-10-20T04:28:55+00:00","og_image":[{"width":611,"height":914,"url":"https:\/\/universalpet.cz\/wp-content\/uploads\/2020\/01\/shine-1.jpg","type":"image\/jpeg"}],"twitter_card":"summary_large_image","twitter_misc":{"Odhadovan\u00e1 doba \u010dten\u00ed":"1 minuta"},"schema":{"@context":"https:\/\/schema.org","@graph":[{"@type":"WebPage","@id":"https:\/\/universalpet.cz\/?product=shine-conditioning-mix-20kg","url":"https:\/\/universalpet.cz\/?product=shine-conditioning-mix-20kg","name":"Shine+ Conditioning mix 20kg - UniversalPet","isPartOf":{"@id":"https:\/\/universalpet.cz\/#website"},"primaryImageOfPage":{"@id":"https:\/\/universalpet.cz\/?product=shine-conditioning-mix-20kg#primaryimage"},"image":{"@id":"https:\/\/universalpet.cz\/?product=shine-conditioning-mix-20kg#primaryimage"},"thumbnailUrl":"https:\/\/universalpet.cz\/wp-content\/uploads\/2020\/01\/shine-1.jpg","datePublished":"2020-01-05T14:08:25+00:00","dateModified":"2024-10-20T04:28:55+00:00","description":"M\u00fcsli pro nabr\u00e1n\u00ed a udr\u017een\u00ed svalov\u00e9 hmoty, p\u0159edev\u0161\u00edm pro kon\u011b podvy\u017eiven\u00e9, sportovn\u00ed, v\u00fdstavn\u00ed, barokn\u00ed a westernov\u00e1 plemena","breadcrumb":{"@id":"https:\/\/universalpet.cz\/?product=shine-conditioning-mix-20kg#breadcrumb"},"inLanguage":"cs","potentialAction":[{"@type":"ReadAction","target":["https:\/\/universalpet.cz\/?product=shine-conditioning-mix-20kg"]}]},{"@type":"ImageObject","inLanguage":"cs","@id":"https:\/\/universalpet.cz\/?product=shine-conditioning-mix-20kg#primaryimage","url":"https:\/\/universalpet.cz\/wp-content\/uploads\/2020\/01\/shine-1.jpg","contentUrl":"https:\/\/universalpet.cz\/wp-content\/uploads\/2020\/01\/shine-1.jpg","width":611,"height":914},{"@type":"BreadcrumbList","@id":"https:\/\/universalpet.cz\/?product=shine-conditioning-mix-20kg#breadcrumb","itemListElement":[{"@type":"ListItem","position":1,"name":"Dom\u016f","item":"https:\/\/universalpet.cz\/"},{"@type":"ListItem","position":2,"name":"Obchod","item":"https:\/\/universalpet.cz\/?page_id=6"},{"@type":"ListItem","position":3,"name":"Shine+ Conditioning mix 20kg"}]},{"@type":"WebSite","@id":"https:\/\/universalpet.cz\/#website","url":"https:\/\/universalpet.cz\/","name":"UniversalPet","description":"Kvalitn\u00ed krmiva pro Va\u0161e mazl\u00ed\u010dky","potentialAction":[{"@type":"SearchAction","target":{"@type":"EntryPoint","urlTemplate":"https:\/\/universalpet.cz\/?s={search_term_string}"},"query-input":{"@type":"PropertyValueSpecification","valueRequired":true,"valueName":"search_term_string"}}],"inLanguage":"cs"}]}},"post_mailing_queue_ids":[],"_links":{"self":[{"href":"https:\/\/universalpet.cz\/index.php?rest_route=\/wp\/v2\/product\/1222","targetHints":{"allow":["GET"]}}],"collection":[{"href":"https:\/\/universalpet.cz\/index.php?rest_route=\/wp\/v2\/product"}],"about":[{"href":"https:\/\/universalpet.cz\/index.php?rest_route=\/wp\/v2\/types\/product"}],"replies":[{"embeddable":true,"href":"https:\/\/universalpet.cz\/index.php?rest_route=%2Fwp%2Fv2%2Fcomments&post=1222"}],"wp:featuredmedia":[{"embeddable":true,"href":"https:\/\/universalpet.cz\/index.php?rest_route=\/wp\/v2\/media\/1227"}],"wp:attachment":[{"href":"https:\/\/universalpet.cz\/index.php?rest_route=%2Fwp%2Fv2%2Fmedia&parent=1222"}],"wp:term":[{"taxonomy":"product_brand","embeddable":true,"href":"https:\/\/universalpet.cz\/index.php?rest_route=%2Fwp%2Fv2%2Fproduct_brand&post=1222"},{"taxonomy":"product_cat","embeddable":true,"href":"https:\/\/universalpet.cz\/index.php?rest_route=%2Fwp%2Fv2%2Fproduct_cat&post=1222"},{"taxonomy":"product_tag","embeddable":true,"href":"https:\/\/universalpet.cz\/index.php?rest_route=%2Fwp%2Fv2%2Fproduct_tag&post=1222"}],"curies":[{"name":"wp","href":"https:\/\/api.w.org\/{rel}","templated":true}]}}