{"id":1228,"date":"2020-01-05T16:23:48","date_gmt":"2020-01-05T14:23:48","guid":{"rendered":"http:\/\/194.213.36.175:8000\/?post_type=product&#038;p=1228"},"modified":"2024-10-20T06:26:40","modified_gmt":"2024-10-20T04:26:40","slug":"digest-conditioning-cubes-20kg","status":"publish","type":"product","link":"https:\/\/universalpet.cz\/?product=digest-conditioning-cubes-20kg","title":{"rendered":"Digest+ Conditioning Cubes 20kg"},"content":{"rendered":"<h3>INOVACE OPROTI P\u016eVODN\u00cdM CONDITIONING CUBES:<\/h3>\n<p>&#8211;\u00a0 \u00a0<strong>Zredukov\u00e1n pod\u00edl \u0161krob\u016f<\/strong>\u00a0na minimu, aby nedoch\u00e1zelo k nadm\u011brn\u00e9 dr\u00e1\u017edivosti u lehce vzru\u0161iv\u00fdch kon\u00ed (z 20% na 11,5%)<\/p>\n<p>&#8211;\u00a0 \u00a0<strong>Nav\u00fd\u0161en pod\u00edl vl\u00e1kniny<\/strong>\u00a0pro postupn\u011b se uvol\u0148uj\u00edc\u00ed energii a p\u00e9\u010di o tr\u00e1v\u00edc\u00ed \u00fastroj\u00ed (z 12% na 18%)<\/p>\n<p>&#8211;\u00a0 \u00a0<strong>Bez melasy<\/strong><\/p>\n<p>&#8211;\u00a0 \u00a0Dopln\u011bna\u00a0<strong>probiotika a prebiotika<\/strong>\u00a0pro maxim\u00e1ln\u00ed p\u00e9\u010di o tr\u00e1v\u00edc\u00ed \u00fastroj\u00ed<\/p>\n<p>&#8211;\u00a0 \u00a0V\u00edce ne\u017e\u00a0<strong>dvojn\u00e1sobek Vitaminu E<\/strong>\u00a0(z 200iu\/kg na 450iu\/kg)<\/p>\n<p>&nbsp;<\/p>\n<ul>\n<li>Nov\u00e1, vylep\u0161en\u00e1 receptura pro bezpe\u010dn\u00e9 nabyt\u00ed kondice, p\u0159\u00edr\u016fstek a udr\u017een\u00ed svalov\u00e9\u00a0hmoty bez nadm\u011brn\u00e9 vzru\u0161ivosti se sou\u010dasnou podporou tr\u00e1v\u00edc\u00edho syst\u00e9mu<\/li>\n<li>Viditeln\u00e9 zlep\u0161en\u00ed kondice ji\u017e za 2 t\u00fddny<\/li>\n<li>Oproti Shine+ Conditioning Mix obsahuj\u00ed vysok\u00fd pod\u00edl vl\u00e1kniny a jsou 100% bez cel\u00fdchobilovin = vhodn\u00e9 pro snadno vzru\u0161iv\u00e9 kon\u011b pot\u0159ebuj\u00edc\u00ed nabrat svalovou hmotu<\/li>\n<li>Bez melasy<\/li>\n<li>Bez cel\u00fdch obilovin<\/li>\n<li>FOS Prebiotika + \u017eiv\u00e9 kvasinky pro podporu &#8222;zdrav\u00fdch&#8220; st\u0159evn\u00edch bakteri\u00ed v tr\u00e1v\u00edc\u00edm\u00a0syst\u00e9mu<\/li>\n<li>Zv\u00fd\u0161en\u00e9 mno\u017estv\u00ed vitaminu E pro podporu svalov\u00e9ho tonusu a spr\u00e1vnou imunitu<\/li>\n<li>Obohaceno o kompletn\u00ed spektrum vitamin\u016f a miner\u00e1l\u016f pro zdrav\u00ed va\u0161ich kon\u00ed<\/li>\n<\/ul>\n<p><strong>Slo\u017een\u00ed:<\/strong><\/p>\n<p>p\u0161eni\u010dn\u00e9 otruby a endosperm, ovesn\u00e9 otruby a endosperm, S\u00f3jov\u00e9 slupky, Slune\u010dnicov\u00fd extrakt, R\u00fd\u017eov\u00e9<br \/>\notruby, cukrov\u00e1 \u0159epa zbaven\u00e1 melasy, Uhli\u010ditan v\u00e1penat\u00fd, \u0158epkov\u00fd olej, S\u016fl Vitam\u00edn E, Vitamino-miner\u00e1ln\u00ed premix,\u00a0FOS (prebiotika), \u017div\u00e9 kvasinky, lyzin<\/p>\n","protected":false},"excerpt":{"rendered":"<p>Granule pro nabr\u00e1n\u00ed a udr\u017een\u00ed svalov\u00e9 hmoty se sou\u010dasnou podporou zdrav\u00ed tr\u00e1v\u00edc\u00edho \u00fastroj\u00ed pro lehce vzru\u0161iv\u00e9 kon\u011b ve \u0161patn\u00e9 kondici<\/p>\n","protected":false},"featured_media":1229,"comment_status":"open","ping_status":"closed","template":"","meta":[],"product_brand":[],"product_cat":[53,56,54],"product_tag":[],"class_list":{"0":"post-1228","1":"product","2":"type-product","3":"status-publish","4":"has-post-thumbnail","6":"product_cat-kone","7":"product_cat-musli","8":"product_cat-spillers","10":"first","11":"instock","12":"taxable","13":"shipping-taxable","14":"purchasable","15":"product-type-simple"},"yoast_head":"<!-- This site is optimized with the Yoast SEO plugin v26.9 - https:\/\/yoast.com\/product\/yoast-seo-wordpress\/ -->\n<title>Digest+ Conditioning Cubes 20kg - N\u00e1zev webu %Spillers N\u00e1zev webu<\/title>\n<meta name=\"description\" content=\"Granule pro nabr\u00e1n\u00ed a udr\u017een\u00ed svalov\u00e9 hmoty se sou\u010dasnou podporou zdrav\u00ed tr\u00e1v\u00edc\u00edho \u00fastroj\u00ed pro lehce vzru\u0161iv\u00e9 kon\u011b ve \u0161patn\u00e9 kondici\" \/>\n<meta name=\"robots\" content=\"index, follow, max-snippet:-1, max-image-preview:large, max-video-preview:-1\" \/>\n<link rel=\"canonical\" href=\"https:\/\/universalpet.cz\/?product=digest-conditioning-cubes-20kg\" \/>\n<meta property=\"og:locale\" content=\"cs_CZ\" \/>\n<meta property=\"og:type\" content=\"article\" \/>\n<meta property=\"og:title\" content=\"Digest+ Conditioning Cubes 20kg - N\u00e1zev webu %Spillers N\u00e1zev webu\" \/>\n<meta property=\"og:description\" content=\"Granule pro nabr\u00e1n\u00ed a udr\u017een\u00ed svalov\u00e9 hmoty se sou\u010dasnou podporou zdrav\u00ed tr\u00e1v\u00edc\u00edho \u00fastroj\u00ed pro lehce vzru\u0161iv\u00e9 kon\u011b ve \u0161patn\u00e9 kondici\" \/>\n<meta property=\"og:url\" content=\"https:\/\/universalpet.cz\/?product=digest-conditioning-cubes-20kg\" \/>\n<meta property=\"og:site_name\" content=\"UniversalPet\" \/>\n<meta property=\"article:modified_time\" content=\"2024-10-20T04:26:40+00:00\" \/>\n<meta property=\"og:image\" content=\"https:\/\/universalpet.cz\/wp-content\/uploads\/2020\/01\/d-.jpg\" \/>\n\t<meta property=\"og:image:width\" content=\"495\" \/>\n\t<meta property=\"og:image:height\" content=\"913\" \/>\n\t<meta property=\"og:image:type\" content=\"image\/jpeg\" \/>\n<meta name=\"twitter:card\" content=\"summary_large_image\" \/>\n<meta name=\"twitter:label1\" content=\"Odhadovan\u00e1 doba \u010dten\u00ed\" \/>\n\t<meta name=\"twitter:data1\" content=\"1 minuta\" \/>\n<script type=\"application\/ld+json\" class=\"yoast-schema-graph\">{\"@context\":\"https:\/\/schema.org\",\"@graph\":[{\"@type\":\"WebPage\",\"@id\":\"https:\/\/universalpet.cz\/?product=digest-conditioning-cubes-20kg\",\"url\":\"https:\/\/universalpet.cz\/?product=digest-conditioning-cubes-20kg\",\"name\":\"Digest+ Conditioning Cubes 20kg - N\u00e1zev webu %Spillers N\u00e1zev webu\",\"isPartOf\":{\"@id\":\"https:\/\/universalpet.cz\/#website\"},\"primaryImageOfPage\":{\"@id\":\"https:\/\/universalpet.cz\/?product=digest-conditioning-cubes-20kg#primaryimage\"},\"image\":{\"@id\":\"https:\/\/universalpet.cz\/?product=digest-conditioning-cubes-20kg#primaryimage\"},\"thumbnailUrl\":\"https:\/\/universalpet.cz\/wp-content\/uploads\/2020\/01\/d-.jpg\",\"datePublished\":\"2020-01-05T14:23:48+00:00\",\"dateModified\":\"2024-10-20T04:26:40+00:00\",\"description\":\"Granule pro nabr\u00e1n\u00ed a udr\u017een\u00ed svalov\u00e9 hmoty se sou\u010dasnou podporou zdrav\u00ed tr\u00e1v\u00edc\u00edho \u00fastroj\u00ed pro lehce vzru\u0161iv\u00e9 kon\u011b ve \u0161patn\u00e9 kondici\",\"breadcrumb\":{\"@id\":\"https:\/\/universalpet.cz\/?product=digest-conditioning-cubes-20kg#breadcrumb\"},\"inLanguage\":\"cs\",\"potentialAction\":[{\"@type\":\"ReadAction\",\"target\":[\"https:\/\/universalpet.cz\/?product=digest-conditioning-cubes-20kg\"]}]},{\"@type\":\"ImageObject\",\"inLanguage\":\"cs\",\"@id\":\"https:\/\/universalpet.cz\/?product=digest-conditioning-cubes-20kg#primaryimage\",\"url\":\"https:\/\/universalpet.cz\/wp-content\/uploads\/2020\/01\/d-.jpg\",\"contentUrl\":\"https:\/\/universalpet.cz\/wp-content\/uploads\/2020\/01\/d-.jpg\",\"width\":495,\"height\":913},{\"@type\":\"BreadcrumbList\",\"@id\":\"https:\/\/universalpet.cz\/?product=digest-conditioning-cubes-20kg#breadcrumb\",\"itemListElement\":[{\"@type\":\"ListItem\",\"position\":1,\"name\":\"Dom\u016f\",\"item\":\"https:\/\/universalpet.cz\/\"},{\"@type\":\"ListItem\",\"position\":2,\"name\":\"Obchod\",\"item\":\"https:\/\/universalpet.cz\/?page_id=6\"},{\"@type\":\"ListItem\",\"position\":3,\"name\":\"Digest+ Conditioning Cubes 20kg\"}]},{\"@type\":\"WebSite\",\"@id\":\"https:\/\/universalpet.cz\/#website\",\"url\":\"https:\/\/universalpet.cz\/\",\"name\":\"UniversalPet\",\"description\":\"Kvalitn\u00ed krmiva pro Va\u0161e mazl\u00ed\u010dky\",\"potentialAction\":[{\"@type\":\"SearchAction\",\"target\":{\"@type\":\"EntryPoint\",\"urlTemplate\":\"https:\/\/universalpet.cz\/?s={search_term_string}\"},\"query-input\":{\"@type\":\"PropertyValueSpecification\",\"valueRequired\":true,\"valueName\":\"search_term_string\"}}],\"inLanguage\":\"cs\"}]}<\/script>\n<!-- \/ Yoast SEO plugin. -->","yoast_head_json":{"title":"Digest+ Conditioning Cubes 20kg - N\u00e1zev webu %Spillers N\u00e1zev webu","description":"Granule pro nabr\u00e1n\u00ed a udr\u017een\u00ed svalov\u00e9 hmoty se sou\u010dasnou podporou zdrav\u00ed tr\u00e1v\u00edc\u00edho \u00fastroj\u00ed pro lehce vzru\u0161iv\u00e9 kon\u011b ve \u0161patn\u00e9 kondici","robots":{"index":"index","follow":"follow","max-snippet":"max-snippet:-1","max-image-preview":"max-image-preview:large","max-video-preview":"max-video-preview:-1"},"canonical":"https:\/\/universalpet.cz\/?product=digest-conditioning-cubes-20kg","og_locale":"cs_CZ","og_type":"article","og_title":"Digest+ Conditioning Cubes 20kg - N\u00e1zev webu %Spillers N\u00e1zev webu","og_description":"Granule pro nabr\u00e1n\u00ed a udr\u017een\u00ed svalov\u00e9 hmoty se sou\u010dasnou podporou zdrav\u00ed tr\u00e1v\u00edc\u00edho \u00fastroj\u00ed pro lehce vzru\u0161iv\u00e9 kon\u011b ve \u0161patn\u00e9 kondici","og_url":"https:\/\/universalpet.cz\/?product=digest-conditioning-cubes-20kg","og_site_name":"UniversalPet","article_modified_time":"2024-10-20T04:26:40+00:00","og_image":[{"width":495,"height":913,"url":"https:\/\/universalpet.cz\/wp-content\/uploads\/2020\/01\/d-.jpg","type":"image\/jpeg"}],"twitter_card":"summary_large_image","twitter_misc":{"Odhadovan\u00e1 doba \u010dten\u00ed":"1 minuta"},"schema":{"@context":"https:\/\/schema.org","@graph":[{"@type":"WebPage","@id":"https:\/\/universalpet.cz\/?product=digest-conditioning-cubes-20kg","url":"https:\/\/universalpet.cz\/?product=digest-conditioning-cubes-20kg","name":"Digest+ Conditioning Cubes 20kg - N\u00e1zev webu %Spillers N\u00e1zev webu","isPartOf":{"@id":"https:\/\/universalpet.cz\/#website"},"primaryImageOfPage":{"@id":"https:\/\/universalpet.cz\/?product=digest-conditioning-cubes-20kg#primaryimage"},"image":{"@id":"https:\/\/universalpet.cz\/?product=digest-conditioning-cubes-20kg#primaryimage"},"thumbnailUrl":"https:\/\/universalpet.cz\/wp-content\/uploads\/2020\/01\/d-.jpg","datePublished":"2020-01-05T14:23:48+00:00","dateModified":"2024-10-20T04:26:40+00:00","description":"Granule pro nabr\u00e1n\u00ed a udr\u017een\u00ed svalov\u00e9 hmoty se sou\u010dasnou podporou zdrav\u00ed tr\u00e1v\u00edc\u00edho \u00fastroj\u00ed pro lehce vzru\u0161iv\u00e9 kon\u011b ve \u0161patn\u00e9 kondici","breadcrumb":{"@id":"https:\/\/universalpet.cz\/?product=digest-conditioning-cubes-20kg#breadcrumb"},"inLanguage":"cs","potentialAction":[{"@type":"ReadAction","target":["https:\/\/universalpet.cz\/?product=digest-conditioning-cubes-20kg"]}]},{"@type":"ImageObject","inLanguage":"cs","@id":"https:\/\/universalpet.cz\/?product=digest-conditioning-cubes-20kg#primaryimage","url":"https:\/\/universalpet.cz\/wp-content\/uploads\/2020\/01\/d-.jpg","contentUrl":"https:\/\/universalpet.cz\/wp-content\/uploads\/2020\/01\/d-.jpg","width":495,"height":913},{"@type":"BreadcrumbList","@id":"https:\/\/universalpet.cz\/?product=digest-conditioning-cubes-20kg#breadcrumb","itemListElement":[{"@type":"ListItem","position":1,"name":"Dom\u016f","item":"https:\/\/universalpet.cz\/"},{"@type":"ListItem","position":2,"name":"Obchod","item":"https:\/\/universalpet.cz\/?page_id=6"},{"@type":"ListItem","position":3,"name":"Digest+ Conditioning Cubes 20kg"}]},{"@type":"WebSite","@id":"https:\/\/universalpet.cz\/#website","url":"https:\/\/universalpet.cz\/","name":"UniversalPet","description":"Kvalitn\u00ed krmiva pro Va\u0161e mazl\u00ed\u010dky","potentialAction":[{"@type":"SearchAction","target":{"@type":"EntryPoint","urlTemplate":"https:\/\/universalpet.cz\/?s={search_term_string}"},"query-input":{"@type":"PropertyValueSpecification","valueRequired":true,"valueName":"search_term_string"}}],"inLanguage":"cs"}]}},"post_mailing_queue_ids":[],"_links":{"self":[{"href":"https:\/\/universalpet.cz\/index.php?rest_route=\/wp\/v2\/product\/1228","targetHints":{"allow":["GET"]}}],"collection":[{"href":"https:\/\/universalpet.cz\/index.php?rest_route=\/wp\/v2\/product"}],"about":[{"href":"https:\/\/universalpet.cz\/index.php?rest_route=\/wp\/v2\/types\/product"}],"replies":[{"embeddable":true,"href":"https:\/\/universalpet.cz\/index.php?rest_route=%2Fwp%2Fv2%2Fcomments&post=1228"}],"wp:featuredmedia":[{"embeddable":true,"href":"https:\/\/universalpet.cz\/index.php?rest_route=\/wp\/v2\/media\/1229"}],"wp:attachment":[{"href":"https:\/\/universalpet.cz\/index.php?rest_route=%2Fwp%2Fv2%2Fmedia&parent=1228"}],"wp:term":[{"taxonomy":"product_brand","embeddable":true,"href":"https:\/\/universalpet.cz\/index.php?rest_route=%2Fwp%2Fv2%2Fproduct_brand&post=1228"},{"taxonomy":"product_cat","embeddable":true,"href":"https:\/\/universalpet.cz\/index.php?rest_route=%2Fwp%2Fv2%2Fproduct_cat&post=1228"},{"taxonomy":"product_tag","embeddable":true,"href":"https:\/\/universalpet.cz\/index.php?rest_route=%2Fwp%2Fv2%2Fproduct_tag&post=1228"}],"curies":[{"name":"wp","href":"https:\/\/api.w.org\/{rel}","templated":true}]}}