{"id":1235,"date":"2020-01-05T16:35:00","date_gmt":"2020-01-05T14:35:00","guid":{"rendered":"http:\/\/194.213.36.175:8000\/?post_type=product&#038;p=1235"},"modified":"2025-05-30T20:31:13","modified_gmt":"2025-05-30T18:31:13","slug":"alfalfa-pro-fibre-20kg","status":"publish","type":"product","link":"https:\/\/universalpet.cz\/?product=alfalfa-pro-fibre-20kg","title":{"rendered":"Alfalfa-Pro Fibre 20kg"},"content":{"rendered":"<article class=\"product boxRow\">\n<div class=\"detailLong clear\">\n<div class=\"userHTMLContent productDescritionLong\">\n<p><strong>\u0158ezanka pro kon\u011b kon\u011b trp\u00edc\u00ed \u017ealude\u010dn\u00edmi v\u0159edy<\/strong><\/p>\n<ul>\n<li>CERTIFIK\u00c1T\u00a0<strong>BETA EGUS<\/strong>\u00a0(EQUINE GASTRIC ULCERATION SYNDROME) \u2013 KRMEN\u00cd\u00a0<strong>CERTIFIKOVAN\u00c9 PRO KON\u011a SE \u017dALUDE\u010cN\u00cdMI V\u0158EDY<\/strong><\/li>\n<li>UNIK\u00c1TN\u00cd SM\u011aS VL\u00c1KNINY V \u010cELE S VOJT\u011a\u0160KOU, KTER\u00c1 JE BOHAT\u00ddM ZDROJEM B\u00cdLKOVIN A ORGANICK\u00ddCH MINER\u00c1L\u016e<\/li>\n<li>N\u00cdZK\u00dd OBSAH \u0160KROB\u016e A CUKR\u016e, KTER\u00dd JE PRO KON\u011a TRP\u00cdC\u00cd \u017dALUDE\u010cN\u00cdMI V\u0158EDY KL\u00cd\u010cOV\u00dd<\/li>\n<li>KR\u00c1TK\u00c1 SEKAN\u00c1 FORMA VL\u00c1KNINY PRODLU\u017dUJE DOBU KRMEN\u00cd, PODPORUJE \u017dV\u00ddK\u00c1N\u00cd A V KOMBINACI S TLUM\u00cdC\u00cdMI \u00da\u010cINKY VOJT\u011a\u0160KY NAPOM\u00c1H\u00c1 UDR\u017dOVAT KLIDN\u00dd \u017dALUDEK<\/li>\n<li>SM\u011aS POMALU, ST\u0158EDN\u011a A VYSOCE FERMENTOVAN\u00c9 VL\u00c1KNINY JE IDE\u00c1LN\u00cd PODPOROU ZDRAV\u00cd TR\u00c1V\u00cdC\u00cdHO \u00daSTROJ\u00cd<\/li>\n<li>VYSOK\u00dd POD\u00cdL \u0158EPKOV\u00c9HO OLEJE &#8211; ZDROJ POSTUPN\u011a SE UVOL\u0147UJ\u00cdC\u00cd ENERGIE A PRO BRILANTN\u00cd LESK SRSTI<\/li>\n<li>EXTRA P\u0158\u00cdDAVEK VITAMINU E, D\u016eLE\u017dIT\u00c9HO ANTIOXIDANTU, PRO VYV\u00c1\u017dEN\u00cd ZV\u00dd\u0160EN\u00c9HO POD\u00cdLU OLEJ\u016e<\/li>\n<\/ul>\n<p><strong>Slo\u017een\u00ed:<\/strong><\/p>\n<p>Vojt\u011b\u0161ka, s\u00f3jov\u00e9 slupky, p\u0161eni\u010dn\u00e9 otruby a endosperm, travn\u00ed granule, sekan\u00e1 sl\u00e1ma, melasa, \u0159epkov\u00fd olej, ovesn\u00e9 otruby a endosperm, uhli\u010ditan v\u00e1penat\u00fd, s\u00f3jov\u00e1 mou\u010dka, nutri\u010dn\u011b bohat\u00e1 sl\u00e1ma, kalcinovan\u00fd magnezit, s\u016fl, vitamin E, lyzin<\/p>\n<p><strong>Pozn.:<\/strong><br \/>\nTento produkt nel\u00e9\u010d\u00ed \u017ealude\u010dn\u00ed v\u0159edy. Pokud m\u00e1te u sv\u00e9ho kon\u011b podez\u0159en\u00ed na \u017ealude\u010dn\u00ed v\u0159edy, kontaktujte sv\u00e9ho veterin\u00e1\u0159e.<\/p>\n<p><strong>Management kon\u00ed se \u017ealude\u010dn\u00edmi v\u0159edy:<\/strong><\/p>\n<ul>\n<li>Pod\u00e1vejte \u010dasto mal\u00e9 d\u00e1vky krmen\u00ed<\/li>\n<li>Ide\u00e1ln\u011b by m\u011bl b\u00fdt zachov\u00e1n p\u0159\u00edstup k senu ad lib, nikdy ne m\u00e9n\u011b ne\u017e 1,5% t\u011blesn\u00e9 hmotnosti kon\u011b!<\/li>\n<li>Zv\u00fd\u0161en\u00fd p\u0159\u00edd\u011bl vl\u00e1kniny podporuje \u017ev\u00fdk\u00e1n\u00ed a dobu krmen\u00ed, podporuje produkci slin, kter\u00e9 p\u0159irozen\u011b neutralizuj\u00ed \u017ealude\u010dn\u00ed kyseliny<\/li>\n<li>Pokud je to mo\u017en\u00e9 (nap\u0159. pokud nen\u00ed n\u00e1chyln\u00fd k laminitid\u011b), dop\u0159ejte koni co nejv\u00edce voln\u00fd pobyt ve v\u00fdb\u011bhu.<\/li>\n<li>Sna\u017ete se omezit stres<\/li>\n<li>Ide\u00e1ln\u011b pod\u00e1vejte koni vl\u00e1kninu (nap\u0159. \u0159ezanku Alfalfa-Pro Fibre) p\u0159ed jak\u00fdmkoliv intenzivn\u00edm tr\u00e9ninkem, napom\u00e1h\u00e1 toti\u017e sni\u017eovat riziko pot\u0159\u00edsn\u011bn\u00ed horn\u00ed \u010d\u00e1sti \u017ealudku \u017ealude\u010dn\u00ed kyselinou b\u011bhem pohybu<\/li>\n<li>Zajist\u011bte koni nep\u0159etr\u017eit\u00fd p\u0159\u00edstup k \u010dist\u00e9 vla\u017en\u00e9 vod\u011b<\/li>\n<li>Vyh\u00fdbejte se krmen\u00ed sl\u00e1my jako zdroje vl\u00e1kniny \u2013 z d\u016fvodu ostr\u00fdch st\u00e9bel, kter\u00e1 mohou \u017ealudek podr\u00e1\u017edit a poranit<\/li>\n<\/ul>\n<p><span style=\"color: #ff0000;\"><strong>NA OBJEN\u00c1VKU!<\/strong><\/span><\/p>\n<p><strong>Krmn\u00fd pr\u016fvodce:<\/strong><\/p>\n<ul>\n<li>P\u0159id\u00e1vejte 250-500g ke ka\u017ed\u00e9 d\u00e1vce dopl\u0148kov\u00e9ho krmiva nebo balanceru<\/li>\n<li>U kon\u00ed se \u017ealude\u010dn\u00edmi v\u0159edy by nem\u011bla denn\u00ed d\u00e1vka \u0161krob\u016f a cukr\u016f p\u0159es\u00e1hnout 1g na 1kg \u017eiv\u00e9 hmotnosti kon\u011b v dopl\u0148kov\u00fdch krmivech (granule, m\u00fcsli&#8230;) a 2g na 1kg \u017eiv\u00e9 hmotnosti celkem (v\u010detn\u011b sena, pastvy)<\/li>\n<li>M\u016f\u017ee b\u00fdt krmeno jako alternativa dopl\u0148kov\u00fdch krmiv (m\u00fcsli, granule, oves&#8230;) v kombinaci s balancerem (Original Balancer, Daily Balancer) pro po dokonal\u00e9 pokryt\u00ed pot\u0159eby vitamin\u016f a miner\u00e1l\u016f<\/li>\n<li>D\u00e1vka na jedno krmen\u00ed by nem\u011bla p\u0159ekro\u010dit 2 kg u kon\u00ed, u pony o n\u011bco m\u00e9n\u011b<\/li>\n<\/ul>\n<\/div>\n<\/div>\n<\/article>\n<div class=\"productSocialButtons clear\">\n<div class=\"addthis_inline_share_toolbox\" data-url=\"https:\/\/www.britskakrmiva.cz\/p\/254\/alfalfa-pro-fibre-20kg\" data-title=\"spillers Alfalfa-pro-fibre 20kg\" data-description=\"spillers \u0158ezanka pro kon\u011b kon\u011b trp\u00edc\u00ed \u017ealude\u010dn\u00edmi v\u0159edy\">\n<div id=\"atstbx\" class=\"at-resp-share-element at-style-responsive addthis-smartlayers addthis-animated at4-show\" role=\"region\" aria-labelledby=\"at-fdd40346-1add-40e8-b118-10356c27f2e9\">\n<p>&nbsp;<\/p>\n<div class=\"at-share-btn-elements\"><a class=\"at-icon-wrapper at-share-btn at-svc-compact\" tabindex=\"0\" role=\"button\"><span class=\"at4-share-count-container\">1<\/span><\/a><\/div>\n<\/div>\n<\/div>\n<\/div>\n","protected":false},"excerpt":{"rendered":"<p>\u0158ezanka pro kon\u011b kon\u011b trp\u00edc\u00ed \u017ealude\u010dn\u00edmi v\u0159edy<\/p>\n","protected":false},"featured_media":1236,"comment_status":"open","ping_status":"closed","template":"","meta":[],"product_brand":[],"product_cat":[57,53,54],"product_tag":[],"class_list":{"0":"post-1235","1":"product","2":"type-product","3":"status-publish","4":"has-post-thumbnail","6":"product_cat-kompletni-rezanky","7":"product_cat-kone","8":"product_cat-spillers","10":"first","11":"onbackorder","12":"taxable","13":"shipping-taxable","14":"purchasable","15":"product-type-simple"},"yoast_head":"<!-- This site is optimized with the Yoast SEO plugin v26.9 - https:\/\/yoast.com\/product\/yoast-seo-wordpress\/ -->\n<title>Alfalfa-Pro Fibre 20kg - UniversalPet<\/title>\n<meta name=\"description\" content=\"\u0158ezanka pro kon\u011b kon\u011b trp\u00edc\u00ed \u017ealude\u010dn\u00edmi v\u0159edy\" \/>\n<meta name=\"robots\" content=\"index, follow, max-snippet:-1, max-image-preview:large, max-video-preview:-1\" \/>\n<link rel=\"canonical\" href=\"https:\/\/universalpet.cz\/?product=alfalfa-pro-fibre-20kg\" \/>\n<meta property=\"og:locale\" content=\"cs_CZ\" \/>\n<meta property=\"og:type\" content=\"article\" \/>\n<meta property=\"og:title\" content=\"Alfalfa-Pro Fibre 20kg - UniversalPet\" \/>\n<meta property=\"og:description\" content=\"\u0158ezanka pro kon\u011b kon\u011b trp\u00edc\u00ed \u017ealude\u010dn\u00edmi v\u0159edy\" \/>\n<meta property=\"og:url\" content=\"https:\/\/universalpet.cz\/?product=alfalfa-pro-fibre-20kg\" \/>\n<meta property=\"og:site_name\" content=\"UniversalPet\" \/>\n<meta property=\"article:modified_time\" content=\"2025-05-30T18:31:13+00:00\" \/>\n<meta property=\"og:image\" content=\"https:\/\/universalpet.cz\/wp-content\/uploads\/2020\/01\/20kg-alfalfa-pro-fibre-left.png\" \/>\n\t<meta property=\"og:image:width\" content=\"400\" \/>\n\t<meta property=\"og:image:height\" content=\"663\" \/>\n\t<meta property=\"og:image:type\" content=\"image\/png\" \/>\n<meta name=\"twitter:card\" content=\"summary_large_image\" \/>\n<meta name=\"twitter:label1\" content=\"Odhadovan\u00e1 doba \u010dten\u00ed\" \/>\n\t<meta name=\"twitter:data1\" content=\"3 minuty\" \/>\n<script type=\"application\/ld+json\" class=\"yoast-schema-graph\">{\"@context\":\"https:\/\/schema.org\",\"@graph\":[{\"@type\":\"WebPage\",\"@id\":\"https:\/\/universalpet.cz\/?product=alfalfa-pro-fibre-20kg\",\"url\":\"https:\/\/universalpet.cz\/?product=alfalfa-pro-fibre-20kg\",\"name\":\"Alfalfa-Pro Fibre 20kg - UniversalPet\",\"isPartOf\":{\"@id\":\"https:\/\/universalpet.cz\/#website\"},\"primaryImageOfPage\":{\"@id\":\"https:\/\/universalpet.cz\/?product=alfalfa-pro-fibre-20kg#primaryimage\"},\"image\":{\"@id\":\"https:\/\/universalpet.cz\/?product=alfalfa-pro-fibre-20kg#primaryimage\"},\"thumbnailUrl\":\"https:\/\/universalpet.cz\/wp-content\/uploads\/2020\/01\/20kg-alfalfa-pro-fibre-left.png\",\"datePublished\":\"2020-01-05T14:35:00+00:00\",\"dateModified\":\"2025-05-30T18:31:13+00:00\",\"description\":\"\u0158ezanka pro kon\u011b kon\u011b trp\u00edc\u00ed \u017ealude\u010dn\u00edmi v\u0159edy\",\"breadcrumb\":{\"@id\":\"https:\/\/universalpet.cz\/?product=alfalfa-pro-fibre-20kg#breadcrumb\"},\"inLanguage\":\"cs\",\"potentialAction\":[{\"@type\":\"ReadAction\",\"target\":[\"https:\/\/universalpet.cz\/?product=alfalfa-pro-fibre-20kg\"]}]},{\"@type\":\"ImageObject\",\"inLanguage\":\"cs\",\"@id\":\"https:\/\/universalpet.cz\/?product=alfalfa-pro-fibre-20kg#primaryimage\",\"url\":\"https:\/\/universalpet.cz\/wp-content\/uploads\/2020\/01\/20kg-alfalfa-pro-fibre-left.png\",\"contentUrl\":\"https:\/\/universalpet.cz\/wp-content\/uploads\/2020\/01\/20kg-alfalfa-pro-fibre-left.png\",\"width\":400,\"height\":663},{\"@type\":\"BreadcrumbList\",\"@id\":\"https:\/\/universalpet.cz\/?product=alfalfa-pro-fibre-20kg#breadcrumb\",\"itemListElement\":[{\"@type\":\"ListItem\",\"position\":1,\"name\":\"Dom\u016f\",\"item\":\"https:\/\/universalpet.cz\/\"},{\"@type\":\"ListItem\",\"position\":2,\"name\":\"Obchod\",\"item\":\"https:\/\/universalpet.cz\/?page_id=6\"},{\"@type\":\"ListItem\",\"position\":3,\"name\":\"Alfalfa-Pro Fibre 20kg\"}]},{\"@type\":\"WebSite\",\"@id\":\"https:\/\/universalpet.cz\/#website\",\"url\":\"https:\/\/universalpet.cz\/\",\"name\":\"UniversalPet\",\"description\":\"Kvalitn\u00ed krmiva pro Va\u0161e mazl\u00ed\u010dky\",\"potentialAction\":[{\"@type\":\"SearchAction\",\"target\":{\"@type\":\"EntryPoint\",\"urlTemplate\":\"https:\/\/universalpet.cz\/?s={search_term_string}\"},\"query-input\":{\"@type\":\"PropertyValueSpecification\",\"valueRequired\":true,\"valueName\":\"search_term_string\"}}],\"inLanguage\":\"cs\"}]}<\/script>\n<!-- \/ Yoast SEO plugin. -->","yoast_head_json":{"title":"Alfalfa-Pro Fibre 20kg - UniversalPet","description":"\u0158ezanka pro kon\u011b kon\u011b trp\u00edc\u00ed \u017ealude\u010dn\u00edmi v\u0159edy","robots":{"index":"index","follow":"follow","max-snippet":"max-snippet:-1","max-image-preview":"max-image-preview:large","max-video-preview":"max-video-preview:-1"},"canonical":"https:\/\/universalpet.cz\/?product=alfalfa-pro-fibre-20kg","og_locale":"cs_CZ","og_type":"article","og_title":"Alfalfa-Pro Fibre 20kg - UniversalPet","og_description":"\u0158ezanka pro kon\u011b kon\u011b trp\u00edc\u00ed \u017ealude\u010dn\u00edmi v\u0159edy","og_url":"https:\/\/universalpet.cz\/?product=alfalfa-pro-fibre-20kg","og_site_name":"UniversalPet","article_modified_time":"2025-05-30T18:31:13+00:00","og_image":[{"width":400,"height":663,"url":"https:\/\/universalpet.cz\/wp-content\/uploads\/2020\/01\/20kg-alfalfa-pro-fibre-left.png","type":"image\/png"}],"twitter_card":"summary_large_image","twitter_misc":{"Odhadovan\u00e1 doba \u010dten\u00ed":"3 minuty"},"schema":{"@context":"https:\/\/schema.org","@graph":[{"@type":"WebPage","@id":"https:\/\/universalpet.cz\/?product=alfalfa-pro-fibre-20kg","url":"https:\/\/universalpet.cz\/?product=alfalfa-pro-fibre-20kg","name":"Alfalfa-Pro Fibre 20kg - UniversalPet","isPartOf":{"@id":"https:\/\/universalpet.cz\/#website"},"primaryImageOfPage":{"@id":"https:\/\/universalpet.cz\/?product=alfalfa-pro-fibre-20kg#primaryimage"},"image":{"@id":"https:\/\/universalpet.cz\/?product=alfalfa-pro-fibre-20kg#primaryimage"},"thumbnailUrl":"https:\/\/universalpet.cz\/wp-content\/uploads\/2020\/01\/20kg-alfalfa-pro-fibre-left.png","datePublished":"2020-01-05T14:35:00+00:00","dateModified":"2025-05-30T18:31:13+00:00","description":"\u0158ezanka pro kon\u011b kon\u011b trp\u00edc\u00ed \u017ealude\u010dn\u00edmi v\u0159edy","breadcrumb":{"@id":"https:\/\/universalpet.cz\/?product=alfalfa-pro-fibre-20kg#breadcrumb"},"inLanguage":"cs","potentialAction":[{"@type":"ReadAction","target":["https:\/\/universalpet.cz\/?product=alfalfa-pro-fibre-20kg"]}]},{"@type":"ImageObject","inLanguage":"cs","@id":"https:\/\/universalpet.cz\/?product=alfalfa-pro-fibre-20kg#primaryimage","url":"https:\/\/universalpet.cz\/wp-content\/uploads\/2020\/01\/20kg-alfalfa-pro-fibre-left.png","contentUrl":"https:\/\/universalpet.cz\/wp-content\/uploads\/2020\/01\/20kg-alfalfa-pro-fibre-left.png","width":400,"height":663},{"@type":"BreadcrumbList","@id":"https:\/\/universalpet.cz\/?product=alfalfa-pro-fibre-20kg#breadcrumb","itemListElement":[{"@type":"ListItem","position":1,"name":"Dom\u016f","item":"https:\/\/universalpet.cz\/"},{"@type":"ListItem","position":2,"name":"Obchod","item":"https:\/\/universalpet.cz\/?page_id=6"},{"@type":"ListItem","position":3,"name":"Alfalfa-Pro Fibre 20kg"}]},{"@type":"WebSite","@id":"https:\/\/universalpet.cz\/#website","url":"https:\/\/universalpet.cz\/","name":"UniversalPet","description":"Kvalitn\u00ed krmiva pro Va\u0161e mazl\u00ed\u010dky","potentialAction":[{"@type":"SearchAction","target":{"@type":"EntryPoint","urlTemplate":"https:\/\/universalpet.cz\/?s={search_term_string}"},"query-input":{"@type":"PropertyValueSpecification","valueRequired":true,"valueName":"search_term_string"}}],"inLanguage":"cs"}]}},"post_mailing_queue_ids":[],"_links":{"self":[{"href":"https:\/\/universalpet.cz\/index.php?rest_route=\/wp\/v2\/product\/1235","targetHints":{"allow":["GET"]}}],"collection":[{"href":"https:\/\/universalpet.cz\/index.php?rest_route=\/wp\/v2\/product"}],"about":[{"href":"https:\/\/universalpet.cz\/index.php?rest_route=\/wp\/v2\/types\/product"}],"replies":[{"embeddable":true,"href":"https:\/\/universalpet.cz\/index.php?rest_route=%2Fwp%2Fv2%2Fcomments&post=1235"}],"wp:featuredmedia":[{"embeddable":true,"href":"https:\/\/universalpet.cz\/index.php?rest_route=\/wp\/v2\/media\/1236"}],"wp:attachment":[{"href":"https:\/\/universalpet.cz\/index.php?rest_route=%2Fwp%2Fv2%2Fmedia&parent=1235"}],"wp:term":[{"taxonomy":"product_brand","embeddable":true,"href":"https:\/\/universalpet.cz\/index.php?rest_route=%2Fwp%2Fv2%2Fproduct_brand&post=1235"},{"taxonomy":"product_cat","embeddable":true,"href":"https:\/\/universalpet.cz\/index.php?rest_route=%2Fwp%2Fv2%2Fproduct_cat&post=1235"},{"taxonomy":"product_tag","embeddable":true,"href":"https:\/\/universalpet.cz\/index.php?rest_route=%2Fwp%2Fv2%2Fproduct_tag&post=1235"}],"curies":[{"name":"wp","href":"https:\/\/api.w.org\/{rel}","templated":true}]}}