{"id":1237,"date":"2020-01-05T22:32:01","date_gmt":"2020-01-05T20:32:01","guid":{"rendered":"http:\/\/194.213.36.175:8000\/?post_type=product&#038;p=1237"},"modified":"2021-01-03T20:19:33","modified_gmt":"2021-01-03T18:19:33","slug":"hdf-lay-off-mix-20kg","status":"publish","type":"product","link":"https:\/\/universalpet.cz\/?product=hdf-lay-off-mix-20kg","title":{"rendered":"HDF Lay Off Mix 20kg"},"content":{"rendered":"<ul>\n<li>M\u00dcSLI PRO SPORTOVN\u00cd KON\u011a PO SEZ\u00d3N\u011a, V BOXOV\u00c9M ODPO\u010cINKU, V PROCESU REGENERACE A OBSEDAN\u00c9 MLAD\u00c9 KON\u011a<\/li>\n<li>\u017dIVINY NA PODPORU D\u00ddCH\u00c1N\u00cd<\/li>\n<li>VYSOK\u00c1 HLADINA ANTIOXIDANT\u016e<\/li>\n<li>P\u0158\u00cdDAVEK VITAMINU C A KYSELINY LISTOV\u00c9<\/li>\n<li>\u017dIV\u00c9 KVASINKY PRO SPR\u00c1VN\u00c9 TR\u00c1VEN\u00cd<\/li>\n<\/ul>\n<p>N\u00edzkoenergetick\u00e9 m\u00fcsli pro kon\u011b po n\u00e1ro\u010dn\u00e9 sportovn\u00ed sez\u00f3n\u011b, v procesu regenerace a mlad\u00e9 kon\u011b, kte\u0159\u00ed za\u010d\u00ednaj\u00ed pracovat. Obsahuje vysoce kvalitn\u00ed b\u00edlkoviny pro podporu a rozvoj svalov\u00e9 hmoty. Jedine\u010dn\u00e1 formule vysoce specifikovan\u00fdch \u017eivin v \u010dele s vitaminem C zaji\u0161\u0165uje tu nejlep\u0161\u00ed podporu d\u00fdchac\u00edho syst\u00e9mu kon\u00ed a jejich imunity. Vysok\u00e1 hladina antioxidant\u016f zaru\u010duje rychlej\u0161\u00ed regeneraci a sni\u017euje riziko vzniku infekc\u00ed. Vitamin E je v tomto m\u00fcsli v takov\u00e9 koncentraci, \u017ee ji\u017e nen\u00ed nutn\u00e9 jeho dal\u0161\u00ed dopl\u0148ov\u00e1n\u00ed. \u017div\u00e9 kvasinky v krmivu pe\u010duj\u00ed o tr\u00e1v\u00edc\u00ed soustavu kon\u00ed, kter\u00e1 b\u00fdv\u00e1 \u010dasto p\u0159ekyselen\u00e1 a tak\u00e9 napom\u00e1haj\u00ed celkov\u00e9 regeneraci organismu.<\/p>\n<p><strong>Slo\u017een\u00ed:<\/strong><\/p>\n<p>vlo\u010dky je\u010dmene, ovesn\u00e9 otruby a endosperm, travn\u00ed granule, p\u0161eni\u010dn\u00e9 otruby a endosperm, melasa, kuku\u0159i\u010dn\u00e9 vlo\u010dky, nutri\u010dn\u011b bohat\u00e1 sl\u00e1ma, vlo\u010dky hrachu, slune\u010dnicov\u00e9 expelery, uhli\u010ditan v\u00e1penat\u00fd, s\u016fl, r\u00fd\u017eov\u00e9 otruby, vitamino &#8211; miner\u00e1ln\u00ed premix, difosfore\u010dnan v\u00e1penat\u00fd<\/p>\n<p><span style=\"color: #ff0000;\"><strong>NA OBJEN\u00c1VKU!<\/strong><\/span><\/p>\n","protected":false},"excerpt":{"rendered":"<p>M\u00fcsli pro sportovn\u00ed kon\u011b po sez\u00f3n\u011b, v boxov\u00e9m odpo\u010dinku, v procesu regenerace a obsedan\u00e9 mlad\u00e9 kon\u011b<\/p>\n","protected":false},"featured_media":1239,"comment_status":"open","ping_status":"closed","template":"","meta":[],"product_brand":[],"product_cat":[53,56,54],"product_tag":[],"class_list":{"0":"post-1237","1":"product","2":"type-product","3":"status-publish","4":"has-post-thumbnail","6":"product_cat-kone","7":"product_cat-musli","8":"product_cat-spillers","10":"first","11":"onbackorder","12":"taxable","13":"shipping-taxable","14":"purchasable","15":"product-type-simple"},"yoast_head":"<!-- This site is optimized with the Yoast SEO plugin v26.9 - https:\/\/yoast.com\/product\/yoast-seo-wordpress\/ -->\n<title>HDF Lay Off Mix 20kg - UniversalPet<\/title>\n<meta name=\"description\" content=\"M\u00fcsli pro sportovn\u00ed kon\u011b po sez\u00f3n\u011b, v boxov\u00e9m odpo\u010dinku, v procesu regenerace a obsedan\u00e9 mlad\u00e9 kon\u011b\" \/>\n<meta name=\"robots\" content=\"index, follow, max-snippet:-1, max-image-preview:large, max-video-preview:-1\" \/>\n<link rel=\"canonical\" href=\"https:\/\/universalpet.cz\/?product=hdf-lay-off-mix-20kg\" \/>\n<meta property=\"og:locale\" content=\"cs_CZ\" \/>\n<meta property=\"og:type\" content=\"article\" \/>\n<meta property=\"og:title\" content=\"HDF Lay Off Mix 20kg - UniversalPet\" \/>\n<meta property=\"og:description\" content=\"M\u00fcsli pro sportovn\u00ed kon\u011b po sez\u00f3n\u011b, v boxov\u00e9m odpo\u010dinku, v procesu regenerace a obsedan\u00e9 mlad\u00e9 kon\u011b\" \/>\n<meta property=\"og:url\" content=\"https:\/\/universalpet.cz\/?product=hdf-lay-off-mix-20kg\" \/>\n<meta property=\"og:site_name\" content=\"UniversalPet\" \/>\n<meta property=\"article:modified_time\" content=\"2021-01-03T18:19:33+00:00\" \/>\n<meta property=\"og:image\" content=\"https:\/\/universalpet.cz\/wp-content\/uploads\/2020\/01\/20kg-hdf-lay-off-mix-left.png\" \/>\n\t<meta property=\"og:image:width\" content=\"502\" \/>\n\t<meta property=\"og:image:height\" content=\"988\" \/>\n\t<meta property=\"og:image:type\" content=\"image\/png\" \/>\n<meta name=\"twitter:card\" content=\"summary_large_image\" \/>\n<meta name=\"twitter:label1\" content=\"Odhadovan\u00e1 doba \u010dten\u00ed\" \/>\n\t<meta name=\"twitter:data1\" content=\"1 minuta\" \/>\n<script type=\"application\/ld+json\" class=\"yoast-schema-graph\">{\"@context\":\"https:\/\/schema.org\",\"@graph\":[{\"@type\":\"WebPage\",\"@id\":\"https:\/\/universalpet.cz\/?product=hdf-lay-off-mix-20kg\",\"url\":\"https:\/\/universalpet.cz\/?product=hdf-lay-off-mix-20kg\",\"name\":\"HDF Lay Off Mix 20kg - UniversalPet\",\"isPartOf\":{\"@id\":\"https:\/\/universalpet.cz\/#website\"},\"primaryImageOfPage\":{\"@id\":\"https:\/\/universalpet.cz\/?product=hdf-lay-off-mix-20kg#primaryimage\"},\"image\":{\"@id\":\"https:\/\/universalpet.cz\/?product=hdf-lay-off-mix-20kg#primaryimage\"},\"thumbnailUrl\":\"https:\/\/universalpet.cz\/wp-content\/uploads\/2020\/01\/20kg-hdf-lay-off-mix-left.png\",\"datePublished\":\"2020-01-05T20:32:01+00:00\",\"dateModified\":\"2021-01-03T18:19:33+00:00\",\"description\":\"M\u00fcsli pro sportovn\u00ed kon\u011b po sez\u00f3n\u011b, v boxov\u00e9m odpo\u010dinku, v procesu regenerace a obsedan\u00e9 mlad\u00e9 kon\u011b\",\"breadcrumb\":{\"@id\":\"https:\/\/universalpet.cz\/?product=hdf-lay-off-mix-20kg#breadcrumb\"},\"inLanguage\":\"cs\",\"potentialAction\":[{\"@type\":\"ReadAction\",\"target\":[\"https:\/\/universalpet.cz\/?product=hdf-lay-off-mix-20kg\"]}]},{\"@type\":\"ImageObject\",\"inLanguage\":\"cs\",\"@id\":\"https:\/\/universalpet.cz\/?product=hdf-lay-off-mix-20kg#primaryimage\",\"url\":\"https:\/\/universalpet.cz\/wp-content\/uploads\/2020\/01\/20kg-hdf-lay-off-mix-left.png\",\"contentUrl\":\"https:\/\/universalpet.cz\/wp-content\/uploads\/2020\/01\/20kg-hdf-lay-off-mix-left.png\",\"width\":502,\"height\":988},{\"@type\":\"BreadcrumbList\",\"@id\":\"https:\/\/universalpet.cz\/?product=hdf-lay-off-mix-20kg#breadcrumb\",\"itemListElement\":[{\"@type\":\"ListItem\",\"position\":1,\"name\":\"Dom\u016f\",\"item\":\"https:\/\/universalpet.cz\/\"},{\"@type\":\"ListItem\",\"position\":2,\"name\":\"Obchod\",\"item\":\"https:\/\/universalpet.cz\/?page_id=6\"},{\"@type\":\"ListItem\",\"position\":3,\"name\":\"HDF Lay Off Mix 20kg\"}]},{\"@type\":\"WebSite\",\"@id\":\"https:\/\/universalpet.cz\/#website\",\"url\":\"https:\/\/universalpet.cz\/\",\"name\":\"UniversalPet\",\"description\":\"Kvalitn\u00ed krmiva pro Va\u0161e mazl\u00ed\u010dky\",\"potentialAction\":[{\"@type\":\"SearchAction\",\"target\":{\"@type\":\"EntryPoint\",\"urlTemplate\":\"https:\/\/universalpet.cz\/?s={search_term_string}\"},\"query-input\":{\"@type\":\"PropertyValueSpecification\",\"valueRequired\":true,\"valueName\":\"search_term_string\"}}],\"inLanguage\":\"cs\"}]}<\/script>\n<!-- \/ Yoast SEO plugin. -->","yoast_head_json":{"title":"HDF Lay Off Mix 20kg - UniversalPet","description":"M\u00fcsli pro sportovn\u00ed kon\u011b po sez\u00f3n\u011b, v boxov\u00e9m odpo\u010dinku, v procesu regenerace a obsedan\u00e9 mlad\u00e9 kon\u011b","robots":{"index":"index","follow":"follow","max-snippet":"max-snippet:-1","max-image-preview":"max-image-preview:large","max-video-preview":"max-video-preview:-1"},"canonical":"https:\/\/universalpet.cz\/?product=hdf-lay-off-mix-20kg","og_locale":"cs_CZ","og_type":"article","og_title":"HDF Lay Off Mix 20kg - UniversalPet","og_description":"M\u00fcsli pro sportovn\u00ed kon\u011b po sez\u00f3n\u011b, v boxov\u00e9m odpo\u010dinku, v procesu regenerace a obsedan\u00e9 mlad\u00e9 kon\u011b","og_url":"https:\/\/universalpet.cz\/?product=hdf-lay-off-mix-20kg","og_site_name":"UniversalPet","article_modified_time":"2021-01-03T18:19:33+00:00","og_image":[{"width":502,"height":988,"url":"https:\/\/universalpet.cz\/wp-content\/uploads\/2020\/01\/20kg-hdf-lay-off-mix-left.png","type":"image\/png"}],"twitter_card":"summary_large_image","twitter_misc":{"Odhadovan\u00e1 doba \u010dten\u00ed":"1 minuta"},"schema":{"@context":"https:\/\/schema.org","@graph":[{"@type":"WebPage","@id":"https:\/\/universalpet.cz\/?product=hdf-lay-off-mix-20kg","url":"https:\/\/universalpet.cz\/?product=hdf-lay-off-mix-20kg","name":"HDF Lay Off Mix 20kg - UniversalPet","isPartOf":{"@id":"https:\/\/universalpet.cz\/#website"},"primaryImageOfPage":{"@id":"https:\/\/universalpet.cz\/?product=hdf-lay-off-mix-20kg#primaryimage"},"image":{"@id":"https:\/\/universalpet.cz\/?product=hdf-lay-off-mix-20kg#primaryimage"},"thumbnailUrl":"https:\/\/universalpet.cz\/wp-content\/uploads\/2020\/01\/20kg-hdf-lay-off-mix-left.png","datePublished":"2020-01-05T20:32:01+00:00","dateModified":"2021-01-03T18:19:33+00:00","description":"M\u00fcsli pro sportovn\u00ed kon\u011b po sez\u00f3n\u011b, v boxov\u00e9m odpo\u010dinku, v procesu regenerace a obsedan\u00e9 mlad\u00e9 kon\u011b","breadcrumb":{"@id":"https:\/\/universalpet.cz\/?product=hdf-lay-off-mix-20kg#breadcrumb"},"inLanguage":"cs","potentialAction":[{"@type":"ReadAction","target":["https:\/\/universalpet.cz\/?product=hdf-lay-off-mix-20kg"]}]},{"@type":"ImageObject","inLanguage":"cs","@id":"https:\/\/universalpet.cz\/?product=hdf-lay-off-mix-20kg#primaryimage","url":"https:\/\/universalpet.cz\/wp-content\/uploads\/2020\/01\/20kg-hdf-lay-off-mix-left.png","contentUrl":"https:\/\/universalpet.cz\/wp-content\/uploads\/2020\/01\/20kg-hdf-lay-off-mix-left.png","width":502,"height":988},{"@type":"BreadcrumbList","@id":"https:\/\/universalpet.cz\/?product=hdf-lay-off-mix-20kg#breadcrumb","itemListElement":[{"@type":"ListItem","position":1,"name":"Dom\u016f","item":"https:\/\/universalpet.cz\/"},{"@type":"ListItem","position":2,"name":"Obchod","item":"https:\/\/universalpet.cz\/?page_id=6"},{"@type":"ListItem","position":3,"name":"HDF Lay Off Mix 20kg"}]},{"@type":"WebSite","@id":"https:\/\/universalpet.cz\/#website","url":"https:\/\/universalpet.cz\/","name":"UniversalPet","description":"Kvalitn\u00ed krmiva pro Va\u0161e mazl\u00ed\u010dky","potentialAction":[{"@type":"SearchAction","target":{"@type":"EntryPoint","urlTemplate":"https:\/\/universalpet.cz\/?s={search_term_string}"},"query-input":{"@type":"PropertyValueSpecification","valueRequired":true,"valueName":"search_term_string"}}],"inLanguage":"cs"}]}},"post_mailing_queue_ids":[],"_links":{"self":[{"href":"https:\/\/universalpet.cz\/index.php?rest_route=\/wp\/v2\/product\/1237","targetHints":{"allow":["GET"]}}],"collection":[{"href":"https:\/\/universalpet.cz\/index.php?rest_route=\/wp\/v2\/product"}],"about":[{"href":"https:\/\/universalpet.cz\/index.php?rest_route=\/wp\/v2\/types\/product"}],"replies":[{"embeddable":true,"href":"https:\/\/universalpet.cz\/index.php?rest_route=%2Fwp%2Fv2%2Fcomments&post=1237"}],"wp:featuredmedia":[{"embeddable":true,"href":"https:\/\/universalpet.cz\/index.php?rest_route=\/wp\/v2\/media\/1239"}],"wp:attachment":[{"href":"https:\/\/universalpet.cz\/index.php?rest_route=%2Fwp%2Fv2%2Fmedia&parent=1237"}],"wp:term":[{"taxonomy":"product_brand","embeddable":true,"href":"https:\/\/universalpet.cz\/index.php?rest_route=%2Fwp%2Fv2%2Fproduct_brand&post=1237"},{"taxonomy":"product_cat","embeddable":true,"href":"https:\/\/universalpet.cz\/index.php?rest_route=%2Fwp%2Fv2%2Fproduct_cat&post=1237"},{"taxonomy":"product_tag","embeddable":true,"href":"https:\/\/universalpet.cz\/index.php?rest_route=%2Fwp%2Fv2%2Fproduct_tag&post=1237"}],"curies":[{"name":"wp","href":"https:\/\/api.w.org\/{rel}","templated":true}]}}