{"id":1240,"date":"2020-01-05T22:37:00","date_gmt":"2020-01-05T20:37:00","guid":{"rendered":"http:\/\/194.213.36.175:8000\/?post_type=product&#038;p=1240"},"modified":"2024-07-07T05:30:29","modified_gmt":"2024-07-07T03:30:29","slug":"senior-super-mash-20kg","status":"publish","type":"product","link":"https:\/\/universalpet.cz\/?product=senior-super-mash-20kg","title":{"rendered":"Senior Super-Mash 20kg"},"content":{"rendered":"<ul>\n<li>Mash hotov\u00fd za pouh\u00e9 2 minuty. Sta\u010d\u00ed zal\u00edt teplou vodou v pom\u011bru 1:1<\/li>\n<li>Ide\u00e1ln\u00ed zimn\u00ed krmen\u00ed a pro kon\u011b se \u0161patn\u00fdmi zuby<\/li>\n<li>Vysok\u00fd pod\u00edl vl\u00e1kniny, \u017eiv\u00e9 kvasinky, FOS a MOS prebiotika pro maxim\u00e1ln\u00ed p\u00e9\u010di o tr\u00e1v\u00edc\u00ed \u00fastroj\u00ed<\/li>\n<li>Bez obilovin a bez melasy, n\u00edzk\u00fd pod\u00edl \u0161krob\u016f\u00a0a cukr\u016f = vhodn\u00fd i pro kon\u011b n\u00e1chyln\u00e9 k laminitid\u011b<\/li>\n<li>Zv\u00fd\u0161en\u00fd pod\u00edl vysoce kvalitn\u00edch b\u00edlkovin pro skv\u011blou kondici, n\u00e1r\u016fst a udr\u017een\u00ed svalov\u00e9 hmoty<\/li>\n<li>Neodolateln\u00e9 jable\u010dn\u00e9 aroma<\/li>\n<li>Kompletn\u00ed spektrum vitamin\u016f a miner\u00e1l\u016f, v\u010detn\u011b Vitamin\u016f E a C pro podporu imunity<\/li>\n<li>M\u016f\u017ee b\u00fdt krmen samostatn\u011b, v kombinaci s jin\u00fdmi krmivy nebo jako kompletn\u00ed n\u00e1hrada sena<\/li>\n<li>Certifik\u00e1t Redwings Horse Senctuary &#8222;Senior Friendly&#8220; &#8211; &#8222;Doporu\u010dov\u00e1no veterin\u00e1\u0159i pro ko\u0148sk\u00e9 seniory&#8220;<\/li>\n<\/ul>\n<p><strong>Slo\u017een\u00ed:<\/strong><\/p>\n<p>S\u00f3jov\u00e9 slupky, ovesn\u00e9 otruby a endosperm, cukrov\u00e1 \u0159epa zbaven\u00e1 melasy, p\u0161eni\u010dn\u00e9 otruby<br \/>\na endosperm, nutri\u010dn\u011b bohat\u00e1 sl\u00e1ma, r\u00fd\u017eov\u00e9 otruby, slune\u010dnicov\u00fd extrakt, uhli\u010ditan v\u00e1penat\u00fd, s\u016fl, \u0159epkov\u00fd olej, vitamino-miner\u00e1ln\u00ed premix, Vitamin E, FOS prebiotika, MOS prebiotika, \u017eiv\u00e9 kvasinky, Vitamin C<\/p>\n<p><iframe src=\"https:\/\/www.youtube.com\/embed\/VTd5gfxEgq8?playlist=&amp;version=3&amp;autoplay=0&amp;color=red&amp;theme=dark&amp;controls=0&amp;showinfo=0&amp;autohide=0&amp;rel=0&amp;wmode=transparent\" frameborder=\"0\" allowfullscreen=\"allowfullscreen\" data-mce-fragment=\"1\"><\/iframe><\/p>\n","protected":false},"excerpt":{"rendered":"<p>Mash pro skv\u011blou kondici a zdrav\u00ed tr\u00e1v\u00edc\u00edho \u00fastroj\u00ed<\/p>\n","protected":false},"featured_media":1241,"comment_status":"open","ping_status":"closed","template":"","meta":[],"product_brand":[],"product_cat":[53,56,54],"product_tag":[],"class_list":{"0":"post-1240","1":"product","2":"type-product","3":"status-publish","4":"has-post-thumbnail","6":"product_cat-kone","7":"product_cat-musli","8":"product_cat-spillers","10":"first","11":"onbackorder","12":"taxable","13":"shipping-taxable","14":"purchasable","15":"product-type-simple"},"yoast_head":"<!-- This site is optimized with the Yoast SEO plugin v26.9 - https:\/\/yoast.com\/product\/yoast-seo-wordpress\/ -->\n<title>Senior Super-Mash 20kg - UniversalPet<\/title>\n<meta name=\"description\" content=\"Mash pro skv\u011blou kondici a zdrav\u00ed tr\u00e1v\u00edc\u00edho \u00fastroj\u00ed\" \/>\n<meta name=\"robots\" content=\"index, follow, max-snippet:-1, max-image-preview:large, max-video-preview:-1\" \/>\n<link rel=\"canonical\" href=\"https:\/\/universalpet.cz\/?product=senior-super-mash-20kg\" \/>\n<meta property=\"og:locale\" content=\"cs_CZ\" \/>\n<meta property=\"og:type\" content=\"article\" \/>\n<meta property=\"og:title\" content=\"Senior Super-Mash 20kg - UniversalPet\" \/>\n<meta property=\"og:description\" content=\"Mash pro skv\u011blou kondici a zdrav\u00ed tr\u00e1v\u00edc\u00edho \u00fastroj\u00ed\" \/>\n<meta property=\"og:url\" content=\"https:\/\/universalpet.cz\/?product=senior-super-mash-20kg\" \/>\n<meta property=\"og:site_name\" content=\"UniversalPet\" \/>\n<meta property=\"article:modified_time\" content=\"2024-07-07T03:30:29+00:00\" \/>\n<meta property=\"og:image\" content=\"https:\/\/universalpet.cz\/wp-content\/uploads\/2020\/01\/102475-senior-super-mash-left.png\" \/>\n\t<meta property=\"og:image:width\" content=\"499\" \/>\n\t<meta property=\"og:image:height\" content=\"987\" \/>\n\t<meta property=\"og:image:type\" content=\"image\/png\" \/>\n<meta name=\"twitter:card\" content=\"summary_large_image\" \/>\n<meta name=\"twitter:label1\" content=\"Odhadovan\u00e1 doba \u010dten\u00ed\" \/>\n\t<meta name=\"twitter:data1\" content=\"1 minuta\" \/>\n<script type=\"application\/ld+json\" class=\"yoast-schema-graph\">{\"@context\":\"https:\/\/schema.org\",\"@graph\":[{\"@type\":\"WebPage\",\"@id\":\"https:\/\/universalpet.cz\/?product=senior-super-mash-20kg\",\"url\":\"https:\/\/universalpet.cz\/?product=senior-super-mash-20kg\",\"name\":\"Senior Super-Mash 20kg - UniversalPet\",\"isPartOf\":{\"@id\":\"https:\/\/universalpet.cz\/#website\"},\"primaryImageOfPage\":{\"@id\":\"https:\/\/universalpet.cz\/?product=senior-super-mash-20kg#primaryimage\"},\"image\":{\"@id\":\"https:\/\/universalpet.cz\/?product=senior-super-mash-20kg#primaryimage\"},\"thumbnailUrl\":\"https:\/\/universalpet.cz\/wp-content\/uploads\/2020\/01\/102475-senior-super-mash-left.png\",\"datePublished\":\"2020-01-05T20:37:00+00:00\",\"dateModified\":\"2024-07-07T03:30:29+00:00\",\"description\":\"Mash pro skv\u011blou kondici a zdrav\u00ed tr\u00e1v\u00edc\u00edho \u00fastroj\u00ed\",\"breadcrumb\":{\"@id\":\"https:\/\/universalpet.cz\/?product=senior-super-mash-20kg#breadcrumb\"},\"inLanguage\":\"cs\",\"potentialAction\":[{\"@type\":\"ReadAction\",\"target\":[\"https:\/\/universalpet.cz\/?product=senior-super-mash-20kg\"]}]},{\"@type\":\"ImageObject\",\"inLanguage\":\"cs\",\"@id\":\"https:\/\/universalpet.cz\/?product=senior-super-mash-20kg#primaryimage\",\"url\":\"https:\/\/universalpet.cz\/wp-content\/uploads\/2020\/01\/102475-senior-super-mash-left.png\",\"contentUrl\":\"https:\/\/universalpet.cz\/wp-content\/uploads\/2020\/01\/102475-senior-super-mash-left.png\",\"width\":499,\"height\":987},{\"@type\":\"BreadcrumbList\",\"@id\":\"https:\/\/universalpet.cz\/?product=senior-super-mash-20kg#breadcrumb\",\"itemListElement\":[{\"@type\":\"ListItem\",\"position\":1,\"name\":\"Dom\u016f\",\"item\":\"https:\/\/universalpet.cz\/\"},{\"@type\":\"ListItem\",\"position\":2,\"name\":\"Obchod\",\"item\":\"https:\/\/universalpet.cz\/?page_id=6\"},{\"@type\":\"ListItem\",\"position\":3,\"name\":\"Senior Super-Mash 20kg\"}]},{\"@type\":\"WebSite\",\"@id\":\"https:\/\/universalpet.cz\/#website\",\"url\":\"https:\/\/universalpet.cz\/\",\"name\":\"UniversalPet\",\"description\":\"Kvalitn\u00ed krmiva pro Va\u0161e mazl\u00ed\u010dky\",\"potentialAction\":[{\"@type\":\"SearchAction\",\"target\":{\"@type\":\"EntryPoint\",\"urlTemplate\":\"https:\/\/universalpet.cz\/?s={search_term_string}\"},\"query-input\":{\"@type\":\"PropertyValueSpecification\",\"valueRequired\":true,\"valueName\":\"search_term_string\"}}],\"inLanguage\":\"cs\"}]}<\/script>\n<!-- \/ Yoast SEO plugin. -->","yoast_head_json":{"title":"Senior Super-Mash 20kg - UniversalPet","description":"Mash pro skv\u011blou kondici a zdrav\u00ed tr\u00e1v\u00edc\u00edho \u00fastroj\u00ed","robots":{"index":"index","follow":"follow","max-snippet":"max-snippet:-1","max-image-preview":"max-image-preview:large","max-video-preview":"max-video-preview:-1"},"canonical":"https:\/\/universalpet.cz\/?product=senior-super-mash-20kg","og_locale":"cs_CZ","og_type":"article","og_title":"Senior Super-Mash 20kg - UniversalPet","og_description":"Mash pro skv\u011blou kondici a zdrav\u00ed tr\u00e1v\u00edc\u00edho \u00fastroj\u00ed","og_url":"https:\/\/universalpet.cz\/?product=senior-super-mash-20kg","og_site_name":"UniversalPet","article_modified_time":"2024-07-07T03:30:29+00:00","og_image":[{"width":499,"height":987,"url":"https:\/\/universalpet.cz\/wp-content\/uploads\/2020\/01\/102475-senior-super-mash-left.png","type":"image\/png"}],"twitter_card":"summary_large_image","twitter_misc":{"Odhadovan\u00e1 doba \u010dten\u00ed":"1 minuta"},"schema":{"@context":"https:\/\/schema.org","@graph":[{"@type":"WebPage","@id":"https:\/\/universalpet.cz\/?product=senior-super-mash-20kg","url":"https:\/\/universalpet.cz\/?product=senior-super-mash-20kg","name":"Senior Super-Mash 20kg - UniversalPet","isPartOf":{"@id":"https:\/\/universalpet.cz\/#website"},"primaryImageOfPage":{"@id":"https:\/\/universalpet.cz\/?product=senior-super-mash-20kg#primaryimage"},"image":{"@id":"https:\/\/universalpet.cz\/?product=senior-super-mash-20kg#primaryimage"},"thumbnailUrl":"https:\/\/universalpet.cz\/wp-content\/uploads\/2020\/01\/102475-senior-super-mash-left.png","datePublished":"2020-01-05T20:37:00+00:00","dateModified":"2024-07-07T03:30:29+00:00","description":"Mash pro skv\u011blou kondici a zdrav\u00ed tr\u00e1v\u00edc\u00edho \u00fastroj\u00ed","breadcrumb":{"@id":"https:\/\/universalpet.cz\/?product=senior-super-mash-20kg#breadcrumb"},"inLanguage":"cs","potentialAction":[{"@type":"ReadAction","target":["https:\/\/universalpet.cz\/?product=senior-super-mash-20kg"]}]},{"@type":"ImageObject","inLanguage":"cs","@id":"https:\/\/universalpet.cz\/?product=senior-super-mash-20kg#primaryimage","url":"https:\/\/universalpet.cz\/wp-content\/uploads\/2020\/01\/102475-senior-super-mash-left.png","contentUrl":"https:\/\/universalpet.cz\/wp-content\/uploads\/2020\/01\/102475-senior-super-mash-left.png","width":499,"height":987},{"@type":"BreadcrumbList","@id":"https:\/\/universalpet.cz\/?product=senior-super-mash-20kg#breadcrumb","itemListElement":[{"@type":"ListItem","position":1,"name":"Dom\u016f","item":"https:\/\/universalpet.cz\/"},{"@type":"ListItem","position":2,"name":"Obchod","item":"https:\/\/universalpet.cz\/?page_id=6"},{"@type":"ListItem","position":3,"name":"Senior Super-Mash 20kg"}]},{"@type":"WebSite","@id":"https:\/\/universalpet.cz\/#website","url":"https:\/\/universalpet.cz\/","name":"UniversalPet","description":"Kvalitn\u00ed krmiva pro Va\u0161e mazl\u00ed\u010dky","potentialAction":[{"@type":"SearchAction","target":{"@type":"EntryPoint","urlTemplate":"https:\/\/universalpet.cz\/?s={search_term_string}"},"query-input":{"@type":"PropertyValueSpecification","valueRequired":true,"valueName":"search_term_string"}}],"inLanguage":"cs"}]}},"post_mailing_queue_ids":[],"_links":{"self":[{"href":"https:\/\/universalpet.cz\/index.php?rest_route=\/wp\/v2\/product\/1240","targetHints":{"allow":["GET"]}}],"collection":[{"href":"https:\/\/universalpet.cz\/index.php?rest_route=\/wp\/v2\/product"}],"about":[{"href":"https:\/\/universalpet.cz\/index.php?rest_route=\/wp\/v2\/types\/product"}],"replies":[{"embeddable":true,"href":"https:\/\/universalpet.cz\/index.php?rest_route=%2Fwp%2Fv2%2Fcomments&post=1240"}],"wp:featuredmedia":[{"embeddable":true,"href":"https:\/\/universalpet.cz\/index.php?rest_route=\/wp\/v2\/media\/1241"}],"wp:attachment":[{"href":"https:\/\/universalpet.cz\/index.php?rest_route=%2Fwp%2Fv2%2Fmedia&parent=1240"}],"wp:term":[{"taxonomy":"product_brand","embeddable":true,"href":"https:\/\/universalpet.cz\/index.php?rest_route=%2Fwp%2Fv2%2Fproduct_brand&post=1240"},{"taxonomy":"product_cat","embeddable":true,"href":"https:\/\/universalpet.cz\/index.php?rest_route=%2Fwp%2Fv2%2Fproduct_cat&post=1240"},{"taxonomy":"product_tag","embeddable":true,"href":"https:\/\/universalpet.cz\/index.php?rest_route=%2Fwp%2Fv2%2Fproduct_tag&post=1240"}],"curies":[{"name":"wp","href":"https:\/\/api.w.org\/{rel}","templated":true}]}}