{"id":1242,"date":"2020-01-05T22:41:45","date_gmt":"2020-01-05T20:41:45","guid":{"rendered":"http:\/\/194.213.36.175:8000\/?post_type=product&#038;p=1242"},"modified":"2021-01-03T20:17:56","modified_gmt":"2021-01-03T18:17:56","slug":"speedy-mash-20kg","status":"publish","type":"product","link":"https:\/\/universalpet.cz\/?product=speedy-mash-20kg","title":{"rendered":"Speedy-Mash 20kg"},"content":{"rendered":"<ul>\n<li>Mash s vysok\u00fdm obsahem vl\u00e1kniny pro v\u0161echny kon\u011b a pon\u00edky v\u010detn\u011b t\u011bch n\u00e1chyln\u00fdch k laminitid\u011b (schv\u00e1cen\u00ed kopyt)<\/li>\n<li>Bez obilovin, bez melasy, n\u00edzk\u00fd obsah \u0161krob\u016f a cukr\u016f<\/li>\n<li>Vhodn\u00fd pro kon\u011b v bez pr\u00e1ce a v lehk\u00e9 z\u00e1t\u011b\u017ei<\/li>\n<li>S FOS prebiotiky a probiotick\u00fdmi \u017eiv\u00fdmi kvasinkami pro optim\u00e1ln\u00ed tr\u00e1ven\u00ed<\/li>\n<li>Kvalitn\u00ed b\u00edlkoviny pro spr\u00e1vn\u00fd svalov\u00fd tonus<\/li>\n<li>Cel\u00e1 \u0159ada vitamin\u016f a miner\u00e1l\u016f v\u010detn\u011b zinku a m\u011bdi v chel\u00e1tov\u00e9 form\u011b, pro maxim\u00e1ln\u00ed vst\u0159eb\u00e1v\u00e1n\u00ed<\/li>\n<li>Ide\u00e1ln\u00ed zimn\u00ed krmen\u00ed a kon\u011b se \u0161patn\u00fdmi zuby &#8211; m\u016f\u017ee slou\u017eit tak\u00e9 jako kompletn\u00ed n\u00e1hrada objemn\u00e9 p\u00edce<\/li>\n<\/ul>\n<p><span style=\"color: #ff0000;\"><strong>NA OBJEN\u00c1VKU!<\/strong><\/span><\/p>\n<p>Doporu\u010dujeme zal\u00e9vat teplou vodou v pom\u011bru 1:1-1,5<\/p>\n<p><strong>Slo\u017een\u00ed:<\/strong><\/p>\n<p>Nutri\u010dn\u011b bohat\u00e1 sl\u00e1ma, ovesn\u00e9 otruby a endosperm, cukrov\u00e1 \u0159epa zbaven\u00e1 melasy, slune\u010dnicov\u00fd extrakt, p\u0161eni\u010dn\u00e9 otruby a endosperm, \u0159epkov\u00fd olej, uhli\u010ditan v\u00e1penaty, vitamino &#8211; miner\u00e1ln\u00ed premix, s\u016fl, FOS prebiotika, lyzin, \u017eiv\u00e9 kvasinky<\/p>\n<p><strong>Doporu\u010den\u00e9 d\u00e1vkov\u00e1n\u00ed:\u00a0<\/strong><\/p>\n<ul>\n<li>P\u0159i n\u00e1hrad\u011b objemn\u00e9 p\u00edce &#8211; jako jednin\u00e9 krmivo: 1,7-2,3% z celkov\u00e9 hmotnosti kon\u011b\/den<\/li>\n<li>P\u0159i krmen\u00ed s objemnou p\u00edc\u00ed:<\/li>\n<\/ul>\n<p>k\u016f\u0148 500kg, lehk\u00e1 z\u00e1t\u011b\u017e = 2,5kg Speedy mash denn\u011b + ad lib sena<\/p>\n<p>&nbsp;<\/p>\n<p><img decoding=\"async\" title=\"\" src=\"https:\/\/www.britskakrmiva.cz\/resize\/af\/400\/322\/files\/speedy-tab-vs-super.jpg\" alt=\"s\" \/><\/p>\n","protected":false},"excerpt":{"rendered":"<p>Ka\u0161e hotov\u00e1 za 60s! Pro v\u0161echny kon\u011b a pon\u00edky<\/p>\n","protected":false},"featured_media":1243,"comment_status":"open","ping_status":"closed","template":"","meta":[],"product_brand":[],"product_cat":[53,56,54],"product_tag":[],"class_list":{"0":"post-1242","1":"product","2":"type-product","3":"status-publish","4":"has-post-thumbnail","6":"product_cat-kone","7":"product_cat-musli","8":"product_cat-spillers","10":"first","11":"onbackorder","12":"taxable","13":"shipping-taxable","14":"purchasable","15":"product-type-simple"},"yoast_head":"<!-- This site is optimized with the Yoast SEO plugin v26.9 - https:\/\/yoast.com\/product\/yoast-seo-wordpress\/ -->\n<title>Speedy-Mash 20kg - UniversalPet<\/title>\n<meta name=\"description\" content=\"Ka\u0161e hotov\u00e1 za 60s! Pro v\u0161echny kon\u011b a pon\u00edky\" \/>\n<meta name=\"robots\" content=\"index, follow, max-snippet:-1, max-image-preview:large, max-video-preview:-1\" \/>\n<link rel=\"canonical\" href=\"https:\/\/universalpet.cz\/?product=speedy-mash-20kg\" \/>\n<meta property=\"og:locale\" content=\"cs_CZ\" \/>\n<meta property=\"og:type\" content=\"article\" \/>\n<meta property=\"og:title\" content=\"Speedy-Mash 20kg - UniversalPet\" \/>\n<meta property=\"og:description\" content=\"Ka\u0161e hotov\u00e1 za 60s! Pro v\u0161echny kon\u011b a pon\u00edky\" \/>\n<meta property=\"og:url\" content=\"https:\/\/universalpet.cz\/?product=speedy-mash-20kg\" \/>\n<meta property=\"og:site_name\" content=\"UniversalPet\" \/>\n<meta property=\"article:modified_time\" content=\"2021-01-03T18:17:56+00:00\" \/>\n<meta property=\"og:image\" content=\"https:\/\/universalpet.cz\/wp-content\/uploads\/2020\/01\/98265-speedy-mash-produst-bag-left.png\" \/>\n\t<meta property=\"og:image:width\" content=\"613\" \/>\n\t<meta property=\"og:image:height\" content=\"1200\" \/>\n\t<meta property=\"og:image:type\" content=\"image\/png\" \/>\n<meta name=\"twitter:card\" content=\"summary_large_image\" \/>\n<meta name=\"twitter:label1\" content=\"Odhadovan\u00e1 doba \u010dten\u00ed\" \/>\n\t<meta name=\"twitter:data1\" content=\"1 minuta\" \/>\n<script type=\"application\/ld+json\" class=\"yoast-schema-graph\">{\"@context\":\"https:\/\/schema.org\",\"@graph\":[{\"@type\":\"WebPage\",\"@id\":\"https:\/\/universalpet.cz\/?product=speedy-mash-20kg\",\"url\":\"https:\/\/universalpet.cz\/?product=speedy-mash-20kg\",\"name\":\"Speedy-Mash 20kg - UniversalPet\",\"isPartOf\":{\"@id\":\"https:\/\/universalpet.cz\/#website\"},\"primaryImageOfPage\":{\"@id\":\"https:\/\/universalpet.cz\/?product=speedy-mash-20kg#primaryimage\"},\"image\":{\"@id\":\"https:\/\/universalpet.cz\/?product=speedy-mash-20kg#primaryimage\"},\"thumbnailUrl\":\"https:\/\/universalpet.cz\/wp-content\/uploads\/2020\/01\/98265-speedy-mash-produst-bag-left.png\",\"datePublished\":\"2020-01-05T20:41:45+00:00\",\"dateModified\":\"2021-01-03T18:17:56+00:00\",\"description\":\"Ka\u0161e hotov\u00e1 za 60s! Pro v\u0161echny kon\u011b a pon\u00edky\",\"breadcrumb\":{\"@id\":\"https:\/\/universalpet.cz\/?product=speedy-mash-20kg#breadcrumb\"},\"inLanguage\":\"cs\",\"potentialAction\":[{\"@type\":\"ReadAction\",\"target\":[\"https:\/\/universalpet.cz\/?product=speedy-mash-20kg\"]}]},{\"@type\":\"ImageObject\",\"inLanguage\":\"cs\",\"@id\":\"https:\/\/universalpet.cz\/?product=speedy-mash-20kg#primaryimage\",\"url\":\"https:\/\/universalpet.cz\/wp-content\/uploads\/2020\/01\/98265-speedy-mash-produst-bag-left.png\",\"contentUrl\":\"https:\/\/universalpet.cz\/wp-content\/uploads\/2020\/01\/98265-speedy-mash-produst-bag-left.png\",\"width\":613,\"height\":1200},{\"@type\":\"BreadcrumbList\",\"@id\":\"https:\/\/universalpet.cz\/?product=speedy-mash-20kg#breadcrumb\",\"itemListElement\":[{\"@type\":\"ListItem\",\"position\":1,\"name\":\"Dom\u016f\",\"item\":\"https:\/\/universalpet.cz\/\"},{\"@type\":\"ListItem\",\"position\":2,\"name\":\"Obchod\",\"item\":\"https:\/\/universalpet.cz\/?page_id=6\"},{\"@type\":\"ListItem\",\"position\":3,\"name\":\"Speedy-Mash 20kg\"}]},{\"@type\":\"WebSite\",\"@id\":\"https:\/\/universalpet.cz\/#website\",\"url\":\"https:\/\/universalpet.cz\/\",\"name\":\"UniversalPet\",\"description\":\"Kvalitn\u00ed krmiva pro Va\u0161e mazl\u00ed\u010dky\",\"potentialAction\":[{\"@type\":\"SearchAction\",\"target\":{\"@type\":\"EntryPoint\",\"urlTemplate\":\"https:\/\/universalpet.cz\/?s={search_term_string}\"},\"query-input\":{\"@type\":\"PropertyValueSpecification\",\"valueRequired\":true,\"valueName\":\"search_term_string\"}}],\"inLanguage\":\"cs\"}]}<\/script>\n<!-- \/ Yoast SEO plugin. -->","yoast_head_json":{"title":"Speedy-Mash 20kg - UniversalPet","description":"Ka\u0161e hotov\u00e1 za 60s! Pro v\u0161echny kon\u011b a pon\u00edky","robots":{"index":"index","follow":"follow","max-snippet":"max-snippet:-1","max-image-preview":"max-image-preview:large","max-video-preview":"max-video-preview:-1"},"canonical":"https:\/\/universalpet.cz\/?product=speedy-mash-20kg","og_locale":"cs_CZ","og_type":"article","og_title":"Speedy-Mash 20kg - UniversalPet","og_description":"Ka\u0161e hotov\u00e1 za 60s! Pro v\u0161echny kon\u011b a pon\u00edky","og_url":"https:\/\/universalpet.cz\/?product=speedy-mash-20kg","og_site_name":"UniversalPet","article_modified_time":"2021-01-03T18:17:56+00:00","og_image":[{"width":613,"height":1200,"url":"https:\/\/universalpet.cz\/wp-content\/uploads\/2020\/01\/98265-speedy-mash-produst-bag-left.png","type":"image\/png"}],"twitter_card":"summary_large_image","twitter_misc":{"Odhadovan\u00e1 doba \u010dten\u00ed":"1 minuta"},"schema":{"@context":"https:\/\/schema.org","@graph":[{"@type":"WebPage","@id":"https:\/\/universalpet.cz\/?product=speedy-mash-20kg","url":"https:\/\/universalpet.cz\/?product=speedy-mash-20kg","name":"Speedy-Mash 20kg - UniversalPet","isPartOf":{"@id":"https:\/\/universalpet.cz\/#website"},"primaryImageOfPage":{"@id":"https:\/\/universalpet.cz\/?product=speedy-mash-20kg#primaryimage"},"image":{"@id":"https:\/\/universalpet.cz\/?product=speedy-mash-20kg#primaryimage"},"thumbnailUrl":"https:\/\/universalpet.cz\/wp-content\/uploads\/2020\/01\/98265-speedy-mash-produst-bag-left.png","datePublished":"2020-01-05T20:41:45+00:00","dateModified":"2021-01-03T18:17:56+00:00","description":"Ka\u0161e hotov\u00e1 za 60s! Pro v\u0161echny kon\u011b a pon\u00edky","breadcrumb":{"@id":"https:\/\/universalpet.cz\/?product=speedy-mash-20kg#breadcrumb"},"inLanguage":"cs","potentialAction":[{"@type":"ReadAction","target":["https:\/\/universalpet.cz\/?product=speedy-mash-20kg"]}]},{"@type":"ImageObject","inLanguage":"cs","@id":"https:\/\/universalpet.cz\/?product=speedy-mash-20kg#primaryimage","url":"https:\/\/universalpet.cz\/wp-content\/uploads\/2020\/01\/98265-speedy-mash-produst-bag-left.png","contentUrl":"https:\/\/universalpet.cz\/wp-content\/uploads\/2020\/01\/98265-speedy-mash-produst-bag-left.png","width":613,"height":1200},{"@type":"BreadcrumbList","@id":"https:\/\/universalpet.cz\/?product=speedy-mash-20kg#breadcrumb","itemListElement":[{"@type":"ListItem","position":1,"name":"Dom\u016f","item":"https:\/\/universalpet.cz\/"},{"@type":"ListItem","position":2,"name":"Obchod","item":"https:\/\/universalpet.cz\/?page_id=6"},{"@type":"ListItem","position":3,"name":"Speedy-Mash 20kg"}]},{"@type":"WebSite","@id":"https:\/\/universalpet.cz\/#website","url":"https:\/\/universalpet.cz\/","name":"UniversalPet","description":"Kvalitn\u00ed krmiva pro Va\u0161e mazl\u00ed\u010dky","potentialAction":[{"@type":"SearchAction","target":{"@type":"EntryPoint","urlTemplate":"https:\/\/universalpet.cz\/?s={search_term_string}"},"query-input":{"@type":"PropertyValueSpecification","valueRequired":true,"valueName":"search_term_string"}}],"inLanguage":"cs"}]}},"post_mailing_queue_ids":[],"_links":{"self":[{"href":"https:\/\/universalpet.cz\/index.php?rest_route=\/wp\/v2\/product\/1242","targetHints":{"allow":["GET"]}}],"collection":[{"href":"https:\/\/universalpet.cz\/index.php?rest_route=\/wp\/v2\/product"}],"about":[{"href":"https:\/\/universalpet.cz\/index.php?rest_route=\/wp\/v2\/types\/product"}],"replies":[{"embeddable":true,"href":"https:\/\/universalpet.cz\/index.php?rest_route=%2Fwp%2Fv2%2Fcomments&post=1242"}],"wp:featuredmedia":[{"embeddable":true,"href":"https:\/\/universalpet.cz\/index.php?rest_route=\/wp\/v2\/media\/1243"}],"wp:attachment":[{"href":"https:\/\/universalpet.cz\/index.php?rest_route=%2Fwp%2Fv2%2Fmedia&parent=1242"}],"wp:term":[{"taxonomy":"product_brand","embeddable":true,"href":"https:\/\/universalpet.cz\/index.php?rest_route=%2Fwp%2Fv2%2Fproduct_brand&post=1242"},{"taxonomy":"product_cat","embeddable":true,"href":"https:\/\/universalpet.cz\/index.php?rest_route=%2Fwp%2Fv2%2Fproduct_cat&post=1242"},{"taxonomy":"product_tag","embeddable":true,"href":"https:\/\/universalpet.cz\/index.php?rest_route=%2Fwp%2Fv2%2Fproduct_tag&post=1242"}],"curies":[{"name":"wp","href":"https:\/\/api.w.org\/{rel}","templated":true}]}}