{"id":1244,"date":"2020-01-05T22:44:44","date_gmt":"2020-01-05T20:44:44","guid":{"rendered":"http:\/\/194.213.36.175:8000\/?post_type=product&#038;p=1244"},"modified":"2023-03-25T04:26:45","modified_gmt":"2023-03-25T02:26:45","slug":"cool-mix-20kg","status":"publish","type":"product","link":"https:\/\/universalpet.cz\/?product=cool-mix-20kg","title":{"rendered":"Cool Mix 20kg"},"content":{"rendered":"<ul>\n<li>M\u00dcSLI PRO REKREA\u010cN\u00cd A SPORTOVN\u00cd KON\u011a V HOBBY Z\u00c1T\u011a\u017dI A KON\u011a A PONY V JEZDECK\u00c9M KLUBU<\/li>\n<li>EXTRA P\u0158\u00cdDAVEK HO\u0158\u010c\u00cdKU<\/li>\n<li>BEZ \u201eHORK\u00c9&#8220; ENERGIE<\/li>\n<li>UNIK\u00c1TN\u00cd SLO\u017dEN\u00cd VITAMIN\u016e, MINER\u00c1L\u016e A ANTIOXIDANT\u016e<\/li>\n<\/ul>\n<p>Nejlep\u0161\u00ed m\u00fcsli bez \u201ehork\u00e9 energie&#8220;. D\u00edky pln\u011b vyv\u00e1\u017een\u00e9mu slo\u017een\u00ed, otev\u0159en\u00e9 struktu\u0159e surovin a jejich minim\u00e1ln\u00edmu zpracov\u00e1n\u00ed si Cool mix\u2122 z\u00edskal skv\u011blou reputaci na britsk\u00e9m trhu. Obsahuje zdrav\u00ed prosp\u011b\u0161n\u00e9 cere\u00e1lie, mimo jin\u00e9 napa\u0159ovan\u00e9 vlo\u010dky je\u010dmene, kter\u00e9 zaji\u0161\u0165uj\u00ed vysokou stravitelnost. P\u0159idan\u00fd ho\u0159\u010d\u00edk, kter\u00fd je zn\u00e1m\u00fd pro sv\u00e9 tlum\u00edc\u00ed \u00fa\u010dinky zaji\u0161\u0165uje men\u0161\u00ed vzru\u0161ivost kon\u00ed a jejich lep\u0161\u00ed psychickou pohodu. S\u00f3jov\u00fd olej a vedlej\u0161\u00ed produkty s\u00f3ji se postaraj\u00ed o brilantn\u00ed lesk srsti a unik\u00e1tn\u00ed formule vitamin\u016f a miner\u00e1l\u016f Novamin-S zajist\u00ed dlouhodob\u00e9 zdrav\u00ed a vitalitu va\u0161eho kon\u011b<\/p>\n<p><strong>Slo\u017een\u00ed:<\/strong><\/p>\n<p>ovesn\u00e9 otruby a endosperm, p\u0161eni\u010dn\u00e9 otruby a endosperm, napa\u0159ovan\u00e9 vlo\u010dky je\u010dmene, melasa, vlo\u010dky hr\u00e1\u0161ku, kuku\u0159i\u010dn\u00e9 vlo\u010dky, slune\u010dnicov\u00e9 expelery, r\u00fd\u017eov\u00e9 otruby, uhli\u010ditan v\u00e1penat\u00fd, \u0159epkov\u00fd olej, s\u016fl, kalcinovan\u00fd magnezit, je\u010dmen, vitamino-miner\u00e1ln\u00ed premix<\/p>\n<p><iframe src=\"https:\/\/www.youtube.com\/embed\/mE-AfSo8cPo?playlist=&amp;version=3&amp;autoplay=0&amp;color=red&amp;theme=dark&amp;controls=1&amp;showinfo=1&amp;autohide=0&amp;rel=0&amp;wmode=transparent\" frameborder=\"0\" allowfullscreen=\"allowfullscreen\" data-mce-fragment=\"1\"><\/iframe><\/p>\n","protected":false},"excerpt":{"rendered":"<p>M\u00fcsli pro rekrea\u010dn\u00ed a sportovn\u00ed kon\u011b v hobby z\u00e1t\u011b\u017ei a kon\u011b a pony v jezdeck\u00e9m klubu<\/p>\n","protected":false},"featured_media":1245,"comment_status":"open","ping_status":"closed","template":"","meta":[],"product_brand":[],"product_cat":[53,56,54],"product_tag":[],"class_list":{"0":"post-1244","1":"product","2":"type-product","3":"status-publish","4":"has-post-thumbnail","6":"product_cat-kone","7":"product_cat-musli","8":"product_cat-spillers","10":"first","11":"instock","12":"taxable","13":"shipping-taxable","14":"purchasable","15":"product-type-simple"},"yoast_head":"<!-- This site is optimized with the Yoast SEO plugin v26.9 - https:\/\/yoast.com\/product\/yoast-seo-wordpress\/ -->\n<title>Cool Mix 20kg - UniversalPet<\/title>\n<meta name=\"description\" content=\"M\u00fcsli pro rekrea\u010dn\u00ed a sportovn\u00ed kon\u011b v hobby z\u00e1t\u011b\u017ei a kon\u011b a pony v jezdeck\u00e9m klubu\" \/>\n<meta name=\"robots\" content=\"index, follow, max-snippet:-1, max-image-preview:large, max-video-preview:-1\" \/>\n<link rel=\"canonical\" href=\"https:\/\/universalpet.cz\/?product=cool-mix-20kg\" \/>\n<meta property=\"og:locale\" content=\"cs_CZ\" \/>\n<meta property=\"og:type\" content=\"article\" \/>\n<meta property=\"og:title\" content=\"Cool Mix 20kg - UniversalPet\" \/>\n<meta property=\"og:description\" content=\"M\u00fcsli pro rekrea\u010dn\u00ed a sportovn\u00ed kon\u011b v hobby z\u00e1t\u011b\u017ei a kon\u011b a pony v jezdeck\u00e9m klubu\" \/>\n<meta property=\"og:url\" content=\"https:\/\/universalpet.cz\/?product=cool-mix-20kg\" \/>\n<meta property=\"og:site_name\" content=\"UniversalPet\" \/>\n<meta property=\"article:modified_time\" content=\"2023-03-25T02:26:45+00:00\" \/>\n<meta property=\"og:image\" content=\"https:\/\/universalpet.cz\/wp-content\/uploads\/2020\/01\/20kg-h-p-essentials-cool-mix-left.png\" \/>\n\t<meta property=\"og:image:width\" content=\"502\" \/>\n\t<meta property=\"og:image:height\" content=\"988\" \/>\n\t<meta property=\"og:image:type\" content=\"image\/png\" \/>\n<meta name=\"twitter:card\" content=\"summary_large_image\" \/>\n<meta name=\"twitter:label1\" content=\"Odhadovan\u00e1 doba \u010dten\u00ed\" \/>\n\t<meta name=\"twitter:data1\" content=\"1 minuta\" \/>\n<script type=\"application\/ld+json\" class=\"yoast-schema-graph\">{\"@context\":\"https:\/\/schema.org\",\"@graph\":[{\"@type\":\"WebPage\",\"@id\":\"https:\/\/universalpet.cz\/?product=cool-mix-20kg\",\"url\":\"https:\/\/universalpet.cz\/?product=cool-mix-20kg\",\"name\":\"Cool Mix 20kg - UniversalPet\",\"isPartOf\":{\"@id\":\"https:\/\/universalpet.cz\/#website\"},\"primaryImageOfPage\":{\"@id\":\"https:\/\/universalpet.cz\/?product=cool-mix-20kg#primaryimage\"},\"image\":{\"@id\":\"https:\/\/universalpet.cz\/?product=cool-mix-20kg#primaryimage\"},\"thumbnailUrl\":\"https:\/\/universalpet.cz\/wp-content\/uploads\/2020\/01\/20kg-h-p-essentials-cool-mix-left.png\",\"datePublished\":\"2020-01-05T20:44:44+00:00\",\"dateModified\":\"2023-03-25T02:26:45+00:00\",\"description\":\"M\u00fcsli pro rekrea\u010dn\u00ed a sportovn\u00ed kon\u011b v hobby z\u00e1t\u011b\u017ei a kon\u011b a pony v jezdeck\u00e9m klubu\",\"breadcrumb\":{\"@id\":\"https:\/\/universalpet.cz\/?product=cool-mix-20kg#breadcrumb\"},\"inLanguage\":\"cs\",\"potentialAction\":[{\"@type\":\"ReadAction\",\"target\":[\"https:\/\/universalpet.cz\/?product=cool-mix-20kg\"]}]},{\"@type\":\"ImageObject\",\"inLanguage\":\"cs\",\"@id\":\"https:\/\/universalpet.cz\/?product=cool-mix-20kg#primaryimage\",\"url\":\"https:\/\/universalpet.cz\/wp-content\/uploads\/2020\/01\/20kg-h-p-essentials-cool-mix-left.png\",\"contentUrl\":\"https:\/\/universalpet.cz\/wp-content\/uploads\/2020\/01\/20kg-h-p-essentials-cool-mix-left.png\",\"width\":502,\"height\":988},{\"@type\":\"BreadcrumbList\",\"@id\":\"https:\/\/universalpet.cz\/?product=cool-mix-20kg#breadcrumb\",\"itemListElement\":[{\"@type\":\"ListItem\",\"position\":1,\"name\":\"Dom\u016f\",\"item\":\"https:\/\/universalpet.cz\/\"},{\"@type\":\"ListItem\",\"position\":2,\"name\":\"Obchod\",\"item\":\"https:\/\/universalpet.cz\/?page_id=6\"},{\"@type\":\"ListItem\",\"position\":3,\"name\":\"Cool Mix 20kg\"}]},{\"@type\":\"WebSite\",\"@id\":\"https:\/\/universalpet.cz\/#website\",\"url\":\"https:\/\/universalpet.cz\/\",\"name\":\"UniversalPet\",\"description\":\"Kvalitn\u00ed krmiva pro Va\u0161e mazl\u00ed\u010dky\",\"potentialAction\":[{\"@type\":\"SearchAction\",\"target\":{\"@type\":\"EntryPoint\",\"urlTemplate\":\"https:\/\/universalpet.cz\/?s={search_term_string}\"},\"query-input\":{\"@type\":\"PropertyValueSpecification\",\"valueRequired\":true,\"valueName\":\"search_term_string\"}}],\"inLanguage\":\"cs\"}]}<\/script>\n<!-- \/ Yoast SEO plugin. -->","yoast_head_json":{"title":"Cool Mix 20kg - UniversalPet","description":"M\u00fcsli pro rekrea\u010dn\u00ed a sportovn\u00ed kon\u011b v hobby z\u00e1t\u011b\u017ei a kon\u011b a pony v jezdeck\u00e9m klubu","robots":{"index":"index","follow":"follow","max-snippet":"max-snippet:-1","max-image-preview":"max-image-preview:large","max-video-preview":"max-video-preview:-1"},"canonical":"https:\/\/universalpet.cz\/?product=cool-mix-20kg","og_locale":"cs_CZ","og_type":"article","og_title":"Cool Mix 20kg - UniversalPet","og_description":"M\u00fcsli pro rekrea\u010dn\u00ed a sportovn\u00ed kon\u011b v hobby z\u00e1t\u011b\u017ei a kon\u011b a pony v jezdeck\u00e9m klubu","og_url":"https:\/\/universalpet.cz\/?product=cool-mix-20kg","og_site_name":"UniversalPet","article_modified_time":"2023-03-25T02:26:45+00:00","og_image":[{"width":502,"height":988,"url":"https:\/\/universalpet.cz\/wp-content\/uploads\/2020\/01\/20kg-h-p-essentials-cool-mix-left.png","type":"image\/png"}],"twitter_card":"summary_large_image","twitter_misc":{"Odhadovan\u00e1 doba \u010dten\u00ed":"1 minuta"},"schema":{"@context":"https:\/\/schema.org","@graph":[{"@type":"WebPage","@id":"https:\/\/universalpet.cz\/?product=cool-mix-20kg","url":"https:\/\/universalpet.cz\/?product=cool-mix-20kg","name":"Cool Mix 20kg - UniversalPet","isPartOf":{"@id":"https:\/\/universalpet.cz\/#website"},"primaryImageOfPage":{"@id":"https:\/\/universalpet.cz\/?product=cool-mix-20kg#primaryimage"},"image":{"@id":"https:\/\/universalpet.cz\/?product=cool-mix-20kg#primaryimage"},"thumbnailUrl":"https:\/\/universalpet.cz\/wp-content\/uploads\/2020\/01\/20kg-h-p-essentials-cool-mix-left.png","datePublished":"2020-01-05T20:44:44+00:00","dateModified":"2023-03-25T02:26:45+00:00","description":"M\u00fcsli pro rekrea\u010dn\u00ed a sportovn\u00ed kon\u011b v hobby z\u00e1t\u011b\u017ei a kon\u011b a pony v jezdeck\u00e9m klubu","breadcrumb":{"@id":"https:\/\/universalpet.cz\/?product=cool-mix-20kg#breadcrumb"},"inLanguage":"cs","potentialAction":[{"@type":"ReadAction","target":["https:\/\/universalpet.cz\/?product=cool-mix-20kg"]}]},{"@type":"ImageObject","inLanguage":"cs","@id":"https:\/\/universalpet.cz\/?product=cool-mix-20kg#primaryimage","url":"https:\/\/universalpet.cz\/wp-content\/uploads\/2020\/01\/20kg-h-p-essentials-cool-mix-left.png","contentUrl":"https:\/\/universalpet.cz\/wp-content\/uploads\/2020\/01\/20kg-h-p-essentials-cool-mix-left.png","width":502,"height":988},{"@type":"BreadcrumbList","@id":"https:\/\/universalpet.cz\/?product=cool-mix-20kg#breadcrumb","itemListElement":[{"@type":"ListItem","position":1,"name":"Dom\u016f","item":"https:\/\/universalpet.cz\/"},{"@type":"ListItem","position":2,"name":"Obchod","item":"https:\/\/universalpet.cz\/?page_id=6"},{"@type":"ListItem","position":3,"name":"Cool Mix 20kg"}]},{"@type":"WebSite","@id":"https:\/\/universalpet.cz\/#website","url":"https:\/\/universalpet.cz\/","name":"UniversalPet","description":"Kvalitn\u00ed krmiva pro Va\u0161e mazl\u00ed\u010dky","potentialAction":[{"@type":"SearchAction","target":{"@type":"EntryPoint","urlTemplate":"https:\/\/universalpet.cz\/?s={search_term_string}"},"query-input":{"@type":"PropertyValueSpecification","valueRequired":true,"valueName":"search_term_string"}}],"inLanguage":"cs"}]}},"post_mailing_queue_ids":[],"_links":{"self":[{"href":"https:\/\/universalpet.cz\/index.php?rest_route=\/wp\/v2\/product\/1244","targetHints":{"allow":["GET"]}}],"collection":[{"href":"https:\/\/universalpet.cz\/index.php?rest_route=\/wp\/v2\/product"}],"about":[{"href":"https:\/\/universalpet.cz\/index.php?rest_route=\/wp\/v2\/types\/product"}],"replies":[{"embeddable":true,"href":"https:\/\/universalpet.cz\/index.php?rest_route=%2Fwp%2Fv2%2Fcomments&post=1244"}],"wp:featuredmedia":[{"embeddable":true,"href":"https:\/\/universalpet.cz\/index.php?rest_route=\/wp\/v2\/media\/1245"}],"wp:attachment":[{"href":"https:\/\/universalpet.cz\/index.php?rest_route=%2Fwp%2Fv2%2Fmedia&parent=1244"}],"wp:term":[{"taxonomy":"product_brand","embeddable":true,"href":"https:\/\/universalpet.cz\/index.php?rest_route=%2Fwp%2Fv2%2Fproduct_brand&post=1244"},{"taxonomy":"product_cat","embeddable":true,"href":"https:\/\/universalpet.cz\/index.php?rest_route=%2Fwp%2Fv2%2Fproduct_cat&post=1244"},{"taxonomy":"product_tag","embeddable":true,"href":"https:\/\/universalpet.cz\/index.php?rest_route=%2Fwp%2Fv2%2Fproduct_tag&post=1244"}],"curies":[{"name":"wp","href":"https:\/\/api.w.org\/{rel}","templated":true}]}}