{"id":1246,"date":"2020-01-05T22:47:14","date_gmt":"2020-01-05T20:47:14","guid":{"rendered":"http:\/\/194.213.36.175:8000\/?post_type=product&#038;p=1246"},"modified":"2022-11-07T17:52:56","modified_gmt":"2022-11-07T15:52:56","slug":"horse-and-pony-cubes-20kg","status":"publish","type":"product","link":"https:\/\/universalpet.cz\/?product=horse-and-pony-cubes-20kg","title":{"rendered":"Horse and Pony Cubes 20kg"},"content":{"rendered":"<ul>\n<li>GRANULE PRO REKREA\u010cN\u00cd A SPORTOVN\u00cd KON\u011a V HOBBY Z\u00c1T\u011a\u017dI A KON\u011a A PONY V JEZDECK\u00c9M KLUBU<\/li>\n<li>EXTRA P\u0158\u00cdDAVEK HO\u0158\u010c\u00cdKU<\/li>\n<li>ZV\u00dd\u0160EN\u00dd OBSAH VITAMINU E<\/li>\n<li>BEZ \u201eHORK\u00c9&#8220; ENERGIE<\/li>\n<li>VYV\u00c1\u017dEN\u00dd OBSAH VITAMIN\u016e A MINER\u00c1L\u016e<\/li>\n<\/ul>\n<p>P\u016fvodn\u00ed a nejobl\u00edben\u011bj\u0161\u00ed granule bez \u201ehork\u00e9 energie&#8220; na britsk\u00e9m trhu vhodn\u00e9 pro v\u0161echny kon\u011b a pon\u00edky. D\u00edky vysok\u00e9mu obsahu vl\u00e1kniny a kontrolovan\u00e9mu mno\u017estv\u00ed \u0161krob\u016f jsou mimo\u0159\u00e1dn\u011b \u0161etrn\u00e9 k tr\u00e1v\u00edc\u00edmu \u00fastroj\u00ed kon\u00ed. Tato kombinace spole\u010dn\u011b s p\u0159idan\u00fdm ho\u0159\u010d\u00edkem, kter\u00fd je zn\u00e1m\u00fd pro sv\u00e9 tlum\u00edc\u00ed \u00fa\u010dinky, zaji\u0161\u0165uje men\u0161\u00ed vzru\u0161ivost kon\u00ed a jejich lep\u0161\u00ed psychickou pohodu. Zv\u00fd\u0161en\u00fd obsah vitaminu E podporuje spr\u00e1vnou funkci imunitn\u00edho syst\u00e9mu a p\u0159idan\u00fd rostlinn\u00fd olej se postar\u00e1 o postupn\u011b se uvol\u0148uj\u00edc\u00ed energii a brilantn\u00ed lesk srsti. Kompletn\u011b vyv\u00e1\u017een\u00e9 spektrum v\u0161ech pot\u0159ebn\u00fdch vitamin\u016f a miner\u00e1l\u016f pokryje jejich ka\u017edodenn\u00ed pot\u0159ebu.<\/p>\n<p><strong>Slo\u017een\u00ed:<\/strong><\/p>\n<p>p\u0161eni\u010dn\u00e9 otruby a endosperm, ovesn\u00e9 otruby a endosperm, nutri\u010dn\u011b bohat\u00e1 sl\u00e1ma, melasa, r\u00fd\u017eov\u00e9 otruby, uhli\u010ditan v\u00e1penat\u00fd, slune\u010dnicov\u00e9 expelery, s\u016fl, vitamino &#8211; miner\u00e1ln\u00ed premix, kalcinovan\u00fd magnezit, rostlinn\u00fd olej vitalitu va\u0161eho kon\u011b<\/p>\n<p><span style=\"color: #ff0000;\"><strong>NA OBJEN\u00c1VKU!<\/strong><\/span><\/p>\n","protected":false},"excerpt":{"rendered":"<p>Granule pro rekrea\u010dn\u00ed a sportovn\u00ed kon\u011b v hobby z\u00e1t\u011b\u017ei a kon\u011b a pony v jezdeck\u00e9m klubu<\/p>\n","protected":false},"featured_media":1247,"comment_status":"open","ping_status":"closed","template":"","meta":[],"product_brand":[],"product_cat":[53,56,54],"product_tag":[],"class_list":{"0":"post-1246","1":"product","2":"type-product","3":"status-publish","4":"has-post-thumbnail","6":"product_cat-kone","7":"product_cat-musli","8":"product_cat-spillers","10":"first","11":"onbackorder","12":"taxable","13":"shipping-taxable","14":"purchasable","15":"product-type-simple"},"yoast_head":"<!-- This site is optimized with the Yoast SEO plugin v26.9 - https:\/\/yoast.com\/product\/yoast-seo-wordpress\/ -->\n<title>Horse and Pony Cubes 20kg - UniversalPet<\/title>\n<meta name=\"description\" content=\"Granule pro rekrea\u010dn\u00ed a sportovn\u00ed kon\u011b v hobby z\u00e1t\u011b\u017ei a kon\u011b a pony v jezdeck\u00e9m klubu\" \/>\n<meta name=\"robots\" content=\"index, follow, max-snippet:-1, max-image-preview:large, max-video-preview:-1\" \/>\n<link rel=\"canonical\" href=\"https:\/\/universalpet.cz\/?product=horse-and-pony-cubes-20kg\" \/>\n<meta property=\"og:locale\" content=\"cs_CZ\" \/>\n<meta property=\"og:type\" content=\"article\" \/>\n<meta property=\"og:title\" content=\"Horse and Pony Cubes 20kg - UniversalPet\" \/>\n<meta property=\"og:description\" content=\"Granule pro rekrea\u010dn\u00ed a sportovn\u00ed kon\u011b v hobby z\u00e1t\u011b\u017ei a kon\u011b a pony v jezdeck\u00e9m klubu\" \/>\n<meta property=\"og:url\" content=\"https:\/\/universalpet.cz\/?product=horse-and-pony-cubes-20kg\" \/>\n<meta property=\"og:site_name\" content=\"UniversalPet\" \/>\n<meta property=\"article:modified_time\" content=\"2022-11-07T15:52:56+00:00\" \/>\n<meta property=\"og:image\" content=\"https:\/\/universalpet.cz\/wp-content\/uploads\/2020\/01\/20kg-essentials-h-p-cubes-left.png\" \/>\n\t<meta property=\"og:image:width\" content=\"502\" \/>\n\t<meta property=\"og:image:height\" content=\"988\" \/>\n\t<meta property=\"og:image:type\" content=\"image\/png\" \/>\n<meta name=\"twitter:card\" content=\"summary_large_image\" \/>\n<meta name=\"twitter:label1\" content=\"Odhadovan\u00e1 doba \u010dten\u00ed\" \/>\n\t<meta name=\"twitter:data1\" content=\"1 minuta\" \/>\n<script type=\"application\/ld+json\" class=\"yoast-schema-graph\">{\"@context\":\"https:\/\/schema.org\",\"@graph\":[{\"@type\":\"WebPage\",\"@id\":\"https:\/\/universalpet.cz\/?product=horse-and-pony-cubes-20kg\",\"url\":\"https:\/\/universalpet.cz\/?product=horse-and-pony-cubes-20kg\",\"name\":\"Horse and Pony Cubes 20kg - UniversalPet\",\"isPartOf\":{\"@id\":\"https:\/\/universalpet.cz\/#website\"},\"primaryImageOfPage\":{\"@id\":\"https:\/\/universalpet.cz\/?product=horse-and-pony-cubes-20kg#primaryimage\"},\"image\":{\"@id\":\"https:\/\/universalpet.cz\/?product=horse-and-pony-cubes-20kg#primaryimage\"},\"thumbnailUrl\":\"https:\/\/universalpet.cz\/wp-content\/uploads\/2020\/01\/20kg-essentials-h-p-cubes-left.png\",\"datePublished\":\"2020-01-05T20:47:14+00:00\",\"dateModified\":\"2022-11-07T15:52:56+00:00\",\"description\":\"Granule pro rekrea\u010dn\u00ed a sportovn\u00ed kon\u011b v hobby z\u00e1t\u011b\u017ei a kon\u011b a pony v jezdeck\u00e9m klubu\",\"breadcrumb\":{\"@id\":\"https:\/\/universalpet.cz\/?product=horse-and-pony-cubes-20kg#breadcrumb\"},\"inLanguage\":\"cs\",\"potentialAction\":[{\"@type\":\"ReadAction\",\"target\":[\"https:\/\/universalpet.cz\/?product=horse-and-pony-cubes-20kg\"]}]},{\"@type\":\"ImageObject\",\"inLanguage\":\"cs\",\"@id\":\"https:\/\/universalpet.cz\/?product=horse-and-pony-cubes-20kg#primaryimage\",\"url\":\"https:\/\/universalpet.cz\/wp-content\/uploads\/2020\/01\/20kg-essentials-h-p-cubes-left.png\",\"contentUrl\":\"https:\/\/universalpet.cz\/wp-content\/uploads\/2020\/01\/20kg-essentials-h-p-cubes-left.png\",\"width\":502,\"height\":988},{\"@type\":\"BreadcrumbList\",\"@id\":\"https:\/\/universalpet.cz\/?product=horse-and-pony-cubes-20kg#breadcrumb\",\"itemListElement\":[{\"@type\":\"ListItem\",\"position\":1,\"name\":\"Dom\u016f\",\"item\":\"https:\/\/universalpet.cz\/\"},{\"@type\":\"ListItem\",\"position\":2,\"name\":\"Obchod\",\"item\":\"https:\/\/universalpet.cz\/?page_id=6\"},{\"@type\":\"ListItem\",\"position\":3,\"name\":\"Horse and Pony Cubes 20kg\"}]},{\"@type\":\"WebSite\",\"@id\":\"https:\/\/universalpet.cz\/#website\",\"url\":\"https:\/\/universalpet.cz\/\",\"name\":\"UniversalPet\",\"description\":\"Kvalitn\u00ed krmiva pro Va\u0161e mazl\u00ed\u010dky\",\"potentialAction\":[{\"@type\":\"SearchAction\",\"target\":{\"@type\":\"EntryPoint\",\"urlTemplate\":\"https:\/\/universalpet.cz\/?s={search_term_string}\"},\"query-input\":{\"@type\":\"PropertyValueSpecification\",\"valueRequired\":true,\"valueName\":\"search_term_string\"}}],\"inLanguage\":\"cs\"}]}<\/script>\n<!-- \/ Yoast SEO plugin. -->","yoast_head_json":{"title":"Horse and Pony Cubes 20kg - UniversalPet","description":"Granule pro rekrea\u010dn\u00ed a sportovn\u00ed kon\u011b v hobby z\u00e1t\u011b\u017ei a kon\u011b a pony v jezdeck\u00e9m klubu","robots":{"index":"index","follow":"follow","max-snippet":"max-snippet:-1","max-image-preview":"max-image-preview:large","max-video-preview":"max-video-preview:-1"},"canonical":"https:\/\/universalpet.cz\/?product=horse-and-pony-cubes-20kg","og_locale":"cs_CZ","og_type":"article","og_title":"Horse and Pony Cubes 20kg - UniversalPet","og_description":"Granule pro rekrea\u010dn\u00ed a sportovn\u00ed kon\u011b v hobby z\u00e1t\u011b\u017ei a kon\u011b a pony v jezdeck\u00e9m klubu","og_url":"https:\/\/universalpet.cz\/?product=horse-and-pony-cubes-20kg","og_site_name":"UniversalPet","article_modified_time":"2022-11-07T15:52:56+00:00","og_image":[{"width":502,"height":988,"url":"https:\/\/universalpet.cz\/wp-content\/uploads\/2020\/01\/20kg-essentials-h-p-cubes-left.png","type":"image\/png"}],"twitter_card":"summary_large_image","twitter_misc":{"Odhadovan\u00e1 doba \u010dten\u00ed":"1 minuta"},"schema":{"@context":"https:\/\/schema.org","@graph":[{"@type":"WebPage","@id":"https:\/\/universalpet.cz\/?product=horse-and-pony-cubes-20kg","url":"https:\/\/universalpet.cz\/?product=horse-and-pony-cubes-20kg","name":"Horse and Pony Cubes 20kg - UniversalPet","isPartOf":{"@id":"https:\/\/universalpet.cz\/#website"},"primaryImageOfPage":{"@id":"https:\/\/universalpet.cz\/?product=horse-and-pony-cubes-20kg#primaryimage"},"image":{"@id":"https:\/\/universalpet.cz\/?product=horse-and-pony-cubes-20kg#primaryimage"},"thumbnailUrl":"https:\/\/universalpet.cz\/wp-content\/uploads\/2020\/01\/20kg-essentials-h-p-cubes-left.png","datePublished":"2020-01-05T20:47:14+00:00","dateModified":"2022-11-07T15:52:56+00:00","description":"Granule pro rekrea\u010dn\u00ed a sportovn\u00ed kon\u011b v hobby z\u00e1t\u011b\u017ei a kon\u011b a pony v jezdeck\u00e9m klubu","breadcrumb":{"@id":"https:\/\/universalpet.cz\/?product=horse-and-pony-cubes-20kg#breadcrumb"},"inLanguage":"cs","potentialAction":[{"@type":"ReadAction","target":["https:\/\/universalpet.cz\/?product=horse-and-pony-cubes-20kg"]}]},{"@type":"ImageObject","inLanguage":"cs","@id":"https:\/\/universalpet.cz\/?product=horse-and-pony-cubes-20kg#primaryimage","url":"https:\/\/universalpet.cz\/wp-content\/uploads\/2020\/01\/20kg-essentials-h-p-cubes-left.png","contentUrl":"https:\/\/universalpet.cz\/wp-content\/uploads\/2020\/01\/20kg-essentials-h-p-cubes-left.png","width":502,"height":988},{"@type":"BreadcrumbList","@id":"https:\/\/universalpet.cz\/?product=horse-and-pony-cubes-20kg#breadcrumb","itemListElement":[{"@type":"ListItem","position":1,"name":"Dom\u016f","item":"https:\/\/universalpet.cz\/"},{"@type":"ListItem","position":2,"name":"Obchod","item":"https:\/\/universalpet.cz\/?page_id=6"},{"@type":"ListItem","position":3,"name":"Horse and Pony Cubes 20kg"}]},{"@type":"WebSite","@id":"https:\/\/universalpet.cz\/#website","url":"https:\/\/universalpet.cz\/","name":"UniversalPet","description":"Kvalitn\u00ed krmiva pro Va\u0161e mazl\u00ed\u010dky","potentialAction":[{"@type":"SearchAction","target":{"@type":"EntryPoint","urlTemplate":"https:\/\/universalpet.cz\/?s={search_term_string}"},"query-input":{"@type":"PropertyValueSpecification","valueRequired":true,"valueName":"search_term_string"}}],"inLanguage":"cs"}]}},"post_mailing_queue_ids":[],"_links":{"self":[{"href":"https:\/\/universalpet.cz\/index.php?rest_route=\/wp\/v2\/product\/1246","targetHints":{"allow":["GET"]}}],"collection":[{"href":"https:\/\/universalpet.cz\/index.php?rest_route=\/wp\/v2\/product"}],"about":[{"href":"https:\/\/universalpet.cz\/index.php?rest_route=\/wp\/v2\/types\/product"}],"replies":[{"embeddable":true,"href":"https:\/\/universalpet.cz\/index.php?rest_route=%2Fwp%2Fv2%2Fcomments&post=1246"}],"wp:featuredmedia":[{"embeddable":true,"href":"https:\/\/universalpet.cz\/index.php?rest_route=\/wp\/v2\/media\/1247"}],"wp:attachment":[{"href":"https:\/\/universalpet.cz\/index.php?rest_route=%2Fwp%2Fv2%2Fmedia&parent=1246"}],"wp:term":[{"taxonomy":"product_brand","embeddable":true,"href":"https:\/\/universalpet.cz\/index.php?rest_route=%2Fwp%2Fv2%2Fproduct_brand&post=1246"},{"taxonomy":"product_cat","embeddable":true,"href":"https:\/\/universalpet.cz\/index.php?rest_route=%2Fwp%2Fv2%2Fproduct_cat&post=1246"},{"taxonomy":"product_tag","embeddable":true,"href":"https:\/\/universalpet.cz\/index.php?rest_route=%2Fwp%2Fv2%2Fproduct_tag&post=1246"}],"curies":[{"name":"wp","href":"https:\/\/api.w.org\/{rel}","templated":true}]}}