{"id":1250,"date":"2020-01-05T22:52:15","date_gmt":"2020-01-05T20:52:15","guid":{"rendered":"http:\/\/194.213.36.175:8000\/?post_type=product&#038;p=1250"},"modified":"2020-01-14T20:05:17","modified_gmt":"2020-01-14T18:05:17","slug":"daily-fibre-20kg","status":"publish","type":"product","link":"https:\/\/universalpet.cz\/?product=daily-fibre-20kg","title":{"rendered":"Daily Fibre 20kg"},"content":{"rendered":"<ul>\n<li>NEJP\u0158IROZEN\u011aJ\u0160\u00cd \u0158EZANKA PRO KON\u011a V LEHK\u00c9 Z\u00c1T\u011a\u017dI<\/li>\n<li>VYSOK\u00dd OBSAH VL\u00c1KNINY<\/li>\n<li>OBSAH VOJT\u011a\u0160KY<\/li>\n<li>P\u0158\u00cdRODN\u00cd &#8211; P\u0158IROZEN\u00c1 ROZMANITOST<\/li>\n<li>N\u00cdZK\u00dd OBSAH \u0160KROB\u016e PROTI NADM\u011aRN\u00c9 VZRU\u0160IVOSTI<\/li>\n<li>KOMPLETN\u00cd SPEKTRUM VITAMIN\u016e A MINER\u00c1L\u016e<\/li>\n<\/ul>\n<p>Daily fibre je unik\u00e1tn\u00ed chutn\u00e1 sm\u011bs lehce straviteln\u00e9 vl\u00e1kniny pro maxim\u00e1ln\u00ed zdrav\u00ed ka\u017ed\u00e9ho kon\u011b. Obsahuje sekanou vojt\u011b\u0161ku &#8211; lucernu, kter\u00e1 je bohat\u00e1 na vysoce kvalitn\u00ed b\u00edlkoviny a organick\u00e9 miner\u00e1ly. P\u0159idan\u00e9 pelety s nutri\u010dn\u011b bohat\u00e9 sl\u00e1my a travn\u00ed pelety zaji\u0161\u0165uj\u00ed maxim\u00e1ln\u011b p\u0159\u00edrodn\u00ed rozmanitost a strukturu krmiva. N\u00edzk\u00fd obsah \u0161krob\u016f a cukr\u016f podporuje spr\u00e1vn\u00e9 fungov\u00e1n\u00ed a zdrav\u00ed tr\u00e1v\u00edc\u00edho \u00fastroj\u00ed a sni\u017euje riziko nadm\u011brn vzru\u0161ivosti kon\u00ed. Sekan\u00e1 forma prodlu\u017euje dobu \u017ev\u00fdk\u00e1n\u00ed a t\u00edm i dobu samotn\u00e9ho tr\u00e1ven\u00ed. Obsahuje kompletn\u00ed spektrum vitamin\u016f a miner\u00e1l\u016f, kter\u00e9 jsou pot\u0159ebn\u00e9 pro kon\u011b v lehk\u00e9 z\u00e1t\u011b\u017ei a nen\u00ed t\u0159eba je ji\u017e dopl\u0148ovat. Ide\u00e1ln\u00ed jako nejp\u0159irozen\u011bj\u0161\u00ed forma krmen\u00ed pro v\u0161echno kon\u011b a pon\u00edky v lehk\u00e9 z\u00e1t\u011b\u017ei neb jako dopln\u011bk k tradi\u010dn\u00edm krmiv\u016fm.<\/p>\n<p><strong>Slo\u017een\u00ed:<\/strong><\/p>\n<p>nutri\u010dn\u011b bohat\u00e1 sl\u00e1ma, sekan\u00e1 sl\u00e1ma, ovesn\u00e9 slupky a endosperm, su\u0161en\u00e1 vojt\u011b\u0161ka, melasa, p\u0161eni\u010dn\u00e9 slupky a endosperm, slune\u010dnicov\u00fd extrakt, travn\u00ed pelety, uhli\u010ditan v\u00e1penaty, r\u00fd\u017eov\u00e9 otruby, kalcinovan\u00fd magnezit, s\u016fl, \u010desnek, lyzin<\/p>\n","protected":false},"excerpt":{"rendered":"<p>Nejp\u0159irozen\u011bj\u0161\u00ed forma krmen\u00ed pro kon\u011b v lehk\u00e9 z\u00e1t\u011b\u017ei<\/p>\n","protected":false},"featured_media":1251,"comment_status":"open","ping_status":"closed","template":"","meta":[],"product_brand":[],"product_cat":[53,56,54],"product_tag":[],"class_list":{"0":"post-1250","1":"product","2":"type-product","3":"status-publish","4":"has-post-thumbnail","6":"product_cat-kone","7":"product_cat-musli","8":"product_cat-spillers","10":"first","11":"onbackorder","12":"taxable","13":"shipping-taxable","14":"purchasable","15":"product-type-simple"},"yoast_head":"<!-- This site is optimized with the Yoast SEO plugin v26.9 - https:\/\/yoast.com\/product\/yoast-seo-wordpress\/ -->\n<title>Daily Fibre 20kg - UniversalPet<\/title>\n<meta name=\"description\" content=\"Nejp\u0159irozen\u011bj\u0161\u00ed forma krmen\u00ed pro kon\u011b v lehk\u00e9 z\u00e1t\u011b\u017ei\" \/>\n<meta name=\"robots\" content=\"index, follow, max-snippet:-1, max-image-preview:large, max-video-preview:-1\" \/>\n<link rel=\"canonical\" href=\"https:\/\/universalpet.cz\/?product=daily-fibre-20kg\" \/>\n<meta property=\"og:locale\" content=\"cs_CZ\" \/>\n<meta property=\"og:type\" content=\"article\" \/>\n<meta property=\"og:title\" content=\"Daily Fibre 20kg - UniversalPet\" \/>\n<meta property=\"og:description\" content=\"Nejp\u0159irozen\u011bj\u0161\u00ed forma krmen\u00ed pro kon\u011b v lehk\u00e9 z\u00e1t\u011b\u017ei\" \/>\n<meta property=\"og:url\" content=\"https:\/\/universalpet.cz\/?product=daily-fibre-20kg\" \/>\n<meta property=\"og:site_name\" content=\"UniversalPet\" \/>\n<meta property=\"article:modified_time\" content=\"2020-01-14T18:05:17+00:00\" \/>\n<meta property=\"og:image\" content=\"https:\/\/universalpet.cz\/wp-content\/uploads\/2020\/01\/20kg-daily-fibre-left.png\" \/>\n\t<meta property=\"og:image:width\" content=\"400\" \/>\n\t<meta property=\"og:image:height\" content=\"663\" \/>\n\t<meta property=\"og:image:type\" content=\"image\/png\" \/>\n<meta name=\"twitter:card\" content=\"summary_large_image\" \/>\n<meta name=\"twitter:label1\" content=\"Odhadovan\u00e1 doba \u010dten\u00ed\" \/>\n\t<meta name=\"twitter:data1\" content=\"1 minuta\" \/>\n<script type=\"application\/ld+json\" class=\"yoast-schema-graph\">{\"@context\":\"https:\/\/schema.org\",\"@graph\":[{\"@type\":\"WebPage\",\"@id\":\"https:\/\/universalpet.cz\/?product=daily-fibre-20kg\",\"url\":\"https:\/\/universalpet.cz\/?product=daily-fibre-20kg\",\"name\":\"Daily Fibre 20kg - UniversalPet\",\"isPartOf\":{\"@id\":\"https:\/\/universalpet.cz\/#website\"},\"primaryImageOfPage\":{\"@id\":\"https:\/\/universalpet.cz\/?product=daily-fibre-20kg#primaryimage\"},\"image\":{\"@id\":\"https:\/\/universalpet.cz\/?product=daily-fibre-20kg#primaryimage\"},\"thumbnailUrl\":\"https:\/\/universalpet.cz\/wp-content\/uploads\/2020\/01\/20kg-daily-fibre-left.png\",\"datePublished\":\"2020-01-05T20:52:15+00:00\",\"dateModified\":\"2020-01-14T18:05:17+00:00\",\"description\":\"Nejp\u0159irozen\u011bj\u0161\u00ed forma krmen\u00ed pro kon\u011b v lehk\u00e9 z\u00e1t\u011b\u017ei\",\"breadcrumb\":{\"@id\":\"https:\/\/universalpet.cz\/?product=daily-fibre-20kg#breadcrumb\"},\"inLanguage\":\"cs\",\"potentialAction\":[{\"@type\":\"ReadAction\",\"target\":[\"https:\/\/universalpet.cz\/?product=daily-fibre-20kg\"]}]},{\"@type\":\"ImageObject\",\"inLanguage\":\"cs\",\"@id\":\"https:\/\/universalpet.cz\/?product=daily-fibre-20kg#primaryimage\",\"url\":\"https:\/\/universalpet.cz\/wp-content\/uploads\/2020\/01\/20kg-daily-fibre-left.png\",\"contentUrl\":\"https:\/\/universalpet.cz\/wp-content\/uploads\/2020\/01\/20kg-daily-fibre-left.png\",\"width\":400,\"height\":663},{\"@type\":\"BreadcrumbList\",\"@id\":\"https:\/\/universalpet.cz\/?product=daily-fibre-20kg#breadcrumb\",\"itemListElement\":[{\"@type\":\"ListItem\",\"position\":1,\"name\":\"Dom\u016f\",\"item\":\"https:\/\/universalpet.cz\/\"},{\"@type\":\"ListItem\",\"position\":2,\"name\":\"Obchod\",\"item\":\"https:\/\/universalpet.cz\/?page_id=6\"},{\"@type\":\"ListItem\",\"position\":3,\"name\":\"Daily Fibre 20kg\"}]},{\"@type\":\"WebSite\",\"@id\":\"https:\/\/universalpet.cz\/#website\",\"url\":\"https:\/\/universalpet.cz\/\",\"name\":\"UniversalPet\",\"description\":\"Kvalitn\u00ed krmiva pro Va\u0161e mazl\u00ed\u010dky\",\"potentialAction\":[{\"@type\":\"SearchAction\",\"target\":{\"@type\":\"EntryPoint\",\"urlTemplate\":\"https:\/\/universalpet.cz\/?s={search_term_string}\"},\"query-input\":{\"@type\":\"PropertyValueSpecification\",\"valueRequired\":true,\"valueName\":\"search_term_string\"}}],\"inLanguage\":\"cs\"}]}<\/script>\n<!-- \/ Yoast SEO plugin. -->","yoast_head_json":{"title":"Daily Fibre 20kg - UniversalPet","description":"Nejp\u0159irozen\u011bj\u0161\u00ed forma krmen\u00ed pro kon\u011b v lehk\u00e9 z\u00e1t\u011b\u017ei","robots":{"index":"index","follow":"follow","max-snippet":"max-snippet:-1","max-image-preview":"max-image-preview:large","max-video-preview":"max-video-preview:-1"},"canonical":"https:\/\/universalpet.cz\/?product=daily-fibre-20kg","og_locale":"cs_CZ","og_type":"article","og_title":"Daily Fibre 20kg - UniversalPet","og_description":"Nejp\u0159irozen\u011bj\u0161\u00ed forma krmen\u00ed pro kon\u011b v lehk\u00e9 z\u00e1t\u011b\u017ei","og_url":"https:\/\/universalpet.cz\/?product=daily-fibre-20kg","og_site_name":"UniversalPet","article_modified_time":"2020-01-14T18:05:17+00:00","og_image":[{"width":400,"height":663,"url":"https:\/\/universalpet.cz\/wp-content\/uploads\/2020\/01\/20kg-daily-fibre-left.png","type":"image\/png"}],"twitter_card":"summary_large_image","twitter_misc":{"Odhadovan\u00e1 doba \u010dten\u00ed":"1 minuta"},"schema":{"@context":"https:\/\/schema.org","@graph":[{"@type":"WebPage","@id":"https:\/\/universalpet.cz\/?product=daily-fibre-20kg","url":"https:\/\/universalpet.cz\/?product=daily-fibre-20kg","name":"Daily Fibre 20kg - UniversalPet","isPartOf":{"@id":"https:\/\/universalpet.cz\/#website"},"primaryImageOfPage":{"@id":"https:\/\/universalpet.cz\/?product=daily-fibre-20kg#primaryimage"},"image":{"@id":"https:\/\/universalpet.cz\/?product=daily-fibre-20kg#primaryimage"},"thumbnailUrl":"https:\/\/universalpet.cz\/wp-content\/uploads\/2020\/01\/20kg-daily-fibre-left.png","datePublished":"2020-01-05T20:52:15+00:00","dateModified":"2020-01-14T18:05:17+00:00","description":"Nejp\u0159irozen\u011bj\u0161\u00ed forma krmen\u00ed pro kon\u011b v lehk\u00e9 z\u00e1t\u011b\u017ei","breadcrumb":{"@id":"https:\/\/universalpet.cz\/?product=daily-fibre-20kg#breadcrumb"},"inLanguage":"cs","potentialAction":[{"@type":"ReadAction","target":["https:\/\/universalpet.cz\/?product=daily-fibre-20kg"]}]},{"@type":"ImageObject","inLanguage":"cs","@id":"https:\/\/universalpet.cz\/?product=daily-fibre-20kg#primaryimage","url":"https:\/\/universalpet.cz\/wp-content\/uploads\/2020\/01\/20kg-daily-fibre-left.png","contentUrl":"https:\/\/universalpet.cz\/wp-content\/uploads\/2020\/01\/20kg-daily-fibre-left.png","width":400,"height":663},{"@type":"BreadcrumbList","@id":"https:\/\/universalpet.cz\/?product=daily-fibre-20kg#breadcrumb","itemListElement":[{"@type":"ListItem","position":1,"name":"Dom\u016f","item":"https:\/\/universalpet.cz\/"},{"@type":"ListItem","position":2,"name":"Obchod","item":"https:\/\/universalpet.cz\/?page_id=6"},{"@type":"ListItem","position":3,"name":"Daily Fibre 20kg"}]},{"@type":"WebSite","@id":"https:\/\/universalpet.cz\/#website","url":"https:\/\/universalpet.cz\/","name":"UniversalPet","description":"Kvalitn\u00ed krmiva pro Va\u0161e mazl\u00ed\u010dky","potentialAction":[{"@type":"SearchAction","target":{"@type":"EntryPoint","urlTemplate":"https:\/\/universalpet.cz\/?s={search_term_string}"},"query-input":{"@type":"PropertyValueSpecification","valueRequired":true,"valueName":"search_term_string"}}],"inLanguage":"cs"}]}},"post_mailing_queue_ids":[],"_links":{"self":[{"href":"https:\/\/universalpet.cz\/index.php?rest_route=\/wp\/v2\/product\/1250","targetHints":{"allow":["GET"]}}],"collection":[{"href":"https:\/\/universalpet.cz\/index.php?rest_route=\/wp\/v2\/product"}],"about":[{"href":"https:\/\/universalpet.cz\/index.php?rest_route=\/wp\/v2\/types\/product"}],"replies":[{"embeddable":true,"href":"https:\/\/universalpet.cz\/index.php?rest_route=%2Fwp%2Fv2%2Fcomments&post=1250"}],"wp:featuredmedia":[{"embeddable":true,"href":"https:\/\/universalpet.cz\/index.php?rest_route=\/wp\/v2\/media\/1251"}],"wp:attachment":[{"href":"https:\/\/universalpet.cz\/index.php?rest_route=%2Fwp%2Fv2%2Fmedia&parent=1250"}],"wp:term":[{"taxonomy":"product_brand","embeddable":true,"href":"https:\/\/universalpet.cz\/index.php?rest_route=%2Fwp%2Fv2%2Fproduct_brand&post=1250"},{"taxonomy":"product_cat","embeddable":true,"href":"https:\/\/universalpet.cz\/index.php?rest_route=%2Fwp%2Fv2%2Fproduct_cat&post=1250"},{"taxonomy":"product_tag","embeddable":true,"href":"https:\/\/universalpet.cz\/index.php?rest_route=%2Fwp%2Fv2%2Fproduct_tag&post=1250"}],"curies":[{"name":"wp","href":"https:\/\/api.w.org\/{rel}","templated":true}]}}