{"id":1266,"date":"2020-01-05T23:07:54","date_gmt":"2020-01-05T21:07:54","guid":{"rendered":"http:\/\/194.213.36.175:8000\/?post_type=product&#038;p=1266"},"modified":"2024-08-17T17:18:49","modified_gmt":"2024-08-17T15:18:49","slug":"senior-conditioning-mix-20kg","status":"publish","type":"product","link":"https:\/\/universalpet.cz\/?product=senior-conditioning-mix-20kg","title":{"rendered":"Senior Conditioning Mix 20kg"},"content":{"rendered":"<ul>\n<li>M\u00dcSLI PRO AKTIVN\u00cd KO\u0147SK\u00c9 SENIORY, PRO KON\u011a VE \u0160PATN\u00c9 KONDICI NEBO PRO ZIMN\u00cd OBDOB\u00cd JAKO PREVENCE P\u0158ED \u00daBYTKEM HMOTNOSTI<\/li>\n<li>KALORICK\u00c9 KRMIVO PRO NABR\u00c1N\u00cd A UDR\u017dEN\u00cd SVALOV\u00c9 HMOTY A HORN\u00cd LINIE<\/li>\n<li>LEHCE STRAVITELN\u00c9 P\u0158EDVA\u0158EN\u00c9 VLO\u010cKY CERE\u00c1LI\u00cd<\/li>\n<li>SCHV\u00c1LENO \u201eREDWINGS HORSE SANCTUARY&#8220;<\/li>\n<li>MEN\u0160\u00cd VELIKOST \u010c\u00c1STIC<\/li>\n<li>HYDROCHLORID GLUKOSAMINU &#8211; PODORA KLOUB\u016e<\/li>\n<li>CHEL\u00c1TOV\u00c9 MINER\u00c1LY PRO ZDRAV\u00dd R\u016eST KOPYT<\/li>\n<li>\u017dIV\u00c9 KVASINKY PRO PODPORU TR\u00c1VEN\u00cd<\/li>\n<li>VITAMIN E A SELEN PRO PODPORU IMUNITY<\/li>\n<li>PLN\u011a OBOHACENO O VITAMINY SKUPINY B<\/li>\n<\/ul>\n<p>Ob\u011b m\u00fcsli &#8211; Senior Maintenance Mix a Senior Conditioning Mix jsou speci\u00e1ln\u011b ur\u010dena pro ko\u0148sk\u00e9 seniory. Krmiva jsou schv\u00e1lena a pou\u017e\u00edv\u00e1na nejv\u011bt\u0161\u00edm \u00fatulkem pro kon\u011b ve Velk\u00e9 Brit\u00e1nii \u201eRedwings Horse Sanctuary&#8220;. Obsahuj\u00ed zv\u00fd\u0161en\u00e9 mno\u017estv\u00ed hydrochloridu glukosaminu, kter\u00fd je nezbytn\u00fd pro spr\u00e1vnou pohyblivost kloub\u016f v pokro\u010dil\u00e9m v\u011bku. D\u00edky men\u0161\u00ed velikosti \u010d\u00e1stic jsou vhodn\u00e1 pro kon\u011b se \u0161patn\u00fdmi zuby. Miner\u00e1ly v chel\u00e1tov\u00e9 podob\u011b &#8211; selen, mangan, m\u011b\u010f a zinek zaji\u0161\u0165uj\u00ed zdrav\u00fd r\u016fst kopyt. Obsa\u017een\u00e9 \u017eiv\u00e9 kvasinky v krmivech pe\u010duj\u00ed o tr\u00e1v\u00edc\u00ed syst\u00e9m kon\u00ed a pom\u00e1haj\u00ed p\u0159i tr\u00e1ven\u00ed vl\u00e1kniny v zadn\u00edm st\u0159ev\u011b. O podporu imunitn\u00edho syst\u00e9mu se star\u00e1 vitamin E a selen. Krmiva jsou nav\u00edc pln\u011b obohacena o vitaminy skupiny B (v\u010detn\u011b B1, B2 a kyseliny listov\u00e9), kter\u00e9 jsou nezbytn\u00e9 pro spr\u00e1vnou funkci metabolismu a jejich\u017e tvorba m\u016f\u017ee b\u00fdt u ko\u0148sk\u00fdch senior\u016f omezena. P\u0159idan\u00fd s\u00f3jov\u00fd olej se postar\u00e1 o brilantn\u00ed lesk srsti.<\/p>\n<p><strong>Slo\u017een\u00ed:<\/strong><\/p>\n<p>napa\u0159ovan\u00e9 vlo\u010dky je\u010dmene, p\u0161eni\u010dn\u00e9 otruby a endosperm, slune\u010dnicov\u00e9 expelery, ovesn\u00e9 otruby a endosperm, kuku\u0159i\u010dn\u00e9 vlo\u010dky, melasa, vlo\u010dky hr\u00e1\u0161ku, r\u00fd\u017eov\u00e9 otruby, \u0159epkov\u00fd olej, uhli\u010ditan v\u00e1penat\u00fd, s\u016fl, vitamino-miner\u00e1ln\u00ed premix, vitamin E, hydrochlorid glukosaminu, difosfore\u010dnan v\u00e1penat\u00fd, lyzin, \u017eiv\u00e9 kvasinky<\/p>\n<p><span style=\"color: #ff0000;\"><strong>NA OBJEN\u00c1VKU!<\/strong><\/span><\/p>\n","protected":false},"excerpt":{"rendered":"<div class=\"detailShort clear\">\n<p>M\u00fcsli pro aktivn\u00ed ko\u0148sk\u00e9 seniory, pro kon\u011b ve \u0161patn\u00e9 kondici nebo pro zimn\u00ed obdob\u00ed jako prevence p\u0159ed \u00fabytkem hmotnosti<\/p>\n<\/div>\n<div class=\"detailInfo clear detailPriceInfo\">\n<div><\/div>\n<\/div>\n","protected":false},"featured_media":1267,"comment_status":"open","ping_status":"closed","template":"","meta":[],"product_brand":[],"product_cat":[53,56,54],"product_tag":[],"class_list":{"0":"post-1266","1":"product","2":"type-product","3":"status-publish","4":"has-post-thumbnail","6":"product_cat-kone","7":"product_cat-musli","8":"product_cat-spillers","10":"first","11":"onbackorder","12":"taxable","13":"shipping-taxable","14":"purchasable","15":"product-type-simple"},"yoast_head":"<!-- This site is optimized with the Yoast SEO plugin v26.9 - https:\/\/yoast.com\/product\/yoast-seo-wordpress\/ -->\n<title>Senior Conditioning Mix 20kg - UniversalPet<\/title>\n<meta name=\"description\" content=\"M\u00fcsli pro aktivn\u00ed ko\u0148sk\u00e9 seniory, pro kon\u011b ve \u0161patn\u00e9 kondici nebo pro zimn\u00ed obdob\u00ed jako prevence p\u0159ed \u00fabytkem hmotnosti\" \/>\n<meta name=\"robots\" content=\"index, follow, max-snippet:-1, max-image-preview:large, max-video-preview:-1\" \/>\n<link rel=\"canonical\" href=\"https:\/\/universalpet.cz\/?product=senior-conditioning-mix-20kg\" \/>\n<meta property=\"og:locale\" content=\"cs_CZ\" \/>\n<meta property=\"og:type\" content=\"article\" \/>\n<meta property=\"og:title\" content=\"Senior Conditioning Mix 20kg - UniversalPet\" \/>\n<meta property=\"og:description\" content=\"M\u00fcsli pro aktivn\u00ed ko\u0148sk\u00e9 seniory, pro kon\u011b ve \u0161patn\u00e9 kondici nebo pro zimn\u00ed obdob\u00ed jako prevence p\u0159ed \u00fabytkem hmotnosti\" \/>\n<meta property=\"og:url\" content=\"https:\/\/universalpet.cz\/?product=senior-conditioning-mix-20kg\" \/>\n<meta property=\"og:site_name\" content=\"UniversalPet\" \/>\n<meta property=\"article:modified_time\" content=\"2024-08-17T15:18:49+00:00\" \/>\n<meta property=\"og:image\" content=\"https:\/\/universalpet.cz\/wp-content\/uploads\/2020\/01\/102475-senior-conditioning-mix-left.png\" \/>\n\t<meta property=\"og:image:width\" content=\"499\" \/>\n\t<meta property=\"og:image:height\" content=\"987\" \/>\n\t<meta property=\"og:image:type\" content=\"image\/png\" \/>\n<meta name=\"twitter:card\" content=\"summary_large_image\" \/>\n<meta name=\"twitter:label1\" content=\"Odhadovan\u00e1 doba \u010dten\u00ed\" \/>\n\t<meta name=\"twitter:data1\" content=\"2 minuty\" \/>\n<script type=\"application\/ld+json\" class=\"yoast-schema-graph\">{\"@context\":\"https:\/\/schema.org\",\"@graph\":[{\"@type\":\"WebPage\",\"@id\":\"https:\/\/universalpet.cz\/?product=senior-conditioning-mix-20kg\",\"url\":\"https:\/\/universalpet.cz\/?product=senior-conditioning-mix-20kg\",\"name\":\"Senior Conditioning Mix 20kg - UniversalPet\",\"isPartOf\":{\"@id\":\"https:\/\/universalpet.cz\/#website\"},\"primaryImageOfPage\":{\"@id\":\"https:\/\/universalpet.cz\/?product=senior-conditioning-mix-20kg#primaryimage\"},\"image\":{\"@id\":\"https:\/\/universalpet.cz\/?product=senior-conditioning-mix-20kg#primaryimage\"},\"thumbnailUrl\":\"https:\/\/universalpet.cz\/wp-content\/uploads\/2020\/01\/102475-senior-conditioning-mix-left.png\",\"datePublished\":\"2020-01-05T21:07:54+00:00\",\"dateModified\":\"2024-08-17T15:18:49+00:00\",\"description\":\"M\u00fcsli pro aktivn\u00ed ko\u0148sk\u00e9 seniory, pro kon\u011b ve \u0161patn\u00e9 kondici nebo pro zimn\u00ed obdob\u00ed jako prevence p\u0159ed \u00fabytkem hmotnosti\",\"breadcrumb\":{\"@id\":\"https:\/\/universalpet.cz\/?product=senior-conditioning-mix-20kg#breadcrumb\"},\"inLanguage\":\"cs\",\"potentialAction\":[{\"@type\":\"ReadAction\",\"target\":[\"https:\/\/universalpet.cz\/?product=senior-conditioning-mix-20kg\"]}]},{\"@type\":\"ImageObject\",\"inLanguage\":\"cs\",\"@id\":\"https:\/\/universalpet.cz\/?product=senior-conditioning-mix-20kg#primaryimage\",\"url\":\"https:\/\/universalpet.cz\/wp-content\/uploads\/2020\/01\/102475-senior-conditioning-mix-left.png\",\"contentUrl\":\"https:\/\/universalpet.cz\/wp-content\/uploads\/2020\/01\/102475-senior-conditioning-mix-left.png\",\"width\":499,\"height\":987},{\"@type\":\"BreadcrumbList\",\"@id\":\"https:\/\/universalpet.cz\/?product=senior-conditioning-mix-20kg#breadcrumb\",\"itemListElement\":[{\"@type\":\"ListItem\",\"position\":1,\"name\":\"Dom\u016f\",\"item\":\"https:\/\/universalpet.cz\/\"},{\"@type\":\"ListItem\",\"position\":2,\"name\":\"Obchod\",\"item\":\"https:\/\/universalpet.cz\/?page_id=6\"},{\"@type\":\"ListItem\",\"position\":3,\"name\":\"Senior Conditioning Mix 20kg\"}]},{\"@type\":\"WebSite\",\"@id\":\"https:\/\/universalpet.cz\/#website\",\"url\":\"https:\/\/universalpet.cz\/\",\"name\":\"UniversalPet\",\"description\":\"Kvalitn\u00ed krmiva pro Va\u0161e mazl\u00ed\u010dky\",\"potentialAction\":[{\"@type\":\"SearchAction\",\"target\":{\"@type\":\"EntryPoint\",\"urlTemplate\":\"https:\/\/universalpet.cz\/?s={search_term_string}\"},\"query-input\":{\"@type\":\"PropertyValueSpecification\",\"valueRequired\":true,\"valueName\":\"search_term_string\"}}],\"inLanguage\":\"cs\"}]}<\/script>\n<!-- \/ Yoast SEO plugin. -->","yoast_head_json":{"title":"Senior Conditioning Mix 20kg - UniversalPet","description":"M\u00fcsli pro aktivn\u00ed ko\u0148sk\u00e9 seniory, pro kon\u011b ve \u0161patn\u00e9 kondici nebo pro zimn\u00ed obdob\u00ed jako prevence p\u0159ed \u00fabytkem hmotnosti","robots":{"index":"index","follow":"follow","max-snippet":"max-snippet:-1","max-image-preview":"max-image-preview:large","max-video-preview":"max-video-preview:-1"},"canonical":"https:\/\/universalpet.cz\/?product=senior-conditioning-mix-20kg","og_locale":"cs_CZ","og_type":"article","og_title":"Senior Conditioning Mix 20kg - UniversalPet","og_description":"M\u00fcsli pro aktivn\u00ed ko\u0148sk\u00e9 seniory, pro kon\u011b ve \u0161patn\u00e9 kondici nebo pro zimn\u00ed obdob\u00ed jako prevence p\u0159ed \u00fabytkem hmotnosti","og_url":"https:\/\/universalpet.cz\/?product=senior-conditioning-mix-20kg","og_site_name":"UniversalPet","article_modified_time":"2024-08-17T15:18:49+00:00","og_image":[{"width":499,"height":987,"url":"https:\/\/universalpet.cz\/wp-content\/uploads\/2020\/01\/102475-senior-conditioning-mix-left.png","type":"image\/png"}],"twitter_card":"summary_large_image","twitter_misc":{"Odhadovan\u00e1 doba \u010dten\u00ed":"2 minuty"},"schema":{"@context":"https:\/\/schema.org","@graph":[{"@type":"WebPage","@id":"https:\/\/universalpet.cz\/?product=senior-conditioning-mix-20kg","url":"https:\/\/universalpet.cz\/?product=senior-conditioning-mix-20kg","name":"Senior Conditioning Mix 20kg - UniversalPet","isPartOf":{"@id":"https:\/\/universalpet.cz\/#website"},"primaryImageOfPage":{"@id":"https:\/\/universalpet.cz\/?product=senior-conditioning-mix-20kg#primaryimage"},"image":{"@id":"https:\/\/universalpet.cz\/?product=senior-conditioning-mix-20kg#primaryimage"},"thumbnailUrl":"https:\/\/universalpet.cz\/wp-content\/uploads\/2020\/01\/102475-senior-conditioning-mix-left.png","datePublished":"2020-01-05T21:07:54+00:00","dateModified":"2024-08-17T15:18:49+00:00","description":"M\u00fcsli pro aktivn\u00ed ko\u0148sk\u00e9 seniory, pro kon\u011b ve \u0161patn\u00e9 kondici nebo pro zimn\u00ed obdob\u00ed jako prevence p\u0159ed \u00fabytkem hmotnosti","breadcrumb":{"@id":"https:\/\/universalpet.cz\/?product=senior-conditioning-mix-20kg#breadcrumb"},"inLanguage":"cs","potentialAction":[{"@type":"ReadAction","target":["https:\/\/universalpet.cz\/?product=senior-conditioning-mix-20kg"]}]},{"@type":"ImageObject","inLanguage":"cs","@id":"https:\/\/universalpet.cz\/?product=senior-conditioning-mix-20kg#primaryimage","url":"https:\/\/universalpet.cz\/wp-content\/uploads\/2020\/01\/102475-senior-conditioning-mix-left.png","contentUrl":"https:\/\/universalpet.cz\/wp-content\/uploads\/2020\/01\/102475-senior-conditioning-mix-left.png","width":499,"height":987},{"@type":"BreadcrumbList","@id":"https:\/\/universalpet.cz\/?product=senior-conditioning-mix-20kg#breadcrumb","itemListElement":[{"@type":"ListItem","position":1,"name":"Dom\u016f","item":"https:\/\/universalpet.cz\/"},{"@type":"ListItem","position":2,"name":"Obchod","item":"https:\/\/universalpet.cz\/?page_id=6"},{"@type":"ListItem","position":3,"name":"Senior Conditioning Mix 20kg"}]},{"@type":"WebSite","@id":"https:\/\/universalpet.cz\/#website","url":"https:\/\/universalpet.cz\/","name":"UniversalPet","description":"Kvalitn\u00ed krmiva pro Va\u0161e mazl\u00ed\u010dky","potentialAction":[{"@type":"SearchAction","target":{"@type":"EntryPoint","urlTemplate":"https:\/\/universalpet.cz\/?s={search_term_string}"},"query-input":{"@type":"PropertyValueSpecification","valueRequired":true,"valueName":"search_term_string"}}],"inLanguage":"cs"}]}},"post_mailing_queue_ids":[],"_links":{"self":[{"href":"https:\/\/universalpet.cz\/index.php?rest_route=\/wp\/v2\/product\/1266","targetHints":{"allow":["GET"]}}],"collection":[{"href":"https:\/\/universalpet.cz\/index.php?rest_route=\/wp\/v2\/product"}],"about":[{"href":"https:\/\/universalpet.cz\/index.php?rest_route=\/wp\/v2\/types\/product"}],"replies":[{"embeddable":true,"href":"https:\/\/universalpet.cz\/index.php?rest_route=%2Fwp%2Fv2%2Fcomments&post=1266"}],"wp:featuredmedia":[{"embeddable":true,"href":"https:\/\/universalpet.cz\/index.php?rest_route=\/wp\/v2\/media\/1267"}],"wp:attachment":[{"href":"https:\/\/universalpet.cz\/index.php?rest_route=%2Fwp%2Fv2%2Fmedia&parent=1266"}],"wp:term":[{"taxonomy":"product_brand","embeddable":true,"href":"https:\/\/universalpet.cz\/index.php?rest_route=%2Fwp%2Fv2%2Fproduct_brand&post=1266"},{"taxonomy":"product_cat","embeddable":true,"href":"https:\/\/universalpet.cz\/index.php?rest_route=%2Fwp%2Fv2%2Fproduct_cat&post=1266"},{"taxonomy":"product_tag","embeddable":true,"href":"https:\/\/universalpet.cz\/index.php?rest_route=%2Fwp%2Fv2%2Fproduct_tag&post=1266"}],"curies":[{"name":"wp","href":"https:\/\/api.w.org\/{rel}","templated":true}]}}