{"id":1268,"date":"2020-01-05T23:09:57","date_gmt":"2020-01-05T21:09:57","guid":{"rendered":"http:\/\/194.213.36.175:8000\/?post_type=product&#038;p=1268"},"modified":"2020-01-14T20:05:16","modified_gmt":"2020-01-14T18:05:16","slug":"youngstock-pellets-20kg","status":"publish","type":"product","link":"https:\/\/universalpet.cz\/?product=youngstock-pellets-20kg","title":{"rendered":"Youngstock Pellets 20kg"},"content":{"rendered":"<ul>\n<li>DROBN\u00c9 PELETY PRO H\u0158\u00cdBATA OD 2 M\u011aS\u00cdC\u016e<\/li>\n<li>D\u00cdKY VELIKOSTI SNADNO PO\u017dIVATELN\u00c9<\/li>\n<li>VITAMIN C A GLUTAMIN PRO ZDRAVOU IMUNITU<\/li>\n<li>VYSOK\u00c9 MNO\u017dSTV\u00cd VITAMINU E<\/li>\n<li>\u017dIV\u00c9 KVASINKY PRO PODPORU TR\u00c1VEN\u00cd<\/li>\n<li>AMINOKYSELINY LYZIN, METHIONIN A THREONIN<\/li>\n<li>VYSOK\u00c1 HLADINA KYSELINY LISTOV\u00c9<\/li>\n<\/ul>\n<p>V\u0161echna krmiva chovn\u00e9 \u0159ady obsahuj\u00ed vitamin C a l\u00e1tky bohat\u00e9 na glutamin, kter\u00e9 podporuj\u00ed spr\u00e1vnou funkci imunitn\u00edho syst\u00e9mu a to zejm\u00e9na v obdob\u00ed stresu, kter\u00fd je zv\u00fd\u0161en p\u0159i odstavu. V krmivech je zv\u00fd\u0161en\u00e9 mno\u017estv\u00ed vitaminu E, kter\u00fd mimo jin\u00e9 zaji\u0161\u0165uje p\u0159enos pasivn\u00ed imunity prost\u0159ednictv\u00edm mleziva na h\u0159\u00edb\u011b. Zahrnuj\u00ed v sob\u011b speci\u00e1ln\u00ed formuli s obsahem \u017eiv\u00fdch kvasinek, kter\u00e9 podporuj\u00ed vznik kyseliny m\u00e1seln\u00e9, je\u017e je nezbytn\u00e1 pro funkci a spr\u00e1vn\u00fd v\u00fdvoj tr\u00e1v\u00edc\u00edho traktu. Korektn\u00ed r\u016fst sval\u016f a h\u0159betn\u00ed linie zaji\u0161\u0165uje optim\u00e1ln\u00ed mno\u017estv\u00ed, z hlediska v\u00fdvoje, nejd\u016fle\u017eit\u011bj\u0161\u00edch aminokyselin &#8211; lyzinu, methioninu a threoninu. Krmiva jsou nav\u00edc obohacena o kyselinu listovou, jej\u00ed\u017e pot\u0159eba je zv\u00fd\u0161en\u00e1 v obdob\u00ed b\u0159ezosti, kojen\u00ed a r\u016fstu.<\/p>\n<p><strong>Slo\u017een\u00ed:<\/strong><\/p>\n<p>p\u0161eni\u010dn\u00e9 otruby a endosperm, s\u00f3jov\u00e9 slupky, slune\u010dnicov\u00e9 expelery, r\u00fd\u017eov\u00e9 otruby, melasa, hipro s\u00f3ja, p\u0161enice, uhli\u010ditan v\u00e1penat\u00fd, s\u016fl, rostlinn\u00fd olej, vitamino &#8211; miner\u00e1ln\u00ed premix<\/p>\n<p><strong>Doporu\u010den\u00e9 denn\u00ed d\u00e1vkov\u00e1n\u00ed, h\u0159\u00edb\u011b &#8211; p\u0159edpokl\u00e1dan\u00e1 hmotnost v dosp\u011blosti 500kg:<\/strong><\/p>\n","protected":false},"excerpt":{"rendered":"<div class=\"detailShort clear\">\n<p>Drobn\u00e9 pelety pro h\u0159\u00edbata od 2 m\u011bs\u00edc\u016f<\/p>\n<\/div>\n<div class=\"detailInfo clear detailPriceInfo\">\n<div><\/div>\n<\/div>\n","protected":false},"featured_media":1269,"comment_status":"open","ping_status":"closed","template":"","meta":[],"product_brand":[],"product_cat":[53,56,54],"product_tag":[],"class_list":{"0":"post-1268","1":"product","2":"type-product","3":"status-publish","4":"has-post-thumbnail","6":"product_cat-kone","7":"product_cat-musli","8":"product_cat-spillers","10":"first","11":"onbackorder","12":"taxable","13":"shipping-taxable","14":"purchasable","15":"product-type-simple"},"yoast_head":"<!-- This site is optimized with the Yoast SEO plugin v26.9 - https:\/\/yoast.com\/product\/yoast-seo-wordpress\/ -->\n<title>Youngstock Pellets 20kg - UniversalPet<\/title>\n<meta name=\"description\" content=\"Drobn\u00e9 pelety pro h\u0159\u00edbata od 2 m\u011bs\u00edc\u016f\" \/>\n<meta name=\"robots\" content=\"index, follow, max-snippet:-1, max-image-preview:large, max-video-preview:-1\" \/>\n<link rel=\"canonical\" href=\"https:\/\/universalpet.cz\/?product=youngstock-pellets-20kg\" \/>\n<meta property=\"og:locale\" content=\"cs_CZ\" \/>\n<meta property=\"og:type\" content=\"article\" \/>\n<meta property=\"og:title\" content=\"Youngstock Pellets 20kg - UniversalPet\" \/>\n<meta property=\"og:description\" content=\"Drobn\u00e9 pelety pro h\u0159\u00edbata od 2 m\u011bs\u00edc\u016f\" \/>\n<meta property=\"og:url\" content=\"https:\/\/universalpet.cz\/?product=youngstock-pellets-20kg\" \/>\n<meta property=\"og:site_name\" content=\"UniversalPet\" \/>\n<meta property=\"article:modified_time\" content=\"2020-01-14T18:05:16+00:00\" \/>\n<meta property=\"og:image\" content=\"https:\/\/universalpet.cz\/wp-content\/uploads\/2020\/01\/20kg-youngstock-pellets-left.png\" \/>\n\t<meta property=\"og:image:width\" content=\"502\" \/>\n\t<meta property=\"og:image:height\" content=\"988\" \/>\n\t<meta property=\"og:image:type\" content=\"image\/png\" \/>\n<meta name=\"twitter:card\" content=\"summary_large_image\" \/>\n<meta name=\"twitter:label1\" content=\"Odhadovan\u00e1 doba \u010dten\u00ed\" \/>\n\t<meta name=\"twitter:data1\" content=\"1 minuta\" \/>\n<script type=\"application\/ld+json\" class=\"yoast-schema-graph\">{\"@context\":\"https:\/\/schema.org\",\"@graph\":[{\"@type\":\"WebPage\",\"@id\":\"https:\/\/universalpet.cz\/?product=youngstock-pellets-20kg\",\"url\":\"https:\/\/universalpet.cz\/?product=youngstock-pellets-20kg\",\"name\":\"Youngstock Pellets 20kg - UniversalPet\",\"isPartOf\":{\"@id\":\"https:\/\/universalpet.cz\/#website\"},\"primaryImageOfPage\":{\"@id\":\"https:\/\/universalpet.cz\/?product=youngstock-pellets-20kg#primaryimage\"},\"image\":{\"@id\":\"https:\/\/universalpet.cz\/?product=youngstock-pellets-20kg#primaryimage\"},\"thumbnailUrl\":\"https:\/\/universalpet.cz\/wp-content\/uploads\/2020\/01\/20kg-youngstock-pellets-left.png\",\"datePublished\":\"2020-01-05T21:09:57+00:00\",\"dateModified\":\"2020-01-14T18:05:16+00:00\",\"description\":\"Drobn\u00e9 pelety pro h\u0159\u00edbata od 2 m\u011bs\u00edc\u016f\",\"breadcrumb\":{\"@id\":\"https:\/\/universalpet.cz\/?product=youngstock-pellets-20kg#breadcrumb\"},\"inLanguage\":\"cs\",\"potentialAction\":[{\"@type\":\"ReadAction\",\"target\":[\"https:\/\/universalpet.cz\/?product=youngstock-pellets-20kg\"]}]},{\"@type\":\"ImageObject\",\"inLanguage\":\"cs\",\"@id\":\"https:\/\/universalpet.cz\/?product=youngstock-pellets-20kg#primaryimage\",\"url\":\"https:\/\/universalpet.cz\/wp-content\/uploads\/2020\/01\/20kg-youngstock-pellets-left.png\",\"contentUrl\":\"https:\/\/universalpet.cz\/wp-content\/uploads\/2020\/01\/20kg-youngstock-pellets-left.png\",\"width\":502,\"height\":988},{\"@type\":\"BreadcrumbList\",\"@id\":\"https:\/\/universalpet.cz\/?product=youngstock-pellets-20kg#breadcrumb\",\"itemListElement\":[{\"@type\":\"ListItem\",\"position\":1,\"name\":\"Dom\u016f\",\"item\":\"https:\/\/universalpet.cz\/\"},{\"@type\":\"ListItem\",\"position\":2,\"name\":\"Obchod\",\"item\":\"https:\/\/universalpet.cz\/?page_id=6\"},{\"@type\":\"ListItem\",\"position\":3,\"name\":\"Youngstock Pellets 20kg\"}]},{\"@type\":\"WebSite\",\"@id\":\"https:\/\/universalpet.cz\/#website\",\"url\":\"https:\/\/universalpet.cz\/\",\"name\":\"UniversalPet\",\"description\":\"Kvalitn\u00ed krmiva pro Va\u0161e mazl\u00ed\u010dky\",\"potentialAction\":[{\"@type\":\"SearchAction\",\"target\":{\"@type\":\"EntryPoint\",\"urlTemplate\":\"https:\/\/universalpet.cz\/?s={search_term_string}\"},\"query-input\":{\"@type\":\"PropertyValueSpecification\",\"valueRequired\":true,\"valueName\":\"search_term_string\"}}],\"inLanguage\":\"cs\"}]}<\/script>\n<!-- \/ Yoast SEO plugin. -->","yoast_head_json":{"title":"Youngstock Pellets 20kg - UniversalPet","description":"Drobn\u00e9 pelety pro h\u0159\u00edbata od 2 m\u011bs\u00edc\u016f","robots":{"index":"index","follow":"follow","max-snippet":"max-snippet:-1","max-image-preview":"max-image-preview:large","max-video-preview":"max-video-preview:-1"},"canonical":"https:\/\/universalpet.cz\/?product=youngstock-pellets-20kg","og_locale":"cs_CZ","og_type":"article","og_title":"Youngstock Pellets 20kg - UniversalPet","og_description":"Drobn\u00e9 pelety pro h\u0159\u00edbata od 2 m\u011bs\u00edc\u016f","og_url":"https:\/\/universalpet.cz\/?product=youngstock-pellets-20kg","og_site_name":"UniversalPet","article_modified_time":"2020-01-14T18:05:16+00:00","og_image":[{"width":502,"height":988,"url":"https:\/\/universalpet.cz\/wp-content\/uploads\/2020\/01\/20kg-youngstock-pellets-left.png","type":"image\/png"}],"twitter_card":"summary_large_image","twitter_misc":{"Odhadovan\u00e1 doba \u010dten\u00ed":"1 minuta"},"schema":{"@context":"https:\/\/schema.org","@graph":[{"@type":"WebPage","@id":"https:\/\/universalpet.cz\/?product=youngstock-pellets-20kg","url":"https:\/\/universalpet.cz\/?product=youngstock-pellets-20kg","name":"Youngstock Pellets 20kg - UniversalPet","isPartOf":{"@id":"https:\/\/universalpet.cz\/#website"},"primaryImageOfPage":{"@id":"https:\/\/universalpet.cz\/?product=youngstock-pellets-20kg#primaryimage"},"image":{"@id":"https:\/\/universalpet.cz\/?product=youngstock-pellets-20kg#primaryimage"},"thumbnailUrl":"https:\/\/universalpet.cz\/wp-content\/uploads\/2020\/01\/20kg-youngstock-pellets-left.png","datePublished":"2020-01-05T21:09:57+00:00","dateModified":"2020-01-14T18:05:16+00:00","description":"Drobn\u00e9 pelety pro h\u0159\u00edbata od 2 m\u011bs\u00edc\u016f","breadcrumb":{"@id":"https:\/\/universalpet.cz\/?product=youngstock-pellets-20kg#breadcrumb"},"inLanguage":"cs","potentialAction":[{"@type":"ReadAction","target":["https:\/\/universalpet.cz\/?product=youngstock-pellets-20kg"]}]},{"@type":"ImageObject","inLanguage":"cs","@id":"https:\/\/universalpet.cz\/?product=youngstock-pellets-20kg#primaryimage","url":"https:\/\/universalpet.cz\/wp-content\/uploads\/2020\/01\/20kg-youngstock-pellets-left.png","contentUrl":"https:\/\/universalpet.cz\/wp-content\/uploads\/2020\/01\/20kg-youngstock-pellets-left.png","width":502,"height":988},{"@type":"BreadcrumbList","@id":"https:\/\/universalpet.cz\/?product=youngstock-pellets-20kg#breadcrumb","itemListElement":[{"@type":"ListItem","position":1,"name":"Dom\u016f","item":"https:\/\/universalpet.cz\/"},{"@type":"ListItem","position":2,"name":"Obchod","item":"https:\/\/universalpet.cz\/?page_id=6"},{"@type":"ListItem","position":3,"name":"Youngstock Pellets 20kg"}]},{"@type":"WebSite","@id":"https:\/\/universalpet.cz\/#website","url":"https:\/\/universalpet.cz\/","name":"UniversalPet","description":"Kvalitn\u00ed krmiva pro Va\u0161e mazl\u00ed\u010dky","potentialAction":[{"@type":"SearchAction","target":{"@type":"EntryPoint","urlTemplate":"https:\/\/universalpet.cz\/?s={search_term_string}"},"query-input":{"@type":"PropertyValueSpecification","valueRequired":true,"valueName":"search_term_string"}}],"inLanguage":"cs"}]}},"post_mailing_queue_ids":[],"_links":{"self":[{"href":"https:\/\/universalpet.cz\/index.php?rest_route=\/wp\/v2\/product\/1268","targetHints":{"allow":["GET"]}}],"collection":[{"href":"https:\/\/universalpet.cz\/index.php?rest_route=\/wp\/v2\/product"}],"about":[{"href":"https:\/\/universalpet.cz\/index.php?rest_route=\/wp\/v2\/types\/product"}],"replies":[{"embeddable":true,"href":"https:\/\/universalpet.cz\/index.php?rest_route=%2Fwp%2Fv2%2Fcomments&post=1268"}],"wp:featuredmedia":[{"embeddable":true,"href":"https:\/\/universalpet.cz\/index.php?rest_route=\/wp\/v2\/media\/1269"}],"wp:attachment":[{"href":"https:\/\/universalpet.cz\/index.php?rest_route=%2Fwp%2Fv2%2Fmedia&parent=1268"}],"wp:term":[{"taxonomy":"product_brand","embeddable":true,"href":"https:\/\/universalpet.cz\/index.php?rest_route=%2Fwp%2Fv2%2Fproduct_brand&post=1268"},{"taxonomy":"product_cat","embeddable":true,"href":"https:\/\/universalpet.cz\/index.php?rest_route=%2Fwp%2Fv2%2Fproduct_cat&post=1268"},{"taxonomy":"product_tag","embeddable":true,"href":"https:\/\/universalpet.cz\/index.php?rest_route=%2Fwp%2Fv2%2Fproduct_tag&post=1268"}],"curies":[{"name":"wp","href":"https:\/\/api.w.org\/{rel}","templated":true}]}}