{"id":1280,"date":"2020-01-06T12:56:16","date_gmt":"2020-01-06T10:56:16","guid":{"rendered":"http:\/\/194.213.36.175:8000\/?post_type=product&#038;p=1280"},"modified":"2020-01-14T19:55:29","modified_gmt":"2020-01-14T17:55:29","slug":"happy-hoof-20kg","status":"publish","type":"product","link":"https:\/\/universalpet.cz\/?product=happy-hoof-20kg","title":{"rendered":"Happy Hoof 20kg"},"content":{"rendered":"<p><strong>\u0158EZANKA PRO KON\u011a N\u00c1CHYLN\u00c9 K LAMINITID\u011a, TRP\u00cdC\u00cd NADV\u00c1HOU A V BOXOV\u00c9M ODPO\u010cINKU<\/strong><br \/>\n<strong>\u2981 VELICE N\u00cdZK\u00c1 HLADINA \u0160KROB\u016e A CUKR\u016e<\/strong><br \/>\n<strong>\u2981 N\u00cdZK\u00dd GLYKEMICK\u00dd INDEX<\/strong><br \/>\n<strong>\u2981 EXTRA P\u0158\u00cdDAVEK BIOTINU<\/strong><br \/>\n<strong>\u2981 M\u016e\u017dE SLOU\u017dIT TAK\u00c9 JAKO N\u00c1HRADA SENA<\/strong><br \/>\n<strong>\u2981 VYV\u00c1\u017dEN\u00dd POM\u011aR VITAMIN\u016e A MINER\u00c1L\u016e ZAJI\u0160\u0164UJ\u00cdC\u00cd JEJICH KA\u017dDODENN\u00cd POT\u0158EBU<\/strong><\/p>\n<p>Prvn\u00ed sekan\u00e9 krmivo na britsk\u00e9m trhu, kter\u00e9\u00a0je schv\u00e1leno \u00fastavem pro v\u00fdzkum laminitidy &#8211;\u00a0The Laminitis Trust. V Happy Hoofu je velice\u00a0n\u00edzk\u00e1 hladina \u0161krob\u016f a cukr\u016f, p\u0159edev\u0161\u00edm\u00a0frukt\u00f3zy, kter\u00e9 jsou nebezpe\u010dn\u00e9 pro kon\u011b n\u00e1chyln\u00e9 k laminitid\u011b. Prokazateln\u011b n\u00edzk\u00fd glykemick\u00fd index a p\u0159idan\u00fd ho\u0159\u010d\u00edk pom\u00e1haj\u00ed udr\u017eovat zdrav\u00fd metabolismus. Vysok\u00fd obsah vl\u00e1kniny zaji\u0161\u0165uje dostatek postupn\u011b se uvol\u0148uj\u00edc\u00ed energie a podporuje\u00a0spr\u00e1vnou funkci tr\u00e1v\u00edc\u00edho \u00fastroj\u00ed. O zdrav\u00fd r\u016fst kopyt se postar\u00e1 extra\u00a0p\u0159\u00eddavek biotinu, v\u00e1pn\u00edku, zinku a m\u011bdi. Vysoce specifikovan\u00e9 vitaminy,<br \/>\nminer\u00e1ly a kl\u00ed\u010dov\u00e9 antioxidanty &#8211; Vitamin E a selen zajist\u00ed r\u016fst lamelov\u00e9 tk\u00e1n\u011b\u00a0mezi kopytn\u00ed \u0161k\u00e1rou a rohov\u00fdm pouzdrem. Sekan\u00e1 forma v\u0161ech ingredienc\u00ed zvy\u0161uje slin\u011bn\u00ed,\u00a0prodlu\u017euje dobu krmen\u00ed a t\u00edm i samotn\u00e9ho tr\u00e1ven\u00ed. Happy Hoof\u00ae doporu\u010dujeme krmit jako hlavn\u00ed krmivo v kombinaci se senem, je mo\u017en\u00e9 jej kombinovat s \u0159epn\u00fdmi \u0159\u00edzky a v extr\u00e9mn\u00edch\u00a0p\u0159\u00edpadech m\u016f\u017ee slou\u017eit jako kompletn\u00ed n\u00e1hra\u017eka objemn\u00e9 p\u00edce.<\/p>\n<p><strong>Slo\u017een\u00ed:<\/strong><\/p>\n<p>nutri\u010dn\u011b bohat\u00e1 sl\u00e1ma, sekan\u00e1 sl\u00e1ma, ovesn\u00e9 otruby a endosperm, melasa, vojt\u011b\u0161ka, travn\u00ed pelety, r\u00fd\u017eov\u00e9 otruby, sluen\u010dnicov\u00e9 expelery, p\u0161eni\u010dn\u00e9 otruby a endosperm, uhli\u010ditan v\u00e1penat\u00fd, \u0159epkov\u00fd olej, vitamino-miner\u00e1ln\u00ed premix, kalcinovan\u00fd magnezit, \u010desnek, difosfore\u010dnan v\u00e1penat\u00fd, lyzin, s\u016fl<\/p>\n<p><strong>Doporu\u010den\u00e9 denn\u00ed d\u00e1vkov\u00e1n\u00ed, dosp\u011bl\u00fd k\u016f\u0148 500kg:<\/strong><\/p>\n<ul>\n<li>Happy Hoof jako jedin\u00e9 krmivo (nahrazuje seno, pastvu, &#8222;tvrdou d\u00e1vku&#8220;): 11kg<\/li>\n<li>Seno + Happy Hoof: 10kg sena + 3kg Happy Hoof<\/li>\n<li>Seno + Cukrov\u00e1 \u0159epa + Happy Hoof + \u017d\u00c1DN\u00c1 PASTVA: 8kg sena + 1kg cukrov\u00e1 \u0159epa (v\u00e1\u017eeno v such\u00e9m stavu) + 4kg Happy Hoof<\/li>\n<li>Seno + Cukrov\u00e1 \u0159epa + Happy Hoof + 4 HODINY PASTVA: 5kg sena + 0,5kg cukrov\u00e1 \u0159epa (v\u00e1\u017eeno v such\u00e9m stavu) + 2kg Happy Hoof<\/li>\n<\/ul>\n<p><iframe src=\"https:\/\/www.youtube.com\/embed\/X8TiJALnYhg?playlist=&amp;version=3&amp;autoplay=0&amp;color=red&amp;theme=dark&amp;controls=1&amp;showinfo=1&amp;autohide=0&amp;rel=0&amp;wmode=transparent\" frameborder=\"0\" allowfullscreen=\"allowfullscreen\" data-mce-fragment=\"1\"><\/iframe><\/p>\n<p>&nbsp;<\/p>\n","protected":false},"excerpt":{"rendered":"<div class=\"detailShort clear\">\n<p>\u0158ezanka pro kon\u011b n\u00e1chyln\u00e9 k laminitid\u011b, trp\u00edc\u00ed nadv\u00e1hou a v boxov\u00e9m odpo\u010dinku<\/p>\n<\/div>\n<div class=\"detailInfo clear detailPriceInfo\">\n<div><\/div>\n<\/div>\n","protected":false},"featured_media":1281,"comment_status":"open","ping_status":"closed","template":"","meta":[],"product_brand":[],"product_cat":[53,54],"product_tag":[],"class_list":{"0":"post-1280","1":"product","2":"type-product","3":"status-publish","4":"has-post-thumbnail","6":"product_cat-kone","7":"product_cat-spillers","9":"first","10":"onbackorder","11":"taxable","12":"shipping-taxable","13":"purchasable","14":"product-type-simple"},"yoast_head":"<!-- This site is optimized with the Yoast SEO plugin v26.9 - https:\/\/yoast.com\/product\/yoast-seo-wordpress\/ -->\n<title>Happy Hoof 20kg - UniversalPet<\/title>\n<meta name=\"description\" content=\"\u0158ezanka pro kon\u011b n\u00e1chyln\u00e9 k laminitid\u011b, trp\u00edc\u00ed nadv\u00e1hou a v boxov\u00e9m odpo\u010dinku\" \/>\n<meta name=\"robots\" content=\"index, follow, max-snippet:-1, max-image-preview:large, max-video-preview:-1\" \/>\n<link rel=\"canonical\" href=\"https:\/\/universalpet.cz\/?product=happy-hoof-20kg\" \/>\n<meta property=\"og:locale\" content=\"cs_CZ\" \/>\n<meta property=\"og:type\" content=\"article\" \/>\n<meta property=\"og:title\" content=\"Happy Hoof 20kg - UniversalPet\" \/>\n<meta property=\"og:description\" content=\"\u0158ezanka pro kon\u011b n\u00e1chyln\u00e9 k laminitid\u011b, trp\u00edc\u00ed nadv\u00e1hou a v boxov\u00e9m odpo\u010dinku\" \/>\n<meta property=\"og:url\" content=\"https:\/\/universalpet.cz\/?product=happy-hoof-20kg\" \/>\n<meta property=\"og:site_name\" content=\"UniversalPet\" \/>\n<meta property=\"article:modified_time\" content=\"2020-01-14T17:55:29+00:00\" \/>\n<meta property=\"og:image\" content=\"https:\/\/universalpet.cz\/wp-content\/uploads\/2020\/01\/20kg-happy-hoof-left.png\" \/>\n\t<meta property=\"og:image:width\" content=\"609\" \/>\n\t<meta property=\"og:image:height\" content=\"1010\" \/>\n\t<meta property=\"og:image:type\" content=\"image\/png\" \/>\n<meta name=\"twitter:card\" content=\"summary_large_image\" \/>\n<meta name=\"twitter:label1\" content=\"Odhadovan\u00e1 doba \u010dten\u00ed\" \/>\n\t<meta name=\"twitter:data1\" content=\"2 minuty\" \/>\n<script type=\"application\/ld+json\" class=\"yoast-schema-graph\">{\"@context\":\"https:\/\/schema.org\",\"@graph\":[{\"@type\":\"WebPage\",\"@id\":\"https:\/\/universalpet.cz\/?product=happy-hoof-20kg\",\"url\":\"https:\/\/universalpet.cz\/?product=happy-hoof-20kg\",\"name\":\"Happy Hoof 20kg - UniversalPet\",\"isPartOf\":{\"@id\":\"https:\/\/universalpet.cz\/#website\"},\"primaryImageOfPage\":{\"@id\":\"https:\/\/universalpet.cz\/?product=happy-hoof-20kg#primaryimage\"},\"image\":{\"@id\":\"https:\/\/universalpet.cz\/?product=happy-hoof-20kg#primaryimage\"},\"thumbnailUrl\":\"https:\/\/universalpet.cz\/wp-content\/uploads\/2020\/01\/20kg-happy-hoof-left.png\",\"datePublished\":\"2020-01-06T10:56:16+00:00\",\"dateModified\":\"2020-01-14T17:55:29+00:00\",\"description\":\"\u0158ezanka pro kon\u011b n\u00e1chyln\u00e9 k laminitid\u011b, trp\u00edc\u00ed nadv\u00e1hou a v boxov\u00e9m odpo\u010dinku\",\"breadcrumb\":{\"@id\":\"https:\/\/universalpet.cz\/?product=happy-hoof-20kg#breadcrumb\"},\"inLanguage\":\"cs\",\"potentialAction\":[{\"@type\":\"ReadAction\",\"target\":[\"https:\/\/universalpet.cz\/?product=happy-hoof-20kg\"]}]},{\"@type\":\"ImageObject\",\"inLanguage\":\"cs\",\"@id\":\"https:\/\/universalpet.cz\/?product=happy-hoof-20kg#primaryimage\",\"url\":\"https:\/\/universalpet.cz\/wp-content\/uploads\/2020\/01\/20kg-happy-hoof-left.png\",\"contentUrl\":\"https:\/\/universalpet.cz\/wp-content\/uploads\/2020\/01\/20kg-happy-hoof-left.png\",\"width\":609,\"height\":1010},{\"@type\":\"BreadcrumbList\",\"@id\":\"https:\/\/universalpet.cz\/?product=happy-hoof-20kg#breadcrumb\",\"itemListElement\":[{\"@type\":\"ListItem\",\"position\":1,\"name\":\"Dom\u016f\",\"item\":\"https:\/\/universalpet.cz\/\"},{\"@type\":\"ListItem\",\"position\":2,\"name\":\"Obchod\",\"item\":\"https:\/\/universalpet.cz\/?page_id=6\"},{\"@type\":\"ListItem\",\"position\":3,\"name\":\"Happy Hoof 20kg\"}]},{\"@type\":\"WebSite\",\"@id\":\"https:\/\/universalpet.cz\/#website\",\"url\":\"https:\/\/universalpet.cz\/\",\"name\":\"UniversalPet\",\"description\":\"Kvalitn\u00ed krmiva pro Va\u0161e mazl\u00ed\u010dky\",\"potentialAction\":[{\"@type\":\"SearchAction\",\"target\":{\"@type\":\"EntryPoint\",\"urlTemplate\":\"https:\/\/universalpet.cz\/?s={search_term_string}\"},\"query-input\":{\"@type\":\"PropertyValueSpecification\",\"valueRequired\":true,\"valueName\":\"search_term_string\"}}],\"inLanguage\":\"cs\"}]}<\/script>\n<!-- \/ Yoast SEO plugin. -->","yoast_head_json":{"title":"Happy Hoof 20kg - UniversalPet","description":"\u0158ezanka pro kon\u011b n\u00e1chyln\u00e9 k laminitid\u011b, trp\u00edc\u00ed nadv\u00e1hou a v boxov\u00e9m odpo\u010dinku","robots":{"index":"index","follow":"follow","max-snippet":"max-snippet:-1","max-image-preview":"max-image-preview:large","max-video-preview":"max-video-preview:-1"},"canonical":"https:\/\/universalpet.cz\/?product=happy-hoof-20kg","og_locale":"cs_CZ","og_type":"article","og_title":"Happy Hoof 20kg - UniversalPet","og_description":"\u0158ezanka pro kon\u011b n\u00e1chyln\u00e9 k laminitid\u011b, trp\u00edc\u00ed nadv\u00e1hou a v boxov\u00e9m odpo\u010dinku","og_url":"https:\/\/universalpet.cz\/?product=happy-hoof-20kg","og_site_name":"UniversalPet","article_modified_time":"2020-01-14T17:55:29+00:00","og_image":[{"width":609,"height":1010,"url":"https:\/\/universalpet.cz\/wp-content\/uploads\/2020\/01\/20kg-happy-hoof-left.png","type":"image\/png"}],"twitter_card":"summary_large_image","twitter_misc":{"Odhadovan\u00e1 doba \u010dten\u00ed":"2 minuty"},"schema":{"@context":"https:\/\/schema.org","@graph":[{"@type":"WebPage","@id":"https:\/\/universalpet.cz\/?product=happy-hoof-20kg","url":"https:\/\/universalpet.cz\/?product=happy-hoof-20kg","name":"Happy Hoof 20kg - UniversalPet","isPartOf":{"@id":"https:\/\/universalpet.cz\/#website"},"primaryImageOfPage":{"@id":"https:\/\/universalpet.cz\/?product=happy-hoof-20kg#primaryimage"},"image":{"@id":"https:\/\/universalpet.cz\/?product=happy-hoof-20kg#primaryimage"},"thumbnailUrl":"https:\/\/universalpet.cz\/wp-content\/uploads\/2020\/01\/20kg-happy-hoof-left.png","datePublished":"2020-01-06T10:56:16+00:00","dateModified":"2020-01-14T17:55:29+00:00","description":"\u0158ezanka pro kon\u011b n\u00e1chyln\u00e9 k laminitid\u011b, trp\u00edc\u00ed nadv\u00e1hou a v boxov\u00e9m odpo\u010dinku","breadcrumb":{"@id":"https:\/\/universalpet.cz\/?product=happy-hoof-20kg#breadcrumb"},"inLanguage":"cs","potentialAction":[{"@type":"ReadAction","target":["https:\/\/universalpet.cz\/?product=happy-hoof-20kg"]}]},{"@type":"ImageObject","inLanguage":"cs","@id":"https:\/\/universalpet.cz\/?product=happy-hoof-20kg#primaryimage","url":"https:\/\/universalpet.cz\/wp-content\/uploads\/2020\/01\/20kg-happy-hoof-left.png","contentUrl":"https:\/\/universalpet.cz\/wp-content\/uploads\/2020\/01\/20kg-happy-hoof-left.png","width":609,"height":1010},{"@type":"BreadcrumbList","@id":"https:\/\/universalpet.cz\/?product=happy-hoof-20kg#breadcrumb","itemListElement":[{"@type":"ListItem","position":1,"name":"Dom\u016f","item":"https:\/\/universalpet.cz\/"},{"@type":"ListItem","position":2,"name":"Obchod","item":"https:\/\/universalpet.cz\/?page_id=6"},{"@type":"ListItem","position":3,"name":"Happy Hoof 20kg"}]},{"@type":"WebSite","@id":"https:\/\/universalpet.cz\/#website","url":"https:\/\/universalpet.cz\/","name":"UniversalPet","description":"Kvalitn\u00ed krmiva pro Va\u0161e mazl\u00ed\u010dky","potentialAction":[{"@type":"SearchAction","target":{"@type":"EntryPoint","urlTemplate":"https:\/\/universalpet.cz\/?s={search_term_string}"},"query-input":{"@type":"PropertyValueSpecification","valueRequired":true,"valueName":"search_term_string"}}],"inLanguage":"cs"}]}},"post_mailing_queue_ids":[],"_links":{"self":[{"href":"https:\/\/universalpet.cz\/index.php?rest_route=\/wp\/v2\/product\/1280","targetHints":{"allow":["GET"]}}],"collection":[{"href":"https:\/\/universalpet.cz\/index.php?rest_route=\/wp\/v2\/product"}],"about":[{"href":"https:\/\/universalpet.cz\/index.php?rest_route=\/wp\/v2\/types\/product"}],"replies":[{"embeddable":true,"href":"https:\/\/universalpet.cz\/index.php?rest_route=%2Fwp%2Fv2%2Fcomments&post=1280"}],"wp:featuredmedia":[{"embeddable":true,"href":"https:\/\/universalpet.cz\/index.php?rest_route=\/wp\/v2\/media\/1281"}],"wp:attachment":[{"href":"https:\/\/universalpet.cz\/index.php?rest_route=%2Fwp%2Fv2%2Fmedia&parent=1280"}],"wp:term":[{"taxonomy":"product_brand","embeddable":true,"href":"https:\/\/universalpet.cz\/index.php?rest_route=%2Fwp%2Fv2%2Fproduct_brand&post=1280"},{"taxonomy":"product_cat","embeddable":true,"href":"https:\/\/universalpet.cz\/index.php?rest_route=%2Fwp%2Fv2%2Fproduct_cat&post=1280"},{"taxonomy":"product_tag","embeddable":true,"href":"https:\/\/universalpet.cz\/index.php?rest_route=%2Fwp%2Fv2%2Fproduct_tag&post=1280"}],"curies":[{"name":"wp","href":"https:\/\/api.w.org\/{rel}","templated":true}]}}