{"id":1282,"date":"2020-01-06T13:00:49","date_gmt":"2020-01-06T11:00:49","guid":{"rendered":"http:\/\/194.213.36.175:8000\/?post_type=product&#038;p=1282"},"modified":"2022-05-04T12:52:05","modified_gmt":"2022-05-04T10:52:05","slug":"daily-balancer-15kg","status":"publish","type":"product","link":"https:\/\/universalpet.cz\/?product=daily-balancer-15kg","title":{"rendered":"Daily Balancer 15kg"},"content":{"rendered":"<ul>\n<li>Univerz\u00e1ln\u00ed a maxim\u00e1ln\u011b koncentrovan\u00e9 krmivo pro v\u0161echny\u00a0kon\u011b a pon\u00edky<\/li>\n<li>Oproti klasick\u00fdm vitamino-miner\u00e1ln\u00edm dopl\u0148k\u016fm obsahuje\u00a0vynikaj\u00edc\u00ed zdroje b\u00edlkovin pro tvorbu a udr\u017een\u00ed svalov\u00e9\u00a0hmoty ve vysoce koncentrovan\u00e9 form\u011b, co\u017e jej d\u011bl\u00e1 naprosto\u00a0v\u00fdjime\u010dn\u00fdm produktem ve sv\u00e9 kategorii<\/li>\n<li>Speci\u00e1ln\u011b navr\u017eeno pro vybalancov\u00e1n\u00ed krmn\u00e9 d\u00e1vky, kter\u00e1\u00a0se skl\u00e1d\u00e1 pouze z objemn\u00e9 p\u00edce nebo z nedostate\u010dn\u00e9ho\u00a0mno\u017estv\u00ed \u201etvrd\u00e9ho&#8220; krmen\u00ed<\/li>\n<li>Kompletn\u011b bez cere\u00e1li\u00ed, n\u00edzk\u00fd obsah \u0161krob\u016f a cukr\u016f<\/li>\n<li>stopov\u00e9 prvky v chel\u00e1tov\u00e9 form\u011b pro jejich maxim\u00e1ln\u00ed\u00a0vyu\u017eit\u00ed<\/li>\n<li>P\u0159\u00eddavek ho\u0159\u010d\u00edku, kter\u00fd je zn\u00e1m\u00fd pro sv\u00e9\u00a0tlum\u00edc\u00ed \u00fa\u010dinky<\/li>\n<li>Sm\u011bs \u017eivin pro zdrav\u00fd r\u016fst kopyt, v\u010detn\u011b biotinu<\/li>\n<li>vysok\u00e1 koncentrace v\u00fdznamn\u00e9ho antioxidantu &#8211; Vitaminu E pro podporu imunity, sn\u00ed\u017een\u00ed rizika poran\u011bn\u00ed sval\u016f\u00a0a infekc\u00ed a podporu d\u00fdchac\u00edho \u00fastroj\u00ed<\/li>\n<li>Forma v podob\u011b pelet je ko\u0148mi velice dob\u0159e p\u0159ij\u00edm\u00e1na<\/li>\n<li>Chel\u00e1tov\u00e9 stopov\u00e9 prvky pro maxim\u00e1ln\u00ed vyu\u017eit\u00ed<\/li>\n<\/ul>\n<p><strong>Slo\u017een\u00ed:<\/strong><\/p>\n<p>Hipro s\u00f3ja, p\u0161eni\u010dn\u00e9 otruby a endosperm, r\u00fd\u017eov\u00e9 otruby, slune\u010dnicov\u00e9\u00a0expelery, uhli\u010ditan v\u00e1penat\u00fd, fosfore\u010dnan v\u00e1penat\u00fd, vitamino &#8211; miner\u00e1ln\u00ed\u00a0premix, s\u00f3jov\u00fd olej, s\u016fl, melasa, glukosamin, lyzin<\/p>\n<p><strong>Doporu\u010den\u00e9 denn\u00ed d\u00e1vkov\u00e1n\u00ed:<\/strong><\/p>\n<p><img decoding=\"async\" title=\"\" src=\"https:\/\/www.britskakrmiva.cz\/resize\/af\/800\/151\/files\/davkovani-daily-balancer.jpg\" alt=\"davkovani\" \/><\/p>\n","protected":false},"excerpt":{"rendered":"<div class=\"detailShort clear\">\n<p>Balancer &#8211; Nezbytn\u00fd denn\u00ed dopln\u011bk pro v\u0161echny kon\u011b krmen\u00e9 pouze statkov\u00fdmi krmivy nebo objemnou p\u00edc\u00ed<\/p>\n<\/div>\n<div class=\"detailInfo clear detailPriceInfo\">\n<div><\/div>\n<\/div>\n","protected":false},"featured_media":1283,"comment_status":"open","ping_status":"closed","template":"","meta":[],"product_brand":[],"product_cat":[53,56,54],"product_tag":[],"class_list":{"0":"post-1282","1":"product","2":"type-product","3":"status-publish","4":"has-post-thumbnail","6":"product_cat-kone","7":"product_cat-musli","8":"product_cat-spillers","10":"first","11":"onbackorder","12":"taxable","13":"shipping-taxable","14":"purchasable","15":"product-type-simple"},"yoast_head":"<!-- This site is optimized with the Yoast SEO plugin v26.9 - https:\/\/yoast.com\/product\/yoast-seo-wordpress\/ -->\n<title>Daily Balancer 15kg - UniversalPet<\/title>\n<meta name=\"description\" content=\"Balancer - Nezbytn\u00fd denn\u00ed dopln\u011bk pro v\u0161echny kon\u011b krmen\u00e9 pouze statkov\u00fdmi krmivy nebo objemnou p\u00edc\u00ed\" \/>\n<meta name=\"robots\" content=\"index, follow, max-snippet:-1, max-image-preview:large, max-video-preview:-1\" \/>\n<link rel=\"canonical\" href=\"https:\/\/universalpet.cz\/?product=daily-balancer-15kg\" \/>\n<meta property=\"og:locale\" content=\"cs_CZ\" \/>\n<meta property=\"og:type\" content=\"article\" \/>\n<meta property=\"og:title\" content=\"Daily Balancer 15kg - UniversalPet\" \/>\n<meta property=\"og:description\" content=\"Balancer - Nezbytn\u00fd denn\u00ed dopln\u011bk pro v\u0161echny kon\u011b krmen\u00e9 pouze statkov\u00fdmi krmivy nebo objemnou p\u00edc\u00ed\" \/>\n<meta property=\"og:url\" content=\"https:\/\/universalpet.cz\/?product=daily-balancer-15kg\" \/>\n<meta property=\"og:site_name\" content=\"UniversalPet\" \/>\n<meta property=\"article:modified_time\" content=\"2022-05-04T10:52:05+00:00\" \/>\n<meta property=\"og:image\" content=\"https:\/\/universalpet.cz\/wp-content\/uploads\/2020\/01\/15kg-daily-balancer-left-new-1.png\" \/>\n\t<meta property=\"og:image:width\" content=\"400\" \/>\n\t<meta property=\"og:image:height\" content=\"791\" \/>\n\t<meta property=\"og:image:type\" content=\"image\/png\" \/>\n<meta name=\"twitter:card\" content=\"summary_large_image\" \/>\n<meta name=\"twitter:label1\" content=\"Odhadovan\u00e1 doba \u010dten\u00ed\" \/>\n\t<meta name=\"twitter:data1\" content=\"1 minuta\" \/>\n<script type=\"application\/ld+json\" class=\"yoast-schema-graph\">{\"@context\":\"https:\/\/schema.org\",\"@graph\":[{\"@type\":\"WebPage\",\"@id\":\"https:\/\/universalpet.cz\/?product=daily-balancer-15kg\",\"url\":\"https:\/\/universalpet.cz\/?product=daily-balancer-15kg\",\"name\":\"Daily Balancer 15kg - UniversalPet\",\"isPartOf\":{\"@id\":\"https:\/\/universalpet.cz\/#website\"},\"primaryImageOfPage\":{\"@id\":\"https:\/\/universalpet.cz\/?product=daily-balancer-15kg#primaryimage\"},\"image\":{\"@id\":\"https:\/\/universalpet.cz\/?product=daily-balancer-15kg#primaryimage\"},\"thumbnailUrl\":\"https:\/\/universalpet.cz\/wp-content\/uploads\/2020\/01\/15kg-daily-balancer-left-new-1.png\",\"datePublished\":\"2020-01-06T11:00:49+00:00\",\"dateModified\":\"2022-05-04T10:52:05+00:00\",\"description\":\"Balancer - Nezbytn\u00fd denn\u00ed dopln\u011bk pro v\u0161echny kon\u011b krmen\u00e9 pouze statkov\u00fdmi krmivy nebo objemnou p\u00edc\u00ed\",\"breadcrumb\":{\"@id\":\"https:\/\/universalpet.cz\/?product=daily-balancer-15kg#breadcrumb\"},\"inLanguage\":\"cs\",\"potentialAction\":[{\"@type\":\"ReadAction\",\"target\":[\"https:\/\/universalpet.cz\/?product=daily-balancer-15kg\"]}]},{\"@type\":\"ImageObject\",\"inLanguage\":\"cs\",\"@id\":\"https:\/\/universalpet.cz\/?product=daily-balancer-15kg#primaryimage\",\"url\":\"https:\/\/universalpet.cz\/wp-content\/uploads\/2020\/01\/15kg-daily-balancer-left-new-1.png\",\"contentUrl\":\"https:\/\/universalpet.cz\/wp-content\/uploads\/2020\/01\/15kg-daily-balancer-left-new-1.png\",\"width\":400,\"height\":791},{\"@type\":\"BreadcrumbList\",\"@id\":\"https:\/\/universalpet.cz\/?product=daily-balancer-15kg#breadcrumb\",\"itemListElement\":[{\"@type\":\"ListItem\",\"position\":1,\"name\":\"Dom\u016f\",\"item\":\"https:\/\/universalpet.cz\/\"},{\"@type\":\"ListItem\",\"position\":2,\"name\":\"Obchod\",\"item\":\"https:\/\/universalpet.cz\/?page_id=6\"},{\"@type\":\"ListItem\",\"position\":3,\"name\":\"Daily Balancer 15kg\"}]},{\"@type\":\"WebSite\",\"@id\":\"https:\/\/universalpet.cz\/#website\",\"url\":\"https:\/\/universalpet.cz\/\",\"name\":\"UniversalPet\",\"description\":\"Kvalitn\u00ed krmiva pro Va\u0161e mazl\u00ed\u010dky\",\"potentialAction\":[{\"@type\":\"SearchAction\",\"target\":{\"@type\":\"EntryPoint\",\"urlTemplate\":\"https:\/\/universalpet.cz\/?s={search_term_string}\"},\"query-input\":{\"@type\":\"PropertyValueSpecification\",\"valueRequired\":true,\"valueName\":\"search_term_string\"}}],\"inLanguage\":\"cs\"}]}<\/script>\n<!-- \/ Yoast SEO plugin. -->","yoast_head_json":{"title":"Daily Balancer 15kg - UniversalPet","description":"Balancer - Nezbytn\u00fd denn\u00ed dopln\u011bk pro v\u0161echny kon\u011b krmen\u00e9 pouze statkov\u00fdmi krmivy nebo objemnou p\u00edc\u00ed","robots":{"index":"index","follow":"follow","max-snippet":"max-snippet:-1","max-image-preview":"max-image-preview:large","max-video-preview":"max-video-preview:-1"},"canonical":"https:\/\/universalpet.cz\/?product=daily-balancer-15kg","og_locale":"cs_CZ","og_type":"article","og_title":"Daily Balancer 15kg - UniversalPet","og_description":"Balancer - Nezbytn\u00fd denn\u00ed dopln\u011bk pro v\u0161echny kon\u011b krmen\u00e9 pouze statkov\u00fdmi krmivy nebo objemnou p\u00edc\u00ed","og_url":"https:\/\/universalpet.cz\/?product=daily-balancer-15kg","og_site_name":"UniversalPet","article_modified_time":"2022-05-04T10:52:05+00:00","og_image":[{"width":400,"height":791,"url":"https:\/\/universalpet.cz\/wp-content\/uploads\/2020\/01\/15kg-daily-balancer-left-new-1.png","type":"image\/png"}],"twitter_card":"summary_large_image","twitter_misc":{"Odhadovan\u00e1 doba \u010dten\u00ed":"1 minuta"},"schema":{"@context":"https:\/\/schema.org","@graph":[{"@type":"WebPage","@id":"https:\/\/universalpet.cz\/?product=daily-balancer-15kg","url":"https:\/\/universalpet.cz\/?product=daily-balancer-15kg","name":"Daily Balancer 15kg - UniversalPet","isPartOf":{"@id":"https:\/\/universalpet.cz\/#website"},"primaryImageOfPage":{"@id":"https:\/\/universalpet.cz\/?product=daily-balancer-15kg#primaryimage"},"image":{"@id":"https:\/\/universalpet.cz\/?product=daily-balancer-15kg#primaryimage"},"thumbnailUrl":"https:\/\/universalpet.cz\/wp-content\/uploads\/2020\/01\/15kg-daily-balancer-left-new-1.png","datePublished":"2020-01-06T11:00:49+00:00","dateModified":"2022-05-04T10:52:05+00:00","description":"Balancer - Nezbytn\u00fd denn\u00ed dopln\u011bk pro v\u0161echny kon\u011b krmen\u00e9 pouze statkov\u00fdmi krmivy nebo objemnou p\u00edc\u00ed","breadcrumb":{"@id":"https:\/\/universalpet.cz\/?product=daily-balancer-15kg#breadcrumb"},"inLanguage":"cs","potentialAction":[{"@type":"ReadAction","target":["https:\/\/universalpet.cz\/?product=daily-balancer-15kg"]}]},{"@type":"ImageObject","inLanguage":"cs","@id":"https:\/\/universalpet.cz\/?product=daily-balancer-15kg#primaryimage","url":"https:\/\/universalpet.cz\/wp-content\/uploads\/2020\/01\/15kg-daily-balancer-left-new-1.png","contentUrl":"https:\/\/universalpet.cz\/wp-content\/uploads\/2020\/01\/15kg-daily-balancer-left-new-1.png","width":400,"height":791},{"@type":"BreadcrumbList","@id":"https:\/\/universalpet.cz\/?product=daily-balancer-15kg#breadcrumb","itemListElement":[{"@type":"ListItem","position":1,"name":"Dom\u016f","item":"https:\/\/universalpet.cz\/"},{"@type":"ListItem","position":2,"name":"Obchod","item":"https:\/\/universalpet.cz\/?page_id=6"},{"@type":"ListItem","position":3,"name":"Daily Balancer 15kg"}]},{"@type":"WebSite","@id":"https:\/\/universalpet.cz\/#website","url":"https:\/\/universalpet.cz\/","name":"UniversalPet","description":"Kvalitn\u00ed krmiva pro Va\u0161e mazl\u00ed\u010dky","potentialAction":[{"@type":"SearchAction","target":{"@type":"EntryPoint","urlTemplate":"https:\/\/universalpet.cz\/?s={search_term_string}"},"query-input":{"@type":"PropertyValueSpecification","valueRequired":true,"valueName":"search_term_string"}}],"inLanguage":"cs"}]}},"post_mailing_queue_ids":[],"_links":{"self":[{"href":"https:\/\/universalpet.cz\/index.php?rest_route=\/wp\/v2\/product\/1282","targetHints":{"allow":["GET"]}}],"collection":[{"href":"https:\/\/universalpet.cz\/index.php?rest_route=\/wp\/v2\/product"}],"about":[{"href":"https:\/\/universalpet.cz\/index.php?rest_route=\/wp\/v2\/types\/product"}],"replies":[{"embeddable":true,"href":"https:\/\/universalpet.cz\/index.php?rest_route=%2Fwp%2Fv2%2Fcomments&post=1282"}],"wp:featuredmedia":[{"embeddable":true,"href":"https:\/\/universalpet.cz\/index.php?rest_route=\/wp\/v2\/media\/1283"}],"wp:attachment":[{"href":"https:\/\/universalpet.cz\/index.php?rest_route=%2Fwp%2Fv2%2Fmedia&parent=1282"}],"wp:term":[{"taxonomy":"product_brand","embeddable":true,"href":"https:\/\/universalpet.cz\/index.php?rest_route=%2Fwp%2Fv2%2Fproduct_brand&post=1282"},{"taxonomy":"product_cat","embeddable":true,"href":"https:\/\/universalpet.cz\/index.php?rest_route=%2Fwp%2Fv2%2Fproduct_cat&post=1282"},{"taxonomy":"product_tag","embeddable":true,"href":"https:\/\/universalpet.cz\/index.php?rest_route=%2Fwp%2Fv2%2Fproduct_tag&post=1282"}],"curies":[{"name":"wp","href":"https:\/\/api.w.org\/{rel}","templated":true}]}}