{"id":1297,"date":"2020-01-06T13:29:16","date_gmt":"2020-01-06T11:29:16","guid":{"rendered":"http:\/\/194.213.36.175:8000\/?post_type=product&#038;p=1297"},"modified":"2024-11-11T15:46:16","modified_gmt":"2024-11-11T13:46:16","slug":"meadowherb-biotin-treats-1kg","status":"publish","type":"product","link":"https:\/\/universalpet.cz\/?product=meadowherb-biotin-treats-1kg","title":{"rendered":"Meadowherb + Biotin Treats 1kg"},"content":{"rendered":"<ul>\n<li>BYLINKOV\u00c9 PAMLSKY (M\u00c1TA, PAMPELI\u0160KA, MAJOR\u00c1NKA, DIVIZNA, KOP\u0158IVA, PETR\u017dEL, \u0160ALV\u011aJ, JETEL, \u010cESNEK, OREGANO, ROZMAR\u00ddN)\u00a0PRO V\u0160ECHNY KON\u011a A PON\u00cdKY<\/li>\n<li>P\u0158\u00cdDAVEK BIOTINU PRO ZDRAV\u00c1 KOPYTA<\/li>\n<li>IDE\u00c1LN\u00cd ODM\u011aNA P\u0158I V\u00ddCVIKU<\/li>\n<li>D\u00cdKY SV\u00c9 VELIKOSTI ST\u00c1LE PO RUCE<\/li>\n<\/ul>\n","protected":false},"excerpt":{"rendered":"<div class=\"detailShort clear\">\n<p>Bylinkov\u00e9 pamlsky s biotinem pro v\u0161echny kon\u011b a pon\u00edky<\/p>\n<\/div>\n<div class=\"detailInfo clear detailPriceInfo\">\n<div><\/div>\n<\/div>\n","protected":false},"featured_media":1298,"comment_status":"open","ping_status":"closed","template":"","meta":[],"product_brand":[],"product_cat":[58,53,54],"product_tag":[],"class_list":{"0":"post-1297","1":"product","2":"type-product","3":"status-publish","4":"has-post-thumbnail","6":"product_cat-doplnky-a-pamlsky","7":"product_cat-kone","8":"product_cat-spillers","10":"first","11":"onbackorder","12":"taxable","13":"shipping-taxable","14":"purchasable","15":"product-type-simple"},"yoast_head":"<!-- This site is optimized with the Yoast SEO plugin v26.9 - https:\/\/yoast.com\/product\/yoast-seo-wordpress\/ -->\n<title>Meadowherb + Biotin Treats 1kg - UniversalPet<\/title>\n<meta name=\"description\" content=\"Bylinkov\u00e9 pamlsky s biotinem pro v\u0161echny kon\u011b a pon\u00edky\" \/>\n<meta name=\"robots\" content=\"index, follow, max-snippet:-1, max-image-preview:large, max-video-preview:-1\" \/>\n<link rel=\"canonical\" href=\"https:\/\/universalpet.cz\/?product=meadowherb-biotin-treats-1kg\" \/>\n<meta property=\"og:locale\" content=\"cs_CZ\" \/>\n<meta property=\"og:type\" content=\"article\" \/>\n<meta property=\"og:title\" content=\"Meadowherb + Biotin Treats 1kg - UniversalPet\" \/>\n<meta property=\"og:description\" content=\"Bylinkov\u00e9 pamlsky s biotinem pro v\u0161echny kon\u011b a pon\u00edky\" \/>\n<meta property=\"og:url\" content=\"https:\/\/universalpet.cz\/?product=meadowherb-biotin-treats-1kg\" \/>\n<meta property=\"og:site_name\" content=\"UniversalPet\" \/>\n<meta property=\"article:modified_time\" content=\"2024-11-11T13:46:16+00:00\" \/>\n<meta property=\"og:image\" content=\"https:\/\/universalpet.cz\/wp-content\/uploads\/2020\/01\/1kg-treats-meadow-herb-biotin-left.png\" \/>\n\t<meta property=\"og:image:width\" content=\"598\" \/>\n\t<meta property=\"og:image:height\" content=\"1022\" \/>\n\t<meta property=\"og:image:type\" content=\"image\/png\" \/>\n<meta name=\"twitter:card\" content=\"summary_large_image\" \/>\n<script type=\"application\/ld+json\" class=\"yoast-schema-graph\">{\"@context\":\"https:\/\/schema.org\",\"@graph\":[{\"@type\":\"WebPage\",\"@id\":\"https:\/\/universalpet.cz\/?product=meadowherb-biotin-treats-1kg\",\"url\":\"https:\/\/universalpet.cz\/?product=meadowherb-biotin-treats-1kg\",\"name\":\"Meadowherb + Biotin Treats 1kg - UniversalPet\",\"isPartOf\":{\"@id\":\"https:\/\/universalpet.cz\/#website\"},\"primaryImageOfPage\":{\"@id\":\"https:\/\/universalpet.cz\/?product=meadowherb-biotin-treats-1kg#primaryimage\"},\"image\":{\"@id\":\"https:\/\/universalpet.cz\/?product=meadowherb-biotin-treats-1kg#primaryimage\"},\"thumbnailUrl\":\"https:\/\/universalpet.cz\/wp-content\/uploads\/2020\/01\/1kg-treats-meadow-herb-biotin-left.png\",\"datePublished\":\"2020-01-06T11:29:16+00:00\",\"dateModified\":\"2024-11-11T13:46:16+00:00\",\"description\":\"Bylinkov\u00e9 pamlsky s biotinem pro v\u0161echny kon\u011b a pon\u00edky\",\"breadcrumb\":{\"@id\":\"https:\/\/universalpet.cz\/?product=meadowherb-biotin-treats-1kg#breadcrumb\"},\"inLanguage\":\"cs\",\"potentialAction\":[{\"@type\":\"ReadAction\",\"target\":[\"https:\/\/universalpet.cz\/?product=meadowherb-biotin-treats-1kg\"]}]},{\"@type\":\"ImageObject\",\"inLanguage\":\"cs\",\"@id\":\"https:\/\/universalpet.cz\/?product=meadowherb-biotin-treats-1kg#primaryimage\",\"url\":\"https:\/\/universalpet.cz\/wp-content\/uploads\/2020\/01\/1kg-treats-meadow-herb-biotin-left.png\",\"contentUrl\":\"https:\/\/universalpet.cz\/wp-content\/uploads\/2020\/01\/1kg-treats-meadow-herb-biotin-left.png\",\"width\":598,\"height\":1022},{\"@type\":\"BreadcrumbList\",\"@id\":\"https:\/\/universalpet.cz\/?product=meadowherb-biotin-treats-1kg#breadcrumb\",\"itemListElement\":[{\"@type\":\"ListItem\",\"position\":1,\"name\":\"Dom\u016f\",\"item\":\"https:\/\/universalpet.cz\/\"},{\"@type\":\"ListItem\",\"position\":2,\"name\":\"Obchod\",\"item\":\"https:\/\/universalpet.cz\/?page_id=6\"},{\"@type\":\"ListItem\",\"position\":3,\"name\":\"Meadowherb + Biotin Treats 1kg\"}]},{\"@type\":\"WebSite\",\"@id\":\"https:\/\/universalpet.cz\/#website\",\"url\":\"https:\/\/universalpet.cz\/\",\"name\":\"UniversalPet\",\"description\":\"Kvalitn\u00ed krmiva pro Va\u0161e mazl\u00ed\u010dky\",\"potentialAction\":[{\"@type\":\"SearchAction\",\"target\":{\"@type\":\"EntryPoint\",\"urlTemplate\":\"https:\/\/universalpet.cz\/?s={search_term_string}\"},\"query-input\":{\"@type\":\"PropertyValueSpecification\",\"valueRequired\":true,\"valueName\":\"search_term_string\"}}],\"inLanguage\":\"cs\"}]}<\/script>\n<!-- \/ Yoast SEO plugin. -->","yoast_head_json":{"title":"Meadowherb + Biotin Treats 1kg - UniversalPet","description":"Bylinkov\u00e9 pamlsky s biotinem pro v\u0161echny kon\u011b a pon\u00edky","robots":{"index":"index","follow":"follow","max-snippet":"max-snippet:-1","max-image-preview":"max-image-preview:large","max-video-preview":"max-video-preview:-1"},"canonical":"https:\/\/universalpet.cz\/?product=meadowherb-biotin-treats-1kg","og_locale":"cs_CZ","og_type":"article","og_title":"Meadowherb + Biotin Treats 1kg - UniversalPet","og_description":"Bylinkov\u00e9 pamlsky s biotinem pro v\u0161echny kon\u011b a pon\u00edky","og_url":"https:\/\/universalpet.cz\/?product=meadowherb-biotin-treats-1kg","og_site_name":"UniversalPet","article_modified_time":"2024-11-11T13:46:16+00:00","og_image":[{"width":598,"height":1022,"url":"https:\/\/universalpet.cz\/wp-content\/uploads\/2020\/01\/1kg-treats-meadow-herb-biotin-left.png","type":"image\/png"}],"twitter_card":"summary_large_image","schema":{"@context":"https:\/\/schema.org","@graph":[{"@type":"WebPage","@id":"https:\/\/universalpet.cz\/?product=meadowherb-biotin-treats-1kg","url":"https:\/\/universalpet.cz\/?product=meadowherb-biotin-treats-1kg","name":"Meadowherb + Biotin Treats 1kg - UniversalPet","isPartOf":{"@id":"https:\/\/universalpet.cz\/#website"},"primaryImageOfPage":{"@id":"https:\/\/universalpet.cz\/?product=meadowherb-biotin-treats-1kg#primaryimage"},"image":{"@id":"https:\/\/universalpet.cz\/?product=meadowherb-biotin-treats-1kg#primaryimage"},"thumbnailUrl":"https:\/\/universalpet.cz\/wp-content\/uploads\/2020\/01\/1kg-treats-meadow-herb-biotin-left.png","datePublished":"2020-01-06T11:29:16+00:00","dateModified":"2024-11-11T13:46:16+00:00","description":"Bylinkov\u00e9 pamlsky s biotinem pro v\u0161echny kon\u011b a pon\u00edky","breadcrumb":{"@id":"https:\/\/universalpet.cz\/?product=meadowherb-biotin-treats-1kg#breadcrumb"},"inLanguage":"cs","potentialAction":[{"@type":"ReadAction","target":["https:\/\/universalpet.cz\/?product=meadowherb-biotin-treats-1kg"]}]},{"@type":"ImageObject","inLanguage":"cs","@id":"https:\/\/universalpet.cz\/?product=meadowherb-biotin-treats-1kg#primaryimage","url":"https:\/\/universalpet.cz\/wp-content\/uploads\/2020\/01\/1kg-treats-meadow-herb-biotin-left.png","contentUrl":"https:\/\/universalpet.cz\/wp-content\/uploads\/2020\/01\/1kg-treats-meadow-herb-biotin-left.png","width":598,"height":1022},{"@type":"BreadcrumbList","@id":"https:\/\/universalpet.cz\/?product=meadowherb-biotin-treats-1kg#breadcrumb","itemListElement":[{"@type":"ListItem","position":1,"name":"Dom\u016f","item":"https:\/\/universalpet.cz\/"},{"@type":"ListItem","position":2,"name":"Obchod","item":"https:\/\/universalpet.cz\/?page_id=6"},{"@type":"ListItem","position":3,"name":"Meadowherb + Biotin Treats 1kg"}]},{"@type":"WebSite","@id":"https:\/\/universalpet.cz\/#website","url":"https:\/\/universalpet.cz\/","name":"UniversalPet","description":"Kvalitn\u00ed krmiva pro Va\u0161e mazl\u00ed\u010dky","potentialAction":[{"@type":"SearchAction","target":{"@type":"EntryPoint","urlTemplate":"https:\/\/universalpet.cz\/?s={search_term_string}"},"query-input":{"@type":"PropertyValueSpecification","valueRequired":true,"valueName":"search_term_string"}}],"inLanguage":"cs"}]}},"post_mailing_queue_ids":[],"_links":{"self":[{"href":"https:\/\/universalpet.cz\/index.php?rest_route=\/wp\/v2\/product\/1297","targetHints":{"allow":["GET"]}}],"collection":[{"href":"https:\/\/universalpet.cz\/index.php?rest_route=\/wp\/v2\/product"}],"about":[{"href":"https:\/\/universalpet.cz\/index.php?rest_route=\/wp\/v2\/types\/product"}],"replies":[{"embeddable":true,"href":"https:\/\/universalpet.cz\/index.php?rest_route=%2Fwp%2Fv2%2Fcomments&post=1297"}],"wp:featuredmedia":[{"embeddable":true,"href":"https:\/\/universalpet.cz\/index.php?rest_route=\/wp\/v2\/media\/1298"}],"wp:attachment":[{"href":"https:\/\/universalpet.cz\/index.php?rest_route=%2Fwp%2Fv2%2Fmedia&parent=1297"}],"wp:term":[{"taxonomy":"product_brand","embeddable":true,"href":"https:\/\/universalpet.cz\/index.php?rest_route=%2Fwp%2Fv2%2Fproduct_brand&post=1297"},{"taxonomy":"product_cat","embeddable":true,"href":"https:\/\/universalpet.cz\/index.php?rest_route=%2Fwp%2Fv2%2Fproduct_cat&post=1297"},{"taxonomy":"product_tag","embeddable":true,"href":"https:\/\/universalpet.cz\/index.php?rest_route=%2Fwp%2Fv2%2Fproduct_tag&post=1297"}],"curies":[{"name":"wp","href":"https:\/\/api.w.org\/{rel}","templated":true}]}}