{"id":1303,"date":"2020-01-06T16:31:30","date_gmt":"2020-01-06T14:31:30","guid":{"rendered":"http:\/\/194.213.36.175:8000\/?post_type=product&#038;p=1303"},"modified":"2020-10-31T21:27:25","modified_gmt":"2020-10-31T19:27:25","slug":"mollichaff-veteran-125kg","status":"publish","type":"product","link":"https:\/\/universalpet.cz\/?product=mollichaff-veteran-125kg","title":{"rendered":"Mollichaff Veteran 12,5kg"},"content":{"rendered":"<p>\u2022 MOLLICHAFF VHODN\u00dd PRO V\u0160ECHNY KON\u011a A PON\u00cdKY, ZEJM\u00c9NA PRO SENIORY, H\u0158\u00cdBATA A MLAD\u00c9 KON\u011a<br \/>\n\u2022 V KRAJN\u00cdCH P\u0158\u00cdPADECH M\u016e\u017dE \u010c\u00c1STE\u010cN\u011a NEBO ZCELA NAHRAZOVAT SENO &#8211; POKUD JI\u017d K\u016e\u0147 NEN\u00cd SCHOPN\u00dd ST\u00c9BLA SENA \u017dV\u00ddKAT<br \/>\n\u2022 OBSAH EXTRA VITAMIN\u016e A MINER\u00c1L\u016e<br \/>\n\u2022 OBSAH S\u00d3JOV\u00c9HO A LN\u011aN\u00c9HO OLEJE, KTER\u00dd JE BOHAT\u00ddM ZDROJEM<br \/>\n\u2022 OMEGA 3 MASTN\u00ddCH KYSELIN<br \/>\n\u2022 ANTIOXIDANTY Z P\u0158\u00cdRODN\u00cdCH ZDROJ\u016e PRO PODPORU IMUNITY<br \/>\n\u2022 VYSOK\u00dd POD\u00cdL KOP\u0158IVY, KTER\u00c1 JE P\u0158IROZEN\u011a BOHAT\u00c1 NA VITAMINY A MINER\u00c1LY<br \/>\n\u2022 VYSOK\u00dd POD\u00cdL M\u00c1TY &#8211; PRO PODPORU D\u00ddCHAC\u00cdHO A TR\u00c1V\u00cdC\u00cdHO \u00daSTROJ\u00cd A EXTRA CHUTNOST<br \/>\n\u2022 P\u0158\u00cdDAVEK V\u00c1PN\u00cdKU PRO ZDRAV\u00c9 A SILN\u00c9 KOSTI<br \/>\n\u2022 P\u0158IDAN\u00c1 S\u016eL, JAKO ZDROJ NEJV\u00ddZNAMN\u011aJ\u0160\u00cdCH ELEKTROLYT\u016e &#8211; SOD\u00cdKU A CHLORIDU SODN\u00c9HO<br \/>\n\u2022 BIOTIN PRO ZDRAV\u00c1 KOPYTA<\/p>\n<p>Slo\u017een\u00ed: ovesn\u00e1 sl\u00e1ma, su\u0161en\u00e1 tr\u00e1va, t\u0159tinov\u00e1 melasa, su\u0161en\u00e1 vojt\u011b\u0161ka, m\u00e1ta,\u00a0s\u00f3jov\u00fd olej, ln\u011bn\u00fd olej, vitamino &#8211; miner\u00e1ln\u00ed premix, uhli\u010ditan v\u00e1penat\u00fd,\u00a0kop\u0159iva, s\u016fl<\/p>\n","protected":false},"excerpt":{"rendered":"<div class=\"detailShort clear\">\n<p>MOLLICHAFF S KOP\u0158IVOU A M\u00c1TOU PRO SENIORY, H\u0158\u00cdBATA A MLAD\u00c9 KON\u011a<\/p>\n<\/div>\n<div class=\"detailInfo clear detailPriceInfo\">\n<div><\/div>\n<\/div>\n","protected":false},"featured_media":1305,"comment_status":"open","ping_status":"closed","template":"","meta":[],"product_brand":[],"product_cat":[55,53,59],"product_tag":[],"class_list":{"0":"post-1303","1":"product","2":"type-product","3":"status-publish","4":"has-post-thumbnail","6":"product_cat-horsehage-mollichaff","7":"product_cat-kone","8":"product_cat-rezanky-mollichaff","10":"first","11":"onbackorder","12":"taxable","13":"shipping-taxable","14":"purchasable","15":"product-type-simple"},"yoast_head":"<!-- This site is optimized with the Yoast SEO plugin v26.9 - https:\/\/yoast.com\/product\/yoast-seo-wordpress\/ -->\n<title>Mollichaff Veteran 12,5kg - UniversalPet<\/title>\n<meta name=\"description\" content=\"MOLLICHAFF S KOP\u0158IVOU A M\u00c1TOU PRO SENIORY, H\u0158\u00cdBATA A MLAD\u00c9 KON\u011a\" \/>\n<meta name=\"robots\" content=\"index, follow, max-snippet:-1, max-image-preview:large, max-video-preview:-1\" \/>\n<link rel=\"canonical\" href=\"https:\/\/universalpet.cz\/?product=mollichaff-veteran-125kg\" \/>\n<meta property=\"og:locale\" content=\"cs_CZ\" \/>\n<meta property=\"og:type\" content=\"article\" \/>\n<meta property=\"og:title\" content=\"Mollichaff Veteran 12,5kg - UniversalPet\" \/>\n<meta property=\"og:description\" content=\"MOLLICHAFF S KOP\u0158IVOU A M\u00c1TOU PRO SENIORY, H\u0158\u00cdBATA A MLAD\u00c9 KON\u011a\" \/>\n<meta property=\"og:url\" content=\"https:\/\/universalpet.cz\/?product=mollichaff-veteran-125kg\" \/>\n<meta property=\"og:site_name\" content=\"UniversalPet\" \/>\n<meta property=\"article:modified_time\" content=\"2020-10-31T19:27:25+00:00\" \/>\n<meta property=\"og:image\" content=\"https:\/\/universalpet.cz\/wp-content\/uploads\/2020\/01\/mollichaff-veteran-p3116-8635-image.png\" \/>\n\t<meta property=\"og:image:width\" content=\"650\" \/>\n\t<meta property=\"og:image:height\" content=\"985\" \/>\n\t<meta property=\"og:image:type\" content=\"image\/png\" \/>\n<meta name=\"twitter:card\" content=\"summary_large_image\" \/>\n<meta name=\"twitter:label1\" content=\"Odhadovan\u00e1 doba \u010dten\u00ed\" \/>\n\t<meta name=\"twitter:data1\" content=\"1 minuta\" \/>\n<script type=\"application\/ld+json\" class=\"yoast-schema-graph\">{\"@context\":\"https:\/\/schema.org\",\"@graph\":[{\"@type\":\"WebPage\",\"@id\":\"https:\/\/universalpet.cz\/?product=mollichaff-veteran-125kg\",\"url\":\"https:\/\/universalpet.cz\/?product=mollichaff-veteran-125kg\",\"name\":\"Mollichaff Veteran 12,5kg - UniversalPet\",\"isPartOf\":{\"@id\":\"https:\/\/universalpet.cz\/#website\"},\"primaryImageOfPage\":{\"@id\":\"https:\/\/universalpet.cz\/?product=mollichaff-veteran-125kg#primaryimage\"},\"image\":{\"@id\":\"https:\/\/universalpet.cz\/?product=mollichaff-veteran-125kg#primaryimage\"},\"thumbnailUrl\":\"https:\/\/universalpet.cz\/wp-content\/uploads\/2020\/01\/mollichaff-veteran-p3116-8635-image.png\",\"datePublished\":\"2020-01-06T14:31:30+00:00\",\"dateModified\":\"2020-10-31T19:27:25+00:00\",\"description\":\"MOLLICHAFF S KOP\u0158IVOU A M\u00c1TOU PRO SENIORY, H\u0158\u00cdBATA A MLAD\u00c9 KON\u011a\",\"breadcrumb\":{\"@id\":\"https:\/\/universalpet.cz\/?product=mollichaff-veteran-125kg#breadcrumb\"},\"inLanguage\":\"cs\",\"potentialAction\":[{\"@type\":\"ReadAction\",\"target\":[\"https:\/\/universalpet.cz\/?product=mollichaff-veteran-125kg\"]}]},{\"@type\":\"ImageObject\",\"inLanguage\":\"cs\",\"@id\":\"https:\/\/universalpet.cz\/?product=mollichaff-veteran-125kg#primaryimage\",\"url\":\"https:\/\/universalpet.cz\/wp-content\/uploads\/2020\/01\/mollichaff-veteran-p3116-8635-image.png\",\"contentUrl\":\"https:\/\/universalpet.cz\/wp-content\/uploads\/2020\/01\/mollichaff-veteran-p3116-8635-image.png\",\"width\":650,\"height\":985},{\"@type\":\"BreadcrumbList\",\"@id\":\"https:\/\/universalpet.cz\/?product=mollichaff-veteran-125kg#breadcrumb\",\"itemListElement\":[{\"@type\":\"ListItem\",\"position\":1,\"name\":\"Dom\u016f\",\"item\":\"https:\/\/universalpet.cz\/\"},{\"@type\":\"ListItem\",\"position\":2,\"name\":\"Obchod\",\"item\":\"https:\/\/universalpet.cz\/?page_id=6\"},{\"@type\":\"ListItem\",\"position\":3,\"name\":\"Mollichaff Veteran 12,5kg\"}]},{\"@type\":\"WebSite\",\"@id\":\"https:\/\/universalpet.cz\/#website\",\"url\":\"https:\/\/universalpet.cz\/\",\"name\":\"UniversalPet\",\"description\":\"Kvalitn\u00ed krmiva pro Va\u0161e mazl\u00ed\u010dky\",\"potentialAction\":[{\"@type\":\"SearchAction\",\"target\":{\"@type\":\"EntryPoint\",\"urlTemplate\":\"https:\/\/universalpet.cz\/?s={search_term_string}\"},\"query-input\":{\"@type\":\"PropertyValueSpecification\",\"valueRequired\":true,\"valueName\":\"search_term_string\"}}],\"inLanguage\":\"cs\"}]}<\/script>\n<!-- \/ Yoast SEO plugin. -->","yoast_head_json":{"title":"Mollichaff Veteran 12,5kg - UniversalPet","description":"MOLLICHAFF S KOP\u0158IVOU A M\u00c1TOU PRO SENIORY, H\u0158\u00cdBATA A MLAD\u00c9 KON\u011a","robots":{"index":"index","follow":"follow","max-snippet":"max-snippet:-1","max-image-preview":"max-image-preview:large","max-video-preview":"max-video-preview:-1"},"canonical":"https:\/\/universalpet.cz\/?product=mollichaff-veteran-125kg","og_locale":"cs_CZ","og_type":"article","og_title":"Mollichaff Veteran 12,5kg - UniversalPet","og_description":"MOLLICHAFF S KOP\u0158IVOU A M\u00c1TOU PRO SENIORY, H\u0158\u00cdBATA A MLAD\u00c9 KON\u011a","og_url":"https:\/\/universalpet.cz\/?product=mollichaff-veteran-125kg","og_site_name":"UniversalPet","article_modified_time":"2020-10-31T19:27:25+00:00","og_image":[{"width":650,"height":985,"url":"https:\/\/universalpet.cz\/wp-content\/uploads\/2020\/01\/mollichaff-veteran-p3116-8635-image.png","type":"image\/png"}],"twitter_card":"summary_large_image","twitter_misc":{"Odhadovan\u00e1 doba \u010dten\u00ed":"1 minuta"},"schema":{"@context":"https:\/\/schema.org","@graph":[{"@type":"WebPage","@id":"https:\/\/universalpet.cz\/?product=mollichaff-veteran-125kg","url":"https:\/\/universalpet.cz\/?product=mollichaff-veteran-125kg","name":"Mollichaff Veteran 12,5kg - UniversalPet","isPartOf":{"@id":"https:\/\/universalpet.cz\/#website"},"primaryImageOfPage":{"@id":"https:\/\/universalpet.cz\/?product=mollichaff-veteran-125kg#primaryimage"},"image":{"@id":"https:\/\/universalpet.cz\/?product=mollichaff-veteran-125kg#primaryimage"},"thumbnailUrl":"https:\/\/universalpet.cz\/wp-content\/uploads\/2020\/01\/mollichaff-veteran-p3116-8635-image.png","datePublished":"2020-01-06T14:31:30+00:00","dateModified":"2020-10-31T19:27:25+00:00","description":"MOLLICHAFF S KOP\u0158IVOU A M\u00c1TOU PRO SENIORY, H\u0158\u00cdBATA A MLAD\u00c9 KON\u011a","breadcrumb":{"@id":"https:\/\/universalpet.cz\/?product=mollichaff-veteran-125kg#breadcrumb"},"inLanguage":"cs","potentialAction":[{"@type":"ReadAction","target":["https:\/\/universalpet.cz\/?product=mollichaff-veteran-125kg"]}]},{"@type":"ImageObject","inLanguage":"cs","@id":"https:\/\/universalpet.cz\/?product=mollichaff-veteran-125kg#primaryimage","url":"https:\/\/universalpet.cz\/wp-content\/uploads\/2020\/01\/mollichaff-veteran-p3116-8635-image.png","contentUrl":"https:\/\/universalpet.cz\/wp-content\/uploads\/2020\/01\/mollichaff-veteran-p3116-8635-image.png","width":650,"height":985},{"@type":"BreadcrumbList","@id":"https:\/\/universalpet.cz\/?product=mollichaff-veteran-125kg#breadcrumb","itemListElement":[{"@type":"ListItem","position":1,"name":"Dom\u016f","item":"https:\/\/universalpet.cz\/"},{"@type":"ListItem","position":2,"name":"Obchod","item":"https:\/\/universalpet.cz\/?page_id=6"},{"@type":"ListItem","position":3,"name":"Mollichaff Veteran 12,5kg"}]},{"@type":"WebSite","@id":"https:\/\/universalpet.cz\/#website","url":"https:\/\/universalpet.cz\/","name":"UniversalPet","description":"Kvalitn\u00ed krmiva pro Va\u0161e mazl\u00ed\u010dky","potentialAction":[{"@type":"SearchAction","target":{"@type":"EntryPoint","urlTemplate":"https:\/\/universalpet.cz\/?s={search_term_string}"},"query-input":{"@type":"PropertyValueSpecification","valueRequired":true,"valueName":"search_term_string"}}],"inLanguage":"cs"}]}},"post_mailing_queue_ids":[],"_links":{"self":[{"href":"https:\/\/universalpet.cz\/index.php?rest_route=\/wp\/v2\/product\/1303","targetHints":{"allow":["GET"]}}],"collection":[{"href":"https:\/\/universalpet.cz\/index.php?rest_route=\/wp\/v2\/product"}],"about":[{"href":"https:\/\/universalpet.cz\/index.php?rest_route=\/wp\/v2\/types\/product"}],"replies":[{"embeddable":true,"href":"https:\/\/universalpet.cz\/index.php?rest_route=%2Fwp%2Fv2%2Fcomments&post=1303"}],"wp:featuredmedia":[{"embeddable":true,"href":"https:\/\/universalpet.cz\/index.php?rest_route=\/wp\/v2\/media\/1305"}],"wp:attachment":[{"href":"https:\/\/universalpet.cz\/index.php?rest_route=%2Fwp%2Fv2%2Fmedia&parent=1303"}],"wp:term":[{"taxonomy":"product_brand","embeddable":true,"href":"https:\/\/universalpet.cz\/index.php?rest_route=%2Fwp%2Fv2%2Fproduct_brand&post=1303"},{"taxonomy":"product_cat","embeddable":true,"href":"https:\/\/universalpet.cz\/index.php?rest_route=%2Fwp%2Fv2%2Fproduct_cat&post=1303"},{"taxonomy":"product_tag","embeddable":true,"href":"https:\/\/universalpet.cz\/index.php?rest_route=%2Fwp%2Fv2%2Fproduct_tag&post=1303"}],"curies":[{"name":"wp","href":"https:\/\/api.w.org\/{rel}","templated":true}]}}