{"id":1310,"date":"2020-01-06T16:37:06","date_gmt":"2020-01-06T14:37:06","guid":{"rendered":"http:\/\/194.213.36.175:8000\/?post_type=product&#038;p=1310"},"modified":"2020-01-06T16:37:06","modified_gmt":"2020-01-06T14:37:06","slug":"mollichaff-extra-15kg","status":"publish","type":"product","link":"https:\/\/universalpet.cz\/?product=mollichaff-extra-15kg","title":{"rendered":"Mollichaff Extra 15kg"},"content":{"rendered":"<ul>\n<li>MOLLICHAFF Z NEJLEP\u0160\u00cd OVESN\u00c9 SL\u00c1MY OBOHACEN\u00dd O VITAMINY A MINER\u00c1LY<\/li>\n<li>D\u00cdKY EXTRA D\u00c1VCE VITAMIN\u016e JE SKV\u011aL\u00ddM TAK\u00c9 PRO CHOVN\u00c9 A MLAD\u00c9 KON\u011a<\/li>\n<li>P\u0158IDAN\u00c9 MINER\u00c1LY A STOPOV\u00c9 PRVKY &#8211; SELEN, M\u011a\u010e, HO\u0158\u010c\u00cdK, MANGAN, ZINEK, J\u00d3D A \u017dELEZO<\/li>\n<li>OBSA\u017dEN\u00c9 VITAMINY: A, B1, B6, B12, D3, E, NIACIN, KYSELINA PANTOTENOV\u00c1, KYSELINA LISTOV\u00c1, CHOLIN CHLORID, BIOTIN<\/li>\n<\/ul>\n<p><strong>Slo\u017een\u00ed:<\/strong><br \/>\novesn\u00e1 sl\u00e1ma, t\u0159tinov\u00e1 melasa, vitamino-miner\u00e1ln\u00ed premix<\/p>\n<p><strong>Doporu\u010den\u00e9 denn\u00ed d\u00e1vkov\u00e1n\u00ed, dosp\u011bl\u00fd k\u016f\u0148 500kg:<\/strong><br \/>\n2 velk\u00e9 hrsti do ka\u017ed\u00e9 d\u00e1vky krmen\u00ed<\/p>\n","protected":false},"excerpt":{"rendered":"<div class=\"detailShort clear\">\n<p>MOLLICHAFF &#8211; \u0158EZANKA Z NEJLEP\u0160\u00cd OVESN\u00c9 SL\u00c1MY OBOHACEN\u00dd O VITAMINY A MINER\u00c1LY<\/p>\n<\/div>\n<div class=\"detailInfo clear detailPriceInfo\">\n<div><\/div>\n<\/div>\n","protected":false},"featured_media":1311,"comment_status":"open","ping_status":"closed","template":"","meta":[],"product_brand":[],"product_cat":[55,53,59],"product_tag":[],"class_list":{"0":"post-1310","1":"product","2":"type-product","3":"status-publish","4":"has-post-thumbnail","6":"product_cat-horsehage-mollichaff","7":"product_cat-kone","8":"product_cat-rezanky-mollichaff","10":"first","11":"instock","12":"taxable","13":"shipping-taxable","14":"purchasable","15":"product-type-simple"},"yoast_head":"<!-- This site is optimized with the Yoast SEO plugin v26.9 - https:\/\/yoast.com\/product\/yoast-seo-wordpress\/ -->\n<title>Mollichaff Extra 15kg - UniversalPet<\/title>\n<meta name=\"description\" content=\"MOLLICHAFF - \u0158EZANKA Z NEJLEP\u0160\u00cd OVESN\u00c9 SL\u00c1MY OBOHACEN\u00dd O VITAMINY A MINER\u00c1LY\" \/>\n<meta name=\"robots\" content=\"index, follow, max-snippet:-1, max-image-preview:large, max-video-preview:-1\" \/>\n<link rel=\"canonical\" href=\"https:\/\/universalpet.cz\/?product=mollichaff-extra-15kg\" \/>\n<meta property=\"og:locale\" content=\"cs_CZ\" \/>\n<meta property=\"og:type\" content=\"article\" \/>\n<meta property=\"og:title\" content=\"Mollichaff Extra 15kg - UniversalPet\" \/>\n<meta property=\"og:description\" content=\"MOLLICHAFF - \u0158EZANKA Z NEJLEP\u0160\u00cd OVESN\u00c9 SL\u00c1MY OBOHACEN\u00dd O VITAMINY A MINER\u00c1LY\" \/>\n<meta property=\"og:url\" content=\"https:\/\/universalpet.cz\/?product=mollichaff-extra-15kg\" \/>\n<meta property=\"og:site_name\" content=\"UniversalPet\" \/>\n<meta property=\"og:image\" content=\"https:\/\/universalpet.cz\/wp-content\/uploads\/2020\/01\/mollichaff-extra.jpg\" \/>\n\t<meta property=\"og:image:width\" content=\"490\" \/>\n\t<meta property=\"og:image:height\" content=\"676\" \/>\n\t<meta property=\"og:image:type\" content=\"image\/jpeg\" \/>\n<meta name=\"twitter:card\" content=\"summary_large_image\" \/>\n<script type=\"application\/ld+json\" class=\"yoast-schema-graph\">{\"@context\":\"https:\/\/schema.org\",\"@graph\":[{\"@type\":\"WebPage\",\"@id\":\"https:\/\/universalpet.cz\/?product=mollichaff-extra-15kg\",\"url\":\"https:\/\/universalpet.cz\/?product=mollichaff-extra-15kg\",\"name\":\"Mollichaff Extra 15kg - UniversalPet\",\"isPartOf\":{\"@id\":\"https:\/\/universalpet.cz\/#website\"},\"primaryImageOfPage\":{\"@id\":\"https:\/\/universalpet.cz\/?product=mollichaff-extra-15kg#primaryimage\"},\"image\":{\"@id\":\"https:\/\/universalpet.cz\/?product=mollichaff-extra-15kg#primaryimage\"},\"thumbnailUrl\":\"https:\/\/universalpet.cz\/wp-content\/uploads\/2020\/01\/mollichaff-extra.jpg\",\"datePublished\":\"2020-01-06T14:37:06+00:00\",\"description\":\"MOLLICHAFF - \u0158EZANKA Z NEJLEP\u0160\u00cd OVESN\u00c9 SL\u00c1MY OBOHACEN\u00dd O VITAMINY A MINER\u00c1LY\",\"breadcrumb\":{\"@id\":\"https:\/\/universalpet.cz\/?product=mollichaff-extra-15kg#breadcrumb\"},\"inLanguage\":\"cs\",\"potentialAction\":[{\"@type\":\"ReadAction\",\"target\":[\"https:\/\/universalpet.cz\/?product=mollichaff-extra-15kg\"]}]},{\"@type\":\"ImageObject\",\"inLanguage\":\"cs\",\"@id\":\"https:\/\/universalpet.cz\/?product=mollichaff-extra-15kg#primaryimage\",\"url\":\"https:\/\/universalpet.cz\/wp-content\/uploads\/2020\/01\/mollichaff-extra.jpg\",\"contentUrl\":\"https:\/\/universalpet.cz\/wp-content\/uploads\/2020\/01\/mollichaff-extra.jpg\",\"width\":490,\"height\":676},{\"@type\":\"BreadcrumbList\",\"@id\":\"https:\/\/universalpet.cz\/?product=mollichaff-extra-15kg#breadcrumb\",\"itemListElement\":[{\"@type\":\"ListItem\",\"position\":1,\"name\":\"Dom\u016f\",\"item\":\"https:\/\/universalpet.cz\/\"},{\"@type\":\"ListItem\",\"position\":2,\"name\":\"Obchod\",\"item\":\"https:\/\/universalpet.cz\/?page_id=6\"},{\"@type\":\"ListItem\",\"position\":3,\"name\":\"Mollichaff Extra 15kg\"}]},{\"@type\":\"WebSite\",\"@id\":\"https:\/\/universalpet.cz\/#website\",\"url\":\"https:\/\/universalpet.cz\/\",\"name\":\"UniversalPet\",\"description\":\"Kvalitn\u00ed krmiva pro Va\u0161e mazl\u00ed\u010dky\",\"potentialAction\":[{\"@type\":\"SearchAction\",\"target\":{\"@type\":\"EntryPoint\",\"urlTemplate\":\"https:\/\/universalpet.cz\/?s={search_term_string}\"},\"query-input\":{\"@type\":\"PropertyValueSpecification\",\"valueRequired\":true,\"valueName\":\"search_term_string\"}}],\"inLanguage\":\"cs\"}]}<\/script>\n<!-- \/ Yoast SEO plugin. -->","yoast_head_json":{"title":"Mollichaff Extra 15kg - UniversalPet","description":"MOLLICHAFF - \u0158EZANKA Z NEJLEP\u0160\u00cd OVESN\u00c9 SL\u00c1MY OBOHACEN\u00dd O VITAMINY A MINER\u00c1LY","robots":{"index":"index","follow":"follow","max-snippet":"max-snippet:-1","max-image-preview":"max-image-preview:large","max-video-preview":"max-video-preview:-1"},"canonical":"https:\/\/universalpet.cz\/?product=mollichaff-extra-15kg","og_locale":"cs_CZ","og_type":"article","og_title":"Mollichaff Extra 15kg - UniversalPet","og_description":"MOLLICHAFF - \u0158EZANKA Z NEJLEP\u0160\u00cd OVESN\u00c9 SL\u00c1MY OBOHACEN\u00dd O VITAMINY A MINER\u00c1LY","og_url":"https:\/\/universalpet.cz\/?product=mollichaff-extra-15kg","og_site_name":"UniversalPet","og_image":[{"width":490,"height":676,"url":"https:\/\/universalpet.cz\/wp-content\/uploads\/2020\/01\/mollichaff-extra.jpg","type":"image\/jpeg"}],"twitter_card":"summary_large_image","schema":{"@context":"https:\/\/schema.org","@graph":[{"@type":"WebPage","@id":"https:\/\/universalpet.cz\/?product=mollichaff-extra-15kg","url":"https:\/\/universalpet.cz\/?product=mollichaff-extra-15kg","name":"Mollichaff Extra 15kg - UniversalPet","isPartOf":{"@id":"https:\/\/universalpet.cz\/#website"},"primaryImageOfPage":{"@id":"https:\/\/universalpet.cz\/?product=mollichaff-extra-15kg#primaryimage"},"image":{"@id":"https:\/\/universalpet.cz\/?product=mollichaff-extra-15kg#primaryimage"},"thumbnailUrl":"https:\/\/universalpet.cz\/wp-content\/uploads\/2020\/01\/mollichaff-extra.jpg","datePublished":"2020-01-06T14:37:06+00:00","description":"MOLLICHAFF - \u0158EZANKA Z NEJLEP\u0160\u00cd OVESN\u00c9 SL\u00c1MY OBOHACEN\u00dd O VITAMINY A MINER\u00c1LY","breadcrumb":{"@id":"https:\/\/universalpet.cz\/?product=mollichaff-extra-15kg#breadcrumb"},"inLanguage":"cs","potentialAction":[{"@type":"ReadAction","target":["https:\/\/universalpet.cz\/?product=mollichaff-extra-15kg"]}]},{"@type":"ImageObject","inLanguage":"cs","@id":"https:\/\/universalpet.cz\/?product=mollichaff-extra-15kg#primaryimage","url":"https:\/\/universalpet.cz\/wp-content\/uploads\/2020\/01\/mollichaff-extra.jpg","contentUrl":"https:\/\/universalpet.cz\/wp-content\/uploads\/2020\/01\/mollichaff-extra.jpg","width":490,"height":676},{"@type":"BreadcrumbList","@id":"https:\/\/universalpet.cz\/?product=mollichaff-extra-15kg#breadcrumb","itemListElement":[{"@type":"ListItem","position":1,"name":"Dom\u016f","item":"https:\/\/universalpet.cz\/"},{"@type":"ListItem","position":2,"name":"Obchod","item":"https:\/\/universalpet.cz\/?page_id=6"},{"@type":"ListItem","position":3,"name":"Mollichaff Extra 15kg"}]},{"@type":"WebSite","@id":"https:\/\/universalpet.cz\/#website","url":"https:\/\/universalpet.cz\/","name":"UniversalPet","description":"Kvalitn\u00ed krmiva pro Va\u0161e mazl\u00ed\u010dky","potentialAction":[{"@type":"SearchAction","target":{"@type":"EntryPoint","urlTemplate":"https:\/\/universalpet.cz\/?s={search_term_string}"},"query-input":{"@type":"PropertyValueSpecification","valueRequired":true,"valueName":"search_term_string"}}],"inLanguage":"cs"}]}},"post_mailing_queue_ids":[],"_links":{"self":[{"href":"https:\/\/universalpet.cz\/index.php?rest_route=\/wp\/v2\/product\/1310","targetHints":{"allow":["GET"]}}],"collection":[{"href":"https:\/\/universalpet.cz\/index.php?rest_route=\/wp\/v2\/product"}],"about":[{"href":"https:\/\/universalpet.cz\/index.php?rest_route=\/wp\/v2\/types\/product"}],"replies":[{"embeddable":true,"href":"https:\/\/universalpet.cz\/index.php?rest_route=%2Fwp%2Fv2%2Fcomments&post=1310"}],"wp:featuredmedia":[{"embeddable":true,"href":"https:\/\/universalpet.cz\/index.php?rest_route=\/wp\/v2\/media\/1311"}],"wp:attachment":[{"href":"https:\/\/universalpet.cz\/index.php?rest_route=%2Fwp%2Fv2%2Fmedia&parent=1310"}],"wp:term":[{"taxonomy":"product_brand","embeddable":true,"href":"https:\/\/universalpet.cz\/index.php?rest_route=%2Fwp%2Fv2%2Fproduct_brand&post=1310"},{"taxonomy":"product_cat","embeddable":true,"href":"https:\/\/universalpet.cz\/index.php?rest_route=%2Fwp%2Fv2%2Fproduct_cat&post=1310"},{"taxonomy":"product_tag","embeddable":true,"href":"https:\/\/universalpet.cz\/index.php?rest_route=%2Fwp%2Fv2%2Fproduct_tag&post=1310"}],"curies":[{"name":"wp","href":"https:\/\/api.w.org\/{rel}","templated":true}]}}