{"id":1314,"date":"2020-01-06T16:41:00","date_gmt":"2020-01-06T14:41:00","guid":{"rendered":"http:\/\/194.213.36.175:8000\/?post_type=product&#038;p=1314"},"modified":"2020-01-14T20:09:06","modified_gmt":"2020-01-14T18:09:06","slug":"horsehage-high-fibre-235kg","status":"publish","type":"product","link":"https:\/\/universalpet.cz\/?product=horsehage-high-fibre-235kg","title":{"rendered":"Horsehage High Fibre 23,5kg"},"content":{"rendered":"<ul>\n<li>HORSEHAGE PRO KON\u011a REKREA\u010cN\u00cd, SENIORY, KON\u011a V REKONVALESCENCI NEBO TRP\u00cdC\u00cd LAMINITIDOU A PRO SOUT\u011a\u017dN\u00cd KON\u011a, KTE\u0158\u00cd JSOU KRMENI VYSOK\u00ddMI D\u00c1VKAMI KONCENTR\u00c1T\u016e<\/li>\n<li>N\u00cdZKOENERGETICK\u00c1 HORSEHAGE<\/li>\n<li>NEJVY\u0160\u0160\u00cd OBSAH VL\u00c1KNINY ZE V\u0160ECH DRUH\u016e<\/li>\n<li>VYROBEN\u00c1 Z PLN\u011a ZRAL\u00c9HO J\u00cdLKU VYTRVAL\u00c9HO, D\u00cdKY TOMU JE ZARU\u010cEN VYSOK\u00dd OBSAH VL\u00c1KNINY A N\u00cdZK\u00dd OBSAH B\u00cdLKOVIN<\/li>\n<\/ul>\n","protected":false},"excerpt":{"rendered":"<div class=\"detailShort clear\">\n<p>SEN\u00c1\u017d PRO KON\u011a REKREA\u010cN\u00cd, SENIORY, KON\u011a V REKONVALESCENCI NEBO TRP\u00cdC\u00cd LAMINITIDOU A PRO SOUT\u011a\u017dN\u00cd KON\u011a, KTE\u0158\u00cd JSOU KRMENI VYSOK\u00ddMI D\u00c1VKAMI KONCENTR\u00c1T\u016e<\/p>\n<\/div>\n<div class=\"detailInfo clear detailPriceInfo\">\n<div><\/div>\n<\/div>\n","protected":false},"featured_media":1315,"comment_status":"open","ping_status":"closed","template":"","meta":[],"product_brand":[],"product_cat":[55,53,60],"product_tag":[],"class_list":{"0":"post-1314","1":"product","2":"type-product","3":"status-publish","4":"has-post-thumbnail","6":"product_cat-horsehage-mollichaff","7":"product_cat-kone","8":"product_cat-senaze-horsehage","10":"first","11":"onbackorder","12":"taxable","13":"shipping-taxable","14":"purchasable","15":"product-type-simple"},"yoast_head":"<!-- This site is optimized with the Yoast SEO plugin v26.9 - https:\/\/yoast.com\/product\/yoast-seo-wordpress\/ -->\n<title>Horsehage High Fibre 23,5kg - UniversalPet<\/title>\n<meta name=\"description\" content=\"SEN\u00c1\u017d PRO KON\u011a REKREA\u010cN\u00cd, SENIORY, KON\u011a V REKONVALESCENCI NEBO TRP\u00cdC\u00cd LAMINITIDOU A PRO SOUT\u011a\u017dN\u00cd KON\u011a, KTE\u0158\u00cd JSOU KRMENI VYSOK\u00ddMI D\u00c1VKAMI KONCENTR\u00c1T\u016e\" \/>\n<meta name=\"robots\" content=\"index, follow, max-snippet:-1, max-image-preview:large, max-video-preview:-1\" \/>\n<link rel=\"canonical\" href=\"https:\/\/universalpet.cz\/?product=horsehage-high-fibre-235kg\" \/>\n<meta property=\"og:locale\" content=\"cs_CZ\" \/>\n<meta property=\"og:type\" content=\"article\" \/>\n<meta property=\"og:title\" content=\"Horsehage High Fibre 23,5kg - UniversalPet\" \/>\n<meta property=\"og:description\" content=\"SEN\u00c1\u017d PRO KON\u011a REKREA\u010cN\u00cd, SENIORY, KON\u011a V REKONVALESCENCI NEBO TRP\u00cdC\u00cd LAMINITIDOU A PRO SOUT\u011a\u017dN\u00cd KON\u011a, KTE\u0158\u00cd JSOU KRMENI VYSOK\u00ddMI D\u00c1VKAMI KONCENTR\u00c1T\u016e\" \/>\n<meta property=\"og:url\" content=\"https:\/\/universalpet.cz\/?product=horsehage-high-fibre-235kg\" \/>\n<meta property=\"og:site_name\" content=\"UniversalPet\" \/>\n<meta property=\"article:modified_time\" content=\"2020-01-14T18:09:06+00:00\" \/>\n<meta property=\"og:image\" content=\"https:\/\/universalpet.cz\/wp-content\/uploads\/2020\/01\/horsehage-high-fibre-blue-p3100-8619-image.jpg\" \/>\n\t<meta property=\"og:image:width\" content=\"800\" \/>\n\t<meta property=\"og:image:height\" content=\"922\" \/>\n\t<meta property=\"og:image:type\" content=\"image\/jpeg\" \/>\n<meta name=\"twitter:card\" content=\"summary_large_image\" \/>\n<script type=\"application\/ld+json\" class=\"yoast-schema-graph\">{\"@context\":\"https:\/\/schema.org\",\"@graph\":[{\"@type\":\"WebPage\",\"@id\":\"https:\/\/universalpet.cz\/?product=horsehage-high-fibre-235kg\",\"url\":\"https:\/\/universalpet.cz\/?product=horsehage-high-fibre-235kg\",\"name\":\"Horsehage High Fibre 23,5kg - UniversalPet\",\"isPartOf\":{\"@id\":\"https:\/\/universalpet.cz\/#website\"},\"primaryImageOfPage\":{\"@id\":\"https:\/\/universalpet.cz\/?product=horsehage-high-fibre-235kg#primaryimage\"},\"image\":{\"@id\":\"https:\/\/universalpet.cz\/?product=horsehage-high-fibre-235kg#primaryimage\"},\"thumbnailUrl\":\"https:\/\/universalpet.cz\/wp-content\/uploads\/2020\/01\/horsehage-high-fibre-blue-p3100-8619-image.jpg\",\"datePublished\":\"2020-01-06T14:41:00+00:00\",\"dateModified\":\"2020-01-14T18:09:06+00:00\",\"description\":\"SEN\u00c1\u017d PRO KON\u011a REKREA\u010cN\u00cd, SENIORY, KON\u011a V REKONVALESCENCI NEBO TRP\u00cdC\u00cd LAMINITIDOU A PRO SOUT\u011a\u017dN\u00cd KON\u011a, KTE\u0158\u00cd JSOU KRMENI VYSOK\u00ddMI D\u00c1VKAMI KONCENTR\u00c1T\u016e\",\"breadcrumb\":{\"@id\":\"https:\/\/universalpet.cz\/?product=horsehage-high-fibre-235kg#breadcrumb\"},\"inLanguage\":\"cs\",\"potentialAction\":[{\"@type\":\"ReadAction\",\"target\":[\"https:\/\/universalpet.cz\/?product=horsehage-high-fibre-235kg\"]}]},{\"@type\":\"ImageObject\",\"inLanguage\":\"cs\",\"@id\":\"https:\/\/universalpet.cz\/?product=horsehage-high-fibre-235kg#primaryimage\",\"url\":\"https:\/\/universalpet.cz\/wp-content\/uploads\/2020\/01\/horsehage-high-fibre-blue-p3100-8619-image.jpg\",\"contentUrl\":\"https:\/\/universalpet.cz\/wp-content\/uploads\/2020\/01\/horsehage-high-fibre-blue-p3100-8619-image.jpg\",\"width\":800,\"height\":922},{\"@type\":\"BreadcrumbList\",\"@id\":\"https:\/\/universalpet.cz\/?product=horsehage-high-fibre-235kg#breadcrumb\",\"itemListElement\":[{\"@type\":\"ListItem\",\"position\":1,\"name\":\"Dom\u016f\",\"item\":\"https:\/\/universalpet.cz\/\"},{\"@type\":\"ListItem\",\"position\":2,\"name\":\"Obchod\",\"item\":\"https:\/\/universalpet.cz\/?page_id=6\"},{\"@type\":\"ListItem\",\"position\":3,\"name\":\"Horsehage High Fibre 23,5kg\"}]},{\"@type\":\"WebSite\",\"@id\":\"https:\/\/universalpet.cz\/#website\",\"url\":\"https:\/\/universalpet.cz\/\",\"name\":\"UniversalPet\",\"description\":\"Kvalitn\u00ed krmiva pro Va\u0161e mazl\u00ed\u010dky\",\"potentialAction\":[{\"@type\":\"SearchAction\",\"target\":{\"@type\":\"EntryPoint\",\"urlTemplate\":\"https:\/\/universalpet.cz\/?s={search_term_string}\"},\"query-input\":{\"@type\":\"PropertyValueSpecification\",\"valueRequired\":true,\"valueName\":\"search_term_string\"}}],\"inLanguage\":\"cs\"}]}<\/script>\n<!-- \/ Yoast SEO plugin. -->","yoast_head_json":{"title":"Horsehage High Fibre 23,5kg - UniversalPet","description":"SEN\u00c1\u017d PRO KON\u011a REKREA\u010cN\u00cd, SENIORY, KON\u011a V REKONVALESCENCI NEBO TRP\u00cdC\u00cd LAMINITIDOU A PRO SOUT\u011a\u017dN\u00cd KON\u011a, KTE\u0158\u00cd JSOU KRMENI VYSOK\u00ddMI D\u00c1VKAMI KONCENTR\u00c1T\u016e","robots":{"index":"index","follow":"follow","max-snippet":"max-snippet:-1","max-image-preview":"max-image-preview:large","max-video-preview":"max-video-preview:-1"},"canonical":"https:\/\/universalpet.cz\/?product=horsehage-high-fibre-235kg","og_locale":"cs_CZ","og_type":"article","og_title":"Horsehage High Fibre 23,5kg - UniversalPet","og_description":"SEN\u00c1\u017d PRO KON\u011a REKREA\u010cN\u00cd, SENIORY, KON\u011a V REKONVALESCENCI NEBO TRP\u00cdC\u00cd LAMINITIDOU A PRO SOUT\u011a\u017dN\u00cd KON\u011a, KTE\u0158\u00cd JSOU KRMENI VYSOK\u00ddMI D\u00c1VKAMI KONCENTR\u00c1T\u016e","og_url":"https:\/\/universalpet.cz\/?product=horsehage-high-fibre-235kg","og_site_name":"UniversalPet","article_modified_time":"2020-01-14T18:09:06+00:00","og_image":[{"width":800,"height":922,"url":"https:\/\/universalpet.cz\/wp-content\/uploads\/2020\/01\/horsehage-high-fibre-blue-p3100-8619-image.jpg","type":"image\/jpeg"}],"twitter_card":"summary_large_image","schema":{"@context":"https:\/\/schema.org","@graph":[{"@type":"WebPage","@id":"https:\/\/universalpet.cz\/?product=horsehage-high-fibre-235kg","url":"https:\/\/universalpet.cz\/?product=horsehage-high-fibre-235kg","name":"Horsehage High Fibre 23,5kg - UniversalPet","isPartOf":{"@id":"https:\/\/universalpet.cz\/#website"},"primaryImageOfPage":{"@id":"https:\/\/universalpet.cz\/?product=horsehage-high-fibre-235kg#primaryimage"},"image":{"@id":"https:\/\/universalpet.cz\/?product=horsehage-high-fibre-235kg#primaryimage"},"thumbnailUrl":"https:\/\/universalpet.cz\/wp-content\/uploads\/2020\/01\/horsehage-high-fibre-blue-p3100-8619-image.jpg","datePublished":"2020-01-06T14:41:00+00:00","dateModified":"2020-01-14T18:09:06+00:00","description":"SEN\u00c1\u017d PRO KON\u011a REKREA\u010cN\u00cd, SENIORY, KON\u011a V REKONVALESCENCI NEBO TRP\u00cdC\u00cd LAMINITIDOU A PRO SOUT\u011a\u017dN\u00cd KON\u011a, KTE\u0158\u00cd JSOU KRMENI VYSOK\u00ddMI D\u00c1VKAMI KONCENTR\u00c1T\u016e","breadcrumb":{"@id":"https:\/\/universalpet.cz\/?product=horsehage-high-fibre-235kg#breadcrumb"},"inLanguage":"cs","potentialAction":[{"@type":"ReadAction","target":["https:\/\/universalpet.cz\/?product=horsehage-high-fibre-235kg"]}]},{"@type":"ImageObject","inLanguage":"cs","@id":"https:\/\/universalpet.cz\/?product=horsehage-high-fibre-235kg#primaryimage","url":"https:\/\/universalpet.cz\/wp-content\/uploads\/2020\/01\/horsehage-high-fibre-blue-p3100-8619-image.jpg","contentUrl":"https:\/\/universalpet.cz\/wp-content\/uploads\/2020\/01\/horsehage-high-fibre-blue-p3100-8619-image.jpg","width":800,"height":922},{"@type":"BreadcrumbList","@id":"https:\/\/universalpet.cz\/?product=horsehage-high-fibre-235kg#breadcrumb","itemListElement":[{"@type":"ListItem","position":1,"name":"Dom\u016f","item":"https:\/\/universalpet.cz\/"},{"@type":"ListItem","position":2,"name":"Obchod","item":"https:\/\/universalpet.cz\/?page_id=6"},{"@type":"ListItem","position":3,"name":"Horsehage High Fibre 23,5kg"}]},{"@type":"WebSite","@id":"https:\/\/universalpet.cz\/#website","url":"https:\/\/universalpet.cz\/","name":"UniversalPet","description":"Kvalitn\u00ed krmiva pro Va\u0161e mazl\u00ed\u010dky","potentialAction":[{"@type":"SearchAction","target":{"@type":"EntryPoint","urlTemplate":"https:\/\/universalpet.cz\/?s={search_term_string}"},"query-input":{"@type":"PropertyValueSpecification","valueRequired":true,"valueName":"search_term_string"}}],"inLanguage":"cs"}]}},"post_mailing_queue_ids":[],"_links":{"self":[{"href":"https:\/\/universalpet.cz\/index.php?rest_route=\/wp\/v2\/product\/1314","targetHints":{"allow":["GET"]}}],"collection":[{"href":"https:\/\/universalpet.cz\/index.php?rest_route=\/wp\/v2\/product"}],"about":[{"href":"https:\/\/universalpet.cz\/index.php?rest_route=\/wp\/v2\/types\/product"}],"replies":[{"embeddable":true,"href":"https:\/\/universalpet.cz\/index.php?rest_route=%2Fwp%2Fv2%2Fcomments&post=1314"}],"wp:featuredmedia":[{"embeddable":true,"href":"https:\/\/universalpet.cz\/index.php?rest_route=\/wp\/v2\/media\/1315"}],"wp:attachment":[{"href":"https:\/\/universalpet.cz\/index.php?rest_route=%2Fwp%2Fv2%2Fmedia&parent=1314"}],"wp:term":[{"taxonomy":"product_brand","embeddable":true,"href":"https:\/\/universalpet.cz\/index.php?rest_route=%2Fwp%2Fv2%2Fproduct_brand&post=1314"},{"taxonomy":"product_cat","embeddable":true,"href":"https:\/\/universalpet.cz\/index.php?rest_route=%2Fwp%2Fv2%2Fproduct_cat&post=1314"},{"taxonomy":"product_tag","embeddable":true,"href":"https:\/\/universalpet.cz\/index.php?rest_route=%2Fwp%2Fv2%2Fproduct_tag&post=1314"}],"curies":[{"name":"wp","href":"https:\/\/api.w.org\/{rel}","templated":true}]}}