{"id":1412,"date":"2020-01-13T19:09:55","date_gmt":"2020-01-13T17:09:55","guid":{"rendered":"http:\/\/194.213.36.175:8000\/?post_type=product&#038;p=1412"},"modified":"2020-01-13T19:10:24","modified_gmt":"2020-01-13T17:10:24","slug":"appalachian-valley-13kg","status":"publish","type":"product","link":"https:\/\/universalpet.cz\/?product=appalachian-valley-13kg","title":{"rendered":"Appalachian Valley 13kg"},"content":{"rendered":"<h2>Podrobn\u00fd popis<\/h2>\n<p>P\u0159ed lovcem mazan\u00fdm jak li\u0161ka si v hust\u011b zalesn\u011bn\u00e9m apala\u010dsk\u00e9m \u00fadol\u00ed m\u00e1lokter\u00fd jelen najde bezpe\u010dnou skr\u00fd\u0161. I kdy\u017e v\u00e1\u0161 pes nen\u00ed zrovna velk\u00fd loveck\u00fd \u0161ampion a p\u0159eb\u00fdv\u00e1 rad\u0161i na k\u0159esle v ob\u00fdv\u00e1ku ne\u017e v les\u00edch a luk\u00e1ch, DNA prastar\u00fdch psovit\u00fdch \u0161elem v n\u011bm nem\u00e1te \u0161anci zap\u0159\u00edt. Balen\u00ed Taste of the Wild Appalachian Valley\u2122 pro men\u0161\u00ed plemena tento pud zaru\u010den\u011b uspokoj\u00ed, proto\u017ee je nap\u011bchovan\u00e9 divokou zv\u011b\u0159inou. P\u0159idan\u00e1 je i velmi popul\u00e1rn\u00ed a p\u0159ezdrav\u00e1 cizrna. Ko\u0159ist v tomto krmivu naporcovan\u00e1 na drobn\u011bj\u0161\u00ed kousky je pro men\u0161\u00ed zuby a b\u0159icha ide\u00e1ln\u00ed. Dal\u0161\u00ed zdroje p\u0159\u00edrodn\u00edch protein\u016f, jako je jehn\u011b, kachna nebo ryba, spolehliv\u011b dodaj\u00ed va\u0161emu mal\u00e9mu p\u0159\u00edteli energii na cel\u00fd den. Nezam\u011bniteln\u00e1 chu\u0165a v\u016fn\u011b divo\u010diny okouzl\u00ed va\u0161eho gurm\u00e1na tak, jak to p\u0159\u00edroda p\u016fvodn\u011b zam\u00fd\u0161lela. V\u00e1\u0161 pes tou\u017e\u00ed prohnat jelena v americk\u00e9m apala\u010dsk\u00e9m \u00fadol\u00ed, tak mu to dop\u0159ejte.<\/p>\n<h3><strong>Slo\u017een\u00ed<\/strong><\/h3>\n<p>Zv\u011b\u0159ina (10 %), jehn\u011b\u010d\u00ed mou\u010dka, cizrna (10 %), hr\u00e1ch, \u010do\u010dka, hrachov\u00fd protein, \u0159epkov\u00fd olej, vaje\u010dn\u00fd v\u00fdrobek, kachn\u00ed mou\u010dka, hrachov\u00e1 mouka, raj\u010datov\u00e9 v\u00fdlisky, mou\u010dka z mo\u0159sk\u00fdch ryb, miner\u00e1ly, su\u0161en\u00fd \u010dekankov\u00fd ko\u0159en, raj\u010data, bor\u016fvky, maliny, extrakt z Yucca schidigera.<\/p>\n<h3><strong>Analytick\u00e9 slo\u017eky<\/strong><\/h3>\n<p>Protein 32,0 %, obsah tuku 18,0 %, hrub\u00e1 vl\u00e1knina 4,0 %, hrub\u00fd popel 6,9 %, vlhkost 10,0 %, omega-6 mastn\u00e9 kyseliny 2,8 %, omega-3 mastn\u00e9 kyseliny 0,3 %.<\/p>\n<h3><strong>Vitam\u00edny<\/strong><\/h3>\n<p>Vitam\u00edn A 10 000 IU\/kg, vitam\u00edn D 750 lU\/kg, vitam\u00edn E 150 IU\/kg.<\/p>\n<h3><strong>Stopov\u00e9 prvky<\/strong><\/h3>\n<p>Hydr\u00e1t chel\u00e1tu \u017eeleza a aminokyselin 60 mg\/kg, hydr\u00e1t chel\u00e1tu m\u011bdi a aminokyselin 7,0 mg\/kg, monohydr\u00e1t s\u00edranu \u017eeleznat\u00e9ho 60 mg\/kg, pentahydr\u00e1t s\u00edranu m\u011b\u010fnat\u00e9ho 7,0 mg\/kg, jodid draseln\u00fd 1,5 mg\/kg, hydr\u00e1t chel\u00e1tu manganu a aminokyselin 14 mg\/kg, oxid manganat\u00fd 14 mg\/kg, s\u00edran manganat\u00fd 14 mg\/kg, hydr\u00e1t chel\u00e1tu zinku a aminokyseliny 75 mg\/kg, s\u00edran zine\u010dnat\u00fd 75 mg\/kg, seleni\u010ditan sodn\u00fd 0,3 mg\/kg.<\/p>\n","protected":false},"excerpt":{"rendered":"<div class=\"product-anotation\">Kompletn\u00ed krmivo pro dosp\u011bl\u00e9 psy. Vyv\u00e1\u017een\u00e9 krmivo, kter\u00e9mu dominuje neodolateln\u00e9 maso ze zv\u011b\u0159iny, je ur\u010deno p\u0159edev\u0161\u00edm labu\u017en\u00edk\u016fm z \u0159ad men\u0161\u00edch plemen.<\/div>\n<div class=\"product-controls\">\n<div class=\"product-code\"><\/div>\n<\/div>\n","protected":false},"featured_media":1410,"comment_status":"open","ping_status":"closed","template":"","meta":[],"product_brand":[],"product_cat":[28],"product_tag":[],"class_list":{"0":"post-1412","1":"product","2":"type-product","3":"status-publish","4":"has-post-thumbnail","6":"product_cat-hillsfeline","8":"first","9":"instock","10":"taxable","11":"shipping-taxable","12":"purchasable","13":"product-type-simple"},"yoast_head":"<!-- This site is optimized with the Yoast SEO plugin v26.9 - https:\/\/yoast.com\/product\/yoast-seo-wordpress\/ -->\n<title>Appalachian Valley 13kg - UniversalPet<\/title>\n<meta name=\"description\" content=\"Kompletn\u00ed krmivo pro dosp\u011bl\u00e9 psy. Vyv\u00e1\u017een\u00e9 krmivo, kter\u00e9mu dominuje neodolateln\u00e9 maso ze zv\u011b\u0159iny, je ur\u010deno p\u0159edev\u0161\u00edm labu\u017en\u00edk\u016fm z \u0159ad men\u0161\u00edch plemen.\" \/>\n<meta name=\"robots\" content=\"index, follow, max-snippet:-1, max-image-preview:large, max-video-preview:-1\" \/>\n<link rel=\"canonical\" href=\"https:\/\/universalpet.cz\/?product=appalachian-valley-13kg\" \/>\n<meta property=\"og:locale\" content=\"cs_CZ\" \/>\n<meta property=\"og:type\" content=\"article\" \/>\n<meta property=\"og:title\" content=\"Appalachian Valley 13kg - UniversalPet\" \/>\n<meta property=\"og:description\" content=\"Kompletn\u00ed krmivo pro dosp\u011bl\u00e9 psy. Vyv\u00e1\u017een\u00e9 krmivo, kter\u00e9mu dominuje neodolateln\u00e9 maso ze zv\u011b\u0159iny, je ur\u010deno p\u0159edev\u0161\u00edm labu\u017en\u00edk\u016fm z \u0159ad men\u0161\u00edch plemen.\" \/>\n<meta property=\"og:url\" content=\"https:\/\/universalpet.cz\/?product=appalachian-valley-13kg\" \/>\n<meta property=\"og:site_name\" content=\"UniversalPet\" \/>\n<meta property=\"article:modified_time\" content=\"2020-01-13T17:10:24+00:00\" \/>\n<meta property=\"og:image\" content=\"https:\/\/universalpet.cz\/wp-content\/uploads\/2020\/01\/3d-rendering-app-valley-fr_2.jpeg\" \/>\n\t<meta property=\"og:image:width\" content=\"1080\" \/>\n\t<meta property=\"og:image:height\" content=\"1530\" \/>\n\t<meta property=\"og:image:type\" content=\"image\/jpeg\" \/>\n<meta name=\"twitter:card\" content=\"summary_large_image\" \/>\n<meta name=\"twitter:label1\" content=\"Odhadovan\u00e1 doba \u010dten\u00ed\" \/>\n\t<meta name=\"twitter:data1\" content=\"2 minuty\" \/>\n<script type=\"application\/ld+json\" class=\"yoast-schema-graph\">{\"@context\":\"https:\/\/schema.org\",\"@graph\":[{\"@type\":\"WebPage\",\"@id\":\"https:\/\/universalpet.cz\/?product=appalachian-valley-13kg\",\"url\":\"https:\/\/universalpet.cz\/?product=appalachian-valley-13kg\",\"name\":\"Appalachian Valley 13kg - UniversalPet\",\"isPartOf\":{\"@id\":\"https:\/\/universalpet.cz\/#website\"},\"primaryImageOfPage\":{\"@id\":\"https:\/\/universalpet.cz\/?product=appalachian-valley-13kg#primaryimage\"},\"image\":{\"@id\":\"https:\/\/universalpet.cz\/?product=appalachian-valley-13kg#primaryimage\"},\"thumbnailUrl\":\"https:\/\/universalpet.cz\/wp-content\/uploads\/2020\/01\/3d-rendering-app-valley-fr_2.jpeg\",\"datePublished\":\"2020-01-13T17:09:55+00:00\",\"dateModified\":\"2020-01-13T17:10:24+00:00\",\"description\":\"Kompletn\u00ed krmivo pro dosp\u011bl\u00e9 psy. Vyv\u00e1\u017een\u00e9 krmivo, kter\u00e9mu dominuje neodolateln\u00e9 maso ze zv\u011b\u0159iny, je ur\u010deno p\u0159edev\u0161\u00edm labu\u017en\u00edk\u016fm z \u0159ad men\u0161\u00edch plemen.\",\"breadcrumb\":{\"@id\":\"https:\/\/universalpet.cz\/?product=appalachian-valley-13kg#breadcrumb\"},\"inLanguage\":\"cs\",\"potentialAction\":[{\"@type\":\"ReadAction\",\"target\":[\"https:\/\/universalpet.cz\/?product=appalachian-valley-13kg\"]}]},{\"@type\":\"ImageObject\",\"inLanguage\":\"cs\",\"@id\":\"https:\/\/universalpet.cz\/?product=appalachian-valley-13kg#primaryimage\",\"url\":\"https:\/\/universalpet.cz\/wp-content\/uploads\/2020\/01\/3d-rendering-app-valley-fr_2.jpeg\",\"contentUrl\":\"https:\/\/universalpet.cz\/wp-content\/uploads\/2020\/01\/3d-rendering-app-valley-fr_2.jpeg\",\"width\":1080,\"height\":1530},{\"@type\":\"BreadcrumbList\",\"@id\":\"https:\/\/universalpet.cz\/?product=appalachian-valley-13kg#breadcrumb\",\"itemListElement\":[{\"@type\":\"ListItem\",\"position\":1,\"name\":\"Dom\u016f\",\"item\":\"https:\/\/universalpet.cz\/\"},{\"@type\":\"ListItem\",\"position\":2,\"name\":\"Obchod\",\"item\":\"https:\/\/universalpet.cz\/?page_id=6\"},{\"@type\":\"ListItem\",\"position\":3,\"name\":\"Appalachian Valley 13kg\"}]},{\"@type\":\"WebSite\",\"@id\":\"https:\/\/universalpet.cz\/#website\",\"url\":\"https:\/\/universalpet.cz\/\",\"name\":\"UniversalPet\",\"description\":\"Kvalitn\u00ed krmiva pro Va\u0161e mazl\u00ed\u010dky\",\"potentialAction\":[{\"@type\":\"SearchAction\",\"target\":{\"@type\":\"EntryPoint\",\"urlTemplate\":\"https:\/\/universalpet.cz\/?s={search_term_string}\"},\"query-input\":{\"@type\":\"PropertyValueSpecification\",\"valueRequired\":true,\"valueName\":\"search_term_string\"}}],\"inLanguage\":\"cs\"}]}<\/script>\n<!-- \/ Yoast SEO plugin. -->","yoast_head_json":{"title":"Appalachian Valley 13kg - UniversalPet","description":"Kompletn\u00ed krmivo pro dosp\u011bl\u00e9 psy. Vyv\u00e1\u017een\u00e9 krmivo, kter\u00e9mu dominuje neodolateln\u00e9 maso ze zv\u011b\u0159iny, je ur\u010deno p\u0159edev\u0161\u00edm labu\u017en\u00edk\u016fm z \u0159ad men\u0161\u00edch plemen.","robots":{"index":"index","follow":"follow","max-snippet":"max-snippet:-1","max-image-preview":"max-image-preview:large","max-video-preview":"max-video-preview:-1"},"canonical":"https:\/\/universalpet.cz\/?product=appalachian-valley-13kg","og_locale":"cs_CZ","og_type":"article","og_title":"Appalachian Valley 13kg - UniversalPet","og_description":"Kompletn\u00ed krmivo pro dosp\u011bl\u00e9 psy. Vyv\u00e1\u017een\u00e9 krmivo, kter\u00e9mu dominuje neodolateln\u00e9 maso ze zv\u011b\u0159iny, je ur\u010deno p\u0159edev\u0161\u00edm labu\u017en\u00edk\u016fm z \u0159ad men\u0161\u00edch plemen.","og_url":"https:\/\/universalpet.cz\/?product=appalachian-valley-13kg","og_site_name":"UniversalPet","article_modified_time":"2020-01-13T17:10:24+00:00","og_image":[{"width":1080,"height":1530,"url":"https:\/\/universalpet.cz\/wp-content\/uploads\/2020\/01\/3d-rendering-app-valley-fr_2.jpeg","type":"image\/jpeg"}],"twitter_card":"summary_large_image","twitter_misc":{"Odhadovan\u00e1 doba \u010dten\u00ed":"2 minuty"},"schema":{"@context":"https:\/\/schema.org","@graph":[{"@type":"WebPage","@id":"https:\/\/universalpet.cz\/?product=appalachian-valley-13kg","url":"https:\/\/universalpet.cz\/?product=appalachian-valley-13kg","name":"Appalachian Valley 13kg - UniversalPet","isPartOf":{"@id":"https:\/\/universalpet.cz\/#website"},"primaryImageOfPage":{"@id":"https:\/\/universalpet.cz\/?product=appalachian-valley-13kg#primaryimage"},"image":{"@id":"https:\/\/universalpet.cz\/?product=appalachian-valley-13kg#primaryimage"},"thumbnailUrl":"https:\/\/universalpet.cz\/wp-content\/uploads\/2020\/01\/3d-rendering-app-valley-fr_2.jpeg","datePublished":"2020-01-13T17:09:55+00:00","dateModified":"2020-01-13T17:10:24+00:00","description":"Kompletn\u00ed krmivo pro dosp\u011bl\u00e9 psy. Vyv\u00e1\u017een\u00e9 krmivo, kter\u00e9mu dominuje neodolateln\u00e9 maso ze zv\u011b\u0159iny, je ur\u010deno p\u0159edev\u0161\u00edm labu\u017en\u00edk\u016fm z \u0159ad men\u0161\u00edch plemen.","breadcrumb":{"@id":"https:\/\/universalpet.cz\/?product=appalachian-valley-13kg#breadcrumb"},"inLanguage":"cs","potentialAction":[{"@type":"ReadAction","target":["https:\/\/universalpet.cz\/?product=appalachian-valley-13kg"]}]},{"@type":"ImageObject","inLanguage":"cs","@id":"https:\/\/universalpet.cz\/?product=appalachian-valley-13kg#primaryimage","url":"https:\/\/universalpet.cz\/wp-content\/uploads\/2020\/01\/3d-rendering-app-valley-fr_2.jpeg","contentUrl":"https:\/\/universalpet.cz\/wp-content\/uploads\/2020\/01\/3d-rendering-app-valley-fr_2.jpeg","width":1080,"height":1530},{"@type":"BreadcrumbList","@id":"https:\/\/universalpet.cz\/?product=appalachian-valley-13kg#breadcrumb","itemListElement":[{"@type":"ListItem","position":1,"name":"Dom\u016f","item":"https:\/\/universalpet.cz\/"},{"@type":"ListItem","position":2,"name":"Obchod","item":"https:\/\/universalpet.cz\/?page_id=6"},{"@type":"ListItem","position":3,"name":"Appalachian Valley 13kg"}]},{"@type":"WebSite","@id":"https:\/\/universalpet.cz\/#website","url":"https:\/\/universalpet.cz\/","name":"UniversalPet","description":"Kvalitn\u00ed krmiva pro Va\u0161e mazl\u00ed\u010dky","potentialAction":[{"@type":"SearchAction","target":{"@type":"EntryPoint","urlTemplate":"https:\/\/universalpet.cz\/?s={search_term_string}"},"query-input":{"@type":"PropertyValueSpecification","valueRequired":true,"valueName":"search_term_string"}}],"inLanguage":"cs"}]}},"post_mailing_queue_ids":[],"_links":{"self":[{"href":"https:\/\/universalpet.cz\/index.php?rest_route=\/wp\/v2\/product\/1412","targetHints":{"allow":["GET"]}}],"collection":[{"href":"https:\/\/universalpet.cz\/index.php?rest_route=\/wp\/v2\/product"}],"about":[{"href":"https:\/\/universalpet.cz\/index.php?rest_route=\/wp\/v2\/types\/product"}],"replies":[{"embeddable":true,"href":"https:\/\/universalpet.cz\/index.php?rest_route=%2Fwp%2Fv2%2Fcomments&post=1412"}],"wp:featuredmedia":[{"embeddable":true,"href":"https:\/\/universalpet.cz\/index.php?rest_route=\/wp\/v2\/media\/1410"}],"wp:attachment":[{"href":"https:\/\/universalpet.cz\/index.php?rest_route=%2Fwp%2Fv2%2Fmedia&parent=1412"}],"wp:term":[{"taxonomy":"product_brand","embeddable":true,"href":"https:\/\/universalpet.cz\/index.php?rest_route=%2Fwp%2Fv2%2Fproduct_brand&post=1412"},{"taxonomy":"product_cat","embeddable":true,"href":"https:\/\/universalpet.cz\/index.php?rest_route=%2Fwp%2Fv2%2Fproduct_cat&post=1412"},{"taxonomy":"product_tag","embeddable":true,"href":"https:\/\/universalpet.cz\/index.php?rest_route=%2Fwp%2Fv2%2Fproduct_tag&post=1412"}],"curies":[{"name":"wp","href":"https:\/\/api.w.org\/{rel}","templated":true}]}}