{"id":1417,"date":"2020-01-13T19:13:41","date_gmt":"2020-01-13T17:13:41","guid":{"rendered":"http:\/\/194.213.36.175:8000\/?post_type=product&#038;p=1417"},"modified":"2020-01-13T19:14:16","modified_gmt":"2020-01-13T17:14:16","slug":"pine-forest-13kg","status":"publish","type":"product","link":"https:\/\/universalpet.cz\/?product=pine-forest-13kg","title":{"rendered":"Pine Forest 13kg"},"content":{"rendered":"<h2>Podrobn\u00fd popis<\/h2>\n<p>Psy jsme zm\u011bnili k\u00a0obrazu sv\u00e9mu, jejich chut\u011b v\u0161ak z\u016fstaly stejn\u00e9 jako v\u00a0divok\u00e9 historii. A\u0165 u\u017e m\u00e1te doma vysvalen\u00e9ho atleta, mal\u00e9ho ob\u00fdv\u00e1kov\u00e9ho mazla nebo moudr\u00e9ho p\u0159\u00edtele v\u00a0nejlep\u0161\u00edch letech, p\u0159\u00edrodn\u00ed pudy ob\u010das zavel\u00ed a chu\u0165 na zv\u011b\u0159inu nejde zahnat. Kdy\u017evl\u010d\u00ed \u010denich zav\u011bt\u0159\u00ed balen\u00ed Pine Forest, okam\u017eit\u011b se mu vybav\u00ed divok\u00e1 jelen\u00ed kopyta proh\u00e1n\u011bj\u00edc\u00ed se po \u010derstv\u00e9m borov\u00e9m jehli\u010d\u00ed. Hbit\u00e9 parohy dok\u00e1\u017e\u00ed odehnat kdejak\u00e9ho soka, na vl\u010d\u00ed mlsn\u00e9 geny jsou v\u0161ak kr\u00e1tk\u00e9. Pr\u00e1v\u011bzv\u011b\u0159ina tvo\u0159\u00ed v\u00a0balen\u00ed Pine Forest neobvykl\u00fd zdroj protein\u016f, kter\u00e9 jsou v\u00fdborn\u011b straviteln\u00e9 i\u00a0pro citliv\u011bj\u0161\u00ed \u017ealudky. Ovoce, zelenina a lu\u0161t\u011bniny skv\u011bl\u00e9 d\u00edlo dokonaj\u00ed a u\u010din\u00ed z\u00a0tohoto balen\u00ed komplexn\u00ed a vyv\u00e1\u017een\u00e9 krmivo. Nezam\u011bniteln\u00e1 chu\u0165 a v\u016fn\u011bzv\u011b\u0159iny okouzl\u00ed va\u0161eho gurm\u00e1na tak, jak to p\u0159\u00edroda p\u016fvodn\u011b zam\u00fd\u0161lela. V\u00e1\u0161 pes si tou\u017e\u00ed ulovit svou vlastn\u00ed ko\u0159ist ve sv\u011b\u017e\u00edm borov\u00e9m lese, tak mu to dop\u0159ejte.<\/p>\n<h3>Slo\u017een\u00ed<\/h3>\n<p>Zv\u011b\u0159ina (10 %), jehn\u011b\u010d\u00ed mou\u010dka, cizrna (10 %), hr\u00e1ch (10 %), \u010do\u010dka (10 %), hrachov\u00fd protein, hrachov\u00e1 mouka, vaje\u010dn\u00fd v\u00fdrobek, \u0159epkov\u00fd olej, tapioka, raj\u010datov\u00e9 v\u00fdlisky, mou\u010dka z mo\u0159sk\u00fdch ryb, miner\u00e1ly, su\u0161en\u00fd \u010dekankov\u00fd ko\u0159en, raj\u010data, bor\u016fvky, maliny, extrakt z Yucca schidigera.<\/p>\n<h3><strong>Analytick\u00e9 slo\u017eky<\/strong><\/h3>\n<p>Protein 28,0 %, obsah tuku 15,0%, hrub\u00e1 vl\u00e1knina 4,5%, hrub\u00fd popel 6,9%, vlhkost 10,0%, omega-6 mastn\u00e9 kyseliny 2,8 %, omega-3 mastn\u00e9 kyseliny 0,3 %.<\/p>\n<h3><strong>Vitam\u00edny<\/strong><\/h3>\n<p>Vitam\u00edn A 10 000 IU\/kg, vitam\u00edn D 750 lU\/kg, vitam\u00edn E 150 IU\/kg.<\/p>\n<h3><strong>Stopov\u00e9 prvky<\/strong><\/h3>\n<p>Hydr\u00e1t chel\u00e1tu \u017eeleza a aminokyselin 60 mg\/kg, hydr\u00e1t chel\u00e1tu m\u011bdi a aminokyselin 7,0 mg\/kg, monohydr\u00e1t s\u00edranu \u017eeleznat\u00e9ho 60 mg\/kg, pentahydr\u00e1t s\u00edranu m\u011b\u010fnat\u00e9ho 7,0 mg\/kg, jodid draseln\u00fd 1,5 mg\/kg, hydr\u00e1t chel\u00e1tu manganu a aminokyselin 14 mg\/kg, oxid manganat\u00fd 14 mg\/kg, s\u00edran manganat\u00fd 14 mg\/kg, hydr\u00e1t chel\u00e1tu zinku a aminokyseliny 75 mg\/kg, s\u00edran zine\u010dnat\u00fd 75 mg\/kg, seleni\u010ditan sodn\u00fd 0,3 mg\/kg.<\/p>\n","protected":false},"excerpt":{"rendered":"<div class=\"product-anotation\">Kompletn\u00ed krmivo pro psy nap\u011bchovan\u00e9 zv\u011b\u0159inou je vhodn\u00e9 pro gurm\u00e1ny v\u0161ech plemen a jak\u00e9hokoli v\u011bku.<\/div>\n<div class=\"product-controls\">\n<div class=\"product-code\"><\/div>\n<\/div>\n","protected":false},"featured_media":1414,"comment_status":"open","ping_status":"closed","template":"","meta":[],"product_brand":[],"product_cat":[28],"product_tag":[],"class_list":{"0":"post-1417","1":"product","2":"type-product","3":"status-publish","4":"has-post-thumbnail","6":"product_cat-hillsfeline","8":"first","9":"instock","10":"taxable","11":"shipping-taxable","12":"purchasable","13":"product-type-simple"},"yoast_head":"<!-- This site is optimized with the Yoast SEO plugin v26.9 - https:\/\/yoast.com\/product\/yoast-seo-wordpress\/ -->\n<title>Pine Forest 13kg - UniversalPet<\/title>\n<meta name=\"description\" content=\"Kompletn\u00ed krmivo pro psy nap\u011bchovan\u00e9 zv\u011b\u0159inou je vhodn\u00e9 pro gurm\u00e1ny v\u0161ech plemen a jak\u00e9hokoli v\u011bku.\" \/>\n<meta name=\"robots\" content=\"index, follow, max-snippet:-1, max-image-preview:large, max-video-preview:-1\" \/>\n<link rel=\"canonical\" href=\"https:\/\/universalpet.cz\/?product=pine-forest-13kg\" \/>\n<meta property=\"og:locale\" content=\"cs_CZ\" \/>\n<meta property=\"og:type\" content=\"article\" \/>\n<meta property=\"og:title\" content=\"Pine Forest 13kg - UniversalPet\" \/>\n<meta property=\"og:description\" content=\"Kompletn\u00ed krmivo pro psy nap\u011bchovan\u00e9 zv\u011b\u0159inou je vhodn\u00e9 pro gurm\u00e1ny v\u0161ech plemen a jak\u00e9hokoli v\u011bku.\" \/>\n<meta property=\"og:url\" content=\"https:\/\/universalpet.cz\/?product=pine-forest-13kg\" \/>\n<meta property=\"og:site_name\" content=\"UniversalPet\" \/>\n<meta property=\"article:modified_time\" content=\"2020-01-13T17:14:16+00:00\" \/>\n<meta property=\"og:image\" content=\"https:\/\/universalpet.cz\/wp-content\/uploads\/2020\/01\/3d-rendering-pine-forest-fr.jpeg\" \/>\n\t<meta property=\"og:image:width\" content=\"1080\" \/>\n\t<meta property=\"og:image:height\" content=\"1440\" \/>\n\t<meta property=\"og:image:type\" content=\"image\/jpeg\" \/>\n<meta name=\"twitter:card\" content=\"summary_large_image\" \/>\n<meta name=\"twitter:label1\" content=\"Odhadovan\u00e1 doba \u010dten\u00ed\" \/>\n\t<meta name=\"twitter:data1\" content=\"2 minuty\" \/>\n<script type=\"application\/ld+json\" class=\"yoast-schema-graph\">{\"@context\":\"https:\/\/schema.org\",\"@graph\":[{\"@type\":\"WebPage\",\"@id\":\"https:\/\/universalpet.cz\/?product=pine-forest-13kg\",\"url\":\"https:\/\/universalpet.cz\/?product=pine-forest-13kg\",\"name\":\"Pine Forest 13kg - UniversalPet\",\"isPartOf\":{\"@id\":\"https:\/\/universalpet.cz\/#website\"},\"primaryImageOfPage\":{\"@id\":\"https:\/\/universalpet.cz\/?product=pine-forest-13kg#primaryimage\"},\"image\":{\"@id\":\"https:\/\/universalpet.cz\/?product=pine-forest-13kg#primaryimage\"},\"thumbnailUrl\":\"https:\/\/universalpet.cz\/wp-content\/uploads\/2020\/01\/3d-rendering-pine-forest-fr.jpeg\",\"datePublished\":\"2020-01-13T17:13:41+00:00\",\"dateModified\":\"2020-01-13T17:14:16+00:00\",\"description\":\"Kompletn\u00ed krmivo pro psy nap\u011bchovan\u00e9 zv\u011b\u0159inou je vhodn\u00e9 pro gurm\u00e1ny v\u0161ech plemen a jak\u00e9hokoli v\u011bku.\",\"breadcrumb\":{\"@id\":\"https:\/\/universalpet.cz\/?product=pine-forest-13kg#breadcrumb\"},\"inLanguage\":\"cs\",\"potentialAction\":[{\"@type\":\"ReadAction\",\"target\":[\"https:\/\/universalpet.cz\/?product=pine-forest-13kg\"]}]},{\"@type\":\"ImageObject\",\"inLanguage\":\"cs\",\"@id\":\"https:\/\/universalpet.cz\/?product=pine-forest-13kg#primaryimage\",\"url\":\"https:\/\/universalpet.cz\/wp-content\/uploads\/2020\/01\/3d-rendering-pine-forest-fr.jpeg\",\"contentUrl\":\"https:\/\/universalpet.cz\/wp-content\/uploads\/2020\/01\/3d-rendering-pine-forest-fr.jpeg\",\"width\":1080,\"height\":1440},{\"@type\":\"BreadcrumbList\",\"@id\":\"https:\/\/universalpet.cz\/?product=pine-forest-13kg#breadcrumb\",\"itemListElement\":[{\"@type\":\"ListItem\",\"position\":1,\"name\":\"Dom\u016f\",\"item\":\"https:\/\/universalpet.cz\/\"},{\"@type\":\"ListItem\",\"position\":2,\"name\":\"Obchod\",\"item\":\"https:\/\/universalpet.cz\/?page_id=6\"},{\"@type\":\"ListItem\",\"position\":3,\"name\":\"Pine Forest 13kg\"}]},{\"@type\":\"WebSite\",\"@id\":\"https:\/\/universalpet.cz\/#website\",\"url\":\"https:\/\/universalpet.cz\/\",\"name\":\"UniversalPet\",\"description\":\"Kvalitn\u00ed krmiva pro Va\u0161e mazl\u00ed\u010dky\",\"potentialAction\":[{\"@type\":\"SearchAction\",\"target\":{\"@type\":\"EntryPoint\",\"urlTemplate\":\"https:\/\/universalpet.cz\/?s={search_term_string}\"},\"query-input\":{\"@type\":\"PropertyValueSpecification\",\"valueRequired\":true,\"valueName\":\"search_term_string\"}}],\"inLanguage\":\"cs\"}]}<\/script>\n<!-- \/ Yoast SEO plugin. -->","yoast_head_json":{"title":"Pine Forest 13kg - UniversalPet","description":"Kompletn\u00ed krmivo pro psy nap\u011bchovan\u00e9 zv\u011b\u0159inou je vhodn\u00e9 pro gurm\u00e1ny v\u0161ech plemen a jak\u00e9hokoli v\u011bku.","robots":{"index":"index","follow":"follow","max-snippet":"max-snippet:-1","max-image-preview":"max-image-preview:large","max-video-preview":"max-video-preview:-1"},"canonical":"https:\/\/universalpet.cz\/?product=pine-forest-13kg","og_locale":"cs_CZ","og_type":"article","og_title":"Pine Forest 13kg - UniversalPet","og_description":"Kompletn\u00ed krmivo pro psy nap\u011bchovan\u00e9 zv\u011b\u0159inou je vhodn\u00e9 pro gurm\u00e1ny v\u0161ech plemen a jak\u00e9hokoli v\u011bku.","og_url":"https:\/\/universalpet.cz\/?product=pine-forest-13kg","og_site_name":"UniversalPet","article_modified_time":"2020-01-13T17:14:16+00:00","og_image":[{"width":1080,"height":1440,"url":"https:\/\/universalpet.cz\/wp-content\/uploads\/2020\/01\/3d-rendering-pine-forest-fr.jpeg","type":"image\/jpeg"}],"twitter_card":"summary_large_image","twitter_misc":{"Odhadovan\u00e1 doba \u010dten\u00ed":"2 minuty"},"schema":{"@context":"https:\/\/schema.org","@graph":[{"@type":"WebPage","@id":"https:\/\/universalpet.cz\/?product=pine-forest-13kg","url":"https:\/\/universalpet.cz\/?product=pine-forest-13kg","name":"Pine Forest 13kg - UniversalPet","isPartOf":{"@id":"https:\/\/universalpet.cz\/#website"},"primaryImageOfPage":{"@id":"https:\/\/universalpet.cz\/?product=pine-forest-13kg#primaryimage"},"image":{"@id":"https:\/\/universalpet.cz\/?product=pine-forest-13kg#primaryimage"},"thumbnailUrl":"https:\/\/universalpet.cz\/wp-content\/uploads\/2020\/01\/3d-rendering-pine-forest-fr.jpeg","datePublished":"2020-01-13T17:13:41+00:00","dateModified":"2020-01-13T17:14:16+00:00","description":"Kompletn\u00ed krmivo pro psy nap\u011bchovan\u00e9 zv\u011b\u0159inou je vhodn\u00e9 pro gurm\u00e1ny v\u0161ech plemen a jak\u00e9hokoli v\u011bku.","breadcrumb":{"@id":"https:\/\/universalpet.cz\/?product=pine-forest-13kg#breadcrumb"},"inLanguage":"cs","potentialAction":[{"@type":"ReadAction","target":["https:\/\/universalpet.cz\/?product=pine-forest-13kg"]}]},{"@type":"ImageObject","inLanguage":"cs","@id":"https:\/\/universalpet.cz\/?product=pine-forest-13kg#primaryimage","url":"https:\/\/universalpet.cz\/wp-content\/uploads\/2020\/01\/3d-rendering-pine-forest-fr.jpeg","contentUrl":"https:\/\/universalpet.cz\/wp-content\/uploads\/2020\/01\/3d-rendering-pine-forest-fr.jpeg","width":1080,"height":1440},{"@type":"BreadcrumbList","@id":"https:\/\/universalpet.cz\/?product=pine-forest-13kg#breadcrumb","itemListElement":[{"@type":"ListItem","position":1,"name":"Dom\u016f","item":"https:\/\/universalpet.cz\/"},{"@type":"ListItem","position":2,"name":"Obchod","item":"https:\/\/universalpet.cz\/?page_id=6"},{"@type":"ListItem","position":3,"name":"Pine Forest 13kg"}]},{"@type":"WebSite","@id":"https:\/\/universalpet.cz\/#website","url":"https:\/\/universalpet.cz\/","name":"UniversalPet","description":"Kvalitn\u00ed krmiva pro Va\u0161e mazl\u00ed\u010dky","potentialAction":[{"@type":"SearchAction","target":{"@type":"EntryPoint","urlTemplate":"https:\/\/universalpet.cz\/?s={search_term_string}"},"query-input":{"@type":"PropertyValueSpecification","valueRequired":true,"valueName":"search_term_string"}}],"inLanguage":"cs"}]}},"post_mailing_queue_ids":[],"_links":{"self":[{"href":"https:\/\/universalpet.cz\/index.php?rest_route=\/wp\/v2\/product\/1417","targetHints":{"allow":["GET"]}}],"collection":[{"href":"https:\/\/universalpet.cz\/index.php?rest_route=\/wp\/v2\/product"}],"about":[{"href":"https:\/\/universalpet.cz\/index.php?rest_route=\/wp\/v2\/types\/product"}],"replies":[{"embeddable":true,"href":"https:\/\/universalpet.cz\/index.php?rest_route=%2Fwp%2Fv2%2Fcomments&post=1417"}],"wp:featuredmedia":[{"embeddable":true,"href":"https:\/\/universalpet.cz\/index.php?rest_route=\/wp\/v2\/media\/1414"}],"wp:attachment":[{"href":"https:\/\/universalpet.cz\/index.php?rest_route=%2Fwp%2Fv2%2Fmedia&parent=1417"}],"wp:term":[{"taxonomy":"product_brand","embeddable":true,"href":"https:\/\/universalpet.cz\/index.php?rest_route=%2Fwp%2Fv2%2Fproduct_brand&post=1417"},{"taxonomy":"product_cat","embeddable":true,"href":"https:\/\/universalpet.cz\/index.php?rest_route=%2Fwp%2Fv2%2Fproduct_cat&post=1417"},{"taxonomy":"product_tag","embeddable":true,"href":"https:\/\/universalpet.cz\/index.php?rest_route=%2Fwp%2Fv2%2Fproduct_tag&post=1417"}],"curies":[{"name":"wp","href":"https:\/\/api.w.org\/{rel}","templated":true}]}}