{"id":1422,"date":"2020-01-13T19:19:04","date_gmt":"2020-01-13T17:19:04","guid":{"rendered":"http:\/\/194.213.36.175:8000\/?post_type=product&#038;p=1422"},"modified":"2020-01-13T19:19:34","modified_gmt":"2020-01-13T17:19:34","slug":"high-prairie-puppy-13kg","status":"publish","type":"product","link":"https:\/\/universalpet.cz\/?product=high-prairie-puppy-13kg","title":{"rendered":"High Prairie Puppy 13kg"},"content":{"rendered":"<h2>Podrobn\u00fd popis<\/h2>\n<p>Mlsn\u00ed vlci p\u0159ed lety proh\u00e1n\u011bli po severoamerick\u00fdch pr\u00e9ri\u00edch mohutn\u00e9 bizony a r\u00e1di u\u00a0toho zau\u010dovali sv\u00e9 zv\u00eddav\u00e9 potomky. Pr\u00e1v\u011b vl\u010d\u00ed DNA \u017eene va\u0161e \u0161t\u011bn\u011b za krmivem High Prairie Puppy. V\u00a0n\u011bm si m\u016f\u017ee pochutnat pr\u00e1v\u011b na pe\u010den\u00e9m bizonovi a hromad\u011b dal\u0161\u00edch druh\u016f masa pln\u00e9ho divok\u00fdch b\u00edlkovin. P\u0159ibaleno je srn\u010d\u00ed, jehn\u011b\u010d\u00ed, nebo hov\u011bz\u00ed, ale dokonce i\u00a0sousto mo\u0159sk\u00e9 ryby. D\u00edky lososov\u00e9mu oleji dostane v\u00e1\u0161 mal\u00fd labu\u017en\u00edk d\u00e1vku d\u016fle\u017eit\u00e9 omega-3\u00a0mastn\u00e9 kyseliny jm\u00e9nem DHA, kter\u00e1 je nezbytn\u00e1 pro spr\u00e1vn\u00fd v\u00fdvoj mozku a zraku od ran\u00e9ho v\u011bku. Sm\u011bs bor\u016fvek a malin spolu s\u00a0raj\u010daty, hr\u00e1\u0161kem a bat\u00e1ty dodaj\u00ed vitaminy, antioxidanty, miner\u00e1ly, vl\u00e1kninu a p\u0159\u00edd\u011bl dal\u0161\u00edch nenahraditeln\u00fdch protein\u016f.<\/p>\n<h3><strong>Slo\u017een\u00ed<\/strong><\/h3>\n<p>Bizon (10,5 %), jehn\u011b\u010d\u00ed mou\u010dka, bat\u00e1ty, vaje\u010dn\u00fd v\u00fdrobek, hrachov\u00fd protein, hr\u00e1ch, brambory, \u0159epkov\u00fd olej, raj\u010datov\u00e9 v\u00fdlisky, pe\u010den\u00e1 zv\u011b\u0159ina (4 %), hov\u011bz\u00ed, ln\u011bn\u00e9 sem\u00ednko, bramborov\u00e1 vl\u00e1knina, mou\u010dka z mo\u0159sk\u00fdch ryb, lososov\u00fd olej (zdroj DHA), miner\u00e1ly, su\u0161en\u00fd \u010dekankov\u00fd ko\u0159en, extrakt z Yucca schidigera, raj\u010data, bor\u016fvky, maliny.<\/p>\n<h3><strong>Analytick\u00e9 slo\u017eky<\/strong><\/h3>\n<p>Protein 28,0 %, obsah tuku 17,0 %, hrub\u00e1 vl\u00e1knina 5,0 %, hrub\u00fd popel 7,9 %, vlhkost 10,0 %, omega-6 mastn\u00e9 kyseliny 2,8 %, omega-3 mastn\u00e9 kyseliny 0,3 %, DHA (kyselina dokosahexaenov\u00e1) 0,05 %.<\/p>\n<h3><strong>Vitam\u00edny<\/strong><\/h3>\n<p>Vitam\u00edn A 11 500 lU\/kg, vitam\u00edn D 865 lU\/kg, vitam\u00edn E 175 IU\/kg.<\/p>\n<h3><strong>Stopov\u00e9 prvky<\/strong><\/h3>\n<p>Hydr\u00e1t chel\u00e1tu \u017eeleza a aminokyselin 69 mg\/kg, hydr\u00e1t chel\u00e1tu m\u011bdi a aminokyselin 8 mg\/kg, monohydr\u00e1t s\u00edranu \u017eeleznat\u00e9ho 69 mg\/kg, pentahydr\u00e1t s\u00edranu m\u011b\u010fnat\u00e9ho 8 mg\/kg, jodid draseln\u00fd 1,75mg\/kg, hydr\u00e1t chel\u00e1tu manganu a aminokyselin 14 mg\/kg, oxid manganat\u00fd 14 mg\/kg, s\u00edran manganat\u00fd 14 mg\/kg, hydr\u00e1t chel\u00e1tu zinku a aminokyseliny 75 mg\/kg, s\u00edran zine\u010dnat\u00fd 75 mg\/kg, seleni\u010ditan sodn\u00fd 0,3 mg\/kg.<\/p>\n","protected":false},"excerpt":{"rendered":"<p>Kompletn\u00ed krmivo pro \u0161t\u011b\u0148ata vhodn\u00e9 pro v\u0161echna st\u00e1dia \u017eivota. Pe\u010den\u00fd bizon s lososov\u00fdm olejem pro bezchybn\u00fd v\u00fdvoj. P\u0159idan\u00e9 srn\u010d\u00ed, jehn\u011b\u010d\u00ed a hov\u011bz\u00ed zaru\u010d\u00ed poctiv\u00fd obsah hrub\u00fdch b\u00edlkovin v tomto krmivu.<\/p>\n","protected":false},"featured_media":1419,"comment_status":"open","ping_status":"closed","template":"","meta":[],"product_brand":[],"product_cat":[28],"product_tag":[],"class_list":{"0":"post-1422","1":"product","2":"type-product","3":"status-publish","4":"has-post-thumbnail","6":"product_cat-hillsfeline","8":"first","9":"instock","10":"taxable","11":"shipping-taxable","12":"purchasable","13":"product-type-simple"},"yoast_head":"<!-- This site is optimized with the Yoast SEO plugin v26.9 - https:\/\/yoast.com\/product\/yoast-seo-wordpress\/ -->\n<title>High Prairie Puppy 13kg - UniversalPet<\/title>\n<meta name=\"description\" content=\"Kompletn\u00ed krmivo pro \u0161t\u011b\u0148ata vhodn\u00e9 pro v\u0161echna st\u00e1dia \u017eivota. Pe\u010den\u00fd bizon s lososov\u00fdm olejem pro bezchybn\u00fd v\u00fdvoj. P\u0159idan\u00e9 srn\u010d\u00ed, jehn\u011b\u010d\u00ed a hov\u011bz\u00ed zaru\u010d\u00ed poctiv\u00fd obsah hrub\u00fdch b\u00edlkovin v tomto krmivu.\" \/>\n<meta name=\"robots\" content=\"index, follow, max-snippet:-1, max-image-preview:large, max-video-preview:-1\" \/>\n<link rel=\"canonical\" href=\"https:\/\/universalpet.cz\/?product=high-prairie-puppy-13kg\" \/>\n<meta property=\"og:locale\" content=\"cs_CZ\" \/>\n<meta property=\"og:type\" content=\"article\" \/>\n<meta property=\"og:title\" content=\"High Prairie Puppy 13kg - UniversalPet\" \/>\n<meta property=\"og:description\" content=\"Kompletn\u00ed krmivo pro \u0161t\u011b\u0148ata vhodn\u00e9 pro v\u0161echna st\u00e1dia \u017eivota. Pe\u010den\u00fd bizon s lososov\u00fdm olejem pro bezchybn\u00fd v\u00fdvoj. P\u0159idan\u00e9 srn\u010d\u00ed, jehn\u011b\u010d\u00ed a hov\u011bz\u00ed zaru\u010d\u00ed poctiv\u00fd obsah hrub\u00fdch b\u00edlkovin v tomto krmivu.\" \/>\n<meta property=\"og:url\" content=\"https:\/\/universalpet.cz\/?product=high-prairie-puppy-13kg\" \/>\n<meta property=\"og:site_name\" content=\"UniversalPet\" \/>\n<meta property=\"article:modified_time\" content=\"2020-01-13T17:19:34+00:00\" \/>\n<meta property=\"og:image\" content=\"https:\/\/universalpet.cz\/wp-content\/uploads\/2020\/01\/3d-rendering-hp-puppy-fr.jpeg\" \/>\n\t<meta property=\"og:image:width\" content=\"1080\" \/>\n\t<meta property=\"og:image:height\" content=\"1440\" \/>\n\t<meta property=\"og:image:type\" content=\"image\/jpeg\" \/>\n<meta name=\"twitter:card\" content=\"summary_large_image\" \/>\n<meta name=\"twitter:label1\" content=\"Odhadovan\u00e1 doba \u010dten\u00ed\" \/>\n\t<meta name=\"twitter:data1\" content=\"2 minuty\" \/>\n<script type=\"application\/ld+json\" class=\"yoast-schema-graph\">{\"@context\":\"https:\/\/schema.org\",\"@graph\":[{\"@type\":\"WebPage\",\"@id\":\"https:\/\/universalpet.cz\/?product=high-prairie-puppy-13kg\",\"url\":\"https:\/\/universalpet.cz\/?product=high-prairie-puppy-13kg\",\"name\":\"High Prairie Puppy 13kg - UniversalPet\",\"isPartOf\":{\"@id\":\"https:\/\/universalpet.cz\/#website\"},\"primaryImageOfPage\":{\"@id\":\"https:\/\/universalpet.cz\/?product=high-prairie-puppy-13kg#primaryimage\"},\"image\":{\"@id\":\"https:\/\/universalpet.cz\/?product=high-prairie-puppy-13kg#primaryimage\"},\"thumbnailUrl\":\"https:\/\/universalpet.cz\/wp-content\/uploads\/2020\/01\/3d-rendering-hp-puppy-fr.jpeg\",\"datePublished\":\"2020-01-13T17:19:04+00:00\",\"dateModified\":\"2020-01-13T17:19:34+00:00\",\"description\":\"Kompletn\u00ed krmivo pro \u0161t\u011b\u0148ata vhodn\u00e9 pro v\u0161echna st\u00e1dia \u017eivota. Pe\u010den\u00fd bizon s lososov\u00fdm olejem pro bezchybn\u00fd v\u00fdvoj. P\u0159idan\u00e9 srn\u010d\u00ed, jehn\u011b\u010d\u00ed a hov\u011bz\u00ed zaru\u010d\u00ed poctiv\u00fd obsah hrub\u00fdch b\u00edlkovin v tomto krmivu.\",\"breadcrumb\":{\"@id\":\"https:\/\/universalpet.cz\/?product=high-prairie-puppy-13kg#breadcrumb\"},\"inLanguage\":\"cs\",\"potentialAction\":[{\"@type\":\"ReadAction\",\"target\":[\"https:\/\/universalpet.cz\/?product=high-prairie-puppy-13kg\"]}]},{\"@type\":\"ImageObject\",\"inLanguage\":\"cs\",\"@id\":\"https:\/\/universalpet.cz\/?product=high-prairie-puppy-13kg#primaryimage\",\"url\":\"https:\/\/universalpet.cz\/wp-content\/uploads\/2020\/01\/3d-rendering-hp-puppy-fr.jpeg\",\"contentUrl\":\"https:\/\/universalpet.cz\/wp-content\/uploads\/2020\/01\/3d-rendering-hp-puppy-fr.jpeg\",\"width\":1080,\"height\":1440},{\"@type\":\"BreadcrumbList\",\"@id\":\"https:\/\/universalpet.cz\/?product=high-prairie-puppy-13kg#breadcrumb\",\"itemListElement\":[{\"@type\":\"ListItem\",\"position\":1,\"name\":\"Dom\u016f\",\"item\":\"https:\/\/universalpet.cz\/\"},{\"@type\":\"ListItem\",\"position\":2,\"name\":\"Obchod\",\"item\":\"https:\/\/universalpet.cz\/?page_id=6\"},{\"@type\":\"ListItem\",\"position\":3,\"name\":\"High Prairie Puppy 13kg\"}]},{\"@type\":\"WebSite\",\"@id\":\"https:\/\/universalpet.cz\/#website\",\"url\":\"https:\/\/universalpet.cz\/\",\"name\":\"UniversalPet\",\"description\":\"Kvalitn\u00ed krmiva pro Va\u0161e mazl\u00ed\u010dky\",\"potentialAction\":[{\"@type\":\"SearchAction\",\"target\":{\"@type\":\"EntryPoint\",\"urlTemplate\":\"https:\/\/universalpet.cz\/?s={search_term_string}\"},\"query-input\":{\"@type\":\"PropertyValueSpecification\",\"valueRequired\":true,\"valueName\":\"search_term_string\"}}],\"inLanguage\":\"cs\"}]}<\/script>\n<!-- \/ Yoast SEO plugin. -->","yoast_head_json":{"title":"High Prairie Puppy 13kg - UniversalPet","description":"Kompletn\u00ed krmivo pro \u0161t\u011b\u0148ata vhodn\u00e9 pro v\u0161echna st\u00e1dia \u017eivota. Pe\u010den\u00fd bizon s lososov\u00fdm olejem pro bezchybn\u00fd v\u00fdvoj. P\u0159idan\u00e9 srn\u010d\u00ed, jehn\u011b\u010d\u00ed a hov\u011bz\u00ed zaru\u010d\u00ed poctiv\u00fd obsah hrub\u00fdch b\u00edlkovin v tomto krmivu.","robots":{"index":"index","follow":"follow","max-snippet":"max-snippet:-1","max-image-preview":"max-image-preview:large","max-video-preview":"max-video-preview:-1"},"canonical":"https:\/\/universalpet.cz\/?product=high-prairie-puppy-13kg","og_locale":"cs_CZ","og_type":"article","og_title":"High Prairie Puppy 13kg - UniversalPet","og_description":"Kompletn\u00ed krmivo pro \u0161t\u011b\u0148ata vhodn\u00e9 pro v\u0161echna st\u00e1dia \u017eivota. Pe\u010den\u00fd bizon s lososov\u00fdm olejem pro bezchybn\u00fd v\u00fdvoj. P\u0159idan\u00e9 srn\u010d\u00ed, jehn\u011b\u010d\u00ed a hov\u011bz\u00ed zaru\u010d\u00ed poctiv\u00fd obsah hrub\u00fdch b\u00edlkovin v tomto krmivu.","og_url":"https:\/\/universalpet.cz\/?product=high-prairie-puppy-13kg","og_site_name":"UniversalPet","article_modified_time":"2020-01-13T17:19:34+00:00","og_image":[{"width":1080,"height":1440,"url":"https:\/\/universalpet.cz\/wp-content\/uploads\/2020\/01\/3d-rendering-hp-puppy-fr.jpeg","type":"image\/jpeg"}],"twitter_card":"summary_large_image","twitter_misc":{"Odhadovan\u00e1 doba \u010dten\u00ed":"2 minuty"},"schema":{"@context":"https:\/\/schema.org","@graph":[{"@type":"WebPage","@id":"https:\/\/universalpet.cz\/?product=high-prairie-puppy-13kg","url":"https:\/\/universalpet.cz\/?product=high-prairie-puppy-13kg","name":"High Prairie Puppy 13kg - UniversalPet","isPartOf":{"@id":"https:\/\/universalpet.cz\/#website"},"primaryImageOfPage":{"@id":"https:\/\/universalpet.cz\/?product=high-prairie-puppy-13kg#primaryimage"},"image":{"@id":"https:\/\/universalpet.cz\/?product=high-prairie-puppy-13kg#primaryimage"},"thumbnailUrl":"https:\/\/universalpet.cz\/wp-content\/uploads\/2020\/01\/3d-rendering-hp-puppy-fr.jpeg","datePublished":"2020-01-13T17:19:04+00:00","dateModified":"2020-01-13T17:19:34+00:00","description":"Kompletn\u00ed krmivo pro \u0161t\u011b\u0148ata vhodn\u00e9 pro v\u0161echna st\u00e1dia \u017eivota. Pe\u010den\u00fd bizon s lososov\u00fdm olejem pro bezchybn\u00fd v\u00fdvoj. P\u0159idan\u00e9 srn\u010d\u00ed, jehn\u011b\u010d\u00ed a hov\u011bz\u00ed zaru\u010d\u00ed poctiv\u00fd obsah hrub\u00fdch b\u00edlkovin v tomto krmivu.","breadcrumb":{"@id":"https:\/\/universalpet.cz\/?product=high-prairie-puppy-13kg#breadcrumb"},"inLanguage":"cs","potentialAction":[{"@type":"ReadAction","target":["https:\/\/universalpet.cz\/?product=high-prairie-puppy-13kg"]}]},{"@type":"ImageObject","inLanguage":"cs","@id":"https:\/\/universalpet.cz\/?product=high-prairie-puppy-13kg#primaryimage","url":"https:\/\/universalpet.cz\/wp-content\/uploads\/2020\/01\/3d-rendering-hp-puppy-fr.jpeg","contentUrl":"https:\/\/universalpet.cz\/wp-content\/uploads\/2020\/01\/3d-rendering-hp-puppy-fr.jpeg","width":1080,"height":1440},{"@type":"BreadcrumbList","@id":"https:\/\/universalpet.cz\/?product=high-prairie-puppy-13kg#breadcrumb","itemListElement":[{"@type":"ListItem","position":1,"name":"Dom\u016f","item":"https:\/\/universalpet.cz\/"},{"@type":"ListItem","position":2,"name":"Obchod","item":"https:\/\/universalpet.cz\/?page_id=6"},{"@type":"ListItem","position":3,"name":"High Prairie Puppy 13kg"}]},{"@type":"WebSite","@id":"https:\/\/universalpet.cz\/#website","url":"https:\/\/universalpet.cz\/","name":"UniversalPet","description":"Kvalitn\u00ed krmiva pro Va\u0161e mazl\u00ed\u010dky","potentialAction":[{"@type":"SearchAction","target":{"@type":"EntryPoint","urlTemplate":"https:\/\/universalpet.cz\/?s={search_term_string}"},"query-input":{"@type":"PropertyValueSpecification","valueRequired":true,"valueName":"search_term_string"}}],"inLanguage":"cs"}]}},"post_mailing_queue_ids":[],"_links":{"self":[{"href":"https:\/\/universalpet.cz\/index.php?rest_route=\/wp\/v2\/product\/1422","targetHints":{"allow":["GET"]}}],"collection":[{"href":"https:\/\/universalpet.cz\/index.php?rest_route=\/wp\/v2\/product"}],"about":[{"href":"https:\/\/universalpet.cz\/index.php?rest_route=\/wp\/v2\/types\/product"}],"replies":[{"embeddable":true,"href":"https:\/\/universalpet.cz\/index.php?rest_route=%2Fwp%2Fv2%2Fcomments&post=1422"}],"wp:featuredmedia":[{"embeddable":true,"href":"https:\/\/universalpet.cz\/index.php?rest_route=\/wp\/v2\/media\/1419"}],"wp:attachment":[{"href":"https:\/\/universalpet.cz\/index.php?rest_route=%2Fwp%2Fv2%2Fmedia&parent=1422"}],"wp:term":[{"taxonomy":"product_brand","embeddable":true,"href":"https:\/\/universalpet.cz\/index.php?rest_route=%2Fwp%2Fv2%2Fproduct_brand&post=1422"},{"taxonomy":"product_cat","embeddable":true,"href":"https:\/\/universalpet.cz\/index.php?rest_route=%2Fwp%2Fv2%2Fproduct_cat&post=1422"},{"taxonomy":"product_tag","embeddable":true,"href":"https:\/\/universalpet.cz\/index.php?rest_route=%2Fwp%2Fv2%2Fproduct_tag&post=1422"}],"curies":[{"name":"wp","href":"https:\/\/api.w.org\/{rel}","templated":true}]}}