{"id":1431,"date":"2020-01-13T19:27:47","date_gmt":"2020-01-13T17:27:47","guid":{"rendered":"http:\/\/194.213.36.175:8000\/?post_type=product&#038;p=1431"},"modified":"2020-01-13T19:28:13","modified_gmt":"2020-01-13T17:28:13","slug":"high-prairie-canine-13kg","status":"publish","type":"product","link":"https:\/\/universalpet.cz\/?product=high-prairie-canine-13kg","title":{"rendered":"High Prairie Canine 13kg"},"content":{"rendered":"<h2>Podrobn\u00fd popis<\/h2>\n<p>Mlsn\u00ed vlci p\u0159ed lety proh\u00e1n\u011bli po severoamerick\u00fdch pr\u00e9ri\u00edch mohutn\u00e9 bizony. Pr\u00e1v\u011b vl\u010d\u00ed DNA \u017eene va\u0161eho labu\u017en\u00edka za krmivem High Prairie. V\u00a0n\u011bm si m\u016f\u017ee pochutnat pr\u00e1v\u011b na pe\u010den\u00e9m bizonovi a\u00a0hromad\u011b dal\u0161\u00edch druh\u016f masa pln\u00e9ho divok\u00fdch b\u00edlkovin. P\u0159ibaleno je srn\u010d\u00ed, jehn\u011b\u010d\u00ed, nebo hov\u011bz\u00ed, ale dokonce i\u00a0sousto mo\u0159sk\u00e9 ryby. High Prairie je kr\u00e1sn\u011b provon\u011bno bylinkami a nechyb\u00ed ani porce ovoce a zeleniny. Sm\u011bs bor\u016fvek a malin spolu s\u00a0raj\u010daty, hr\u00e1\u0161kem a bat\u00e1ty dodaj\u00ed vitaminy, antioxidanty, miner\u00e1ly, vl\u00e1kninu a p\u0159\u00edd\u011bl dal\u0161\u00edch nenahraditeln\u00fdch protein\u016f. High Prairie spl\u0148uje chu\u0165ov\u00e9 po\u017eadavky t\u011bch nejn\u00e1ro\u010dn\u011bj\u0161\u00edch ps\u00edch gurm\u00e1n\u016f.<\/p>\n<h3><strong>Slo\u017een\u00ed<\/strong><\/h3>\n<p>Bizon (12 %), jehn\u011b\u010d\u00ed mou\u010dka, ku\u0159ec\u00ed mou\u010dka, bat\u00e1ty, hr\u00e1ch, brambory, \u0159epkov\u00fd olej, vaje\u010dn\u00fd v\u00fdrobek, hov\u011bz\u00ed, pe\u010den\u00e1 zv\u011b\u0159ina (4 %), raj\u010datov\u00e9 v\u00fdlisky, bramborov\u00e1 b\u00edlkovina, hrachov\u00fd protein, mou\u010dka z mo\u0159sk\u00fdch ryb, miner\u00e1ly, su\u0161en\u00fd \u010dekankov\u00fd ko\u0159en, raj\u010data, bor\u016fvky, maliny, extrakt z Yucca schidigera.<\/p>\n<h3><strong>Analytick\u00e9 slo\u017eky<\/strong><\/h3>\n<p>Protein 32,0 %, obsah tuku 18,0 %, hrub\u00e1 vl\u00e1knina 3,0 %, hrub\u00fd popel 9,2 %, vlhkost 10,0%, omega-6 mastn\u00e9 kyseliny 2,8 %, omega-3 mastn\u00e9 kyseliny 0,3 %.<\/p>\n<h3><strong>Vitam\u00edny<\/strong><\/h3>\n<p>Vitam\u00edn A 10 000 IU, vitam\u00edn D 750 lU, vitam\u00edn E 150 lU.<\/p>\n<h3><strong>Stopov\u00e9 prvky<\/strong><\/h3>\n<p>Hydr\u00e1t chel\u00e1tu \u017eeleza a aminokyselin 60 mg\/kg, hydr\u00e1t chel\u00e1tu m\u011bdi a aminokyselin 7,0 mg\/kg, monohydr\u00e1t s\u00edranu \u017eeleznat\u00e9ho 60 mg\/kg, pentahydr\u00e1t s\u00edranu m\u011b\u010fnat\u00e9ho 7,0 mg\/kg, jodid draseln\u00fd 1,5 mg\/kg, hydr\u00e1t chel\u00e1tu manganu a aminokyselin 14 mg\/kg, oxid manganat\u00fd 14 mg\/kg, s\u00edran manganat\u00fd 14 mg\/kg, hydr\u00e1t chel\u00e1tu zinku a aminokyseliny 75 mg\/kg, s\u00edran zine\u010dnat\u00fd 75 mg\/kg, seleni\u010ditan sodn\u00fd 0,3 mg\/kg.<\/p>\n<h3><\/h3>\n","protected":false},"excerpt":{"rendered":"<div class=\"product-anotation\">Kompletn\u00ed krmivo pro dosp\u011bl\u00e9 psy. Pe\u010den\u00fd bizon a dal\u0161\u00ed druhy divok\u00e9ho masa. Tak\u00e9 srn\u010d\u00ed, jehn\u011b\u010d\u00ed a hov\u011bz\u00ed zaru\u010d\u00ed poctiv\u00fd obsah hrub\u00fdch b\u00edlkovin v tomto krmivu.<\/div>\n<div class=\"product-controls\">\n<div class=\"product-code\"><\/div>\n<\/div>\n","protected":false},"featured_media":1429,"comment_status":"open","ping_status":"closed","template":"","meta":[],"product_brand":[],"product_cat":[28],"product_tag":[],"class_list":{"0":"post-1431","1":"product","2":"type-product","3":"status-publish","4":"has-post-thumbnail","6":"product_cat-hillsfeline","8":"first","9":"instock","10":"taxable","11":"shipping-taxable","12":"purchasable","13":"product-type-simple"},"yoast_head":"<!-- This site is optimized with the Yoast SEO plugin v26.9 - https:\/\/yoast.com\/product\/yoast-seo-wordpress\/ -->\n<title>High Prairie Canine 13kg - UniversalPet<\/title>\n<meta name=\"description\" content=\"Kompletn\u00ed krmivo pro dosp\u011bl\u00e9 psy. Pe\u010den\u00fd bizon a dal\u0161\u00ed druhy divok\u00e9ho masa. Tak\u00e9 srn\u010d\u00ed, jehn\u011b\u010d\u00ed a hov\u011bz\u00ed zaru\u010d\u00ed poctiv\u00fd obsah hrub\u00fdch b\u00edlkovin v tomto krmivu.\" \/>\n<meta name=\"robots\" content=\"index, follow, max-snippet:-1, max-image-preview:large, max-video-preview:-1\" \/>\n<link rel=\"canonical\" href=\"https:\/\/universalpet.cz\/?product=high-prairie-canine-13kg\" \/>\n<meta property=\"og:locale\" content=\"cs_CZ\" \/>\n<meta property=\"og:type\" content=\"article\" \/>\n<meta property=\"og:title\" content=\"High Prairie Canine 13kg - UniversalPet\" \/>\n<meta property=\"og:description\" content=\"Kompletn\u00ed krmivo pro dosp\u011bl\u00e9 psy. Pe\u010den\u00fd bizon a dal\u0161\u00ed druhy divok\u00e9ho masa. Tak\u00e9 srn\u010d\u00ed, jehn\u011b\u010d\u00ed a hov\u011bz\u00ed zaru\u010d\u00ed poctiv\u00fd obsah hrub\u00fdch b\u00edlkovin v tomto krmivu.\" \/>\n<meta property=\"og:url\" content=\"https:\/\/universalpet.cz\/?product=high-prairie-canine-13kg\" \/>\n<meta property=\"og:site_name\" content=\"UniversalPet\" \/>\n<meta property=\"article:modified_time\" content=\"2020-01-13T17:28:13+00:00\" \/>\n<meta property=\"og:image\" content=\"https:\/\/universalpet.cz\/wp-content\/uploads\/2020\/01\/3d-rendering-highprairie-fr.jpeg\" \/>\n\t<meta property=\"og:image:width\" content=\"1080\" \/>\n\t<meta property=\"og:image:height\" content=\"1440\" \/>\n\t<meta property=\"og:image:type\" content=\"image\/jpeg\" \/>\n<meta name=\"twitter:card\" content=\"summary_large_image\" \/>\n<meta name=\"twitter:label1\" content=\"Odhadovan\u00e1 doba \u010dten\u00ed\" \/>\n\t<meta name=\"twitter:data1\" content=\"2 minuty\" \/>\n<script type=\"application\/ld+json\" class=\"yoast-schema-graph\">{\"@context\":\"https:\/\/schema.org\",\"@graph\":[{\"@type\":\"WebPage\",\"@id\":\"https:\/\/universalpet.cz\/?product=high-prairie-canine-13kg\",\"url\":\"https:\/\/universalpet.cz\/?product=high-prairie-canine-13kg\",\"name\":\"High Prairie Canine 13kg - UniversalPet\",\"isPartOf\":{\"@id\":\"https:\/\/universalpet.cz\/#website\"},\"primaryImageOfPage\":{\"@id\":\"https:\/\/universalpet.cz\/?product=high-prairie-canine-13kg#primaryimage\"},\"image\":{\"@id\":\"https:\/\/universalpet.cz\/?product=high-prairie-canine-13kg#primaryimage\"},\"thumbnailUrl\":\"https:\/\/universalpet.cz\/wp-content\/uploads\/2020\/01\/3d-rendering-highprairie-fr.jpeg\",\"datePublished\":\"2020-01-13T17:27:47+00:00\",\"dateModified\":\"2020-01-13T17:28:13+00:00\",\"description\":\"Kompletn\u00ed krmivo pro dosp\u011bl\u00e9 psy. Pe\u010den\u00fd bizon a dal\u0161\u00ed druhy divok\u00e9ho masa. Tak\u00e9 srn\u010d\u00ed, jehn\u011b\u010d\u00ed a hov\u011bz\u00ed zaru\u010d\u00ed poctiv\u00fd obsah hrub\u00fdch b\u00edlkovin v tomto krmivu.\",\"breadcrumb\":{\"@id\":\"https:\/\/universalpet.cz\/?product=high-prairie-canine-13kg#breadcrumb\"},\"inLanguage\":\"cs\",\"potentialAction\":[{\"@type\":\"ReadAction\",\"target\":[\"https:\/\/universalpet.cz\/?product=high-prairie-canine-13kg\"]}]},{\"@type\":\"ImageObject\",\"inLanguage\":\"cs\",\"@id\":\"https:\/\/universalpet.cz\/?product=high-prairie-canine-13kg#primaryimage\",\"url\":\"https:\/\/universalpet.cz\/wp-content\/uploads\/2020\/01\/3d-rendering-highprairie-fr.jpeg\",\"contentUrl\":\"https:\/\/universalpet.cz\/wp-content\/uploads\/2020\/01\/3d-rendering-highprairie-fr.jpeg\",\"width\":1080,\"height\":1440},{\"@type\":\"BreadcrumbList\",\"@id\":\"https:\/\/universalpet.cz\/?product=high-prairie-canine-13kg#breadcrumb\",\"itemListElement\":[{\"@type\":\"ListItem\",\"position\":1,\"name\":\"Dom\u016f\",\"item\":\"https:\/\/universalpet.cz\/\"},{\"@type\":\"ListItem\",\"position\":2,\"name\":\"Obchod\",\"item\":\"https:\/\/universalpet.cz\/?page_id=6\"},{\"@type\":\"ListItem\",\"position\":3,\"name\":\"High Prairie Canine 13kg\"}]},{\"@type\":\"WebSite\",\"@id\":\"https:\/\/universalpet.cz\/#website\",\"url\":\"https:\/\/universalpet.cz\/\",\"name\":\"UniversalPet\",\"description\":\"Kvalitn\u00ed krmiva pro Va\u0161e mazl\u00ed\u010dky\",\"potentialAction\":[{\"@type\":\"SearchAction\",\"target\":{\"@type\":\"EntryPoint\",\"urlTemplate\":\"https:\/\/universalpet.cz\/?s={search_term_string}\"},\"query-input\":{\"@type\":\"PropertyValueSpecification\",\"valueRequired\":true,\"valueName\":\"search_term_string\"}}],\"inLanguage\":\"cs\"}]}<\/script>\n<!-- \/ Yoast SEO plugin. -->","yoast_head_json":{"title":"High Prairie Canine 13kg - UniversalPet","description":"Kompletn\u00ed krmivo pro dosp\u011bl\u00e9 psy. Pe\u010den\u00fd bizon a dal\u0161\u00ed druhy divok\u00e9ho masa. Tak\u00e9 srn\u010d\u00ed, jehn\u011b\u010d\u00ed a hov\u011bz\u00ed zaru\u010d\u00ed poctiv\u00fd obsah hrub\u00fdch b\u00edlkovin v tomto krmivu.","robots":{"index":"index","follow":"follow","max-snippet":"max-snippet:-1","max-image-preview":"max-image-preview:large","max-video-preview":"max-video-preview:-1"},"canonical":"https:\/\/universalpet.cz\/?product=high-prairie-canine-13kg","og_locale":"cs_CZ","og_type":"article","og_title":"High Prairie Canine 13kg - UniversalPet","og_description":"Kompletn\u00ed krmivo pro dosp\u011bl\u00e9 psy. Pe\u010den\u00fd bizon a dal\u0161\u00ed druhy divok\u00e9ho masa. Tak\u00e9 srn\u010d\u00ed, jehn\u011b\u010d\u00ed a hov\u011bz\u00ed zaru\u010d\u00ed poctiv\u00fd obsah hrub\u00fdch b\u00edlkovin v tomto krmivu.","og_url":"https:\/\/universalpet.cz\/?product=high-prairie-canine-13kg","og_site_name":"UniversalPet","article_modified_time":"2020-01-13T17:28:13+00:00","og_image":[{"width":1080,"height":1440,"url":"https:\/\/universalpet.cz\/wp-content\/uploads\/2020\/01\/3d-rendering-highprairie-fr.jpeg","type":"image\/jpeg"}],"twitter_card":"summary_large_image","twitter_misc":{"Odhadovan\u00e1 doba \u010dten\u00ed":"2 minuty"},"schema":{"@context":"https:\/\/schema.org","@graph":[{"@type":"WebPage","@id":"https:\/\/universalpet.cz\/?product=high-prairie-canine-13kg","url":"https:\/\/universalpet.cz\/?product=high-prairie-canine-13kg","name":"High Prairie Canine 13kg - UniversalPet","isPartOf":{"@id":"https:\/\/universalpet.cz\/#website"},"primaryImageOfPage":{"@id":"https:\/\/universalpet.cz\/?product=high-prairie-canine-13kg#primaryimage"},"image":{"@id":"https:\/\/universalpet.cz\/?product=high-prairie-canine-13kg#primaryimage"},"thumbnailUrl":"https:\/\/universalpet.cz\/wp-content\/uploads\/2020\/01\/3d-rendering-highprairie-fr.jpeg","datePublished":"2020-01-13T17:27:47+00:00","dateModified":"2020-01-13T17:28:13+00:00","description":"Kompletn\u00ed krmivo pro dosp\u011bl\u00e9 psy. Pe\u010den\u00fd bizon a dal\u0161\u00ed druhy divok\u00e9ho masa. Tak\u00e9 srn\u010d\u00ed, jehn\u011b\u010d\u00ed a hov\u011bz\u00ed zaru\u010d\u00ed poctiv\u00fd obsah hrub\u00fdch b\u00edlkovin v tomto krmivu.","breadcrumb":{"@id":"https:\/\/universalpet.cz\/?product=high-prairie-canine-13kg#breadcrumb"},"inLanguage":"cs","potentialAction":[{"@type":"ReadAction","target":["https:\/\/universalpet.cz\/?product=high-prairie-canine-13kg"]}]},{"@type":"ImageObject","inLanguage":"cs","@id":"https:\/\/universalpet.cz\/?product=high-prairie-canine-13kg#primaryimage","url":"https:\/\/universalpet.cz\/wp-content\/uploads\/2020\/01\/3d-rendering-highprairie-fr.jpeg","contentUrl":"https:\/\/universalpet.cz\/wp-content\/uploads\/2020\/01\/3d-rendering-highprairie-fr.jpeg","width":1080,"height":1440},{"@type":"BreadcrumbList","@id":"https:\/\/universalpet.cz\/?product=high-prairie-canine-13kg#breadcrumb","itemListElement":[{"@type":"ListItem","position":1,"name":"Dom\u016f","item":"https:\/\/universalpet.cz\/"},{"@type":"ListItem","position":2,"name":"Obchod","item":"https:\/\/universalpet.cz\/?page_id=6"},{"@type":"ListItem","position":3,"name":"High Prairie Canine 13kg"}]},{"@type":"WebSite","@id":"https:\/\/universalpet.cz\/#website","url":"https:\/\/universalpet.cz\/","name":"UniversalPet","description":"Kvalitn\u00ed krmiva pro Va\u0161e mazl\u00ed\u010dky","potentialAction":[{"@type":"SearchAction","target":{"@type":"EntryPoint","urlTemplate":"https:\/\/universalpet.cz\/?s={search_term_string}"},"query-input":{"@type":"PropertyValueSpecification","valueRequired":true,"valueName":"search_term_string"}}],"inLanguage":"cs"}]}},"post_mailing_queue_ids":[],"_links":{"self":[{"href":"https:\/\/universalpet.cz\/index.php?rest_route=\/wp\/v2\/product\/1431","targetHints":{"allow":["GET"]}}],"collection":[{"href":"https:\/\/universalpet.cz\/index.php?rest_route=\/wp\/v2\/product"}],"about":[{"href":"https:\/\/universalpet.cz\/index.php?rest_route=\/wp\/v2\/types\/product"}],"replies":[{"embeddable":true,"href":"https:\/\/universalpet.cz\/index.php?rest_route=%2Fwp%2Fv2%2Fcomments&post=1431"}],"wp:featuredmedia":[{"embeddable":true,"href":"https:\/\/universalpet.cz\/index.php?rest_route=\/wp\/v2\/media\/1429"}],"wp:attachment":[{"href":"https:\/\/universalpet.cz\/index.php?rest_route=%2Fwp%2Fv2%2Fmedia&parent=1431"}],"wp:term":[{"taxonomy":"product_brand","embeddable":true,"href":"https:\/\/universalpet.cz\/index.php?rest_route=%2Fwp%2Fv2%2Fproduct_brand&post=1431"},{"taxonomy":"product_cat","embeddable":true,"href":"https:\/\/universalpet.cz\/index.php?rest_route=%2Fwp%2Fv2%2Fproduct_cat&post=1431"},{"taxonomy":"product_tag","embeddable":true,"href":"https:\/\/universalpet.cz\/index.php?rest_route=%2Fwp%2Fv2%2Fproduct_tag&post=1431"}],"curies":[{"name":"wp","href":"https:\/\/api.w.org\/{rel}","templated":true}]}}