{"id":1432,"date":"2020-01-13T19:30:59","date_gmt":"2020-01-13T17:30:59","guid":{"rendered":"http:\/\/194.213.36.175:8000\/?post_type=product&#038;p=1432"},"modified":"2020-01-13T19:31:00","modified_gmt":"2020-01-13T17:31:00","slug":"wetlands-canine-2kg","status":"publish","type":"product","link":"https:\/\/universalpet.cz\/?product=wetlands-canine-2kg","title":{"rendered":"Wetlands Canine 2kg"},"content":{"rendered":"<h2>Podrobn\u00fd popis<\/h2>\n<p>V\u00a0n\u00e1ro\u010dn\u00e9m ter\u00e9nu mok\u0159ad\u016f to vlci s\u00a0lovem nikdy nem\u011bli jednoduch\u00e9. Ope\u0159enc\u016fm ob\u00fdvaj\u00edc\u00edm tyto nebezpe\u010dn\u00e9 oblasti ale k\u0159\u00eddla ani tak v\u011bt\u0161inou nepomohla. Taste of the Wild Wetlands, to je balen\u00ed divok\u00e9 dr\u016fbe\u017ee naloven\u00e9 pr\u00e1v\u011b pro va\u0161eho labu\u017en\u00edka. Z\u00e1kladem je p\u0159edev\u0161\u00edm kachna v\u00a0\u010derstv\u00e9m i\u00a0pe\u010den\u00e9m kab\u00e1tu spole\u010dn\u011b s\u00a0uzen\u00fdm krocanem. Pe\u010den\u00e1 k\u0159epelka \u010din\u00ed toto krmivo je\u0161t\u011b unik\u00e1tn\u011bj\u0161\u00edm. N\u00edzkotu\u010dn\u00e1 divok\u00e1 dr\u016fbe\u017e, spousta protein\u016f, n\u00e1lo\u017e ovoce a zeleniny, a \u017e\u00e1dn\u00e9 zbyte\u010dn\u00e9 obiloviny. Omega-3\u00a0a\u00a0\u20136 esenci\u00e1ln\u00ed kyseliny dod\u00e1 mo\u0159sk\u00e1 ryba a slo\u017een\u00ed je tak dokonale vyv\u00e1\u017een\u00e9.<\/p>\n<h3>Slo\u017een\u00ed<\/h3>\n<p>Kachna (12,5 %), kachn\u00ed mou\u010dka (12,5 %), ku\u0159ec\u00ed mou\u010dka (12,5 %), bat\u00e1ty, hr\u00e1ch, brambory, ku\u0159ec\u00ed tuk (konzervovan\u00fd sm\u011bs\u00ed tokoferol\u016f), vaje\u010dn\u00fd v\u00fdrobek, mou\u010dka z mo\u0159sk\u00fdch ryb, bramborov\u00e1 b\u00edlkovina, pe\u010den\u00e1 k\u0159epelka (1 %), pe\u010den\u00e1 kachna (1 %), uzen\u00e1 kr\u016fta (1 %), raj\u010datov\u00e9 v\u00fdlisky, miner\u00e1ly, su\u0161en\u00fd \u010dekankov\u00fd ko\u0159en, raj\u010data, bor\u016fvky, maliny, extrakt z Yucca schidigera.<\/p>\n<h3><strong>Analytick\u00e9 slo\u017eky<\/strong><\/h3>\n<p>Protein 32,0 %, obsah tuku 18,0 %, hrub\u00e1 vl\u00e1knina 4,0 %, hrub\u00fd popel 8,8 %, vlhkost 10,0 %, omega-6 mastn\u00e9 kyseliny 2,4 %, omega-3 mastn\u00e9 kyseliny 0,4 %.<\/p>\n<h3><strong>Vitam\u00edny<\/strong><\/h3>\n<p>Vitam\u00edn A 10 000 IU\/kg, vitam\u00edn D 750 lU\/kg, vitam\u00edn E 150 IU\/kg.<\/p>\n<h3><strong>Stopov\u00e9 prvky<\/strong><\/h3>\n<p>Hydr\u00e1t chel\u00e1tu \u017eeleza a aminokyselin 60 mg\/kg, hydr\u00e1t chel\u00e1tu m\u011bdi a aminokyselin 7,0 mg\/kg, monohydr\u00e1t s\u00edranu \u017eeleznat\u00e9ho 60 mg\/kg, pentahydr\u00e1t s\u00edranu m\u011b\u010fnat\u00e9ho 7,0\u00a0 mg\/kg, jodid draseln\u00fd 1,5 mg\/kg, hydr\u00e1t chel\u00e1tu manganu a aminokyselin 14 mg\/kg, oxid manganat\u00fd 14 mg\/kg, s\u00edran manganat\u00fd 14 mg\/kg, hydr\u00e1t chel\u00e1tu zinku a aminokyseliny 75 mg\/kg, s\u00edran zine\u010dnat\u00fd 75 mg\/kg, seleni\u010ditan sodn\u00fd 0,3 mg\/kg.<\/p>\n","protected":false},"excerpt":{"rendered":"<div class=\"product-anotation\">Kompletn\u00ed krmivo pro psy vhodn\u00e9 pro v\u0161echna st\u00e1dia \u017eivota. \u010cerstv\u00e1 a pe\u010den\u00e1 kachna, krocan a jedine\u010dn\u00e9 k\u0159epel\u010d\u00ed maso. Kupa protein\u016f s\u00a0n\u00edzk\u00fdm obsahem tuku.<\/div>\n<div class=\"product-controls\">\n<div class=\"product-code\"><\/div>\n<\/div>\n","protected":false},"featured_media":1433,"comment_status":"open","ping_status":"closed","template":"","meta":[],"product_brand":[],"product_cat":[28],"product_tag":[],"class_list":{"0":"post-1432","1":"product","2":"type-product","3":"status-publish","4":"has-post-thumbnail","6":"product_cat-hillsfeline","8":"first","9":"instock","10":"taxable","11":"shipping-taxable","12":"purchasable","13":"product-type-simple"},"yoast_head":"<!-- This site is optimized with the Yoast SEO plugin v26.9 - https:\/\/yoast.com\/product\/yoast-seo-wordpress\/ -->\n<title>Wetlands Canine 2kg - UniversalPet<\/title>\n<meta name=\"description\" content=\"Kompletn\u00ed krmivo pro psy vhodn\u00e9 pro v\u0161echna st\u00e1dia \u017eivota. \u010cerstv\u00e1 a pe\u010den\u00e1 kachna, krocan a jedine\u010dn\u00e9 k\u0159epel\u010d\u00ed maso. Kupa protein\u016f s n\u00edzk\u00fdm obsahem tuku.\" \/>\n<meta name=\"robots\" content=\"index, follow, max-snippet:-1, max-image-preview:large, max-video-preview:-1\" \/>\n<link rel=\"canonical\" href=\"https:\/\/universalpet.cz\/?product=wetlands-canine-2kg\" \/>\n<meta property=\"og:locale\" content=\"cs_CZ\" \/>\n<meta property=\"og:type\" content=\"article\" \/>\n<meta property=\"og:title\" content=\"Wetlands Canine 2kg - UniversalPet\" \/>\n<meta property=\"og:description\" content=\"Kompletn\u00ed krmivo pro psy vhodn\u00e9 pro v\u0161echna st\u00e1dia \u017eivota. \u010cerstv\u00e1 a pe\u010den\u00e1 kachna, krocan a jedine\u010dn\u00e9 k\u0159epel\u010d\u00ed maso. Kupa protein\u016f s n\u00edzk\u00fdm obsahem tuku.\" \/>\n<meta property=\"og:url\" content=\"https:\/\/universalpet.cz\/?product=wetlands-canine-2kg\" \/>\n<meta property=\"og:site_name\" content=\"UniversalPet\" \/>\n<meta property=\"article:modified_time\" content=\"2020-01-13T17:31:00+00:00\" \/>\n<meta property=\"og:image\" content=\"https:\/\/universalpet.cz\/wp-content\/uploads\/2020\/01\/3d-rendering-wetlands-intl-wildfowl-fr.jpeg\" \/>\n\t<meta property=\"og:image:width\" content=\"1080\" \/>\n\t<meta property=\"og:image:height\" content=\"1440\" \/>\n\t<meta property=\"og:image:type\" content=\"image\/jpeg\" \/>\n<meta name=\"twitter:card\" content=\"summary_large_image\" \/>\n<meta name=\"twitter:label1\" content=\"Odhadovan\u00e1 doba \u010dten\u00ed\" \/>\n\t<meta name=\"twitter:data1\" content=\"2 minuty\" \/>\n<script type=\"application\/ld+json\" class=\"yoast-schema-graph\">{\"@context\":\"https:\/\/schema.org\",\"@graph\":[{\"@type\":\"WebPage\",\"@id\":\"https:\/\/universalpet.cz\/?product=wetlands-canine-2kg\",\"url\":\"https:\/\/universalpet.cz\/?product=wetlands-canine-2kg\",\"name\":\"Wetlands Canine 2kg - UniversalPet\",\"isPartOf\":{\"@id\":\"https:\/\/universalpet.cz\/#website\"},\"primaryImageOfPage\":{\"@id\":\"https:\/\/universalpet.cz\/?product=wetlands-canine-2kg#primaryimage\"},\"image\":{\"@id\":\"https:\/\/universalpet.cz\/?product=wetlands-canine-2kg#primaryimage\"},\"thumbnailUrl\":\"https:\/\/universalpet.cz\/wp-content\/uploads\/2020\/01\/3d-rendering-wetlands-intl-wildfowl-fr.jpeg\",\"datePublished\":\"2020-01-13T17:30:59+00:00\",\"dateModified\":\"2020-01-13T17:31:00+00:00\",\"description\":\"Kompletn\u00ed krmivo pro psy vhodn\u00e9 pro v\u0161echna st\u00e1dia \u017eivota. \u010cerstv\u00e1 a pe\u010den\u00e1 kachna, krocan a jedine\u010dn\u00e9 k\u0159epel\u010d\u00ed maso. Kupa protein\u016f s n\u00edzk\u00fdm obsahem tuku.\",\"breadcrumb\":{\"@id\":\"https:\/\/universalpet.cz\/?product=wetlands-canine-2kg#breadcrumb\"},\"inLanguage\":\"cs\",\"potentialAction\":[{\"@type\":\"ReadAction\",\"target\":[\"https:\/\/universalpet.cz\/?product=wetlands-canine-2kg\"]}]},{\"@type\":\"ImageObject\",\"inLanguage\":\"cs\",\"@id\":\"https:\/\/universalpet.cz\/?product=wetlands-canine-2kg#primaryimage\",\"url\":\"https:\/\/universalpet.cz\/wp-content\/uploads\/2020\/01\/3d-rendering-wetlands-intl-wildfowl-fr.jpeg\",\"contentUrl\":\"https:\/\/universalpet.cz\/wp-content\/uploads\/2020\/01\/3d-rendering-wetlands-intl-wildfowl-fr.jpeg\",\"width\":1080,\"height\":1440},{\"@type\":\"BreadcrumbList\",\"@id\":\"https:\/\/universalpet.cz\/?product=wetlands-canine-2kg#breadcrumb\",\"itemListElement\":[{\"@type\":\"ListItem\",\"position\":1,\"name\":\"Dom\u016f\",\"item\":\"https:\/\/universalpet.cz\/\"},{\"@type\":\"ListItem\",\"position\":2,\"name\":\"Obchod\",\"item\":\"https:\/\/universalpet.cz\/?page_id=6\"},{\"@type\":\"ListItem\",\"position\":3,\"name\":\"Wetlands Canine 2kg\"}]},{\"@type\":\"WebSite\",\"@id\":\"https:\/\/universalpet.cz\/#website\",\"url\":\"https:\/\/universalpet.cz\/\",\"name\":\"UniversalPet\",\"description\":\"Kvalitn\u00ed krmiva pro Va\u0161e mazl\u00ed\u010dky\",\"potentialAction\":[{\"@type\":\"SearchAction\",\"target\":{\"@type\":\"EntryPoint\",\"urlTemplate\":\"https:\/\/universalpet.cz\/?s={search_term_string}\"},\"query-input\":{\"@type\":\"PropertyValueSpecification\",\"valueRequired\":true,\"valueName\":\"search_term_string\"}}],\"inLanguage\":\"cs\"}]}<\/script>\n<!-- \/ Yoast SEO plugin. -->","yoast_head_json":{"title":"Wetlands Canine 2kg - UniversalPet","description":"Kompletn\u00ed krmivo pro psy vhodn\u00e9 pro v\u0161echna st\u00e1dia \u017eivota. \u010cerstv\u00e1 a pe\u010den\u00e1 kachna, krocan a jedine\u010dn\u00e9 k\u0159epel\u010d\u00ed maso. Kupa protein\u016f s n\u00edzk\u00fdm obsahem tuku.","robots":{"index":"index","follow":"follow","max-snippet":"max-snippet:-1","max-image-preview":"max-image-preview:large","max-video-preview":"max-video-preview:-1"},"canonical":"https:\/\/universalpet.cz\/?product=wetlands-canine-2kg","og_locale":"cs_CZ","og_type":"article","og_title":"Wetlands Canine 2kg - UniversalPet","og_description":"Kompletn\u00ed krmivo pro psy vhodn\u00e9 pro v\u0161echna st\u00e1dia \u017eivota. \u010cerstv\u00e1 a pe\u010den\u00e1 kachna, krocan a jedine\u010dn\u00e9 k\u0159epel\u010d\u00ed maso. Kupa protein\u016f s n\u00edzk\u00fdm obsahem tuku.","og_url":"https:\/\/universalpet.cz\/?product=wetlands-canine-2kg","og_site_name":"UniversalPet","article_modified_time":"2020-01-13T17:31:00+00:00","og_image":[{"width":1080,"height":1440,"url":"https:\/\/universalpet.cz\/wp-content\/uploads\/2020\/01\/3d-rendering-wetlands-intl-wildfowl-fr.jpeg","type":"image\/jpeg"}],"twitter_card":"summary_large_image","twitter_misc":{"Odhadovan\u00e1 doba \u010dten\u00ed":"2 minuty"},"schema":{"@context":"https:\/\/schema.org","@graph":[{"@type":"WebPage","@id":"https:\/\/universalpet.cz\/?product=wetlands-canine-2kg","url":"https:\/\/universalpet.cz\/?product=wetlands-canine-2kg","name":"Wetlands Canine 2kg - UniversalPet","isPartOf":{"@id":"https:\/\/universalpet.cz\/#website"},"primaryImageOfPage":{"@id":"https:\/\/universalpet.cz\/?product=wetlands-canine-2kg#primaryimage"},"image":{"@id":"https:\/\/universalpet.cz\/?product=wetlands-canine-2kg#primaryimage"},"thumbnailUrl":"https:\/\/universalpet.cz\/wp-content\/uploads\/2020\/01\/3d-rendering-wetlands-intl-wildfowl-fr.jpeg","datePublished":"2020-01-13T17:30:59+00:00","dateModified":"2020-01-13T17:31:00+00:00","description":"Kompletn\u00ed krmivo pro psy vhodn\u00e9 pro v\u0161echna st\u00e1dia \u017eivota. \u010cerstv\u00e1 a pe\u010den\u00e1 kachna, krocan a jedine\u010dn\u00e9 k\u0159epel\u010d\u00ed maso. Kupa protein\u016f s n\u00edzk\u00fdm obsahem tuku.","breadcrumb":{"@id":"https:\/\/universalpet.cz\/?product=wetlands-canine-2kg#breadcrumb"},"inLanguage":"cs","potentialAction":[{"@type":"ReadAction","target":["https:\/\/universalpet.cz\/?product=wetlands-canine-2kg"]}]},{"@type":"ImageObject","inLanguage":"cs","@id":"https:\/\/universalpet.cz\/?product=wetlands-canine-2kg#primaryimage","url":"https:\/\/universalpet.cz\/wp-content\/uploads\/2020\/01\/3d-rendering-wetlands-intl-wildfowl-fr.jpeg","contentUrl":"https:\/\/universalpet.cz\/wp-content\/uploads\/2020\/01\/3d-rendering-wetlands-intl-wildfowl-fr.jpeg","width":1080,"height":1440},{"@type":"BreadcrumbList","@id":"https:\/\/universalpet.cz\/?product=wetlands-canine-2kg#breadcrumb","itemListElement":[{"@type":"ListItem","position":1,"name":"Dom\u016f","item":"https:\/\/universalpet.cz\/"},{"@type":"ListItem","position":2,"name":"Obchod","item":"https:\/\/universalpet.cz\/?page_id=6"},{"@type":"ListItem","position":3,"name":"Wetlands Canine 2kg"}]},{"@type":"WebSite","@id":"https:\/\/universalpet.cz\/#website","url":"https:\/\/universalpet.cz\/","name":"UniversalPet","description":"Kvalitn\u00ed krmiva pro Va\u0161e mazl\u00ed\u010dky","potentialAction":[{"@type":"SearchAction","target":{"@type":"EntryPoint","urlTemplate":"https:\/\/universalpet.cz\/?s={search_term_string}"},"query-input":{"@type":"PropertyValueSpecification","valueRequired":true,"valueName":"search_term_string"}}],"inLanguage":"cs"}]}},"post_mailing_queue_ids":[],"_links":{"self":[{"href":"https:\/\/universalpet.cz\/index.php?rest_route=\/wp\/v2\/product\/1432","targetHints":{"allow":["GET"]}}],"collection":[{"href":"https:\/\/universalpet.cz\/index.php?rest_route=\/wp\/v2\/product"}],"about":[{"href":"https:\/\/universalpet.cz\/index.php?rest_route=\/wp\/v2\/types\/product"}],"replies":[{"embeddable":true,"href":"https:\/\/universalpet.cz\/index.php?rest_route=%2Fwp%2Fv2%2Fcomments&post=1432"}],"wp:featuredmedia":[{"embeddable":true,"href":"https:\/\/universalpet.cz\/index.php?rest_route=\/wp\/v2\/media\/1433"}],"wp:attachment":[{"href":"https:\/\/universalpet.cz\/index.php?rest_route=%2Fwp%2Fv2%2Fmedia&parent=1432"}],"wp:term":[{"taxonomy":"product_brand","embeddable":true,"href":"https:\/\/universalpet.cz\/index.php?rest_route=%2Fwp%2Fv2%2Fproduct_brand&post=1432"},{"taxonomy":"product_cat","embeddable":true,"href":"https:\/\/universalpet.cz\/index.php?rest_route=%2Fwp%2Fv2%2Fproduct_cat&post=1432"},{"taxonomy":"product_tag","embeddable":true,"href":"https:\/\/universalpet.cz\/index.php?rest_route=%2Fwp%2Fv2%2Fproduct_tag&post=1432"}],"curies":[{"name":"wp","href":"https:\/\/api.w.org\/{rel}","templated":true}]}}