{"id":1436,"date":"2020-01-13T19:35:44","date_gmt":"2020-01-13T17:35:44","guid":{"rendered":"http:\/\/194.213.36.175:8000\/?post_type=product&#038;p=1436"},"modified":"2020-01-13T19:35:45","modified_gmt":"2020-01-13T17:35:45","slug":"pacific-stream-canine-2kg","status":"publish","type":"product","link":"https:\/\/universalpet.cz\/?product=pacific-stream-canine-2kg","title":{"rendered":"Pacific Stream Canine 2kg"},"content":{"rendered":"<h2>Podrobn\u00fd popis<\/h2>\n<p>I\u00a0rybolov museli vlci ovl\u00e1dat, pokud dostali z\u00e1lusk na \u010derstv\u00e9ho lososa. Grizzly ale nikdy nevid\u011bl r\u00e1d dal\u0161\u00edho konkurenta ve sv\u00e9m potoce, kter\u00fd ho z\u00e1soboval neuv\u011b\u0159iteln\u011b zdrav\u00fdmi ryb\u00edmi proteiny. T\u011bch Taste of the Wild Pacific Stream obsahuje hromadu, proto\u017ee je v\u00a0n\u011bm k\u00a0nakousnut\u00ed losos \u010derstv\u00fd i\u00a0uzen\u00fd, stejn\u011b tak jako dal\u0161\u00ed druhy sv\u011b\u017e\u00edch ryb. Ide\u00e1ln\u00ed pro gurm\u00e1ny, kte\u0159\u00ed maj\u00ed r\u00e1di leh\u010d\u00ed, zdrav\u00e1, ale v\u00fd\u017eivn\u00e1 j\u00eddla, nebo je zrovna tr\u00e1p\u00ed za\u017e\u00edv\u00e1n\u00ed. Omega-3\u00a0a -6 mastn\u00e9 kyseliny obsa\u017een\u00e9 v\u00a0ryb\u00edm mase nav\u00edc zajist\u00ed va\u0161emu psovi kr\u00e1snou srst. Ten se pak zkr\u00e1tka bude c\u00edtit jako ryba ve vod\u011b, pokud ho nech\u00e1te zaryba\u0159it si v\u00a0tomto fantastick\u00e9m balen\u00ed.<\/p>\n<h3>Slo\u017een\u00ed<\/h3>\n<p>Losos (\u010derstv\u00e9 maso z lososa), ryb\u00ed mou\u010dka (dehydrovan\u00e9 mo\u0159sk\u00e9 ryby), bat\u00e1ty, brambory, \u0159epkov\u00fd olej, mou\u010dka z lososa (dehydrovan\u00fd losos), uzen\u00fd losos (maso z lososa), bramborov\u00e1 vl\u00e1knina, p\u0159\u00edrodn\u00ed aroma (ku\u0159ec\u00ed j\u00e1tra a ku\u0159ec\u00ed srdce), chlorid sodn\u00fd 0,25%, su\u0161en\u00fd ko\u0159en \u010dekanky, raj\u010data, bor\u016fvky, maliny, extrakt z juky, (probiotikum s enterococcus faecium, lactobacillus acidophilus, lactobacillus casei, lactobacillus plantarum, trichoderma longibrachiatum).<\/p>\n<h3>Analytick\u00e9 slo\u017eky<\/h3>\n<p>Hrub\u00fd protein 25 %, hrub\u00e9 oleje a tuky 15 %, hrub\u00fd popel 8,5 %, hrub\u00e1 vl\u00e1knina 3 %, vlhkost 10 %, v\u00e1pn\u00edk 1,9 %, fosfor 1,1 %, omega 6 mastn\u00e9 kyseliny 2,4 %, omega 3 mastn\u00e9 kyseliny 0,3 %.<\/p>\n<h3>Dopl\u0148kov\u00e9 l\u00e1tky<\/h3>\n<p>Vitam\u00edn A 11,500 IU\/kg, vitam\u00edn D 800 IU\/kg, vitam\u00edn E 175 IU\/kg, chel\u00e1tov\u00e1 forma \u017eeleza hydr\u00e1t 60 mg\/kg, chel\u00e1tov\u00e1 forma m\u011bdi hydr\u00e1t 7 mg\/kg, s\u00edran \u017eeleznat\u00fd 60 mg\/kg, s\u00edran m\u011b\u010fnat\u00fd 7 mg\/kg, jodid draseln\u00fd 1,5 mg\/kg, chel\u00e1tov\u00e1 forma manganu 20 mg\/kg, oxid manganat\u00fd 20 mg\/kg.<\/p>\n<h3>Energetick\u00e1 hodnota<\/h3>\n<p>3 600 kcal\/kg<\/p>\n","protected":false},"excerpt":{"rendered":"<p>Kompletn\u00ed krmivo pro \u0161t\u011b\u0148ata vhodn\u00e9 pro v\u0161echna st\u00e1dia \u017eivota provon\u011bn\u00e9 uzen\u00fdm lososem. Lososov\u00fd olej p\u0159isp\u011bje ke spr\u00e1vn\u00e9mu v\u00fdvoji va\u0161eho mal\u00e9ho vlka. Lehk\u00e9 ryb\u00ed balen\u00ed p\u0159\u00edjemn\u011b ulev\u00ed za\u017e\u00edv\u00e1n\u00ed.<\/p>\n","protected":false},"featured_media":1437,"comment_status":"open","ping_status":"closed","template":"","meta":[],"product_brand":[],"product_cat":[28],"product_tag":[],"class_list":{"0":"post-1436","1":"product","2":"type-product","3":"status-publish","4":"has-post-thumbnail","6":"product_cat-hillsfeline","8":"first","9":"instock","10":"taxable","11":"shipping-taxable","12":"purchasable","13":"product-type-simple"},"yoast_head":"<!-- This site is optimized with the Yoast SEO plugin v26.9 - https:\/\/yoast.com\/product\/yoast-seo-wordpress\/ -->\n<title>Pacific Stream Canine 2kg - UniversalPet<\/title>\n<meta name=\"description\" content=\"Kompletn\u00ed krmivo pro \u0161t\u011b\u0148ata vhodn\u00e9 pro v\u0161echna st\u00e1dia \u017eivota provon\u011bn\u00e9 uzen\u00fdm lososem. Lososov\u00fd olej p\u0159isp\u011bje ke spr\u00e1vn\u00e9mu v\u00fdvoji va\u0161eho mal\u00e9ho vlka. Lehk\u00e9 ryb\u00ed balen\u00ed p\u0159\u00edjemn\u011b ulev\u00ed za\u017e\u00edv\u00e1n\u00ed.\" \/>\n<meta name=\"robots\" content=\"index, follow, max-snippet:-1, max-image-preview:large, max-video-preview:-1\" \/>\n<link rel=\"canonical\" href=\"https:\/\/universalpet.cz\/?product=pacific-stream-canine-2kg\" \/>\n<meta property=\"og:locale\" content=\"cs_CZ\" \/>\n<meta property=\"og:type\" content=\"article\" \/>\n<meta property=\"og:title\" content=\"Pacific Stream Canine 2kg - UniversalPet\" \/>\n<meta property=\"og:description\" content=\"Kompletn\u00ed krmivo pro \u0161t\u011b\u0148ata vhodn\u00e9 pro v\u0161echna st\u00e1dia \u017eivota provon\u011bn\u00e9 uzen\u00fdm lososem. Lososov\u00fd olej p\u0159isp\u011bje ke spr\u00e1vn\u00e9mu v\u00fdvoji va\u0161eho mal\u00e9ho vlka. Lehk\u00e9 ryb\u00ed balen\u00ed p\u0159\u00edjemn\u011b ulev\u00ed za\u017e\u00edv\u00e1n\u00ed.\" \/>\n<meta property=\"og:url\" content=\"https:\/\/universalpet.cz\/?product=pacific-stream-canine-2kg\" \/>\n<meta property=\"og:site_name\" content=\"UniversalPet\" \/>\n<meta property=\"article:modified_time\" content=\"2020-01-13T17:35:45+00:00\" \/>\n<meta property=\"og:image\" content=\"https:\/\/universalpet.cz\/wp-content\/uploads\/2020\/01\/3d-rendering-pacificstream-fr.jpeg\" \/>\n\t<meta property=\"og:image:width\" content=\"1080\" \/>\n\t<meta property=\"og:image:height\" content=\"1440\" \/>\n\t<meta property=\"og:image:type\" content=\"image\/jpeg\" \/>\n<meta name=\"twitter:card\" content=\"summary_large_image\" \/>\n<meta name=\"twitter:label1\" content=\"Odhadovan\u00e1 doba \u010dten\u00ed\" \/>\n\t<meta name=\"twitter:data1\" content=\"2 minuty\" \/>\n<script type=\"application\/ld+json\" class=\"yoast-schema-graph\">{\"@context\":\"https:\/\/schema.org\",\"@graph\":[{\"@type\":\"WebPage\",\"@id\":\"https:\/\/universalpet.cz\/?product=pacific-stream-canine-2kg\",\"url\":\"https:\/\/universalpet.cz\/?product=pacific-stream-canine-2kg\",\"name\":\"Pacific Stream Canine 2kg - UniversalPet\",\"isPartOf\":{\"@id\":\"https:\/\/universalpet.cz\/#website\"},\"primaryImageOfPage\":{\"@id\":\"https:\/\/universalpet.cz\/?product=pacific-stream-canine-2kg#primaryimage\"},\"image\":{\"@id\":\"https:\/\/universalpet.cz\/?product=pacific-stream-canine-2kg#primaryimage\"},\"thumbnailUrl\":\"https:\/\/universalpet.cz\/wp-content\/uploads\/2020\/01\/3d-rendering-pacificstream-fr.jpeg\",\"datePublished\":\"2020-01-13T17:35:44+00:00\",\"dateModified\":\"2020-01-13T17:35:45+00:00\",\"description\":\"Kompletn\u00ed krmivo pro \u0161t\u011b\u0148ata vhodn\u00e9 pro v\u0161echna st\u00e1dia \u017eivota provon\u011bn\u00e9 uzen\u00fdm lososem. Lososov\u00fd olej p\u0159isp\u011bje ke spr\u00e1vn\u00e9mu v\u00fdvoji va\u0161eho mal\u00e9ho vlka. Lehk\u00e9 ryb\u00ed balen\u00ed p\u0159\u00edjemn\u011b ulev\u00ed za\u017e\u00edv\u00e1n\u00ed.\",\"breadcrumb\":{\"@id\":\"https:\/\/universalpet.cz\/?product=pacific-stream-canine-2kg#breadcrumb\"},\"inLanguage\":\"cs\",\"potentialAction\":[{\"@type\":\"ReadAction\",\"target\":[\"https:\/\/universalpet.cz\/?product=pacific-stream-canine-2kg\"]}]},{\"@type\":\"ImageObject\",\"inLanguage\":\"cs\",\"@id\":\"https:\/\/universalpet.cz\/?product=pacific-stream-canine-2kg#primaryimage\",\"url\":\"https:\/\/universalpet.cz\/wp-content\/uploads\/2020\/01\/3d-rendering-pacificstream-fr.jpeg\",\"contentUrl\":\"https:\/\/universalpet.cz\/wp-content\/uploads\/2020\/01\/3d-rendering-pacificstream-fr.jpeg\",\"width\":1080,\"height\":1440},{\"@type\":\"BreadcrumbList\",\"@id\":\"https:\/\/universalpet.cz\/?product=pacific-stream-canine-2kg#breadcrumb\",\"itemListElement\":[{\"@type\":\"ListItem\",\"position\":1,\"name\":\"Dom\u016f\",\"item\":\"https:\/\/universalpet.cz\/\"},{\"@type\":\"ListItem\",\"position\":2,\"name\":\"Obchod\",\"item\":\"https:\/\/universalpet.cz\/?page_id=6\"},{\"@type\":\"ListItem\",\"position\":3,\"name\":\"Pacific Stream Canine 2kg\"}]},{\"@type\":\"WebSite\",\"@id\":\"https:\/\/universalpet.cz\/#website\",\"url\":\"https:\/\/universalpet.cz\/\",\"name\":\"UniversalPet\",\"description\":\"Kvalitn\u00ed krmiva pro Va\u0161e mazl\u00ed\u010dky\",\"potentialAction\":[{\"@type\":\"SearchAction\",\"target\":{\"@type\":\"EntryPoint\",\"urlTemplate\":\"https:\/\/universalpet.cz\/?s={search_term_string}\"},\"query-input\":{\"@type\":\"PropertyValueSpecification\",\"valueRequired\":true,\"valueName\":\"search_term_string\"}}],\"inLanguage\":\"cs\"}]}<\/script>\n<!-- \/ Yoast SEO plugin. -->","yoast_head_json":{"title":"Pacific Stream Canine 2kg - UniversalPet","description":"Kompletn\u00ed krmivo pro \u0161t\u011b\u0148ata vhodn\u00e9 pro v\u0161echna st\u00e1dia \u017eivota provon\u011bn\u00e9 uzen\u00fdm lososem. Lososov\u00fd olej p\u0159isp\u011bje ke spr\u00e1vn\u00e9mu v\u00fdvoji va\u0161eho mal\u00e9ho vlka. Lehk\u00e9 ryb\u00ed balen\u00ed p\u0159\u00edjemn\u011b ulev\u00ed za\u017e\u00edv\u00e1n\u00ed.","robots":{"index":"index","follow":"follow","max-snippet":"max-snippet:-1","max-image-preview":"max-image-preview:large","max-video-preview":"max-video-preview:-1"},"canonical":"https:\/\/universalpet.cz\/?product=pacific-stream-canine-2kg","og_locale":"cs_CZ","og_type":"article","og_title":"Pacific Stream Canine 2kg - UniversalPet","og_description":"Kompletn\u00ed krmivo pro \u0161t\u011b\u0148ata vhodn\u00e9 pro v\u0161echna st\u00e1dia \u017eivota provon\u011bn\u00e9 uzen\u00fdm lososem. Lososov\u00fd olej p\u0159isp\u011bje ke spr\u00e1vn\u00e9mu v\u00fdvoji va\u0161eho mal\u00e9ho vlka. Lehk\u00e9 ryb\u00ed balen\u00ed p\u0159\u00edjemn\u011b ulev\u00ed za\u017e\u00edv\u00e1n\u00ed.","og_url":"https:\/\/universalpet.cz\/?product=pacific-stream-canine-2kg","og_site_name":"UniversalPet","article_modified_time":"2020-01-13T17:35:45+00:00","og_image":[{"width":1080,"height":1440,"url":"https:\/\/universalpet.cz\/wp-content\/uploads\/2020\/01\/3d-rendering-pacificstream-fr.jpeg","type":"image\/jpeg"}],"twitter_card":"summary_large_image","twitter_misc":{"Odhadovan\u00e1 doba \u010dten\u00ed":"2 minuty"},"schema":{"@context":"https:\/\/schema.org","@graph":[{"@type":"WebPage","@id":"https:\/\/universalpet.cz\/?product=pacific-stream-canine-2kg","url":"https:\/\/universalpet.cz\/?product=pacific-stream-canine-2kg","name":"Pacific Stream Canine 2kg - UniversalPet","isPartOf":{"@id":"https:\/\/universalpet.cz\/#website"},"primaryImageOfPage":{"@id":"https:\/\/universalpet.cz\/?product=pacific-stream-canine-2kg#primaryimage"},"image":{"@id":"https:\/\/universalpet.cz\/?product=pacific-stream-canine-2kg#primaryimage"},"thumbnailUrl":"https:\/\/universalpet.cz\/wp-content\/uploads\/2020\/01\/3d-rendering-pacificstream-fr.jpeg","datePublished":"2020-01-13T17:35:44+00:00","dateModified":"2020-01-13T17:35:45+00:00","description":"Kompletn\u00ed krmivo pro \u0161t\u011b\u0148ata vhodn\u00e9 pro v\u0161echna st\u00e1dia \u017eivota provon\u011bn\u00e9 uzen\u00fdm lososem. Lososov\u00fd olej p\u0159isp\u011bje ke spr\u00e1vn\u00e9mu v\u00fdvoji va\u0161eho mal\u00e9ho vlka. Lehk\u00e9 ryb\u00ed balen\u00ed p\u0159\u00edjemn\u011b ulev\u00ed za\u017e\u00edv\u00e1n\u00ed.","breadcrumb":{"@id":"https:\/\/universalpet.cz\/?product=pacific-stream-canine-2kg#breadcrumb"},"inLanguage":"cs","potentialAction":[{"@type":"ReadAction","target":["https:\/\/universalpet.cz\/?product=pacific-stream-canine-2kg"]}]},{"@type":"ImageObject","inLanguage":"cs","@id":"https:\/\/universalpet.cz\/?product=pacific-stream-canine-2kg#primaryimage","url":"https:\/\/universalpet.cz\/wp-content\/uploads\/2020\/01\/3d-rendering-pacificstream-fr.jpeg","contentUrl":"https:\/\/universalpet.cz\/wp-content\/uploads\/2020\/01\/3d-rendering-pacificstream-fr.jpeg","width":1080,"height":1440},{"@type":"BreadcrumbList","@id":"https:\/\/universalpet.cz\/?product=pacific-stream-canine-2kg#breadcrumb","itemListElement":[{"@type":"ListItem","position":1,"name":"Dom\u016f","item":"https:\/\/universalpet.cz\/"},{"@type":"ListItem","position":2,"name":"Obchod","item":"https:\/\/universalpet.cz\/?page_id=6"},{"@type":"ListItem","position":3,"name":"Pacific Stream Canine 2kg"}]},{"@type":"WebSite","@id":"https:\/\/universalpet.cz\/#website","url":"https:\/\/universalpet.cz\/","name":"UniversalPet","description":"Kvalitn\u00ed krmiva pro Va\u0161e mazl\u00ed\u010dky","potentialAction":[{"@type":"SearchAction","target":{"@type":"EntryPoint","urlTemplate":"https:\/\/universalpet.cz\/?s={search_term_string}"},"query-input":{"@type":"PropertyValueSpecification","valueRequired":true,"valueName":"search_term_string"}}],"inLanguage":"cs"}]}},"post_mailing_queue_ids":[],"_links":{"self":[{"href":"https:\/\/universalpet.cz\/index.php?rest_route=\/wp\/v2\/product\/1436","targetHints":{"allow":["GET"]}}],"collection":[{"href":"https:\/\/universalpet.cz\/index.php?rest_route=\/wp\/v2\/product"}],"about":[{"href":"https:\/\/universalpet.cz\/index.php?rest_route=\/wp\/v2\/types\/product"}],"replies":[{"embeddable":true,"href":"https:\/\/universalpet.cz\/index.php?rest_route=%2Fwp%2Fv2%2Fcomments&post=1436"}],"wp:featuredmedia":[{"embeddable":true,"href":"https:\/\/universalpet.cz\/index.php?rest_route=\/wp\/v2\/media\/1437"}],"wp:attachment":[{"href":"https:\/\/universalpet.cz\/index.php?rest_route=%2Fwp%2Fv2%2Fmedia&parent=1436"}],"wp:term":[{"taxonomy":"product_brand","embeddable":true,"href":"https:\/\/universalpet.cz\/index.php?rest_route=%2Fwp%2Fv2%2Fproduct_brand&post=1436"},{"taxonomy":"product_cat","embeddable":true,"href":"https:\/\/universalpet.cz\/index.php?rest_route=%2Fwp%2Fv2%2Fproduct_cat&post=1436"},{"taxonomy":"product_tag","embeddable":true,"href":"https:\/\/universalpet.cz\/index.php?rest_route=%2Fwp%2Fv2%2Fproduct_tag&post=1436"}],"curies":[{"name":"wp","href":"https:\/\/api.w.org\/{rel}","templated":true}]}}