{"id":1444,"date":"2020-01-13T19:41:32","date_gmt":"2020-01-13T17:41:32","guid":{"rendered":"http:\/\/194.213.36.175:8000\/?post_type=product&#038;p=1444"},"modified":"2020-01-13T19:42:02","modified_gmt":"2020-01-13T17:42:02","slug":"sierra-mtn-canine-13kg","status":"publish","type":"product","link":"https:\/\/universalpet.cz\/?product=sierra-mtn-canine-13kg","title":{"rendered":"Sierra Mtn. Canine 13kg"},"content":{"rendered":"<h2>Podrobn\u00fd popis<\/h2>\n<p>Sv\u011btov\u011b proslul\u00e9 jehn\u011b\u010d\u00ed z\u00a0novoz\u00e9landsk\u00fdch zelen\u00fdch pastvin a\u00a0Austr\u00e1lie, a do toho rohat\u00e9 ovce z\u00a0americk\u00fdch zasn\u011b\u017een\u00fdch horsk\u00fdch p\u00e1sem. To v\u0161e je k\u00a0se\u017er\u00e1n\u00ed v\u00a0balen\u00ed Sierra Mountain. Vo\u0148av\u00e9 pe\u010den\u00e9 jehn\u011b\u010d\u00ed, kter\u00e9 dod\u00e1 n\u00e1\u0161up vitaminu B. N\u00edzkotu\u010dn\u00e9 maso napumpovan\u00e9 mlad\u00fdmi proteiny. Lehk\u00e9, perfektn\u011b straviteln\u00e9 a hlavn\u011b zdrav\u00e9 jehn\u011b\u010d\u00ed z\u00a0certifikovan\u00fdch oblast\u00ed, kter\u00e9 nikdy nevid\u011bly klusavku. Nechte va\u0161eho labu\u017en\u00edka naklusat si pro libov\u00e9 jehn\u011b\u010d\u00ed do bezobiln\u00e9ho krmiva Sierra Mountain.<\/p>\n<h3>Slo\u017een\u00ed<\/h3>\n<p>Jehn\u011b\u010d\u00ed (17 %), jehn\u011b\u010d\u00ed mou\u010dka (17 %), bat\u00e1ty, brambory, hr\u00e1ch, \u0159epkov\u00fd olej, vaje\u010dn\u00fd v\u00fdrobek, pe\u010den\u00e9 jehn\u011b\u010d\u00ed (4 %), raj\u010datov\u00e9 v\u00fdlisky, miner\u00e1ly, su\u0161en\u00fd \u010dekankov\u00fd ko\u0159en, raj\u010data, bor\u016fvky, maliny, extrakt z Yucca schidigera.<\/p>\n<h3><strong>Analytick\u00e9 slo\u017eky<\/strong><\/h3>\n<p>Protein 25,0 %, obsah tuku 15,0 %, hrub\u00e1 vl\u00e1knina 4,0 %, hrub\u00fd popel 8,6 %, vlhkost 10,0 %, omega-6 mastn\u00e9 kyseliny 2,4 %, omega-3 mastn\u00e9 kyseliny 0,3 %.<\/p>\n<h3><strong>Vitam\u00edny<\/strong><\/h3>\n<p>Vitam\u00edn A 10 000 IU\/kg, vitam\u00edn D 750 lU\/kg, vitam\u00edn E 150 IU\/kg.<\/p>\n<h3><strong>Stopov\u00e9 prvky<\/strong><\/h3>\n<p>Hydr\u00e1t chel\u00e1tu \u017eeleza a aminokyselin 60 mg\/kg, hydr\u00e1t chel\u00e1tu m\u011bdi a aminokyselin 7,0 mg\/kg, monohydr\u00e1t s\u00edranu \u017eeleznat\u00e9ho 60 mg\/kg, pentahydr\u00e1t s\u00edranu m\u011b\u010fnat\u00e9ho\u00a0\u00a0\u00a0\u00a0\u00a0\u00a0 7,0 mg\/kg, jodid draseln\u00fd 1,5mg\/kg, hydr\u00e1t chel\u00e1tu manganu a aminokyselin 14 mg\/kg, oxid manganat\u00fd 14 mg\/kg, s\u00edran manganat\u00fd 14 mg\/kg, hydr\u00e1t chel\u00e1tu zinku a aminokyseliny 75 mg\/kg, s\u00edran zine\u010dnat\u00fd 75 mg\/kg, seleni\u010ditan sodn\u00fd 0,3 mg\/kg, taurin 0,05 %.<\/p>\n","protected":false},"excerpt":{"rendered":"<div class=\"product-anotation\">Kompletn\u00ed krmivo pro psy vhodn\u00e9 pro v\u0161echna st\u00e1dia \u017eivota. Perfektn\u011b straviteln\u00e9 proteiny v podob\u011b \u010dist\u00e9ho novoz\u00e9landsk\u00e9ho jehn\u011b\u010d\u00edho, ale tak\u00e9 divo\u010diny z americk\u00fdch horsk\u00fdch oblast\u00ed.<\/div>\n<div class=\"product-controls\">\n<div class=\"product-code\"><\/div>\n<\/div>\n","protected":false},"featured_media":1442,"comment_status":"open","ping_status":"closed","template":"","meta":[],"product_brand":[],"product_cat":[28],"product_tag":[],"class_list":{"0":"post-1444","1":"product","2":"type-product","3":"status-publish","4":"has-post-thumbnail","6":"product_cat-hillsfeline","8":"first","9":"instock","10":"taxable","11":"shipping-taxable","12":"purchasable","13":"product-type-simple"},"yoast_head":"<!-- This site is optimized with the Yoast SEO plugin v26.9 - https:\/\/yoast.com\/product\/yoast-seo-wordpress\/ -->\n<title>Sierra Mtn. Canine 13kg - UniversalPet<\/title>\n<meta name=\"description\" content=\"Kompletn\u00ed krmivo pro psy vhodn\u00e9 pro v\u0161echna st\u00e1dia \u017eivota. Perfektn\u011b straviteln\u00e9 proteiny v podob\u011b \u010dist\u00e9ho novoz\u00e9landsk\u00e9ho jehn\u011b\u010d\u00edho, ale tak\u00e9 divo\u010diny z americk\u00fdch horsk\u00fdch oblast\u00ed.\" \/>\n<meta name=\"robots\" content=\"index, follow, max-snippet:-1, max-image-preview:large, max-video-preview:-1\" \/>\n<link rel=\"canonical\" href=\"https:\/\/universalpet.cz\/?product=sierra-mtn-canine-13kg\" \/>\n<meta property=\"og:locale\" content=\"cs_CZ\" \/>\n<meta property=\"og:type\" content=\"article\" \/>\n<meta property=\"og:title\" content=\"Sierra Mtn. Canine 13kg - UniversalPet\" \/>\n<meta property=\"og:description\" content=\"Kompletn\u00ed krmivo pro psy vhodn\u00e9 pro v\u0161echna st\u00e1dia \u017eivota. Perfektn\u011b straviteln\u00e9 proteiny v podob\u011b \u010dist\u00e9ho novoz\u00e9landsk\u00e9ho jehn\u011b\u010d\u00edho, ale tak\u00e9 divo\u010diny z americk\u00fdch horsk\u00fdch oblast\u00ed.\" \/>\n<meta property=\"og:url\" content=\"https:\/\/universalpet.cz\/?product=sierra-mtn-canine-13kg\" \/>\n<meta property=\"og:site_name\" content=\"UniversalPet\" \/>\n<meta property=\"article:modified_time\" content=\"2020-01-13T17:42:02+00:00\" \/>\n<meta property=\"og:image\" content=\"https:\/\/universalpet.cz\/wp-content\/uploads\/2020\/01\/3d-rendering-sierra-mountain-fr.jpeg\" \/>\n\t<meta property=\"og:image:width\" content=\"1080\" \/>\n\t<meta property=\"og:image:height\" content=\"1440\" \/>\n\t<meta property=\"og:image:type\" content=\"image\/jpeg\" \/>\n<meta name=\"twitter:card\" content=\"summary_large_image\" \/>\n<meta name=\"twitter:label1\" content=\"Odhadovan\u00e1 doba \u010dten\u00ed\" \/>\n\t<meta name=\"twitter:data1\" content=\"1 minuta\" \/>\n<script type=\"application\/ld+json\" class=\"yoast-schema-graph\">{\"@context\":\"https:\/\/schema.org\",\"@graph\":[{\"@type\":\"WebPage\",\"@id\":\"https:\/\/universalpet.cz\/?product=sierra-mtn-canine-13kg\",\"url\":\"https:\/\/universalpet.cz\/?product=sierra-mtn-canine-13kg\",\"name\":\"Sierra Mtn. Canine 13kg - UniversalPet\",\"isPartOf\":{\"@id\":\"https:\/\/universalpet.cz\/#website\"},\"primaryImageOfPage\":{\"@id\":\"https:\/\/universalpet.cz\/?product=sierra-mtn-canine-13kg#primaryimage\"},\"image\":{\"@id\":\"https:\/\/universalpet.cz\/?product=sierra-mtn-canine-13kg#primaryimage\"},\"thumbnailUrl\":\"https:\/\/universalpet.cz\/wp-content\/uploads\/2020\/01\/3d-rendering-sierra-mountain-fr.jpeg\",\"datePublished\":\"2020-01-13T17:41:32+00:00\",\"dateModified\":\"2020-01-13T17:42:02+00:00\",\"description\":\"Kompletn\u00ed krmivo pro psy vhodn\u00e9 pro v\u0161echna st\u00e1dia \u017eivota. Perfektn\u011b straviteln\u00e9 proteiny v podob\u011b \u010dist\u00e9ho novoz\u00e9landsk\u00e9ho jehn\u011b\u010d\u00edho, ale tak\u00e9 divo\u010diny z americk\u00fdch horsk\u00fdch oblast\u00ed.\",\"breadcrumb\":{\"@id\":\"https:\/\/universalpet.cz\/?product=sierra-mtn-canine-13kg#breadcrumb\"},\"inLanguage\":\"cs\",\"potentialAction\":[{\"@type\":\"ReadAction\",\"target\":[\"https:\/\/universalpet.cz\/?product=sierra-mtn-canine-13kg\"]}]},{\"@type\":\"ImageObject\",\"inLanguage\":\"cs\",\"@id\":\"https:\/\/universalpet.cz\/?product=sierra-mtn-canine-13kg#primaryimage\",\"url\":\"https:\/\/universalpet.cz\/wp-content\/uploads\/2020\/01\/3d-rendering-sierra-mountain-fr.jpeg\",\"contentUrl\":\"https:\/\/universalpet.cz\/wp-content\/uploads\/2020\/01\/3d-rendering-sierra-mountain-fr.jpeg\",\"width\":1080,\"height\":1440},{\"@type\":\"BreadcrumbList\",\"@id\":\"https:\/\/universalpet.cz\/?product=sierra-mtn-canine-13kg#breadcrumb\",\"itemListElement\":[{\"@type\":\"ListItem\",\"position\":1,\"name\":\"Dom\u016f\",\"item\":\"https:\/\/universalpet.cz\/\"},{\"@type\":\"ListItem\",\"position\":2,\"name\":\"Obchod\",\"item\":\"https:\/\/universalpet.cz\/?page_id=6\"},{\"@type\":\"ListItem\",\"position\":3,\"name\":\"Sierra Mtn. Canine 13kg\"}]},{\"@type\":\"WebSite\",\"@id\":\"https:\/\/universalpet.cz\/#website\",\"url\":\"https:\/\/universalpet.cz\/\",\"name\":\"UniversalPet\",\"description\":\"Kvalitn\u00ed krmiva pro Va\u0161e mazl\u00ed\u010dky\",\"potentialAction\":[{\"@type\":\"SearchAction\",\"target\":{\"@type\":\"EntryPoint\",\"urlTemplate\":\"https:\/\/universalpet.cz\/?s={search_term_string}\"},\"query-input\":{\"@type\":\"PropertyValueSpecification\",\"valueRequired\":true,\"valueName\":\"search_term_string\"}}],\"inLanguage\":\"cs\"}]}<\/script>\n<!-- \/ Yoast SEO plugin. -->","yoast_head_json":{"title":"Sierra Mtn. Canine 13kg - UniversalPet","description":"Kompletn\u00ed krmivo pro psy vhodn\u00e9 pro v\u0161echna st\u00e1dia \u017eivota. Perfektn\u011b straviteln\u00e9 proteiny v podob\u011b \u010dist\u00e9ho novoz\u00e9landsk\u00e9ho jehn\u011b\u010d\u00edho, ale tak\u00e9 divo\u010diny z americk\u00fdch horsk\u00fdch oblast\u00ed.","robots":{"index":"index","follow":"follow","max-snippet":"max-snippet:-1","max-image-preview":"max-image-preview:large","max-video-preview":"max-video-preview:-1"},"canonical":"https:\/\/universalpet.cz\/?product=sierra-mtn-canine-13kg","og_locale":"cs_CZ","og_type":"article","og_title":"Sierra Mtn. Canine 13kg - UniversalPet","og_description":"Kompletn\u00ed krmivo pro psy vhodn\u00e9 pro v\u0161echna st\u00e1dia \u017eivota. Perfektn\u011b straviteln\u00e9 proteiny v podob\u011b \u010dist\u00e9ho novoz\u00e9landsk\u00e9ho jehn\u011b\u010d\u00edho, ale tak\u00e9 divo\u010diny z americk\u00fdch horsk\u00fdch oblast\u00ed.","og_url":"https:\/\/universalpet.cz\/?product=sierra-mtn-canine-13kg","og_site_name":"UniversalPet","article_modified_time":"2020-01-13T17:42:02+00:00","og_image":[{"width":1080,"height":1440,"url":"https:\/\/universalpet.cz\/wp-content\/uploads\/2020\/01\/3d-rendering-sierra-mountain-fr.jpeg","type":"image\/jpeg"}],"twitter_card":"summary_large_image","twitter_misc":{"Odhadovan\u00e1 doba \u010dten\u00ed":"1 minuta"},"schema":{"@context":"https:\/\/schema.org","@graph":[{"@type":"WebPage","@id":"https:\/\/universalpet.cz\/?product=sierra-mtn-canine-13kg","url":"https:\/\/universalpet.cz\/?product=sierra-mtn-canine-13kg","name":"Sierra Mtn. Canine 13kg - UniversalPet","isPartOf":{"@id":"https:\/\/universalpet.cz\/#website"},"primaryImageOfPage":{"@id":"https:\/\/universalpet.cz\/?product=sierra-mtn-canine-13kg#primaryimage"},"image":{"@id":"https:\/\/universalpet.cz\/?product=sierra-mtn-canine-13kg#primaryimage"},"thumbnailUrl":"https:\/\/universalpet.cz\/wp-content\/uploads\/2020\/01\/3d-rendering-sierra-mountain-fr.jpeg","datePublished":"2020-01-13T17:41:32+00:00","dateModified":"2020-01-13T17:42:02+00:00","description":"Kompletn\u00ed krmivo pro psy vhodn\u00e9 pro v\u0161echna st\u00e1dia \u017eivota. Perfektn\u011b straviteln\u00e9 proteiny v podob\u011b \u010dist\u00e9ho novoz\u00e9landsk\u00e9ho jehn\u011b\u010d\u00edho, ale tak\u00e9 divo\u010diny z americk\u00fdch horsk\u00fdch oblast\u00ed.","breadcrumb":{"@id":"https:\/\/universalpet.cz\/?product=sierra-mtn-canine-13kg#breadcrumb"},"inLanguage":"cs","potentialAction":[{"@type":"ReadAction","target":["https:\/\/universalpet.cz\/?product=sierra-mtn-canine-13kg"]}]},{"@type":"ImageObject","inLanguage":"cs","@id":"https:\/\/universalpet.cz\/?product=sierra-mtn-canine-13kg#primaryimage","url":"https:\/\/universalpet.cz\/wp-content\/uploads\/2020\/01\/3d-rendering-sierra-mountain-fr.jpeg","contentUrl":"https:\/\/universalpet.cz\/wp-content\/uploads\/2020\/01\/3d-rendering-sierra-mountain-fr.jpeg","width":1080,"height":1440},{"@type":"BreadcrumbList","@id":"https:\/\/universalpet.cz\/?product=sierra-mtn-canine-13kg#breadcrumb","itemListElement":[{"@type":"ListItem","position":1,"name":"Dom\u016f","item":"https:\/\/universalpet.cz\/"},{"@type":"ListItem","position":2,"name":"Obchod","item":"https:\/\/universalpet.cz\/?page_id=6"},{"@type":"ListItem","position":3,"name":"Sierra Mtn. Canine 13kg"}]},{"@type":"WebSite","@id":"https:\/\/universalpet.cz\/#website","url":"https:\/\/universalpet.cz\/","name":"UniversalPet","description":"Kvalitn\u00ed krmiva pro Va\u0161e mazl\u00ed\u010dky","potentialAction":[{"@type":"SearchAction","target":{"@type":"EntryPoint","urlTemplate":"https:\/\/universalpet.cz\/?s={search_term_string}"},"query-input":{"@type":"PropertyValueSpecification","valueRequired":true,"valueName":"search_term_string"}}],"inLanguage":"cs"}]}},"post_mailing_queue_ids":[],"_links":{"self":[{"href":"https:\/\/universalpet.cz\/index.php?rest_route=\/wp\/v2\/product\/1444","targetHints":{"allow":["GET"]}}],"collection":[{"href":"https:\/\/universalpet.cz\/index.php?rest_route=\/wp\/v2\/product"}],"about":[{"href":"https:\/\/universalpet.cz\/index.php?rest_route=\/wp\/v2\/types\/product"}],"replies":[{"embeddable":true,"href":"https:\/\/universalpet.cz\/index.php?rest_route=%2Fwp%2Fv2%2Fcomments&post=1444"}],"wp:featuredmedia":[{"embeddable":true,"href":"https:\/\/universalpet.cz\/index.php?rest_route=\/wp\/v2\/media\/1442"}],"wp:attachment":[{"href":"https:\/\/universalpet.cz\/index.php?rest_route=%2Fwp%2Fv2%2Fmedia&parent=1444"}],"wp:term":[{"taxonomy":"product_brand","embeddable":true,"href":"https:\/\/universalpet.cz\/index.php?rest_route=%2Fwp%2Fv2%2Fproduct_brand&post=1444"},{"taxonomy":"product_cat","embeddable":true,"href":"https:\/\/universalpet.cz\/index.php?rest_route=%2Fwp%2Fv2%2Fproduct_cat&post=1444"},{"taxonomy":"product_tag","embeddable":true,"href":"https:\/\/universalpet.cz\/index.php?rest_route=%2Fwp%2Fv2%2Fproduct_tag&post=1444"}],"curies":[{"name":"wp","href":"https:\/\/api.w.org\/{rel}","templated":true}]}}