{"id":1448,"date":"2020-01-13T19:45:55","date_gmt":"2020-01-13T17:45:55","guid":{"rendered":"http:\/\/194.213.36.175:8000\/?post_type=product&#038;p=1448"},"modified":"2020-01-13T19:46:22","modified_gmt":"2020-01-13T17:46:22","slug":"southwest-canyon-canine-13kg","status":"publish","type":"product","link":"https:\/\/universalpet.cz\/?product=southwest-canyon-canine-13kg","title":{"rendered":"Southwest Canyon Canine 13kg"},"content":{"rendered":"<h2>Podrobn\u00fd popis<\/h2>\n<p>Americk\u00fd divo\u010d\u00e1k se odjak\u017eiva b\u00e1l o\u00a0sv\u00e9 \u0161t\u011btiny, kdy\u017e se proh\u00e1n\u011bl skalnat\u00fdm jihoz\u00e1padn\u00edm ka\u0148onem. Mlsn\u00fd vlk mu toti\u017e nikdy nic nedaroval a v\u00a0\u00fazk\u00e9m ka\u0148onu lovil nekompromisn\u011b. Pr\u00e1v\u011b divo\u010d\u00e1k, jako\u017eto velmi unik\u00e1tn\u00ed zdroj divok\u00fdch b\u00edlkovin a aminokyselin, je k\u00a0zakousnut\u00ed v\u00a0balen\u00ed Taste of the Wild Southwest Canyon. Pro mlsn\u00e9 jazyky je p\u0159ihozen je\u0161t\u011b fl\u00e1k hov\u011bz\u00edho a sousto jehn\u011bte. P\u0159ed obilovinami tu dostala p\u0159ednost cizrna pln\u00e1 p\u0159\u00edrodn\u00edch protein\u016f, vitamin\u016f a miner\u00e1l\u016f. Pivovarsk\u00e9 kvasnice poskytuj\u00edc\u00ed n\u00e1lo\u017e vitaminu B a skv\u011ble p\u0159\u00edrodn\u011b zv\u00fdrazn\u00ed chu\u0165. Americk\u00e9ho divo\u010d\u00e1ka je\u0161t\u011b vy\u0161perkovali soused\u00e9 z\u00a0Kanady, kte\u0159\u00ed dodali omega-3\u00a0mastn\u00e9 kyseliny v\u00a0podob\u011b ln\u011bn\u00e9ho sem\u00ednka.<\/p>\n<h3>Slo\u017een\u00ed<\/h3>\n<p>Hov\u011bz\u00ed (18 %), hr\u00e1ch, cizrna, jehn\u011b\u010d\u00ed mou\u010dka, \u0159epkov\u00fd olej, vaje\u010dn\u00fd v\u00fdrobek, divok\u00e9 prase (4 %), mou\u010dka z mo\u0159sk\u00fdch ryb, pivovarsk\u00e9 kvasnice, raj\u010datov\u00e9 v\u00fdlisky, ln\u011bn\u00e9 sem\u00ednko, miner\u00e1ly, su\u0161en\u00fd \u010dekankov\u00fd ko\u0159en, raj\u010data, bor\u016fvky, maliny, extrakt z Yucca schidigera.<\/p>\n<h3><strong>Analytick\u00e9 slo\u017eky<\/strong><\/h3>\n<p>Protein 29,0 %, obsah tuku 15,0 %, hrub\u00e1 vl\u00e1knina 4,5 %, hrub\u00fd popel 7,8 %, vlhkost 10,0 %, omega-6 mastn\u00e9 kyseliny 2,4 %, omega-3 mastn\u00e9 kyseliny 0,3 %.<\/p>\n<h3><strong>Vitam\u00edny<\/strong><\/h3>\n<p>Vitam\u00edn A 10 000 IU\/kg, vitam\u00edn D 750 lU\/kg, vitam\u00edn E 150 IU\/kg.<\/p>\n<h3><strong>Stopov\u00e9 prvky<\/strong><\/h3>\n<p>Hydr\u00e1t chel\u00e1tu \u017eeleza a aminokyselin 60 mg\/kg, hydr\u00e1t chel\u00e1tu m\u011bdi a aminokyselin 7,0 mg\/kg, monohydr\u00e1t s\u00edranu \u017eeleznat\u00e9ho 60 mg\/kg, pentahydr\u00e1t s\u00edranu m\u011b\u010fnat\u00e9ho 7,0 mg\/kg, jodid draseln\u00fd 1,5mg\/kg, hydr\u00e1t chel\u00e1tu manganu a aminokyselin 14 mg\/kg, oxid manganat\u00fd 14 mg\/kg, s\u00edran manganat\u00fd 14 mg\/kg, hydr\u00e1t chel\u00e1tu zinku a aminokyseliny 75 mg\/kg, s\u00edran zine\u010dnat\u00fd 75 mg\/kg, seleni\u010ditan sodn\u00fd 0,3 mg\/kg.<\/p>\n","protected":false},"excerpt":{"rendered":"<div class=\"product-anotation\">Kompletn\u00ed krmivo pro dosp\u011bl\u00e9 psy. Unik\u00e1tn\u00ed obsah, jeho\u017e z\u00e1klad tvo\u0159\u00ed americk\u00fd divo\u010d\u00e1k. Kus hov\u011bz\u00edho, skv\u011ble zdrav\u00e1 cizrna a pivovarsk\u00e9 kvasnice pro zv\u00fd\u0161en\u00fd chu\u0165ov\u00fd z\u00e1\u017eitek.<\/div>\n<div class=\"product-controls\">\n<div class=\"product-code\"><\/div>\n<\/div>\n","protected":false},"featured_media":1446,"comment_status":"open","ping_status":"closed","template":"","meta":[],"product_brand":[],"product_cat":[28],"product_tag":[],"class_list":{"0":"post-1448","1":"product","2":"type-product","3":"status-publish","4":"has-post-thumbnail","6":"product_cat-hillsfeline","8":"first","9":"instock","10":"taxable","11":"shipping-taxable","12":"purchasable","13":"product-type-simple"},"yoast_head":"<!-- This site is optimized with the Yoast SEO plugin v26.9 - https:\/\/yoast.com\/product\/yoast-seo-wordpress\/ -->\n<title>Southwest Canyon Canine 13kg - UniversalPet<\/title>\n<meta name=\"description\" content=\"Kompletn\u00ed krmivo pro dosp\u011bl\u00e9 psy. Unik\u00e1tn\u00ed obsah, jeho\u017e z\u00e1klad tvo\u0159\u00ed americk\u00fd divo\u010d\u00e1k. Kus hov\u011bz\u00edho, skv\u011ble zdrav\u00e1 cizrna a pivovarsk\u00e9 kvasnice pro zv\u00fd\u0161en\u00fd chu\u0165ov\u00fd z\u00e1\u017eitek.\" \/>\n<meta name=\"robots\" content=\"index, follow, max-snippet:-1, max-image-preview:large, max-video-preview:-1\" \/>\n<link rel=\"canonical\" href=\"https:\/\/universalpet.cz\/?product=southwest-canyon-canine-13kg\" \/>\n<meta property=\"og:locale\" content=\"cs_CZ\" \/>\n<meta property=\"og:type\" content=\"article\" \/>\n<meta property=\"og:title\" content=\"Southwest Canyon Canine 13kg - UniversalPet\" \/>\n<meta property=\"og:description\" content=\"Kompletn\u00ed krmivo pro dosp\u011bl\u00e9 psy. Unik\u00e1tn\u00ed obsah, jeho\u017e z\u00e1klad tvo\u0159\u00ed americk\u00fd divo\u010d\u00e1k. Kus hov\u011bz\u00edho, skv\u011ble zdrav\u00e1 cizrna a pivovarsk\u00e9 kvasnice pro zv\u00fd\u0161en\u00fd chu\u0165ov\u00fd z\u00e1\u017eitek.\" \/>\n<meta property=\"og:url\" content=\"https:\/\/universalpet.cz\/?product=southwest-canyon-canine-13kg\" \/>\n<meta property=\"og:site_name\" content=\"UniversalPet\" \/>\n<meta property=\"article:modified_time\" content=\"2020-01-13T17:46:22+00:00\" \/>\n<meta property=\"og:image\" content=\"https:\/\/universalpet.cz\/wp-content\/uploads\/2020\/01\/3d-rendering-swcanyon-fr.jpeg\" \/>\n\t<meta property=\"og:image:width\" content=\"1080\" \/>\n\t<meta property=\"og:image:height\" content=\"1440\" \/>\n\t<meta property=\"og:image:type\" content=\"image\/jpeg\" \/>\n<meta name=\"twitter:card\" content=\"summary_large_image\" \/>\n<meta name=\"twitter:label1\" content=\"Odhadovan\u00e1 doba \u010dten\u00ed\" \/>\n\t<meta name=\"twitter:data1\" content=\"2 minuty\" \/>\n<script type=\"application\/ld+json\" class=\"yoast-schema-graph\">{\"@context\":\"https:\/\/schema.org\",\"@graph\":[{\"@type\":\"WebPage\",\"@id\":\"https:\/\/universalpet.cz\/?product=southwest-canyon-canine-13kg\",\"url\":\"https:\/\/universalpet.cz\/?product=southwest-canyon-canine-13kg\",\"name\":\"Southwest Canyon Canine 13kg - UniversalPet\",\"isPartOf\":{\"@id\":\"https:\/\/universalpet.cz\/#website\"},\"primaryImageOfPage\":{\"@id\":\"https:\/\/universalpet.cz\/?product=southwest-canyon-canine-13kg#primaryimage\"},\"image\":{\"@id\":\"https:\/\/universalpet.cz\/?product=southwest-canyon-canine-13kg#primaryimage\"},\"thumbnailUrl\":\"https:\/\/universalpet.cz\/wp-content\/uploads\/2020\/01\/3d-rendering-swcanyon-fr.jpeg\",\"datePublished\":\"2020-01-13T17:45:55+00:00\",\"dateModified\":\"2020-01-13T17:46:22+00:00\",\"description\":\"Kompletn\u00ed krmivo pro dosp\u011bl\u00e9 psy. Unik\u00e1tn\u00ed obsah, jeho\u017e z\u00e1klad tvo\u0159\u00ed americk\u00fd divo\u010d\u00e1k. Kus hov\u011bz\u00edho, skv\u011ble zdrav\u00e1 cizrna a pivovarsk\u00e9 kvasnice pro zv\u00fd\u0161en\u00fd chu\u0165ov\u00fd z\u00e1\u017eitek.\",\"breadcrumb\":{\"@id\":\"https:\/\/universalpet.cz\/?product=southwest-canyon-canine-13kg#breadcrumb\"},\"inLanguage\":\"cs\",\"potentialAction\":[{\"@type\":\"ReadAction\",\"target\":[\"https:\/\/universalpet.cz\/?product=southwest-canyon-canine-13kg\"]}]},{\"@type\":\"ImageObject\",\"inLanguage\":\"cs\",\"@id\":\"https:\/\/universalpet.cz\/?product=southwest-canyon-canine-13kg#primaryimage\",\"url\":\"https:\/\/universalpet.cz\/wp-content\/uploads\/2020\/01\/3d-rendering-swcanyon-fr.jpeg\",\"contentUrl\":\"https:\/\/universalpet.cz\/wp-content\/uploads\/2020\/01\/3d-rendering-swcanyon-fr.jpeg\",\"width\":1080,\"height\":1440},{\"@type\":\"BreadcrumbList\",\"@id\":\"https:\/\/universalpet.cz\/?product=southwest-canyon-canine-13kg#breadcrumb\",\"itemListElement\":[{\"@type\":\"ListItem\",\"position\":1,\"name\":\"Dom\u016f\",\"item\":\"https:\/\/universalpet.cz\/\"},{\"@type\":\"ListItem\",\"position\":2,\"name\":\"Obchod\",\"item\":\"https:\/\/universalpet.cz\/?page_id=6\"},{\"@type\":\"ListItem\",\"position\":3,\"name\":\"Southwest Canyon Canine 13kg\"}]},{\"@type\":\"WebSite\",\"@id\":\"https:\/\/universalpet.cz\/#website\",\"url\":\"https:\/\/universalpet.cz\/\",\"name\":\"UniversalPet\",\"description\":\"Kvalitn\u00ed krmiva pro Va\u0161e mazl\u00ed\u010dky\",\"potentialAction\":[{\"@type\":\"SearchAction\",\"target\":{\"@type\":\"EntryPoint\",\"urlTemplate\":\"https:\/\/universalpet.cz\/?s={search_term_string}\"},\"query-input\":{\"@type\":\"PropertyValueSpecification\",\"valueRequired\":true,\"valueName\":\"search_term_string\"}}],\"inLanguage\":\"cs\"}]}<\/script>\n<!-- \/ Yoast SEO plugin. -->","yoast_head_json":{"title":"Southwest Canyon Canine 13kg - UniversalPet","description":"Kompletn\u00ed krmivo pro dosp\u011bl\u00e9 psy. Unik\u00e1tn\u00ed obsah, jeho\u017e z\u00e1klad tvo\u0159\u00ed americk\u00fd divo\u010d\u00e1k. Kus hov\u011bz\u00edho, skv\u011ble zdrav\u00e1 cizrna a pivovarsk\u00e9 kvasnice pro zv\u00fd\u0161en\u00fd chu\u0165ov\u00fd z\u00e1\u017eitek.","robots":{"index":"index","follow":"follow","max-snippet":"max-snippet:-1","max-image-preview":"max-image-preview:large","max-video-preview":"max-video-preview:-1"},"canonical":"https:\/\/universalpet.cz\/?product=southwest-canyon-canine-13kg","og_locale":"cs_CZ","og_type":"article","og_title":"Southwest Canyon Canine 13kg - UniversalPet","og_description":"Kompletn\u00ed krmivo pro dosp\u011bl\u00e9 psy. Unik\u00e1tn\u00ed obsah, jeho\u017e z\u00e1klad tvo\u0159\u00ed americk\u00fd divo\u010d\u00e1k. Kus hov\u011bz\u00edho, skv\u011ble zdrav\u00e1 cizrna a pivovarsk\u00e9 kvasnice pro zv\u00fd\u0161en\u00fd chu\u0165ov\u00fd z\u00e1\u017eitek.","og_url":"https:\/\/universalpet.cz\/?product=southwest-canyon-canine-13kg","og_site_name":"UniversalPet","article_modified_time":"2020-01-13T17:46:22+00:00","og_image":[{"width":1080,"height":1440,"url":"https:\/\/universalpet.cz\/wp-content\/uploads\/2020\/01\/3d-rendering-swcanyon-fr.jpeg","type":"image\/jpeg"}],"twitter_card":"summary_large_image","twitter_misc":{"Odhadovan\u00e1 doba \u010dten\u00ed":"2 minuty"},"schema":{"@context":"https:\/\/schema.org","@graph":[{"@type":"WebPage","@id":"https:\/\/universalpet.cz\/?product=southwest-canyon-canine-13kg","url":"https:\/\/universalpet.cz\/?product=southwest-canyon-canine-13kg","name":"Southwest Canyon Canine 13kg - UniversalPet","isPartOf":{"@id":"https:\/\/universalpet.cz\/#website"},"primaryImageOfPage":{"@id":"https:\/\/universalpet.cz\/?product=southwest-canyon-canine-13kg#primaryimage"},"image":{"@id":"https:\/\/universalpet.cz\/?product=southwest-canyon-canine-13kg#primaryimage"},"thumbnailUrl":"https:\/\/universalpet.cz\/wp-content\/uploads\/2020\/01\/3d-rendering-swcanyon-fr.jpeg","datePublished":"2020-01-13T17:45:55+00:00","dateModified":"2020-01-13T17:46:22+00:00","description":"Kompletn\u00ed krmivo pro dosp\u011bl\u00e9 psy. Unik\u00e1tn\u00ed obsah, jeho\u017e z\u00e1klad tvo\u0159\u00ed americk\u00fd divo\u010d\u00e1k. Kus hov\u011bz\u00edho, skv\u011ble zdrav\u00e1 cizrna a pivovarsk\u00e9 kvasnice pro zv\u00fd\u0161en\u00fd chu\u0165ov\u00fd z\u00e1\u017eitek.","breadcrumb":{"@id":"https:\/\/universalpet.cz\/?product=southwest-canyon-canine-13kg#breadcrumb"},"inLanguage":"cs","potentialAction":[{"@type":"ReadAction","target":["https:\/\/universalpet.cz\/?product=southwest-canyon-canine-13kg"]}]},{"@type":"ImageObject","inLanguage":"cs","@id":"https:\/\/universalpet.cz\/?product=southwest-canyon-canine-13kg#primaryimage","url":"https:\/\/universalpet.cz\/wp-content\/uploads\/2020\/01\/3d-rendering-swcanyon-fr.jpeg","contentUrl":"https:\/\/universalpet.cz\/wp-content\/uploads\/2020\/01\/3d-rendering-swcanyon-fr.jpeg","width":1080,"height":1440},{"@type":"BreadcrumbList","@id":"https:\/\/universalpet.cz\/?product=southwest-canyon-canine-13kg#breadcrumb","itemListElement":[{"@type":"ListItem","position":1,"name":"Dom\u016f","item":"https:\/\/universalpet.cz\/"},{"@type":"ListItem","position":2,"name":"Obchod","item":"https:\/\/universalpet.cz\/?page_id=6"},{"@type":"ListItem","position":3,"name":"Southwest Canyon Canine 13kg"}]},{"@type":"WebSite","@id":"https:\/\/universalpet.cz\/#website","url":"https:\/\/universalpet.cz\/","name":"UniversalPet","description":"Kvalitn\u00ed krmiva pro Va\u0161e mazl\u00ed\u010dky","potentialAction":[{"@type":"SearchAction","target":{"@type":"EntryPoint","urlTemplate":"https:\/\/universalpet.cz\/?s={search_term_string}"},"query-input":{"@type":"PropertyValueSpecification","valueRequired":true,"valueName":"search_term_string"}}],"inLanguage":"cs"}]}},"post_mailing_queue_ids":[],"_links":{"self":[{"href":"https:\/\/universalpet.cz\/index.php?rest_route=\/wp\/v2\/product\/1448","targetHints":{"allow":["GET"]}}],"collection":[{"href":"https:\/\/universalpet.cz\/index.php?rest_route=\/wp\/v2\/product"}],"about":[{"href":"https:\/\/universalpet.cz\/index.php?rest_route=\/wp\/v2\/types\/product"}],"replies":[{"embeddable":true,"href":"https:\/\/universalpet.cz\/index.php?rest_route=%2Fwp%2Fv2%2Fcomments&post=1448"}],"wp:featuredmedia":[{"embeddable":true,"href":"https:\/\/universalpet.cz\/index.php?rest_route=\/wp\/v2\/media\/1446"}],"wp:attachment":[{"href":"https:\/\/universalpet.cz\/index.php?rest_route=%2Fwp%2Fv2%2Fmedia&parent=1448"}],"wp:term":[{"taxonomy":"product_brand","embeddable":true,"href":"https:\/\/universalpet.cz\/index.php?rest_route=%2Fwp%2Fv2%2Fproduct_brand&post=1448"},{"taxonomy":"product_cat","embeddable":true,"href":"https:\/\/universalpet.cz\/index.php?rest_route=%2Fwp%2Fv2%2Fproduct_cat&post=1448"},{"taxonomy":"product_tag","embeddable":true,"href":"https:\/\/universalpet.cz\/index.php?rest_route=%2Fwp%2Fv2%2Fproduct_tag&post=1448"}],"curies":[{"name":"wp","href":"https:\/\/api.w.org\/{rel}","templated":true}]}}