{"id":1451,"date":"2020-01-14T12:29:50","date_gmt":"2020-01-14T10:29:50","guid":{"rendered":"http:\/\/194.213.36.175:8000\/?post_type=product&#038;p=1451"},"modified":"2020-01-14T12:32:44","modified_gmt":"2020-01-14T10:32:44","slug":"rocky-mtn-feline-7kg","status":"publish","type":"product","link":"https:\/\/universalpet.cz\/?product=rocky-mtn-feline-7kg","title":{"rendered":"Rocky Mtn. Feline 7kg"},"content":{"rendered":"<h2>Podrobn\u00fd popis<\/h2>\n<p>Kdo si po\u010dk\u00e1, ten se do\u010dk\u00e1. Horsk\u00e1 puma si po\u010d\u00edh\u00e1 na sv\u00e9 parohat\u00e9 maso klidn\u011b hodiny, sv\u011b\u017e\u00ed americk\u00e9 Skalist\u00e9 hory jsou k\u00a0tomu nakonec ide\u00e1ln\u00ed p\u0159\u00edle\u017eitost\u00ed. Je-li libo rybu, m\u016f\u017ee zase otestovat sv\u016fj um pod m\u00edrn\u00fdm vodop\u00e1dem a zakousnout se do lososa. V\u00a0balen\u00ed Taste of the Wild Rocky Mountain si va\u0161e \u0161elma m\u016f\u017ee smlsnout tak\u00e9 na oboj\u00edm. Divok\u00fdch protein\u016f je v\u00a0tomto krmivu opravdu hromada, tak\u017ee vypracovan\u00e9 t\u011blo va\u0161i ko\u010dku zaru\u010den\u011b nemine. Typicky zavr\u0161eno bylinkami a sm\u011bs\u00ed lesn\u00edho ovoce. Samoz\u0159ejm\u011b nechyb\u00ed pro zrak z\u00e1sadn\u00ed taurin, kter\u00fd \u010din\u00ed z\u00a0va\u0161\u00ed \u0161elmy dokonal\u00e9ho no\u010dn\u00edho\u00a0lovce.<\/p>\n<h3>Slo\u017een\u00ed<\/h3>\n<p>Ku\u0159ec\u00ed mou\u010dka, hr\u00e1ch, bat\u00e1ty, ku\u0159ec\u00ed tuk (konzervovan\u00fd sm\u011bs\u00ed tokoferol\u016f), hrachov\u00fd protein, bramborov\u00e1 b\u00edlkovina, pe\u010den\u00e1 zv\u011b\u0159ina (4 %), uzen\u00fd losos (4 %), mou\u010dka z mo\u0159sk\u00fdch ryb, miner\u00e1ly, su\u0161en\u00fd \u010dekankov\u00fd ko\u0159en, raj\u010data, bor\u016fvky, maliny, extrakt z Yucca schidigera.<\/p>\n<h3><strong>Analytick\u00e9 slo\u017eky<\/strong><\/h3>\n<p>Protein 42,0 %, obsah tuku 18,0 %, hrub\u00e1 vl\u00e1knina 3,0 %, hrub\u00fd popel 8,3 %, vlhkost 10,0%, omega-6 mastn\u00e9 kyseliny 2,8 %, omega-3 mastn\u00e9 kyseliny 0,3 %.<\/p>\n<h3><strong>Vitam\u00edny<\/strong><\/h3>\n<p>Vitam\u00edn A 10 000 IU\/kg, vitam\u00edn D 750 lU\/kg, vitam\u00edn E 150 IU\/kg.<\/p>\n<h3><strong>Stopov\u00e9 prvky<\/strong><\/h3>\n<p>Hydr\u00e1t chel\u00e1tu \u017eeleza a aminokyselin 40 mg\/kg, hydr\u00e1t chel\u00e1tu m\u011bdi a aminokyselin 7,5 mg\/kg, monohydr\u00e1t s\u00edranu \u017eeleznat\u00e9ho 40 mg\/kg, pentahydr\u00e1t s\u00edranu m\u011b\u010fnat\u00e9ho 7,5 mg\/kg, jodid draseln\u00fd 1,8 mg\/kg, hydr\u00e1t chel\u00e1tu manganu a aminokyselin 14 mg\/kg, oxid manganat\u00fd 14 mg\/kg, s\u00edran manganat\u00fd 14 mg\/kg, hydr\u00e1t chel\u00e1tu zinku a aminokyseliny 60 mg\/kg, s\u00edran zine\u010dnat\u00fd 60 mg\/kg, seleni\u010ditan sodn\u00fd 0,3 mg\/kg, taurin 0,1 %.<\/p>\n","protected":false},"excerpt":{"rendered":"<div class=\"product-anotation\">Kompletn\u00ed krmivo pro ko\u010dky vhodn\u00e9 pro v\u0161echna st\u00e1dia \u017eivota pln\u00e9 pe\u010den\u00e9 zv\u011b\u0159iny a uzen\u00e9ho lososa. Vysok\u00fd pod\u00edl b\u00edlkovin pro spr\u00e1vn\u00fd v\u00fdvoj a taurin pro pred\u00e1torsk\u00fd zrak.<\/div>\n<div class=\"product-controls\">\n<div class=\"product-code\"><\/div>\n<\/div>\n","protected":false},"featured_media":1450,"comment_status":"open","ping_status":"closed","template":"","meta":[],"product_brand":[],"product_cat":[28],"product_tag":[],"class_list":{"0":"post-1451","1":"product","2":"type-product","3":"status-publish","4":"has-post-thumbnail","6":"product_cat-hillsfeline","8":"first","9":"instock","10":"taxable","11":"shipping-taxable","12":"purchasable","13":"product-type-simple"},"yoast_head":"<!-- This site is optimized with the Yoast SEO plugin v26.9 - https:\/\/yoast.com\/product\/yoast-seo-wordpress\/ -->\n<title>Rocky Mtn. Feline 7kg - UniversalPet<\/title>\n<meta name=\"description\" content=\"Kompletn\u00ed krmivo pro ko\u010dky vhodn\u00e9 pro v\u0161echna st\u00e1dia \u017eivota pln\u00e9 pe\u010den\u00e9 zv\u011b\u0159iny a uzen\u00e9ho lososa. Vysok\u00fd pod\u00edl b\u00edlkovin pro spr\u00e1vn\u00fd v\u00fdvoj a taurin pro pred\u00e1torsk\u00fd zrak.\" \/>\n<meta name=\"robots\" content=\"index, follow, max-snippet:-1, max-image-preview:large, max-video-preview:-1\" \/>\n<link rel=\"canonical\" href=\"https:\/\/universalpet.cz\/?product=rocky-mtn-feline-7kg\" \/>\n<meta property=\"og:locale\" content=\"cs_CZ\" \/>\n<meta property=\"og:type\" content=\"article\" \/>\n<meta property=\"og:title\" content=\"Rocky Mtn. Feline 7kg - UniversalPet\" \/>\n<meta property=\"og:description\" content=\"Kompletn\u00ed krmivo pro ko\u010dky vhodn\u00e9 pro v\u0161echna st\u00e1dia \u017eivota pln\u00e9 pe\u010den\u00e9 zv\u011b\u0159iny a uzen\u00e9ho lososa. Vysok\u00fd pod\u00edl b\u00edlkovin pro spr\u00e1vn\u00fd v\u00fdvoj a taurin pro pred\u00e1torsk\u00fd zrak.\" \/>\n<meta property=\"og:url\" content=\"https:\/\/universalpet.cz\/?product=rocky-mtn-feline-7kg\" \/>\n<meta property=\"og:site_name\" content=\"UniversalPet\" \/>\n<meta property=\"article:modified_time\" content=\"2020-01-14T10:32:44+00:00\" \/>\n<meta property=\"og:image\" content=\"https:\/\/universalpet.cz\/wp-content\/uploads\/2020\/01\/3d-rendering-rockymntfeline-fr.jpeg\" \/>\n\t<meta property=\"og:image:width\" content=\"1080\" \/>\n\t<meta property=\"og:image:height\" content=\"1440\" \/>\n\t<meta property=\"og:image:type\" content=\"image\/jpeg\" \/>\n<meta name=\"twitter:card\" content=\"summary_large_image\" \/>\n<meta name=\"twitter:label1\" content=\"Odhadovan\u00e1 doba \u010dten\u00ed\" \/>\n\t<meta name=\"twitter:data1\" content=\"1 minuta\" \/>\n<script type=\"application\/ld+json\" class=\"yoast-schema-graph\">{\"@context\":\"https:\/\/schema.org\",\"@graph\":[{\"@type\":\"WebPage\",\"@id\":\"https:\/\/universalpet.cz\/?product=rocky-mtn-feline-7kg\",\"url\":\"https:\/\/universalpet.cz\/?product=rocky-mtn-feline-7kg\",\"name\":\"Rocky Mtn. Feline 7kg - UniversalPet\",\"isPartOf\":{\"@id\":\"https:\/\/universalpet.cz\/#website\"},\"primaryImageOfPage\":{\"@id\":\"https:\/\/universalpet.cz\/?product=rocky-mtn-feline-7kg#primaryimage\"},\"image\":{\"@id\":\"https:\/\/universalpet.cz\/?product=rocky-mtn-feline-7kg#primaryimage\"},\"thumbnailUrl\":\"https:\/\/universalpet.cz\/wp-content\/uploads\/2020\/01\/3d-rendering-rockymntfeline-fr.jpeg\",\"datePublished\":\"2020-01-14T10:29:50+00:00\",\"dateModified\":\"2020-01-14T10:32:44+00:00\",\"description\":\"Kompletn\u00ed krmivo pro ko\u010dky vhodn\u00e9 pro v\u0161echna st\u00e1dia \u017eivota pln\u00e9 pe\u010den\u00e9 zv\u011b\u0159iny a uzen\u00e9ho lososa. Vysok\u00fd pod\u00edl b\u00edlkovin pro spr\u00e1vn\u00fd v\u00fdvoj a taurin pro pred\u00e1torsk\u00fd zrak.\",\"breadcrumb\":{\"@id\":\"https:\/\/universalpet.cz\/?product=rocky-mtn-feline-7kg#breadcrumb\"},\"inLanguage\":\"cs\",\"potentialAction\":[{\"@type\":\"ReadAction\",\"target\":[\"https:\/\/universalpet.cz\/?product=rocky-mtn-feline-7kg\"]}]},{\"@type\":\"ImageObject\",\"inLanguage\":\"cs\",\"@id\":\"https:\/\/universalpet.cz\/?product=rocky-mtn-feline-7kg#primaryimage\",\"url\":\"https:\/\/universalpet.cz\/wp-content\/uploads\/2020\/01\/3d-rendering-rockymntfeline-fr.jpeg\",\"contentUrl\":\"https:\/\/universalpet.cz\/wp-content\/uploads\/2020\/01\/3d-rendering-rockymntfeline-fr.jpeg\",\"width\":1080,\"height\":1440},{\"@type\":\"BreadcrumbList\",\"@id\":\"https:\/\/universalpet.cz\/?product=rocky-mtn-feline-7kg#breadcrumb\",\"itemListElement\":[{\"@type\":\"ListItem\",\"position\":1,\"name\":\"Dom\u016f\",\"item\":\"https:\/\/universalpet.cz\/\"},{\"@type\":\"ListItem\",\"position\":2,\"name\":\"Obchod\",\"item\":\"https:\/\/universalpet.cz\/?page_id=6\"},{\"@type\":\"ListItem\",\"position\":3,\"name\":\"Rocky Mtn. Feline 7kg\"}]},{\"@type\":\"WebSite\",\"@id\":\"https:\/\/universalpet.cz\/#website\",\"url\":\"https:\/\/universalpet.cz\/\",\"name\":\"UniversalPet\",\"description\":\"Kvalitn\u00ed krmiva pro Va\u0161e mazl\u00ed\u010dky\",\"potentialAction\":[{\"@type\":\"SearchAction\",\"target\":{\"@type\":\"EntryPoint\",\"urlTemplate\":\"https:\/\/universalpet.cz\/?s={search_term_string}\"},\"query-input\":{\"@type\":\"PropertyValueSpecification\",\"valueRequired\":true,\"valueName\":\"search_term_string\"}}],\"inLanguage\":\"cs\"}]}<\/script>\n<!-- \/ Yoast SEO plugin. -->","yoast_head_json":{"title":"Rocky Mtn. Feline 7kg - UniversalPet","description":"Kompletn\u00ed krmivo pro ko\u010dky vhodn\u00e9 pro v\u0161echna st\u00e1dia \u017eivota pln\u00e9 pe\u010den\u00e9 zv\u011b\u0159iny a uzen\u00e9ho lososa. Vysok\u00fd pod\u00edl b\u00edlkovin pro spr\u00e1vn\u00fd v\u00fdvoj a taurin pro pred\u00e1torsk\u00fd zrak.","robots":{"index":"index","follow":"follow","max-snippet":"max-snippet:-1","max-image-preview":"max-image-preview:large","max-video-preview":"max-video-preview:-1"},"canonical":"https:\/\/universalpet.cz\/?product=rocky-mtn-feline-7kg","og_locale":"cs_CZ","og_type":"article","og_title":"Rocky Mtn. Feline 7kg - UniversalPet","og_description":"Kompletn\u00ed krmivo pro ko\u010dky vhodn\u00e9 pro v\u0161echna st\u00e1dia \u017eivota pln\u00e9 pe\u010den\u00e9 zv\u011b\u0159iny a uzen\u00e9ho lososa. Vysok\u00fd pod\u00edl b\u00edlkovin pro spr\u00e1vn\u00fd v\u00fdvoj a taurin pro pred\u00e1torsk\u00fd zrak.","og_url":"https:\/\/universalpet.cz\/?product=rocky-mtn-feline-7kg","og_site_name":"UniversalPet","article_modified_time":"2020-01-14T10:32:44+00:00","og_image":[{"width":1080,"height":1440,"url":"https:\/\/universalpet.cz\/wp-content\/uploads\/2020\/01\/3d-rendering-rockymntfeline-fr.jpeg","type":"image\/jpeg"}],"twitter_card":"summary_large_image","twitter_misc":{"Odhadovan\u00e1 doba \u010dten\u00ed":"1 minuta"},"schema":{"@context":"https:\/\/schema.org","@graph":[{"@type":"WebPage","@id":"https:\/\/universalpet.cz\/?product=rocky-mtn-feline-7kg","url":"https:\/\/universalpet.cz\/?product=rocky-mtn-feline-7kg","name":"Rocky Mtn. Feline 7kg - UniversalPet","isPartOf":{"@id":"https:\/\/universalpet.cz\/#website"},"primaryImageOfPage":{"@id":"https:\/\/universalpet.cz\/?product=rocky-mtn-feline-7kg#primaryimage"},"image":{"@id":"https:\/\/universalpet.cz\/?product=rocky-mtn-feline-7kg#primaryimage"},"thumbnailUrl":"https:\/\/universalpet.cz\/wp-content\/uploads\/2020\/01\/3d-rendering-rockymntfeline-fr.jpeg","datePublished":"2020-01-14T10:29:50+00:00","dateModified":"2020-01-14T10:32:44+00:00","description":"Kompletn\u00ed krmivo pro ko\u010dky vhodn\u00e9 pro v\u0161echna st\u00e1dia \u017eivota pln\u00e9 pe\u010den\u00e9 zv\u011b\u0159iny a uzen\u00e9ho lososa. Vysok\u00fd pod\u00edl b\u00edlkovin pro spr\u00e1vn\u00fd v\u00fdvoj a taurin pro pred\u00e1torsk\u00fd zrak.","breadcrumb":{"@id":"https:\/\/universalpet.cz\/?product=rocky-mtn-feline-7kg#breadcrumb"},"inLanguage":"cs","potentialAction":[{"@type":"ReadAction","target":["https:\/\/universalpet.cz\/?product=rocky-mtn-feline-7kg"]}]},{"@type":"ImageObject","inLanguage":"cs","@id":"https:\/\/universalpet.cz\/?product=rocky-mtn-feline-7kg#primaryimage","url":"https:\/\/universalpet.cz\/wp-content\/uploads\/2020\/01\/3d-rendering-rockymntfeline-fr.jpeg","contentUrl":"https:\/\/universalpet.cz\/wp-content\/uploads\/2020\/01\/3d-rendering-rockymntfeline-fr.jpeg","width":1080,"height":1440},{"@type":"BreadcrumbList","@id":"https:\/\/universalpet.cz\/?product=rocky-mtn-feline-7kg#breadcrumb","itemListElement":[{"@type":"ListItem","position":1,"name":"Dom\u016f","item":"https:\/\/universalpet.cz\/"},{"@type":"ListItem","position":2,"name":"Obchod","item":"https:\/\/universalpet.cz\/?page_id=6"},{"@type":"ListItem","position":3,"name":"Rocky Mtn. Feline 7kg"}]},{"@type":"WebSite","@id":"https:\/\/universalpet.cz\/#website","url":"https:\/\/universalpet.cz\/","name":"UniversalPet","description":"Kvalitn\u00ed krmiva pro Va\u0161e mazl\u00ed\u010dky","potentialAction":[{"@type":"SearchAction","target":{"@type":"EntryPoint","urlTemplate":"https:\/\/universalpet.cz\/?s={search_term_string}"},"query-input":{"@type":"PropertyValueSpecification","valueRequired":true,"valueName":"search_term_string"}}],"inLanguage":"cs"}]}},"post_mailing_queue_ids":[],"_links":{"self":[{"href":"https:\/\/universalpet.cz\/index.php?rest_route=\/wp\/v2\/product\/1451","targetHints":{"allow":["GET"]}}],"collection":[{"href":"https:\/\/universalpet.cz\/index.php?rest_route=\/wp\/v2\/product"}],"about":[{"href":"https:\/\/universalpet.cz\/index.php?rest_route=\/wp\/v2\/types\/product"}],"replies":[{"embeddable":true,"href":"https:\/\/universalpet.cz\/index.php?rest_route=%2Fwp%2Fv2%2Fcomments&post=1451"}],"wp:featuredmedia":[{"embeddable":true,"href":"https:\/\/universalpet.cz\/index.php?rest_route=\/wp\/v2\/media\/1450"}],"wp:attachment":[{"href":"https:\/\/universalpet.cz\/index.php?rest_route=%2Fwp%2Fv2%2Fmedia&parent=1451"}],"wp:term":[{"taxonomy":"product_brand","embeddable":true,"href":"https:\/\/universalpet.cz\/index.php?rest_route=%2Fwp%2Fv2%2Fproduct_brand&post=1451"},{"taxonomy":"product_cat","embeddable":true,"href":"https:\/\/universalpet.cz\/index.php?rest_route=%2Fwp%2Fv2%2Fproduct_cat&post=1451"},{"taxonomy":"product_tag","embeddable":true,"href":"https:\/\/universalpet.cz\/index.php?rest_route=%2Fwp%2Fv2%2Fproduct_tag&post=1451"}],"curies":[{"name":"wp","href":"https:\/\/api.w.org\/{rel}","templated":true}]}}