{"id":1454,"date":"2020-01-14T12:35:07","date_gmt":"2020-01-14T10:35:07","guid":{"rendered":"http:\/\/194.213.36.175:8000\/?post_type=product&#038;p=1454"},"modified":"2020-01-14T12:35:31","modified_gmt":"2020-01-14T10:35:31","slug":"canyon-river-feline-7kg","status":"publish","type":"product","link":"https:\/\/universalpet.cz\/?product=canyon-river-feline-7kg","title":{"rendered":"Canyon River Feline 7kg"},"content":{"rendered":"<div class=\"container-fluid\">\n<div class=\"row js-same-height-col-wrapper js-same-height-mobile\">\n<div id=\"page-wrapper\" class=\"col-xl-10 col-lg-10 col-md-12 padding-fix-both js-fullheight-col js-fullheight-col-mobile\">\n<div class=\"content-main\">\n<div class=\"container-fluid\">\n<div class=\"row display-flex\">\n<div class=\"col-xl-10 col-lg-9 col-md-12 col-xs-12\">\n<div class=\"row\">\n<div class=\"col-xl-7 col-lg-7 col-md-7 col-sm-7 col-xs-12 padding-fix-left\">\n<div class=\"product-description-wrapper sections-typography\">\n<div class=\"skuDescription\">\n<h2>Podrobn\u00fd popis<\/h2>\n<p>Kdy\u017e je \u0161elma unaven\u00e1 z\u00a0neust\u00e1l\u00e9ho \u010d\u00edh\u00e1n\u00ed na zv\u011b\u0159inu, v\u00a0americk\u00e9m ka\u0148onu m\u00e1 je\u0161t\u011b jednu osv\u011b\u017euj\u00edc\u00ed mo\u017enost. N\u011bkdy j\u00edm toti\u017e prot\u00e9k\u00e1 zu\u0159iv\u00e1 \u0159eka a ko\u010di\u010d\u00ed instinkt v\u00a0n\u00ed vyc\u00edt\u00ed plno \u0161\u0165avnat\u00fdch pstruh\u016f a\u00a0losos\u016f. Ur\u010dit\u011b jste zpozorovali, \u017ee \u0161est\u00fd smysl m\u00e1 i\u00a0va\u0161e \u0161elma, jen\u017ee ta m\u00e1 k\u00a0divok\u00e9mu ka\u0148onu daleko. Jedine\u010dnou p\u0159\u00edle\u017eitost zakousnout takovou rybu m\u00e1 proto s\u00a0balen\u00edm Taste of the Wild Canyon River. \u010cerstv\u00e9mu pstruhovi neodol\u00e1 snad nikdo, a uzen\u00fd losos, to je je\u0161t\u011b jin\u00e1 liga. Opravdu kvalitn\u00ed ko\u010di\u010d\u00ed krmivo se tak\u00e9 neobejde bez d\u00e1vky taurinu pro skv\u011bl\u00fd no\u010dn\u00ed zrak. Ide\u00e1ln\u00ed v\u00fd\u017eiva jak pro ko\u010dky ost\u0159\u00edlen\u00e9 \u017eivotem, tak ko\u0165ata s\u00a0lovem teprve za\u010d\u00ednaj\u00edc\u00edmi.<\/p>\n<h3><strong>Slo\u017een\u00ed<\/strong><\/h3>\n<p>Pstruh (19 %), mou\u010dka z mo\u0159sk\u00fdch ryb, bat\u00e1ty, brambory, hrachov\u00fd protein, bramborov\u00e1 b\u00edlkovina, \u0159epkov\u00fd olej, uzen\u00fd losos\u00a0 (4 %), miner\u00e1ly, su\u0161en\u00fd \u010dekankov\u00fd ko\u0159en, raj\u010data, bor\u016fvky, maliny, extrakt z Yucca schidigera.<\/p>\n<h3><strong>Analytick\u00e9 slo\u017eky<\/strong><\/h3>\n<p>Protein 32,0 %, obsah tuku 16,0%, hrub\u00e1 vl\u00e1knina 3,0 %, hrub\u00fd popel 8,0%, vlhkost 10,0%, omega-6 mastn\u00e9 kyseliny 2,4 %, omega-3 mastn\u00e9 kyseliny 0,3 %.<\/p>\n<h3><strong>Vitam\u00edny<\/strong><\/h3>\n<p>Vitam\u00edn A 10 000 IU\/kg, vitam\u00edn D 750 lU\/kg, vitam\u00edn E 150 IU\/kg.<\/p>\n<h3><strong>Stopov\u00e9 prvky<\/strong><\/h3>\n<p>Hydr\u00e1t chel\u00e1tu \u017eeleza a aminokyselin 40 mg\/kg, hydr\u00e1t chel\u00e1tu m\u011bdi a aminokyselin 7,5 mg\/kg, monohydr\u00e1t s\u00edranu \u017eeleznat\u00e9ho 40 mg\/kg, pentahydr\u00e1t s\u00edranu m\u011b\u010fnat\u00e9ho 7,5 mg\/kg, jodid draseln\u00fd 1,8 mg\/kg, hydr\u00e1t chel\u00e1tu manganu a aminokyselin 14 mg\/kg, oxid manganat\u00fd 14 mg\/kg, s\u00edran manganat\u00fd 14 mg\/kg, hydr\u00e1t chel\u00e1tu zinku a aminokyseliny 60 mg\/kg, s\u00edran zine\u010dnat\u00fd 60 mg\/kg, seleni\u010ditan sodn\u00fd 0,3 mg\/kg, taurin 0,1 %.<\/p>\n<h3>D\u00e1vkov\u00e1n\u00ed<\/h3>\n<div class=\"table-responsive\">\n<h5>Denn\u00ed krmn\u00e1 d\u00e1vka pro ko\u0165ata<\/h5>\n<table class=\"table feedingTableVertical\">\n<tbody>\n<tr>\n<th>v\u00e1ha (kg)<\/th>\n<th>do 4 m\u011bs\u00edc\u016f<\/th>\n<th>5 &#8211; 7 m\u011bs\u00edc\u016f<\/th>\n<th>7 &#8211; 9 m\u011bs\u00edc<\/th>\n<th>9 &#8211; 12 m\u011bs\u00edc<\/th>\n<\/tr>\n<tr>\n<td>0,5 &#8211; 2 kg<\/td>\n<td>75 &#8211; 100g<\/td>\n<td>65 &#8211; 75g<\/td>\n<td>50 &#8211; 65g<\/td>\n<td>35 &#8211; 50g<\/td>\n<\/tr>\n<tr>\n<td>2 &#8211; 3 kg<\/td>\n<td>100 &#8211; 135g<\/td>\n<td>75 &#8211; 100g<\/td>\n<td>65 &#8211; 75g<\/td>\n<td>50 &#8211; 65g<\/td>\n<\/tr>\n<tr>\n<td>3 &#8211; 4 kg<\/td>\n<td>135 &#8211; 165g<\/td>\n<td>100 &#8211; 135g<\/td>\n<td>75 &#8211; 100g<\/td>\n<td>65 &#8211; 75g<\/td>\n<\/tr>\n<tr>\n<td>4 &#8211; 6 kg<\/td>\n<td>165 &#8211; 200g<\/td>\n<td>135 &#8211; 165g<\/td>\n<td>100 &#8211; 135g<\/td>\n<td>75 &#8211; 100g<\/td>\n<\/tr>\n<\/tbody>\n<\/table>\n<h5>Denn\u00ed krmn\u00e1 d\u00e1vka pro dosp\u011bl\u00e9 ko\u010dky<\/h5>\n<table class=\"table feedingTable\">\n<tbody>\n<tr>\n<th>1,5 &#8211; 2,5 kg<\/th>\n<th>2,5 &#8211; 5 kg<\/th>\n<th>5 &#8211; 7,5 kg<\/th>\n<th>7,5 &#8211; 10 kg<\/th>\n<\/tr>\n<tr>\n<td>35 &#8211; 50g<\/td>\n<td>50 &#8211; 75g<\/td>\n<td>75 &#8211; 100g<\/td>\n<td>100 &#8211; 125g<\/td>\n<\/tr>\n<\/tbody>\n<\/table>\n<\/div>\n<\/div>\n<\/div>\n<\/div>\n<\/div>\n<\/div>\n<div class=\"col-xl-2 col-lg-3 sidebar-basket-wrapper\">\n<div id=\"sidebar-basket\" class=\"\">\n<div class=\"basket-header\">\n<div class=\"basket-title\">V\u00c1\u0160 N\u00c1KUP<\/div>\n<table class=\"basket-header-table\">\n<tbody>\n<tr>\n<td>Polo\u017eek:<\/td>\n<td>0<\/td>\n<\/tr>\n<tr>\n<td>Celkem<\/td>\n<td>0,00\u00a0K\u010d<\/td>\n<\/tr>\n<\/tbody>\n<\/table>\n<div class=\"notice free-delivery\">Do dopravy zdarma v\u00e1m zb\u00fdv\u00e1 nakoupit za 5\u00a0000,00\u00a0K\u010d.<\/div>\n<p><a class=\"btn btn-primary fullwidth\" href=\"https:\/\/b2b.hpf.cz\/cs\/Basket\">DO KO\u0160\u00cdKU<\/a><\/p>\n<\/div>\n<\/div>\n<\/div>\n<\/div>\n<\/div>\n<\/div>\n<div class=\"clearfix\"><\/div>\n<\/div>\n<\/div>\n<\/div>\n<footer class=\"footer\">\n<div class=\"container-fluid\">\n<div><\/div>\n<p><button class=\"btn btn-primary btn-up\">NAHORU<\/button><\/p>\n<div class=\"row footer-row first\">\n<div class=\"col-lg-offset-2 col-lg-8\"><\/div>\n<\/div>\n<\/div>\n<\/footer>\n","protected":false},"excerpt":{"rendered":"<div class=\"product-anotation\">Kompletn\u00ed krmivo pro ko\u010dky vhodn\u00e9 pro v\u0161echna st\u00e1dia \u017eivota. Lehk\u00e9 ryb\u00ed proteiny v podob\u011b \u010derstv\u00e9ho pstruha a uzen\u00e9ho lososa si ko\u010dka zamiluje. Ovoce, zelenina a tak\u00e9 taurin pro ostr\u00fd ko\u010di\u010d\u00ed zrak.<\/div>\n<div class=\"product-controls\">\n<div class=\"product-code\"><\/div>\n<\/div>\n","protected":false},"featured_media":1453,"comment_status":"open","ping_status":"closed","template":"","meta":[],"product_brand":[],"product_cat":[28],"product_tag":[],"class_list":{"0":"post-1454","1":"product","2":"type-product","3":"status-publish","4":"has-post-thumbnail","6":"product_cat-hillsfeline","8":"first","9":"instock","10":"taxable","11":"shipping-taxable","12":"purchasable","13":"product-type-simple"},"yoast_head":"<!-- This site is optimized with the Yoast SEO plugin v26.9 - https:\/\/yoast.com\/product\/yoast-seo-wordpress\/ -->\n<title>Canyon River Feline 7kg - UniversalPet<\/title>\n<meta name=\"description\" content=\"Kompletn\u00ed krmivo pro ko\u010dky vhodn\u00e9 pro v\u0161echna st\u00e1dia \u017eivota. Lehk\u00e9 ryb\u00ed proteiny v podob\u011b \u010derstv\u00e9ho pstruha a uzen\u00e9ho lososa si ko\u010dka zamiluje. Ovoce, zelenina a tak\u00e9 taurin pro ostr\u00fd ko\u010di\u010d\u00ed zrak.\" \/>\n<meta name=\"robots\" content=\"index, follow, max-snippet:-1, max-image-preview:large, max-video-preview:-1\" \/>\n<link rel=\"canonical\" href=\"https:\/\/universalpet.cz\/?product=canyon-river-feline-7kg\" \/>\n<meta property=\"og:locale\" content=\"cs_CZ\" \/>\n<meta property=\"og:type\" content=\"article\" \/>\n<meta property=\"og:title\" content=\"Canyon River Feline 7kg - UniversalPet\" \/>\n<meta property=\"og:description\" content=\"Kompletn\u00ed krmivo pro ko\u010dky vhodn\u00e9 pro v\u0161echna st\u00e1dia \u017eivota. Lehk\u00e9 ryb\u00ed proteiny v podob\u011b \u010derstv\u00e9ho pstruha a uzen\u00e9ho lososa si ko\u010dka zamiluje. Ovoce, zelenina a tak\u00e9 taurin pro ostr\u00fd ko\u010di\u010d\u00ed zrak.\" \/>\n<meta property=\"og:url\" content=\"https:\/\/universalpet.cz\/?product=canyon-river-feline-7kg\" \/>\n<meta property=\"og:site_name\" content=\"UniversalPet\" \/>\n<meta property=\"article:modified_time\" content=\"2020-01-14T10:35:31+00:00\" \/>\n<meta property=\"og:image\" content=\"https:\/\/universalpet.cz\/wp-content\/uploads\/2020\/01\/3d-rendering-canyonriver-fr.jpeg\" \/>\n\t<meta property=\"og:image:width\" content=\"1080\" \/>\n\t<meta property=\"og:image:height\" content=\"1440\" \/>\n\t<meta property=\"og:image:type\" content=\"image\/jpeg\" \/>\n<meta name=\"twitter:card\" content=\"summary_large_image\" \/>\n<meta name=\"twitter:label1\" content=\"Odhadovan\u00e1 doba \u010dten\u00ed\" \/>\n\t<meta name=\"twitter:data1\" content=\"2 minuty\" \/>\n<script type=\"application\/ld+json\" class=\"yoast-schema-graph\">{\"@context\":\"https:\/\/schema.org\",\"@graph\":[{\"@type\":\"WebPage\",\"@id\":\"https:\/\/universalpet.cz\/?product=canyon-river-feline-7kg\",\"url\":\"https:\/\/universalpet.cz\/?product=canyon-river-feline-7kg\",\"name\":\"Canyon River Feline 7kg - UniversalPet\",\"isPartOf\":{\"@id\":\"https:\/\/universalpet.cz\/#website\"},\"primaryImageOfPage\":{\"@id\":\"https:\/\/universalpet.cz\/?product=canyon-river-feline-7kg#primaryimage\"},\"image\":{\"@id\":\"https:\/\/universalpet.cz\/?product=canyon-river-feline-7kg#primaryimage\"},\"thumbnailUrl\":\"https:\/\/universalpet.cz\/wp-content\/uploads\/2020\/01\/3d-rendering-canyonriver-fr.jpeg\",\"datePublished\":\"2020-01-14T10:35:07+00:00\",\"dateModified\":\"2020-01-14T10:35:31+00:00\",\"description\":\"Kompletn\u00ed krmivo pro ko\u010dky vhodn\u00e9 pro v\u0161echna st\u00e1dia \u017eivota. Lehk\u00e9 ryb\u00ed proteiny v podob\u011b \u010derstv\u00e9ho pstruha a uzen\u00e9ho lososa si ko\u010dka zamiluje. Ovoce, zelenina a tak\u00e9 taurin pro ostr\u00fd ko\u010di\u010d\u00ed zrak.\",\"breadcrumb\":{\"@id\":\"https:\/\/universalpet.cz\/?product=canyon-river-feline-7kg#breadcrumb\"},\"inLanguage\":\"cs\",\"potentialAction\":[{\"@type\":\"ReadAction\",\"target\":[\"https:\/\/universalpet.cz\/?product=canyon-river-feline-7kg\"]}]},{\"@type\":\"ImageObject\",\"inLanguage\":\"cs\",\"@id\":\"https:\/\/universalpet.cz\/?product=canyon-river-feline-7kg#primaryimage\",\"url\":\"https:\/\/universalpet.cz\/wp-content\/uploads\/2020\/01\/3d-rendering-canyonriver-fr.jpeg\",\"contentUrl\":\"https:\/\/universalpet.cz\/wp-content\/uploads\/2020\/01\/3d-rendering-canyonriver-fr.jpeg\",\"width\":1080,\"height\":1440},{\"@type\":\"BreadcrumbList\",\"@id\":\"https:\/\/universalpet.cz\/?product=canyon-river-feline-7kg#breadcrumb\",\"itemListElement\":[{\"@type\":\"ListItem\",\"position\":1,\"name\":\"Dom\u016f\",\"item\":\"https:\/\/universalpet.cz\/\"},{\"@type\":\"ListItem\",\"position\":2,\"name\":\"Obchod\",\"item\":\"https:\/\/universalpet.cz\/?page_id=6\"},{\"@type\":\"ListItem\",\"position\":3,\"name\":\"Canyon River Feline 7kg\"}]},{\"@type\":\"WebSite\",\"@id\":\"https:\/\/universalpet.cz\/#website\",\"url\":\"https:\/\/universalpet.cz\/\",\"name\":\"UniversalPet\",\"description\":\"Kvalitn\u00ed krmiva pro Va\u0161e mazl\u00ed\u010dky\",\"potentialAction\":[{\"@type\":\"SearchAction\",\"target\":{\"@type\":\"EntryPoint\",\"urlTemplate\":\"https:\/\/universalpet.cz\/?s={search_term_string}\"},\"query-input\":{\"@type\":\"PropertyValueSpecification\",\"valueRequired\":true,\"valueName\":\"search_term_string\"}}],\"inLanguage\":\"cs\"}]}<\/script>\n<!-- \/ Yoast SEO plugin. -->","yoast_head_json":{"title":"Canyon River Feline 7kg - UniversalPet","description":"Kompletn\u00ed krmivo pro ko\u010dky vhodn\u00e9 pro v\u0161echna st\u00e1dia \u017eivota. Lehk\u00e9 ryb\u00ed proteiny v podob\u011b \u010derstv\u00e9ho pstruha a uzen\u00e9ho lososa si ko\u010dka zamiluje. Ovoce, zelenina a tak\u00e9 taurin pro ostr\u00fd ko\u010di\u010d\u00ed zrak.","robots":{"index":"index","follow":"follow","max-snippet":"max-snippet:-1","max-image-preview":"max-image-preview:large","max-video-preview":"max-video-preview:-1"},"canonical":"https:\/\/universalpet.cz\/?product=canyon-river-feline-7kg","og_locale":"cs_CZ","og_type":"article","og_title":"Canyon River Feline 7kg - UniversalPet","og_description":"Kompletn\u00ed krmivo pro ko\u010dky vhodn\u00e9 pro v\u0161echna st\u00e1dia \u017eivota. Lehk\u00e9 ryb\u00ed proteiny v podob\u011b \u010derstv\u00e9ho pstruha a uzen\u00e9ho lososa si ko\u010dka zamiluje. Ovoce, zelenina a tak\u00e9 taurin pro ostr\u00fd ko\u010di\u010d\u00ed zrak.","og_url":"https:\/\/universalpet.cz\/?product=canyon-river-feline-7kg","og_site_name":"UniversalPet","article_modified_time":"2020-01-14T10:35:31+00:00","og_image":[{"width":1080,"height":1440,"url":"https:\/\/universalpet.cz\/wp-content\/uploads\/2020\/01\/3d-rendering-canyonriver-fr.jpeg","type":"image\/jpeg"}],"twitter_card":"summary_large_image","twitter_misc":{"Odhadovan\u00e1 doba \u010dten\u00ed":"2 minuty"},"schema":{"@context":"https:\/\/schema.org","@graph":[{"@type":"WebPage","@id":"https:\/\/universalpet.cz\/?product=canyon-river-feline-7kg","url":"https:\/\/universalpet.cz\/?product=canyon-river-feline-7kg","name":"Canyon River Feline 7kg - UniversalPet","isPartOf":{"@id":"https:\/\/universalpet.cz\/#website"},"primaryImageOfPage":{"@id":"https:\/\/universalpet.cz\/?product=canyon-river-feline-7kg#primaryimage"},"image":{"@id":"https:\/\/universalpet.cz\/?product=canyon-river-feline-7kg#primaryimage"},"thumbnailUrl":"https:\/\/universalpet.cz\/wp-content\/uploads\/2020\/01\/3d-rendering-canyonriver-fr.jpeg","datePublished":"2020-01-14T10:35:07+00:00","dateModified":"2020-01-14T10:35:31+00:00","description":"Kompletn\u00ed krmivo pro ko\u010dky vhodn\u00e9 pro v\u0161echna st\u00e1dia \u017eivota. Lehk\u00e9 ryb\u00ed proteiny v podob\u011b \u010derstv\u00e9ho pstruha a uzen\u00e9ho lososa si ko\u010dka zamiluje. Ovoce, zelenina a tak\u00e9 taurin pro ostr\u00fd ko\u010di\u010d\u00ed zrak.","breadcrumb":{"@id":"https:\/\/universalpet.cz\/?product=canyon-river-feline-7kg#breadcrumb"},"inLanguage":"cs","potentialAction":[{"@type":"ReadAction","target":["https:\/\/universalpet.cz\/?product=canyon-river-feline-7kg"]}]},{"@type":"ImageObject","inLanguage":"cs","@id":"https:\/\/universalpet.cz\/?product=canyon-river-feline-7kg#primaryimage","url":"https:\/\/universalpet.cz\/wp-content\/uploads\/2020\/01\/3d-rendering-canyonriver-fr.jpeg","contentUrl":"https:\/\/universalpet.cz\/wp-content\/uploads\/2020\/01\/3d-rendering-canyonriver-fr.jpeg","width":1080,"height":1440},{"@type":"BreadcrumbList","@id":"https:\/\/universalpet.cz\/?product=canyon-river-feline-7kg#breadcrumb","itemListElement":[{"@type":"ListItem","position":1,"name":"Dom\u016f","item":"https:\/\/universalpet.cz\/"},{"@type":"ListItem","position":2,"name":"Obchod","item":"https:\/\/universalpet.cz\/?page_id=6"},{"@type":"ListItem","position":3,"name":"Canyon River Feline 7kg"}]},{"@type":"WebSite","@id":"https:\/\/universalpet.cz\/#website","url":"https:\/\/universalpet.cz\/","name":"UniversalPet","description":"Kvalitn\u00ed krmiva pro Va\u0161e mazl\u00ed\u010dky","potentialAction":[{"@type":"SearchAction","target":{"@type":"EntryPoint","urlTemplate":"https:\/\/universalpet.cz\/?s={search_term_string}"},"query-input":{"@type":"PropertyValueSpecification","valueRequired":true,"valueName":"search_term_string"}}],"inLanguage":"cs"}]}},"post_mailing_queue_ids":[],"_links":{"self":[{"href":"https:\/\/universalpet.cz\/index.php?rest_route=\/wp\/v2\/product\/1454","targetHints":{"allow":["GET"]}}],"collection":[{"href":"https:\/\/universalpet.cz\/index.php?rest_route=\/wp\/v2\/product"}],"about":[{"href":"https:\/\/universalpet.cz\/index.php?rest_route=\/wp\/v2\/types\/product"}],"replies":[{"embeddable":true,"href":"https:\/\/universalpet.cz\/index.php?rest_route=%2Fwp%2Fv2%2Fcomments&post=1454"}],"wp:featuredmedia":[{"embeddable":true,"href":"https:\/\/universalpet.cz\/index.php?rest_route=\/wp\/v2\/media\/1453"}],"wp:attachment":[{"href":"https:\/\/universalpet.cz\/index.php?rest_route=%2Fwp%2Fv2%2Fmedia&parent=1454"}],"wp:term":[{"taxonomy":"product_brand","embeddable":true,"href":"https:\/\/universalpet.cz\/index.php?rest_route=%2Fwp%2Fv2%2Fproduct_brand&post=1454"},{"taxonomy":"product_cat","embeddable":true,"href":"https:\/\/universalpet.cz\/index.php?rest_route=%2Fwp%2Fv2%2Fproduct_cat&post=1454"},{"taxonomy":"product_tag","embeddable":true,"href":"https:\/\/universalpet.cz\/index.php?rest_route=%2Fwp%2Fv2%2Fproduct_tag&post=1454"}],"curies":[{"name":"wp","href":"https:\/\/api.w.org\/{rel}","templated":true}]}}