{"id":1457,"date":"2020-01-14T12:53:37","date_gmt":"2020-01-14T10:53:37","guid":{"rendered":"http:\/\/194.213.36.175:8000\/?post_type=product&#038;p=1457"},"modified":"2020-01-14T12:53:37","modified_gmt":"2020-01-14T10:53:37","slug":"salmonturkey-puppy-2-kg","status":"publish","type":"product","link":"https:\/\/universalpet.cz\/?product=salmonturkey-puppy-2-kg","title":{"rendered":"Salmon&#038;Turkey PUPPY 2 kg"},"content":{"rendered":"<h2>Podrobn\u00fd popis<\/h2>\n<p>Krmivo s \u010derstvou kr\u016ftou a lososem pro \u0161t\u011b\u0148ata z \u010derstv\u00e9 \u0159ady Sense, kter\u00e1 n\u00e1sleduje nejmodern\u011bj\u0161\u00ed trend ve v\u00fd\u017eiv\u011b ps\u016f \u2013 vysok\u00fd obsah \u010derstv\u00e9ho masa, ovoce a zeleniny. Je to sm\u011br, kter\u00fdm se za\u010d\u00edn\u00e1 ub\u00edrat cel\u00e9 odv\u011btv\u00ed. \u010cerstvost znamen\u00e1 vy\u0161\u0161\u00ed stravitelnost a i lep\u0161\u00ed chu\u0165 krmiva.<\/p>\n<h3>Slo\u017een\u00ed<\/h3>\n<p>\u010cerstv\u00e9 kr\u016ft\u00ed maso 20 %, \u010derstv\u00fd losos 20 %, kr\u016ft\u00ed mou\u010dka 16 %, brambory, loupan\u00fd hr\u00e1ch, ku\u0159ec\u00ed tuk (konzervov\u00e1n sm\u011bs\u00ed tokoferol\u016f), zeleninov\u00fd protein, ku\u0159ec\u00ed protein, \u0159epn\u00e1 du\u017eina, hydrolyzovan\u00e1 ku\u0159ec\u00ed j\u00e1tra, \u010derstv\u00e9 ovoce a zelenina 4 % (bat\u00e1ty, mrkev, jablka), rohovn\u00edk obecn\u00fd, lososov\u00fd olej (zdroj omega 3 a 6 mastn\u00fdch kyselin), extrakt z juky, su\u0161en\u00fd ko\u0159en \u010dekanky, kvasnice, bylinky s p\u0159\u00edrodn\u00edmi antioxida\u010dn\u00edmi \u00fa\u010dinky (rozmar\u00fdn, tymi\u00e1n, oregano), konzervant (p\u0159\u00edrodn\u00ed citr\u00f3nov\u00fd extrakt) a antioxidanty (tokoferoly).<\/p>\n<h3>Analytick\u00e9 slo\u017eky<\/h3>\n<p>Hrub\u00fd protein 30 %, hrub\u00e9 oleje a tuky 17 %, hrub\u00e1 vl\u00e1knina 2,5 %, hrub\u00fd popel 5,9 %.<\/p>\n<h3>Dopl\u0148kov\u00e9 l\u00e1tky na kg<\/h3>\n<p>Vitam\u00edn A 20.000 I.U., vitam\u00edn D3 2000 I.U., vitam\u00edn E (a-tokoferol) 115 mg, \u017eelezo 210 mg (uhli\u010ditan \u017eeleznat\u00fd), j\u00f3d 2,5 mg (jodi\u010dnan draseln\u00fd), m\u011b\u010f 14 mg (s\u00edran m\u011b\u010fnat\u00fd pentahydr\u00e1t), mangan 48 mg (oxid manganat\u00fd), zinek 195 mg (oxid zine\u010dnat\u00fd), selen 0,35 (seleni\u010ditan sodn\u00fd), konzervace (p\u0159\u00edrodn\u00ed citr\u00f3nov\u00fd extrakt) a antioxidanty (tokoferoly).<\/p>\n<h3>Tip<\/h3>\n<p>Krmivo doporu\u010dujeme p\u0159ikrmovat ji\u017e od 3\u20134 t\u00fddn\u016f do 3 m\u011bs\u00edc\u016f a\u017e 4x denn\u011b.<\/p>\n","protected":false},"excerpt":{"rendered":"<div class=\"product-anotation\">Kompletn\u00ed krmivo pro \u0161t\u011b\u0148ata v\u0161ech plemen s vysok\u00fdm obsahem \u010derstv\u00e9ho masa z kr\u016fty a lososa. Tento kvalitn\u00ed zdroj protein\u016f m\u00e1 vysokou biologickou hodnotu a garantuje zdrav\u00fd v\u00fdvoj va\u0161eho \u0161t\u011bn\u011bte. Vhodn\u00e9 i pro b\u0159ez\u00ed a koj\u00edc\u00ed feny.<\/div>\n<div class=\"product-controls\">\n<div class=\"product-code\"><\/div>\n<\/div>\n","protected":false},"featured_media":1458,"comment_status":"open","ping_status":"closed","template":"","meta":[],"product_brand":[],"product_cat":[28],"product_tag":[],"class_list":{"0":"post-1457","1":"product","2":"type-product","3":"status-publish","4":"has-post-thumbnail","6":"product_cat-hillsfeline","8":"first","9":"instock","10":"sale","11":"taxable","12":"shipping-taxable","13":"purchasable","14":"product-type-simple"},"yoast_head":"<!-- This site is optimized with the Yoast SEO plugin v26.9 - https:\/\/yoast.com\/product\/yoast-seo-wordpress\/ -->\n<title>Salmon&amp;Turkey PUPPY 2 kg - UniversalPet<\/title>\n<meta name=\"description\" content=\"Kompletn\u00ed krmivo pro \u0161t\u011b\u0148ata v\u0161ech plemen s vysok\u00fdm obsahem \u010derstv\u00e9ho masa z kr\u016fty a lososa. Tento kvalitn\u00ed zdroj protein\u016f m\u00e1 vysokou biologickou hodnotu a garantuje zdrav\u00fd v\u00fdvoj va\u0161eho \u0161t\u011bn\u011bte. Vhodn\u00e9 i pro b\u0159ez\u00ed a koj\u00edc\u00ed feny.\" \/>\n<meta name=\"robots\" content=\"index, follow, max-snippet:-1, max-image-preview:large, max-video-preview:-1\" \/>\n<link rel=\"canonical\" href=\"https:\/\/universalpet.cz\/?product=salmonturkey-puppy-2-kg\" \/>\n<meta property=\"og:locale\" content=\"cs_CZ\" \/>\n<meta property=\"og:type\" content=\"article\" \/>\n<meta property=\"og:title\" content=\"Salmon&amp;Turkey PUPPY 2 kg - UniversalPet\" \/>\n<meta property=\"og:description\" content=\"Kompletn\u00ed krmivo pro \u0161t\u011b\u0148ata v\u0161ech plemen s vysok\u00fdm obsahem \u010derstv\u00e9ho masa z kr\u016fty a lososa. Tento kvalitn\u00ed zdroj protein\u016f m\u00e1 vysokou biologickou hodnotu a garantuje zdrav\u00fd v\u00fdvoj va\u0161eho \u0161t\u011bn\u011bte. Vhodn\u00e9 i pro b\u0159ez\u00ed a koj\u00edc\u00ed feny.\" \/>\n<meta property=\"og:url\" content=\"https:\/\/universalpet.cz\/?product=salmonturkey-puppy-2-kg\" \/>\n<meta property=\"og:site_name\" content=\"UniversalPet\" \/>\n<meta property=\"og:image\" content=\"https:\/\/universalpet.cz\/wp-content\/uploads\/2020\/01\/dibaq-sense-puppy-turkey-and-salmon.jpeg\" \/>\n\t<meta property=\"og:image:width\" content=\"1069\" \/>\n\t<meta property=\"og:image:height\" content=\"1569\" \/>\n\t<meta property=\"og:image:type\" content=\"image\/jpeg\" \/>\n<meta name=\"twitter:card\" content=\"summary_large_image\" \/>\n<meta name=\"twitter:label1\" content=\"Odhadovan\u00e1 doba \u010dten\u00ed\" \/>\n\t<meta name=\"twitter:data1\" content=\"1 minuta\" \/>\n<script type=\"application\/ld+json\" class=\"yoast-schema-graph\">{\"@context\":\"https:\/\/schema.org\",\"@graph\":[{\"@type\":\"WebPage\",\"@id\":\"https:\/\/universalpet.cz\/?product=salmonturkey-puppy-2-kg\",\"url\":\"https:\/\/universalpet.cz\/?product=salmonturkey-puppy-2-kg\",\"name\":\"Salmon&Turkey PUPPY 2 kg - UniversalPet\",\"isPartOf\":{\"@id\":\"https:\/\/universalpet.cz\/#website\"},\"primaryImageOfPage\":{\"@id\":\"https:\/\/universalpet.cz\/?product=salmonturkey-puppy-2-kg#primaryimage\"},\"image\":{\"@id\":\"https:\/\/universalpet.cz\/?product=salmonturkey-puppy-2-kg#primaryimage\"},\"thumbnailUrl\":\"https:\/\/universalpet.cz\/wp-content\/uploads\/2020\/01\/dibaq-sense-puppy-turkey-and-salmon.jpeg\",\"datePublished\":\"2020-01-14T10:53:37+00:00\",\"description\":\"Kompletn\u00ed krmivo pro \u0161t\u011b\u0148ata v\u0161ech plemen s vysok\u00fdm obsahem \u010derstv\u00e9ho masa z kr\u016fty a lososa. Tento kvalitn\u00ed zdroj protein\u016f m\u00e1 vysokou biologickou hodnotu a garantuje zdrav\u00fd v\u00fdvoj va\u0161eho \u0161t\u011bn\u011bte. Vhodn\u00e9 i pro b\u0159ez\u00ed a koj\u00edc\u00ed feny.\",\"breadcrumb\":{\"@id\":\"https:\/\/universalpet.cz\/?product=salmonturkey-puppy-2-kg#breadcrumb\"},\"inLanguage\":\"cs\",\"potentialAction\":[{\"@type\":\"ReadAction\",\"target\":[\"https:\/\/universalpet.cz\/?product=salmonturkey-puppy-2-kg\"]}]},{\"@type\":\"ImageObject\",\"inLanguage\":\"cs\",\"@id\":\"https:\/\/universalpet.cz\/?product=salmonturkey-puppy-2-kg#primaryimage\",\"url\":\"https:\/\/universalpet.cz\/wp-content\/uploads\/2020\/01\/dibaq-sense-puppy-turkey-and-salmon.jpeg\",\"contentUrl\":\"https:\/\/universalpet.cz\/wp-content\/uploads\/2020\/01\/dibaq-sense-puppy-turkey-and-salmon.jpeg\",\"width\":1069,\"height\":1569},{\"@type\":\"BreadcrumbList\",\"@id\":\"https:\/\/universalpet.cz\/?product=salmonturkey-puppy-2-kg#breadcrumb\",\"itemListElement\":[{\"@type\":\"ListItem\",\"position\":1,\"name\":\"Dom\u016f\",\"item\":\"https:\/\/universalpet.cz\/\"},{\"@type\":\"ListItem\",\"position\":2,\"name\":\"Obchod\",\"item\":\"https:\/\/universalpet.cz\/?page_id=6\"},{\"@type\":\"ListItem\",\"position\":3,\"name\":\"Salmon&#038;Turkey PUPPY 2 kg\"}]},{\"@type\":\"WebSite\",\"@id\":\"https:\/\/universalpet.cz\/#website\",\"url\":\"https:\/\/universalpet.cz\/\",\"name\":\"UniversalPet\",\"description\":\"Kvalitn\u00ed krmiva pro Va\u0161e mazl\u00ed\u010dky\",\"potentialAction\":[{\"@type\":\"SearchAction\",\"target\":{\"@type\":\"EntryPoint\",\"urlTemplate\":\"https:\/\/universalpet.cz\/?s={search_term_string}\"},\"query-input\":{\"@type\":\"PropertyValueSpecification\",\"valueRequired\":true,\"valueName\":\"search_term_string\"}}],\"inLanguage\":\"cs\"}]}<\/script>\n<!-- \/ Yoast SEO plugin. -->","yoast_head_json":{"title":"Salmon&Turkey PUPPY 2 kg - UniversalPet","description":"Kompletn\u00ed krmivo pro \u0161t\u011b\u0148ata v\u0161ech plemen s vysok\u00fdm obsahem \u010derstv\u00e9ho masa z kr\u016fty a lososa. Tento kvalitn\u00ed zdroj protein\u016f m\u00e1 vysokou biologickou hodnotu a garantuje zdrav\u00fd v\u00fdvoj va\u0161eho \u0161t\u011bn\u011bte. Vhodn\u00e9 i pro b\u0159ez\u00ed a koj\u00edc\u00ed feny.","robots":{"index":"index","follow":"follow","max-snippet":"max-snippet:-1","max-image-preview":"max-image-preview:large","max-video-preview":"max-video-preview:-1"},"canonical":"https:\/\/universalpet.cz\/?product=salmonturkey-puppy-2-kg","og_locale":"cs_CZ","og_type":"article","og_title":"Salmon&Turkey PUPPY 2 kg - UniversalPet","og_description":"Kompletn\u00ed krmivo pro \u0161t\u011b\u0148ata v\u0161ech plemen s vysok\u00fdm obsahem \u010derstv\u00e9ho masa z kr\u016fty a lososa. Tento kvalitn\u00ed zdroj protein\u016f m\u00e1 vysokou biologickou hodnotu a garantuje zdrav\u00fd v\u00fdvoj va\u0161eho \u0161t\u011bn\u011bte. Vhodn\u00e9 i pro b\u0159ez\u00ed a koj\u00edc\u00ed feny.","og_url":"https:\/\/universalpet.cz\/?product=salmonturkey-puppy-2-kg","og_site_name":"UniversalPet","og_image":[{"width":1069,"height":1569,"url":"https:\/\/universalpet.cz\/wp-content\/uploads\/2020\/01\/dibaq-sense-puppy-turkey-and-salmon.jpeg","type":"image\/jpeg"}],"twitter_card":"summary_large_image","twitter_misc":{"Odhadovan\u00e1 doba \u010dten\u00ed":"1 minuta"},"schema":{"@context":"https:\/\/schema.org","@graph":[{"@type":"WebPage","@id":"https:\/\/universalpet.cz\/?product=salmonturkey-puppy-2-kg","url":"https:\/\/universalpet.cz\/?product=salmonturkey-puppy-2-kg","name":"Salmon&Turkey PUPPY 2 kg - UniversalPet","isPartOf":{"@id":"https:\/\/universalpet.cz\/#website"},"primaryImageOfPage":{"@id":"https:\/\/universalpet.cz\/?product=salmonturkey-puppy-2-kg#primaryimage"},"image":{"@id":"https:\/\/universalpet.cz\/?product=salmonturkey-puppy-2-kg#primaryimage"},"thumbnailUrl":"https:\/\/universalpet.cz\/wp-content\/uploads\/2020\/01\/dibaq-sense-puppy-turkey-and-salmon.jpeg","datePublished":"2020-01-14T10:53:37+00:00","description":"Kompletn\u00ed krmivo pro \u0161t\u011b\u0148ata v\u0161ech plemen s vysok\u00fdm obsahem \u010derstv\u00e9ho masa z kr\u016fty a lososa. Tento kvalitn\u00ed zdroj protein\u016f m\u00e1 vysokou biologickou hodnotu a garantuje zdrav\u00fd v\u00fdvoj va\u0161eho \u0161t\u011bn\u011bte. Vhodn\u00e9 i pro b\u0159ez\u00ed a koj\u00edc\u00ed feny.","breadcrumb":{"@id":"https:\/\/universalpet.cz\/?product=salmonturkey-puppy-2-kg#breadcrumb"},"inLanguage":"cs","potentialAction":[{"@type":"ReadAction","target":["https:\/\/universalpet.cz\/?product=salmonturkey-puppy-2-kg"]}]},{"@type":"ImageObject","inLanguage":"cs","@id":"https:\/\/universalpet.cz\/?product=salmonturkey-puppy-2-kg#primaryimage","url":"https:\/\/universalpet.cz\/wp-content\/uploads\/2020\/01\/dibaq-sense-puppy-turkey-and-salmon.jpeg","contentUrl":"https:\/\/universalpet.cz\/wp-content\/uploads\/2020\/01\/dibaq-sense-puppy-turkey-and-salmon.jpeg","width":1069,"height":1569},{"@type":"BreadcrumbList","@id":"https:\/\/universalpet.cz\/?product=salmonturkey-puppy-2-kg#breadcrumb","itemListElement":[{"@type":"ListItem","position":1,"name":"Dom\u016f","item":"https:\/\/universalpet.cz\/"},{"@type":"ListItem","position":2,"name":"Obchod","item":"https:\/\/universalpet.cz\/?page_id=6"},{"@type":"ListItem","position":3,"name":"Salmon&#038;Turkey PUPPY 2 kg"}]},{"@type":"WebSite","@id":"https:\/\/universalpet.cz\/#website","url":"https:\/\/universalpet.cz\/","name":"UniversalPet","description":"Kvalitn\u00ed krmiva pro Va\u0161e mazl\u00ed\u010dky","potentialAction":[{"@type":"SearchAction","target":{"@type":"EntryPoint","urlTemplate":"https:\/\/universalpet.cz\/?s={search_term_string}"},"query-input":{"@type":"PropertyValueSpecification","valueRequired":true,"valueName":"search_term_string"}}],"inLanguage":"cs"}]}},"post_mailing_queue_ids":[],"_links":{"self":[{"href":"https:\/\/universalpet.cz\/index.php?rest_route=\/wp\/v2\/product\/1457","targetHints":{"allow":["GET"]}}],"collection":[{"href":"https:\/\/universalpet.cz\/index.php?rest_route=\/wp\/v2\/product"}],"about":[{"href":"https:\/\/universalpet.cz\/index.php?rest_route=\/wp\/v2\/types\/product"}],"replies":[{"embeddable":true,"href":"https:\/\/universalpet.cz\/index.php?rest_route=%2Fwp%2Fv2%2Fcomments&post=1457"}],"wp:featuredmedia":[{"embeddable":true,"href":"https:\/\/universalpet.cz\/index.php?rest_route=\/wp\/v2\/media\/1458"}],"wp:attachment":[{"href":"https:\/\/universalpet.cz\/index.php?rest_route=%2Fwp%2Fv2%2Fmedia&parent=1457"}],"wp:term":[{"taxonomy":"product_brand","embeddable":true,"href":"https:\/\/universalpet.cz\/index.php?rest_route=%2Fwp%2Fv2%2Fproduct_brand&post=1457"},{"taxonomy":"product_cat","embeddable":true,"href":"https:\/\/universalpet.cz\/index.php?rest_route=%2Fwp%2Fv2%2Fproduct_cat&post=1457"},{"taxonomy":"product_tag","embeddable":true,"href":"https:\/\/universalpet.cz\/index.php?rest_route=%2Fwp%2Fv2%2Fproduct_tag&post=1457"}],"curies":[{"name":"wp","href":"https:\/\/api.w.org\/{rel}","templated":true}]}}