{"id":1467,"date":"2020-01-14T13:07:45","date_gmt":"2020-01-14T11:07:45","guid":{"rendered":"http:\/\/194.213.36.175:8000\/?post_type=product&#038;p=1467"},"modified":"2020-01-14T13:07:46","modified_gmt":"2020-01-14T11:07:46","slug":"lamb-2-kg","status":"publish","type":"product","link":"https:\/\/universalpet.cz\/?product=lamb-2-kg","title":{"rendered":"Lamb 2 kg"},"content":{"rendered":"<h2>Podrobn\u00fd popis<\/h2>\n<p>Krmivo s jehn\u011b\u010d\u00edm mase z \u010derstv\u00e9 \u0159ady Sense, kter\u00e1 n\u00e1sleduje nejmodern\u011bj\u0161\u00ed trend ve v\u00fd\u017eiv\u011b ps\u016f \u2013 vysok\u00fd obsah \u010derstv\u00e9ho masa, ovoce a zeleniny. Je to sm\u011br, kter\u00fdm se za\u010d\u00edn\u00e1 ub\u00edrat cel\u00e9 odv\u011btv\u00ed. \u010cerstvost znamen\u00e1 vy\u0161\u0161\u00ed stravitelnost a i lep\u0161\u00ed chu\u0165 krmiva.<\/p>\n<h3>Slo\u017een\u00ed<\/h3>\n<p>\u010cerstv\u00e9 jehn\u011b\u010d\u00ed maso 33 %, jehn\u011b\u010d\u00ed mou\u010dka 22 %, loupan\u00fd hr\u00e1ch, brambory, ku\u0159ec\u00ed tuk (konzervov\u00e1n sm\u011bs\u00ed tokoferol\u016f), \u0159epn\u00e1 du\u017eina, hydrolyzovan\u00e1 jehn\u011b\u010d\u00ed j\u00e1tra, \u010derstv\u00e9 ovoce a zelenina 4 % (jablka a fazole), rohovn\u00edk obecn\u00fd, lososov\u00fd olej (zdroj omega 3 a 6 mastn\u00fdch kyselin), extrakt z juky, su\u0161en\u00fd ko\u0159en \u010dekanky, kvasnice, aromatick\u00e9 rostliny s p\u0159\u00edrodn\u00edmi antioxida\u010dn\u00edmi \u00fa\u010dinky (rozmar\u00fdn, tymi\u00e1n, oreg\u00e1no), konzervant (p\u0159\u00edrodn\u00ed citr\u00f3nov\u00fd extrakt) a antioxidanty (p\u0159\u00edrodn\u00ed tokoferoly).<\/p>\n<h3>Analytick\u00e9 slo\u017eky<\/h3>\n<p>Hrub\u00fd protein 26 %, hrub\u00e9 oleje a tuky 15 %, hrub\u00e1 vl\u00e1knina 2,8 %, hrub\u00fd popel 5,9 %.<\/p>\n<h3>Dopl\u0148kov\u00e9 l\u00e1tky na kg<\/h3>\n<p>Vitam\u00edn A 16000 I.U., vitam\u00edn D3 1550 I.U., vitam\u00edn E (a-tokoferol) 110 mg, chondroitin sulf\u00e1t 500 mg, glukosamin sulf\u00e1t 500 mg, \u017eelezo 195 mg (uhli\u010ditan \u017eeleznat\u00fd), j\u00f3d 2,2 mg (jodi\u010dnan draseln\u00fd), m\u011b\u010f 13 mg (s\u00edran m\u011b\u010fnat\u00fd pentahydr\u00e1t), mangan 44,5 mg (oxid manganit\u00fd), zinek 185 mg (oxid zine\u010dnat\u00fd), selen (seleni\u010ditan sodn\u00fd), konzervace (p\u0159\u00edrodn\u00ed citr\u00f3nov\u00fd extrakt) a antioxidanty (p\u0159\u00edrodn\u00ed tokoferoly).<\/p>\n","protected":false},"excerpt":{"rendered":"<div class=\"product-anotation\">Kompletn\u00ed mono-proteinov\u00e9 krmivo z jehn\u011b\u010d\u00edho masa pro dosp\u011bl\u00e9 psy v\u0161ech plemen s vysok\u00fdm obsahem \u010derstv\u00fdch surovin. Vhodn\u00e9 pro jedince trp\u00edc\u00ed intolerancemi na r\u016fzn\u00e9 suroviny a tak\u00e9 pro star\u0161\u00ed psy v b\u011b\u017en\u00e9 aktivit\u011b.<\/div>\n<div class=\"product-controls\">\n<div class=\"product-code\"><\/div>\n<\/div>\n","protected":false},"featured_media":1468,"comment_status":"open","ping_status":"closed","template":"","meta":[],"product_brand":[],"product_cat":[28],"product_tag":[],"class_list":{"0":"post-1467","1":"product","2":"type-product","3":"status-publish","4":"has-post-thumbnail","6":"product_cat-hillsfeline","8":"first","9":"instock","10":"sale","11":"taxable","12":"shipping-taxable","13":"purchasable","14":"product-type-simple"},"yoast_head":"<!-- This site is optimized with the Yoast SEO plugin v26.9 - https:\/\/yoast.com\/product\/yoast-seo-wordpress\/ -->\n<title>Lamb 2 kg - UniversalPet<\/title>\n<meta name=\"description\" content=\"Kompletn\u00ed mono-proteinov\u00e9 krmivo z jehn\u011b\u010d\u00edho masa pro dosp\u011bl\u00e9 psy v\u0161ech plemen s vysok\u00fdm obsahem \u010derstv\u00fdch surovin. Vhodn\u00e9 pro jedince trp\u00edc\u00ed intolerancemi na r\u016fzn\u00e9 suroviny a tak\u00e9 pro star\u0161\u00ed psy v b\u011b\u017en\u00e9 aktivit\u011b.\" \/>\n<meta name=\"robots\" content=\"index, follow, max-snippet:-1, max-image-preview:large, max-video-preview:-1\" \/>\n<link rel=\"canonical\" href=\"https:\/\/universalpet.cz\/?product=lamb-2-kg\" \/>\n<meta property=\"og:locale\" content=\"cs_CZ\" \/>\n<meta property=\"og:type\" content=\"article\" \/>\n<meta property=\"og:title\" content=\"Lamb 2 kg - UniversalPet\" \/>\n<meta property=\"og:description\" content=\"Kompletn\u00ed mono-proteinov\u00e9 krmivo z jehn\u011b\u010d\u00edho masa pro dosp\u011bl\u00e9 psy v\u0161ech plemen s vysok\u00fdm obsahem \u010derstv\u00fdch surovin. Vhodn\u00e9 pro jedince trp\u00edc\u00ed intolerancemi na r\u016fzn\u00e9 suroviny a tak\u00e9 pro star\u0161\u00ed psy v b\u011b\u017en\u00e9 aktivit\u011b.\" \/>\n<meta property=\"og:url\" content=\"https:\/\/universalpet.cz\/?product=lamb-2-kg\" \/>\n<meta property=\"og:site_name\" content=\"UniversalPet\" \/>\n<meta property=\"article:modified_time\" content=\"2020-01-14T11:07:46+00:00\" \/>\n<meta property=\"og:image\" content=\"https:\/\/universalpet.cz\/wp-content\/uploads\/2020\/01\/dibaq-sense-lamb.jpeg\" \/>\n\t<meta property=\"og:image:width\" content=\"1069\" \/>\n\t<meta property=\"og:image:height\" content=\"1569\" \/>\n\t<meta property=\"og:image:type\" content=\"image\/jpeg\" \/>\n<meta name=\"twitter:card\" content=\"summary_large_image\" \/>\n<meta name=\"twitter:label1\" content=\"Odhadovan\u00e1 doba \u010dten\u00ed\" \/>\n\t<meta name=\"twitter:data1\" content=\"1 minuta\" \/>\n<script type=\"application\/ld+json\" class=\"yoast-schema-graph\">{\"@context\":\"https:\/\/schema.org\",\"@graph\":[{\"@type\":\"WebPage\",\"@id\":\"https:\/\/universalpet.cz\/?product=lamb-2-kg\",\"url\":\"https:\/\/universalpet.cz\/?product=lamb-2-kg\",\"name\":\"Lamb 2 kg - UniversalPet\",\"isPartOf\":{\"@id\":\"https:\/\/universalpet.cz\/#website\"},\"primaryImageOfPage\":{\"@id\":\"https:\/\/universalpet.cz\/?product=lamb-2-kg#primaryimage\"},\"image\":{\"@id\":\"https:\/\/universalpet.cz\/?product=lamb-2-kg#primaryimage\"},\"thumbnailUrl\":\"https:\/\/universalpet.cz\/wp-content\/uploads\/2020\/01\/dibaq-sense-lamb.jpeg\",\"datePublished\":\"2020-01-14T11:07:45+00:00\",\"dateModified\":\"2020-01-14T11:07:46+00:00\",\"description\":\"Kompletn\u00ed mono-proteinov\u00e9 krmivo z jehn\u011b\u010d\u00edho masa pro dosp\u011bl\u00e9 psy v\u0161ech plemen s vysok\u00fdm obsahem \u010derstv\u00fdch surovin. Vhodn\u00e9 pro jedince trp\u00edc\u00ed intolerancemi na r\u016fzn\u00e9 suroviny a tak\u00e9 pro star\u0161\u00ed psy v b\u011b\u017en\u00e9 aktivit\u011b.\",\"breadcrumb\":{\"@id\":\"https:\/\/universalpet.cz\/?product=lamb-2-kg#breadcrumb\"},\"inLanguage\":\"cs\",\"potentialAction\":[{\"@type\":\"ReadAction\",\"target\":[\"https:\/\/universalpet.cz\/?product=lamb-2-kg\"]}]},{\"@type\":\"ImageObject\",\"inLanguage\":\"cs\",\"@id\":\"https:\/\/universalpet.cz\/?product=lamb-2-kg#primaryimage\",\"url\":\"https:\/\/universalpet.cz\/wp-content\/uploads\/2020\/01\/dibaq-sense-lamb.jpeg\",\"contentUrl\":\"https:\/\/universalpet.cz\/wp-content\/uploads\/2020\/01\/dibaq-sense-lamb.jpeg\",\"width\":1069,\"height\":1569},{\"@type\":\"BreadcrumbList\",\"@id\":\"https:\/\/universalpet.cz\/?product=lamb-2-kg#breadcrumb\",\"itemListElement\":[{\"@type\":\"ListItem\",\"position\":1,\"name\":\"Dom\u016f\",\"item\":\"https:\/\/universalpet.cz\/\"},{\"@type\":\"ListItem\",\"position\":2,\"name\":\"Obchod\",\"item\":\"https:\/\/universalpet.cz\/?page_id=6\"},{\"@type\":\"ListItem\",\"position\":3,\"name\":\"Lamb 2 kg\"}]},{\"@type\":\"WebSite\",\"@id\":\"https:\/\/universalpet.cz\/#website\",\"url\":\"https:\/\/universalpet.cz\/\",\"name\":\"UniversalPet\",\"description\":\"Kvalitn\u00ed krmiva pro Va\u0161e mazl\u00ed\u010dky\",\"potentialAction\":[{\"@type\":\"SearchAction\",\"target\":{\"@type\":\"EntryPoint\",\"urlTemplate\":\"https:\/\/universalpet.cz\/?s={search_term_string}\"},\"query-input\":{\"@type\":\"PropertyValueSpecification\",\"valueRequired\":true,\"valueName\":\"search_term_string\"}}],\"inLanguage\":\"cs\"}]}<\/script>\n<!-- \/ Yoast SEO plugin. -->","yoast_head_json":{"title":"Lamb 2 kg - UniversalPet","description":"Kompletn\u00ed mono-proteinov\u00e9 krmivo z jehn\u011b\u010d\u00edho masa pro dosp\u011bl\u00e9 psy v\u0161ech plemen s vysok\u00fdm obsahem \u010derstv\u00fdch surovin. Vhodn\u00e9 pro jedince trp\u00edc\u00ed intolerancemi na r\u016fzn\u00e9 suroviny a tak\u00e9 pro star\u0161\u00ed psy v b\u011b\u017en\u00e9 aktivit\u011b.","robots":{"index":"index","follow":"follow","max-snippet":"max-snippet:-1","max-image-preview":"max-image-preview:large","max-video-preview":"max-video-preview:-1"},"canonical":"https:\/\/universalpet.cz\/?product=lamb-2-kg","og_locale":"cs_CZ","og_type":"article","og_title":"Lamb 2 kg - UniversalPet","og_description":"Kompletn\u00ed mono-proteinov\u00e9 krmivo z jehn\u011b\u010d\u00edho masa pro dosp\u011bl\u00e9 psy v\u0161ech plemen s vysok\u00fdm obsahem \u010derstv\u00fdch surovin. Vhodn\u00e9 pro jedince trp\u00edc\u00ed intolerancemi na r\u016fzn\u00e9 suroviny a tak\u00e9 pro star\u0161\u00ed psy v b\u011b\u017en\u00e9 aktivit\u011b.","og_url":"https:\/\/universalpet.cz\/?product=lamb-2-kg","og_site_name":"UniversalPet","article_modified_time":"2020-01-14T11:07:46+00:00","og_image":[{"width":1069,"height":1569,"url":"https:\/\/universalpet.cz\/wp-content\/uploads\/2020\/01\/dibaq-sense-lamb.jpeg","type":"image\/jpeg"}],"twitter_card":"summary_large_image","twitter_misc":{"Odhadovan\u00e1 doba \u010dten\u00ed":"1 minuta"},"schema":{"@context":"https:\/\/schema.org","@graph":[{"@type":"WebPage","@id":"https:\/\/universalpet.cz\/?product=lamb-2-kg","url":"https:\/\/universalpet.cz\/?product=lamb-2-kg","name":"Lamb 2 kg - UniversalPet","isPartOf":{"@id":"https:\/\/universalpet.cz\/#website"},"primaryImageOfPage":{"@id":"https:\/\/universalpet.cz\/?product=lamb-2-kg#primaryimage"},"image":{"@id":"https:\/\/universalpet.cz\/?product=lamb-2-kg#primaryimage"},"thumbnailUrl":"https:\/\/universalpet.cz\/wp-content\/uploads\/2020\/01\/dibaq-sense-lamb.jpeg","datePublished":"2020-01-14T11:07:45+00:00","dateModified":"2020-01-14T11:07:46+00:00","description":"Kompletn\u00ed mono-proteinov\u00e9 krmivo z jehn\u011b\u010d\u00edho masa pro dosp\u011bl\u00e9 psy v\u0161ech plemen s vysok\u00fdm obsahem \u010derstv\u00fdch surovin. Vhodn\u00e9 pro jedince trp\u00edc\u00ed intolerancemi na r\u016fzn\u00e9 suroviny a tak\u00e9 pro star\u0161\u00ed psy v b\u011b\u017en\u00e9 aktivit\u011b.","breadcrumb":{"@id":"https:\/\/universalpet.cz\/?product=lamb-2-kg#breadcrumb"},"inLanguage":"cs","potentialAction":[{"@type":"ReadAction","target":["https:\/\/universalpet.cz\/?product=lamb-2-kg"]}]},{"@type":"ImageObject","inLanguage":"cs","@id":"https:\/\/universalpet.cz\/?product=lamb-2-kg#primaryimage","url":"https:\/\/universalpet.cz\/wp-content\/uploads\/2020\/01\/dibaq-sense-lamb.jpeg","contentUrl":"https:\/\/universalpet.cz\/wp-content\/uploads\/2020\/01\/dibaq-sense-lamb.jpeg","width":1069,"height":1569},{"@type":"BreadcrumbList","@id":"https:\/\/universalpet.cz\/?product=lamb-2-kg#breadcrumb","itemListElement":[{"@type":"ListItem","position":1,"name":"Dom\u016f","item":"https:\/\/universalpet.cz\/"},{"@type":"ListItem","position":2,"name":"Obchod","item":"https:\/\/universalpet.cz\/?page_id=6"},{"@type":"ListItem","position":3,"name":"Lamb 2 kg"}]},{"@type":"WebSite","@id":"https:\/\/universalpet.cz\/#website","url":"https:\/\/universalpet.cz\/","name":"UniversalPet","description":"Kvalitn\u00ed krmiva pro Va\u0161e mazl\u00ed\u010dky","potentialAction":[{"@type":"SearchAction","target":{"@type":"EntryPoint","urlTemplate":"https:\/\/universalpet.cz\/?s={search_term_string}"},"query-input":{"@type":"PropertyValueSpecification","valueRequired":true,"valueName":"search_term_string"}}],"inLanguage":"cs"}]}},"post_mailing_queue_ids":[],"_links":{"self":[{"href":"https:\/\/universalpet.cz\/index.php?rest_route=\/wp\/v2\/product\/1467","targetHints":{"allow":["GET"]}}],"collection":[{"href":"https:\/\/universalpet.cz\/index.php?rest_route=\/wp\/v2\/product"}],"about":[{"href":"https:\/\/universalpet.cz\/index.php?rest_route=\/wp\/v2\/types\/product"}],"replies":[{"embeddable":true,"href":"https:\/\/universalpet.cz\/index.php?rest_route=%2Fwp%2Fv2%2Fcomments&post=1467"}],"wp:featuredmedia":[{"embeddable":true,"href":"https:\/\/universalpet.cz\/index.php?rest_route=\/wp\/v2\/media\/1468"}],"wp:attachment":[{"href":"https:\/\/universalpet.cz\/index.php?rest_route=%2Fwp%2Fv2%2Fmedia&parent=1467"}],"wp:term":[{"taxonomy":"product_brand","embeddable":true,"href":"https:\/\/universalpet.cz\/index.php?rest_route=%2Fwp%2Fv2%2Fproduct_brand&post=1467"},{"taxonomy":"product_cat","embeddable":true,"href":"https:\/\/universalpet.cz\/index.php?rest_route=%2Fwp%2Fv2%2Fproduct_cat&post=1467"},{"taxonomy":"product_tag","embeddable":true,"href":"https:\/\/universalpet.cz\/index.php?rest_route=%2Fwp%2Fv2%2Fproduct_tag&post=1467"}],"curies":[{"name":"wp","href":"https:\/\/api.w.org\/{rel}","templated":true}]}}