{"id":1479,"date":"2020-01-15T13:35:08","date_gmt":"2020-01-15T11:35:08","guid":{"rendered":"http:\/\/194.213.36.175:8000\/?post_type=product&#038;p=1479"},"modified":"2020-01-15T13:35:38","modified_gmt":"2020-01-15T11:35:38","slug":"grain-free-puppy-df-1133kg","status":"publish","type":"product","link":"https:\/\/universalpet.cz\/?product=grain-free-puppy-df-1133kg","title":{"rendered":"Grain Free Puppy DF 11,33kg"},"content":{"rendered":"<div class=\"container-fluid\">\n<div class=\"row js-same-height-col-wrapper js-same-height-mobile\">\n<div id=\"page-wrapper\" class=\"col-xl-10 col-lg-10 col-md-12 padding-fix-both js-fullheight-col js-fullheight-col-mobile\">\n<div class=\"content-main\">\n<div class=\"container-fluid\">\n<div class=\"row display-flex\">\n<div class=\"col-xl-10 col-lg-9 col-md-12 col-xs-12\">\n<div class=\"row\">\n<div class=\"col-xl-7 col-lg-7 col-md-7 col-sm-7 col-xs-12 padding-fix-left\">\n<div class=\"product-description-wrapper sections-typography\">\n<div class=\"skuDescription\">\n<h2>Podrobn\u00fd popis<\/h2>\n<p>Nab\u00edz\u00ed 100% \u010derstv\u00e9ho krocana, lososa, kachnu a 100% \u010derstv\u00e9 omega 3\u00a0a 6\u00a0oleje z\u00a0kokosov\u00e9ho o\u0159echu a kanoly. NOW FRESH\u2122 tak\u00e9 neobsahuje \u017e\u00e1dn\u00e9 obiloviny, lepek, p\u0161enici, hov\u011bz\u00ed, kuku\u0159ici nebo s\u00f3ju. \u017d\u00e1dn\u00e9 upraven\u00e9 maso, vedlej\u0161\u00ed produkty nebo um\u011bl\u00e9 konzervanty.<\/p>\n<p>Tato receptura tak\u00e9 obsahuje:<\/p>\n<ul>\n<li>Vyv\u00e1\u017een\u00fd pom\u011br b\u00edlkovin a tuk\u016f pro spr\u00e1vn\u00fd r\u016fst va\u0161eho \u0161t\u011bn\u011bte<\/li>\n<li>DHA\/EPA pro spr\u00e1vn\u00fd v\u00fdvoj mozku<\/li>\n<li>Omega oleje pro zdravou k\u016f\u017ei a srst<\/li>\n<li>Antioxidanty pro lep\u0161\u00ed imunitu<\/li>\n<li>Pre- a pro-biotika pro lep\u0161\u00ed za\u017e\u00edv\u00e1n\u00ed<\/li>\n<\/ul>\n<h4>Slo\u017een\u00ed<\/h4>\n<p>Vykost\u011bn\u00fd krocan, bramborov\u00e1 mouka, jablka, hrachov\u00e1 vl\u00e1knina, hr\u00e1ch, brambory, raj\u010de, su\u0161en\u00e1 vojt\u011b\u0161ka, kanolov\u00fd olej, p\u0159\u00edrodn\u00ed dochucovadlo, losos, vykost\u011bn\u00e1 kachna, kokosov\u00fd olej, su\u0161en\u00e9 vejce, ln\u011bn\u00e9 sem\u00ednko, mrkev, d\u00fdn\u011b, ban\u00e1n, bor\u016fvky, brusinky, maliny, ostru\u017einy, pap\u00e1ja, ananas, grep, \u010do\u010dka, brokolice, \u0161pen\u00e1t, s\u00fdr cottage, v\u00fdhonky vojt\u011b\u0161ky, su\u0161en\u00e1 \u010depelatka, uhli\u010ditan v\u00e1penat\u00fd, hydrogenfosfore\u010dnan v\u00e1penat\u00fd, chlorid sodn\u00fd, chlorid draseln\u00fd, su\u0161en\u00e1 \u0159asa, su\u0161en\u00fd ko\u0159en \u010dekanky, produkt fermentace su\u0161en\u00e9ho kropidl\u00e1ku \u010dern\u00e9ho, produkt fermentace su\u0161en\u00e9ho kropidl\u00e1ku oryzae, kvasnicov\u00fd extrakt, m\u011bs\u00ed\u010dek, L-karnitin, su\u0161en\u00fd rozmar\u00fdn.<\/p>\n<h4>P\u0159\u00edsady na 1 kg<\/h4>\n<p>V\u00fd\u017eivov\u00e9 p\u0159\u00edsady; E672 vitamin A 13 102 IU, E671 vitamin D3 1 419 IU, 3a700 vitamin E 169 IU, E1 (\u017eelezo) 354 mg, E2 (j\u00f3d) 2,1 mg, E4 (m\u011b\u010f) 10 mg, E5 (mangan) 25 mg, E6 (zinek) 150 mg, 3b8.10 (selen) 0,22 mg; zootechnick\u00e9 p\u0159\u00edsady; Lactobacillus acidofilus a Enterococcus faecium 3,3 x 10 8JTK.<\/p>\n<h4>Analytick\u00e9 slo\u017een\u00ed<\/h4>\n<p>B\u00edlkoviny 30,3 %, tuk 19,2 %, hrub\u00e1 vl\u00e1knina 2,4 %, hrub\u00e1 popelovina 8,5 %, vlhkost 8,0 %, v\u00e1pn\u00edk 1,6 %, fosfor 0,9 %, omega 6 1,8 %, omega 3 1,4 %<\/p>\n<p>Dostupn\u00e9 ve velikostech 227 g, 2,72 kg a 11,33 kg<\/p>\n<\/div>\n<\/div>\n<\/div>\n<\/div>\n<\/div>\n<div class=\"col-xl-2 col-lg-3 sidebar-basket-wrapper\">\n<div id=\"sidebar-basket\" class=\"\">\n<div class=\"basket-header\">\n<div class=\"basket-title\">V\u00c1\u0160 N\u00c1KUP<\/div>\n<table class=\"basket-header-table\">\n<tbody>\n<tr>\n<td>Polo\u017eek:<\/td>\n<td>0<\/td>\n<\/tr>\n<tr>\n<td>Celkem<\/td>\n<td>0,00\u00a0K\u010d<\/td>\n<\/tr>\n<\/tbody>\n<\/table>\n<div class=\"notice free-delivery\">Do dopravy zdarma v\u00e1m zb\u00fdv\u00e1 nakoupit za 5\u00a0000,00\u00a0K\u010d.<\/div>\n<p><a class=\"btn btn-primary fullwidth\" href=\"https:\/\/b2b.hpf.cz\/cs\/Basket\">DO KO\u0160\u00cdKU<\/a><\/p>\n<\/div>\n<\/div>\n<\/div>\n<\/div>\n<\/div>\n<\/div>\n<div class=\"clearfix\"><\/div>\n<\/div>\n<\/div>\n<\/div>\n<footer class=\"footer\">\n<div class=\"container-fluid\">\n<div><\/div>\n<p><button class=\"btn btn-primary btn-up\">NAHORU<\/button><\/p>\n<div class=\"row footer-row first\">\n<div class=\"col-lg-offset-2 col-lg-8\"><\/div>\n<\/div>\n<\/div>\n<\/footer>\n","protected":false},"excerpt":{"rendered":"<div class=\"product-anotation\">Kompletn\u00ed bezobiln\u00e9 krmivo pro \u0161t\u011b\u0148ata. Krocan, losos, kachna.<\/div>\n<div class=\"product-controls\">\n<div class=\"product-code\"><\/div>\n<\/div>\n","protected":false},"featured_media":1478,"comment_status":"open","ping_status":"closed","template":"","meta":[],"product_brand":[],"product_cat":[28],"product_tag":[],"class_list":{"0":"post-1479","1":"product","2":"type-product","3":"status-publish","4":"has-post-thumbnail","6":"product_cat-hillsfeline","8":"first","9":"instock","10":"taxable","11":"shipping-taxable","12":"purchasable","13":"product-type-simple"},"yoast_head":"<!-- This site is optimized with the Yoast SEO plugin v26.9 - https:\/\/yoast.com\/product\/yoast-seo-wordpress\/ -->\n<title>Grain Free Puppy DF 11,33kg - UniversalPet<\/title>\n<meta name=\"description\" content=\"Kompletn\u00ed bezobiln\u00e9 krmivo pro \u0161t\u011b\u0148ata. Krocan, losos, kachna.\" \/>\n<meta name=\"robots\" content=\"index, follow, max-snippet:-1, max-image-preview:large, max-video-preview:-1\" \/>\n<link rel=\"canonical\" href=\"https:\/\/universalpet.cz\/?product=grain-free-puppy-df-1133kg\" \/>\n<meta property=\"og:locale\" content=\"cs_CZ\" \/>\n<meta property=\"og:type\" content=\"article\" \/>\n<meta property=\"og:title\" content=\"Grain Free Puppy DF 11,33kg - UniversalPet\" \/>\n<meta property=\"og:description\" content=\"Kompletn\u00ed bezobiln\u00e9 krmivo pro \u0161t\u011b\u0148ata. Krocan, losos, kachna.\" \/>\n<meta property=\"og:url\" content=\"https:\/\/universalpet.cz\/?product=grain-free-puppy-df-1133kg\" \/>\n<meta property=\"og:site_name\" content=\"UniversalPet\" \/>\n<meta property=\"article:modified_time\" content=\"2020-01-15T11:35:38+00:00\" \/>\n<meta property=\"og:image\" content=\"https:\/\/universalpet.cz\/wp-content\/uploads\/2020\/01\/now-fresh-puppy-dog-cmykhi.jpeg\" \/>\n\t<meta property=\"og:image:width\" content=\"1080\" \/>\n\t<meta property=\"og:image:height\" content=\"1440\" \/>\n\t<meta property=\"og:image:type\" content=\"image\/jpeg\" \/>\n<meta name=\"twitter:card\" content=\"summary_large_image\" \/>\n<meta name=\"twitter:label1\" content=\"Odhadovan\u00e1 doba \u010dten\u00ed\" \/>\n\t<meta name=\"twitter:data1\" content=\"2 minuty\" \/>\n<script type=\"application\/ld+json\" class=\"yoast-schema-graph\">{\"@context\":\"https:\/\/schema.org\",\"@graph\":[{\"@type\":\"WebPage\",\"@id\":\"https:\/\/universalpet.cz\/?product=grain-free-puppy-df-1133kg\",\"url\":\"https:\/\/universalpet.cz\/?product=grain-free-puppy-df-1133kg\",\"name\":\"Grain Free Puppy DF 11,33kg - UniversalPet\",\"isPartOf\":{\"@id\":\"https:\/\/universalpet.cz\/#website\"},\"primaryImageOfPage\":{\"@id\":\"https:\/\/universalpet.cz\/?product=grain-free-puppy-df-1133kg#primaryimage\"},\"image\":{\"@id\":\"https:\/\/universalpet.cz\/?product=grain-free-puppy-df-1133kg#primaryimage\"},\"thumbnailUrl\":\"https:\/\/universalpet.cz\/wp-content\/uploads\/2020\/01\/now-fresh-puppy-dog-cmykhi.jpeg\",\"datePublished\":\"2020-01-15T11:35:08+00:00\",\"dateModified\":\"2020-01-15T11:35:38+00:00\",\"description\":\"Kompletn\u00ed bezobiln\u00e9 krmivo pro \u0161t\u011b\u0148ata. Krocan, losos, kachna.\",\"breadcrumb\":{\"@id\":\"https:\/\/universalpet.cz\/?product=grain-free-puppy-df-1133kg#breadcrumb\"},\"inLanguage\":\"cs\",\"potentialAction\":[{\"@type\":\"ReadAction\",\"target\":[\"https:\/\/universalpet.cz\/?product=grain-free-puppy-df-1133kg\"]}]},{\"@type\":\"ImageObject\",\"inLanguage\":\"cs\",\"@id\":\"https:\/\/universalpet.cz\/?product=grain-free-puppy-df-1133kg#primaryimage\",\"url\":\"https:\/\/universalpet.cz\/wp-content\/uploads\/2020\/01\/now-fresh-puppy-dog-cmykhi.jpeg\",\"contentUrl\":\"https:\/\/universalpet.cz\/wp-content\/uploads\/2020\/01\/now-fresh-puppy-dog-cmykhi.jpeg\",\"width\":1080,\"height\":1440},{\"@type\":\"BreadcrumbList\",\"@id\":\"https:\/\/universalpet.cz\/?product=grain-free-puppy-df-1133kg#breadcrumb\",\"itemListElement\":[{\"@type\":\"ListItem\",\"position\":1,\"name\":\"Dom\u016f\",\"item\":\"https:\/\/universalpet.cz\/\"},{\"@type\":\"ListItem\",\"position\":2,\"name\":\"Obchod\",\"item\":\"https:\/\/universalpet.cz\/?page_id=6\"},{\"@type\":\"ListItem\",\"position\":3,\"name\":\"Grain Free Puppy DF 11,33kg\"}]},{\"@type\":\"WebSite\",\"@id\":\"https:\/\/universalpet.cz\/#website\",\"url\":\"https:\/\/universalpet.cz\/\",\"name\":\"UniversalPet\",\"description\":\"Kvalitn\u00ed krmiva pro Va\u0161e mazl\u00ed\u010dky\",\"potentialAction\":[{\"@type\":\"SearchAction\",\"target\":{\"@type\":\"EntryPoint\",\"urlTemplate\":\"https:\/\/universalpet.cz\/?s={search_term_string}\"},\"query-input\":{\"@type\":\"PropertyValueSpecification\",\"valueRequired\":true,\"valueName\":\"search_term_string\"}}],\"inLanguage\":\"cs\"}]}<\/script>\n<!-- \/ Yoast SEO plugin. -->","yoast_head_json":{"title":"Grain Free Puppy DF 11,33kg - UniversalPet","description":"Kompletn\u00ed bezobiln\u00e9 krmivo pro \u0161t\u011b\u0148ata. Krocan, losos, kachna.","robots":{"index":"index","follow":"follow","max-snippet":"max-snippet:-1","max-image-preview":"max-image-preview:large","max-video-preview":"max-video-preview:-1"},"canonical":"https:\/\/universalpet.cz\/?product=grain-free-puppy-df-1133kg","og_locale":"cs_CZ","og_type":"article","og_title":"Grain Free Puppy DF 11,33kg - UniversalPet","og_description":"Kompletn\u00ed bezobiln\u00e9 krmivo pro \u0161t\u011b\u0148ata. Krocan, losos, kachna.","og_url":"https:\/\/universalpet.cz\/?product=grain-free-puppy-df-1133kg","og_site_name":"UniversalPet","article_modified_time":"2020-01-15T11:35:38+00:00","og_image":[{"width":1080,"height":1440,"url":"https:\/\/universalpet.cz\/wp-content\/uploads\/2020\/01\/now-fresh-puppy-dog-cmykhi.jpeg","type":"image\/jpeg"}],"twitter_card":"summary_large_image","twitter_misc":{"Odhadovan\u00e1 doba \u010dten\u00ed":"2 minuty"},"schema":{"@context":"https:\/\/schema.org","@graph":[{"@type":"WebPage","@id":"https:\/\/universalpet.cz\/?product=grain-free-puppy-df-1133kg","url":"https:\/\/universalpet.cz\/?product=grain-free-puppy-df-1133kg","name":"Grain Free Puppy DF 11,33kg - UniversalPet","isPartOf":{"@id":"https:\/\/universalpet.cz\/#website"},"primaryImageOfPage":{"@id":"https:\/\/universalpet.cz\/?product=grain-free-puppy-df-1133kg#primaryimage"},"image":{"@id":"https:\/\/universalpet.cz\/?product=grain-free-puppy-df-1133kg#primaryimage"},"thumbnailUrl":"https:\/\/universalpet.cz\/wp-content\/uploads\/2020\/01\/now-fresh-puppy-dog-cmykhi.jpeg","datePublished":"2020-01-15T11:35:08+00:00","dateModified":"2020-01-15T11:35:38+00:00","description":"Kompletn\u00ed bezobiln\u00e9 krmivo pro \u0161t\u011b\u0148ata. Krocan, losos, kachna.","breadcrumb":{"@id":"https:\/\/universalpet.cz\/?product=grain-free-puppy-df-1133kg#breadcrumb"},"inLanguage":"cs","potentialAction":[{"@type":"ReadAction","target":["https:\/\/universalpet.cz\/?product=grain-free-puppy-df-1133kg"]}]},{"@type":"ImageObject","inLanguage":"cs","@id":"https:\/\/universalpet.cz\/?product=grain-free-puppy-df-1133kg#primaryimage","url":"https:\/\/universalpet.cz\/wp-content\/uploads\/2020\/01\/now-fresh-puppy-dog-cmykhi.jpeg","contentUrl":"https:\/\/universalpet.cz\/wp-content\/uploads\/2020\/01\/now-fresh-puppy-dog-cmykhi.jpeg","width":1080,"height":1440},{"@type":"BreadcrumbList","@id":"https:\/\/universalpet.cz\/?product=grain-free-puppy-df-1133kg#breadcrumb","itemListElement":[{"@type":"ListItem","position":1,"name":"Dom\u016f","item":"https:\/\/universalpet.cz\/"},{"@type":"ListItem","position":2,"name":"Obchod","item":"https:\/\/universalpet.cz\/?page_id=6"},{"@type":"ListItem","position":3,"name":"Grain Free Puppy DF 11,33kg"}]},{"@type":"WebSite","@id":"https:\/\/universalpet.cz\/#website","url":"https:\/\/universalpet.cz\/","name":"UniversalPet","description":"Kvalitn\u00ed krmiva pro Va\u0161e mazl\u00ed\u010dky","potentialAction":[{"@type":"SearchAction","target":{"@type":"EntryPoint","urlTemplate":"https:\/\/universalpet.cz\/?s={search_term_string}"},"query-input":{"@type":"PropertyValueSpecification","valueRequired":true,"valueName":"search_term_string"}}],"inLanguage":"cs"}]}},"post_mailing_queue_ids":[],"_links":{"self":[{"href":"https:\/\/universalpet.cz\/index.php?rest_route=\/wp\/v2\/product\/1479","targetHints":{"allow":["GET"]}}],"collection":[{"href":"https:\/\/universalpet.cz\/index.php?rest_route=\/wp\/v2\/product"}],"about":[{"href":"https:\/\/universalpet.cz\/index.php?rest_route=\/wp\/v2\/types\/product"}],"replies":[{"embeddable":true,"href":"https:\/\/universalpet.cz\/index.php?rest_route=%2Fwp%2Fv2%2Fcomments&post=1479"}],"wp:featuredmedia":[{"embeddable":true,"href":"https:\/\/universalpet.cz\/index.php?rest_route=\/wp\/v2\/media\/1478"}],"wp:attachment":[{"href":"https:\/\/universalpet.cz\/index.php?rest_route=%2Fwp%2Fv2%2Fmedia&parent=1479"}],"wp:term":[{"taxonomy":"product_brand","embeddable":true,"href":"https:\/\/universalpet.cz\/index.php?rest_route=%2Fwp%2Fv2%2Fproduct_brand&post=1479"},{"taxonomy":"product_cat","embeddable":true,"href":"https:\/\/universalpet.cz\/index.php?rest_route=%2Fwp%2Fv2%2Fproduct_cat&post=1479"},{"taxonomy":"product_tag","embeddable":true,"href":"https:\/\/universalpet.cz\/index.php?rest_route=%2Fwp%2Fv2%2Fproduct_tag&post=1479"}],"curies":[{"name":"wp","href":"https:\/\/api.w.org\/{rel}","templated":true}]}}