{"id":1485,"date":"2020-01-15T13:44:30","date_gmt":"2020-01-15T11:44:30","guid":{"rendered":"http:\/\/194.213.36.175:8000\/?post_type=product&#038;p=1485"},"modified":"2020-01-15T13:44:30","modified_gmt":"2020-01-15T11:44:30","slug":"grain-free-senior-df-272-kg","status":"publish","type":"product","link":"https:\/\/universalpet.cz\/?product=grain-free-senior-df-272-kg","title":{"rendered":"Grain Free Senior DF 2,72 kg"},"content":{"rendered":"<h2>Podrobn\u00fd popis<\/h2>\n<p>Nab\u00edz\u00ed 100% \u010derstv\u00e9ho krocana, lososa, kachnu a 100% \u010derstv\u00e9 omega 3\u00a0a 6\u00a0oleje z\u00a0kokosov\u00e9ho o\u0159echu a kanoly. NOW FRESH\u2122 tak\u00e9 neobsahuje \u017e\u00e1dn\u00e9 obiloviny, lepek, p\u0161enici, hov\u011bz\u00ed, kuku\u0159ici nebo s\u00f3ju. \u017d\u00e1dn\u00e9 upraven\u00e9 maso, vedlej\u0161\u00ed produkty nebo um\u011bl\u00e9 konzervanty.<\/p>\n<p>Tato receptura tak\u00e9 obsahuje:<\/p>\n<ul>\n<li>Vyv\u00e1\u017een\u00fd pom\u011br b\u00edlkovin a tuk\u016f pro dobrou kontrolu nad\u00a0v\u00e1hou<\/li>\n<li>Omega oleje pro zdravou k\u016f\u017ei a srst<\/li>\n<li>Glukosamin\/chon\u00addroitin pro zdrav\u011bj\u0161\u00ed ky\u010dle a ostatn\u00ed\u00a0klouby<\/li>\n<li>P\u0159idan\u00fd L-karnitin pro zdrav\u00e9 srdce\/lep\u0161\u00ed spalov\u00e1n\u00ed\u00a0tuku<\/li>\n<li>Pre- a pro-biotika pro lep\u0161\u00ed za\u017e\u00edv\u00e1n\u00ed<\/li>\n<li>Vhodn\u00e9 pro star\u0161\u00ed psy a\/nebo pro jak\u00e9hokoli psa, kter\u00fd pot\u0159ebuje pomoci s\u00a0kontrolou\u00a0v\u00e1hy<\/li>\n<\/ul>\n<h4>Slo\u017een\u00ed<\/h4>\n<p>Vykost\u011bn\u00fd krocan, bramborov\u00e1 mouka, jablka, hrachov\u00e1 vl\u00e1knina, hr\u00e1ch, brambory, raj\u010de, su\u0161en\u00e1 vojt\u011b\u0161ka, kanolov\u00fd olej, p\u0159\u00edrodn\u00ed dochucovadlo, losos, vykost\u011bn\u00e1 kachna, kokosov\u00fd olej, su\u0161en\u00e9 vejce, ln\u011bn\u00e9 sem\u00ednko, mrkev, d\u00fdn\u011b, ban\u00e1n, bor\u016fvky, brusinky, maliny, ostru\u017einy, pap\u00e1ja, ananas, grep, \u010do\u010dka, brokolice, \u0161pen\u00e1t, s\u00fdr cottage, v\u00fdhonky vojt\u011b\u0161ky, su\u0161en\u00e1 \u010depelatka, uhli\u010ditan v\u00e1penat\u00fd, hydrogenfosfore\u010dnan v\u00e1penat\u00fd, chlorid sodn\u00fd, chlorid draseln\u00fd, glukosamin, su\u0161en\u00fd ko\u0159en \u010dekanky, produkt fermentace su\u0161en\u00e9ho kropidl\u00e1ku \u010dern\u00e9ho, produkt fermentace su\u0161en\u00e9ho kropidl\u00e1ku oryzae, kvasnicov\u00fd extrakt, chondroitin sulf\u00e1t, m\u011bs\u00ed\u010dek, L-karnitin, su\u0161en\u00fd rozmar\u00fdn.<\/p>\n<h4>P\u0159\u00edsady na 1 kg<\/h4>\n<p>V\u00fd\u017eivov\u00e9 p\u0159\u00edsady; E672 vitamin A 13 314 IU, E671 vitamin D3 1 442 IU, 3a700 vitamin E 201 IU, E1 (\u017eelezo) 285 mg, E2 (j\u00f3d) 2,8 mg, E4 (m\u011b\u010f) 10 mg, E5 (mangan) 20 mg, E6 (zinek) 173 mg, 3b8.10 (selen) 0,22 mg; zootechnick\u00e9 p\u0159\u00edsady; Lactobacillus acidofilus a Enterococcus faecium 3,3 x 108JTK.<\/p>\n<h4>Analytick\u00e9 slo\u017een\u00ed<\/h4>\n<p>B\u00edlkoviny 24,4 %, tuk 11,4 %, hrub\u00e1 vl\u00e1knina 5,4 %, hrub\u00e1 popelovina 7,0 %, vlhkost 8,0 %, v\u00e1pn\u00edk 1,1 %, fosfor 0,8 %, omega-6 1,5 %, omega-3 1,4 %<\/p>\n<p>Dostupn\u00e9 ve velikostech 227 g, 2,72 kg a 11,33 kg<\/p>\n","protected":false},"excerpt":{"rendered":"<div class=\"product-anotation\">Kompletn\u00ed bezobiln\u00e9 krmivo pro star\u0161\u00ed psy. Krocan, losos, kachna.<\/div>\n<div class=\"product-controls\">\n<div class=\"product-code\"><\/div>\n<\/div>\n","protected":false},"featured_media":1487,"comment_status":"open","ping_status":"closed","template":"","meta":[],"product_brand":[],"product_cat":[28],"product_tag":[],"class_list":{"0":"post-1485","1":"product","2":"type-product","3":"status-publish","4":"has-post-thumbnail","6":"product_cat-hillsfeline","8":"first","9":"instock","10":"taxable","11":"shipping-taxable","12":"purchasable","13":"product-type-simple"},"yoast_head":"<!-- This site is optimized with the Yoast SEO plugin v26.9 - https:\/\/yoast.com\/product\/yoast-seo-wordpress\/ -->\n<title>Grain Free Senior DF 2,72 kg - UniversalPet<\/title>\n<meta name=\"description\" content=\"Kompletn\u00ed bezobiln\u00e9 krmivo pro star\u0161\u00ed psy. Krocan, losos, kachna.\" \/>\n<meta name=\"robots\" content=\"index, follow, max-snippet:-1, max-image-preview:large, max-video-preview:-1\" \/>\n<link rel=\"canonical\" href=\"https:\/\/universalpet.cz\/?product=grain-free-senior-df-272-kg\" \/>\n<meta property=\"og:locale\" content=\"cs_CZ\" \/>\n<meta property=\"og:type\" content=\"article\" \/>\n<meta property=\"og:title\" content=\"Grain Free Senior DF 2,72 kg - UniversalPet\" \/>\n<meta property=\"og:description\" content=\"Kompletn\u00ed bezobiln\u00e9 krmivo pro star\u0161\u00ed psy. Krocan, losos, kachna.\" \/>\n<meta property=\"og:url\" content=\"https:\/\/universalpet.cz\/?product=grain-free-senior-df-272-kg\" \/>\n<meta property=\"og:site_name\" content=\"UniversalPet\" \/>\n<meta property=\"og:image\" content=\"https:\/\/universalpet.cz\/wp-content\/uploads\/2020\/01\/now-fresh-senior-dog-cmykhi.jpeg\" \/>\n\t<meta property=\"og:image:width\" content=\"1080\" \/>\n\t<meta property=\"og:image:height\" content=\"1440\" \/>\n\t<meta property=\"og:image:type\" content=\"image\/jpeg\" \/>\n<meta name=\"twitter:card\" content=\"summary_large_image\" \/>\n<meta name=\"twitter:label1\" content=\"Odhadovan\u00e1 doba \u010dten\u00ed\" \/>\n\t<meta name=\"twitter:data1\" content=\"2 minuty\" \/>\n<script type=\"application\/ld+json\" class=\"yoast-schema-graph\">{\"@context\":\"https:\/\/schema.org\",\"@graph\":[{\"@type\":\"WebPage\",\"@id\":\"https:\/\/universalpet.cz\/?product=grain-free-senior-df-272-kg\",\"url\":\"https:\/\/universalpet.cz\/?product=grain-free-senior-df-272-kg\",\"name\":\"Grain Free Senior DF 2,72 kg - UniversalPet\",\"isPartOf\":{\"@id\":\"https:\/\/universalpet.cz\/#website\"},\"primaryImageOfPage\":{\"@id\":\"https:\/\/universalpet.cz\/?product=grain-free-senior-df-272-kg#primaryimage\"},\"image\":{\"@id\":\"https:\/\/universalpet.cz\/?product=grain-free-senior-df-272-kg#primaryimage\"},\"thumbnailUrl\":\"https:\/\/universalpet.cz\/wp-content\/uploads\/2020\/01\/now-fresh-senior-dog-cmykhi.jpeg\",\"datePublished\":\"2020-01-15T11:44:30+00:00\",\"description\":\"Kompletn\u00ed bezobiln\u00e9 krmivo pro star\u0161\u00ed psy. Krocan, losos, kachna.\",\"breadcrumb\":{\"@id\":\"https:\/\/universalpet.cz\/?product=grain-free-senior-df-272-kg#breadcrumb\"},\"inLanguage\":\"cs\",\"potentialAction\":[{\"@type\":\"ReadAction\",\"target\":[\"https:\/\/universalpet.cz\/?product=grain-free-senior-df-272-kg\"]}]},{\"@type\":\"ImageObject\",\"inLanguage\":\"cs\",\"@id\":\"https:\/\/universalpet.cz\/?product=grain-free-senior-df-272-kg#primaryimage\",\"url\":\"https:\/\/universalpet.cz\/wp-content\/uploads\/2020\/01\/now-fresh-senior-dog-cmykhi.jpeg\",\"contentUrl\":\"https:\/\/universalpet.cz\/wp-content\/uploads\/2020\/01\/now-fresh-senior-dog-cmykhi.jpeg\",\"width\":1080,\"height\":1440},{\"@type\":\"BreadcrumbList\",\"@id\":\"https:\/\/universalpet.cz\/?product=grain-free-senior-df-272-kg#breadcrumb\",\"itemListElement\":[{\"@type\":\"ListItem\",\"position\":1,\"name\":\"Dom\u016f\",\"item\":\"https:\/\/universalpet.cz\/\"},{\"@type\":\"ListItem\",\"position\":2,\"name\":\"Obchod\",\"item\":\"https:\/\/universalpet.cz\/?page_id=6\"},{\"@type\":\"ListItem\",\"position\":3,\"name\":\"Grain Free Senior DF 2,72 kg\"}]},{\"@type\":\"WebSite\",\"@id\":\"https:\/\/universalpet.cz\/#website\",\"url\":\"https:\/\/universalpet.cz\/\",\"name\":\"UniversalPet\",\"description\":\"Kvalitn\u00ed krmiva pro Va\u0161e mazl\u00ed\u010dky\",\"potentialAction\":[{\"@type\":\"SearchAction\",\"target\":{\"@type\":\"EntryPoint\",\"urlTemplate\":\"https:\/\/universalpet.cz\/?s={search_term_string}\"},\"query-input\":{\"@type\":\"PropertyValueSpecification\",\"valueRequired\":true,\"valueName\":\"search_term_string\"}}],\"inLanguage\":\"cs\"}]}<\/script>\n<!-- \/ Yoast SEO plugin. -->","yoast_head_json":{"title":"Grain Free Senior DF 2,72 kg - UniversalPet","description":"Kompletn\u00ed bezobiln\u00e9 krmivo pro star\u0161\u00ed psy. Krocan, losos, kachna.","robots":{"index":"index","follow":"follow","max-snippet":"max-snippet:-1","max-image-preview":"max-image-preview:large","max-video-preview":"max-video-preview:-1"},"canonical":"https:\/\/universalpet.cz\/?product=grain-free-senior-df-272-kg","og_locale":"cs_CZ","og_type":"article","og_title":"Grain Free Senior DF 2,72 kg - UniversalPet","og_description":"Kompletn\u00ed bezobiln\u00e9 krmivo pro star\u0161\u00ed psy. Krocan, losos, kachna.","og_url":"https:\/\/universalpet.cz\/?product=grain-free-senior-df-272-kg","og_site_name":"UniversalPet","og_image":[{"width":1080,"height":1440,"url":"https:\/\/universalpet.cz\/wp-content\/uploads\/2020\/01\/now-fresh-senior-dog-cmykhi.jpeg","type":"image\/jpeg"}],"twitter_card":"summary_large_image","twitter_misc":{"Odhadovan\u00e1 doba \u010dten\u00ed":"2 minuty"},"schema":{"@context":"https:\/\/schema.org","@graph":[{"@type":"WebPage","@id":"https:\/\/universalpet.cz\/?product=grain-free-senior-df-272-kg","url":"https:\/\/universalpet.cz\/?product=grain-free-senior-df-272-kg","name":"Grain Free Senior DF 2,72 kg - UniversalPet","isPartOf":{"@id":"https:\/\/universalpet.cz\/#website"},"primaryImageOfPage":{"@id":"https:\/\/universalpet.cz\/?product=grain-free-senior-df-272-kg#primaryimage"},"image":{"@id":"https:\/\/universalpet.cz\/?product=grain-free-senior-df-272-kg#primaryimage"},"thumbnailUrl":"https:\/\/universalpet.cz\/wp-content\/uploads\/2020\/01\/now-fresh-senior-dog-cmykhi.jpeg","datePublished":"2020-01-15T11:44:30+00:00","description":"Kompletn\u00ed bezobiln\u00e9 krmivo pro star\u0161\u00ed psy. Krocan, losos, kachna.","breadcrumb":{"@id":"https:\/\/universalpet.cz\/?product=grain-free-senior-df-272-kg#breadcrumb"},"inLanguage":"cs","potentialAction":[{"@type":"ReadAction","target":["https:\/\/universalpet.cz\/?product=grain-free-senior-df-272-kg"]}]},{"@type":"ImageObject","inLanguage":"cs","@id":"https:\/\/universalpet.cz\/?product=grain-free-senior-df-272-kg#primaryimage","url":"https:\/\/universalpet.cz\/wp-content\/uploads\/2020\/01\/now-fresh-senior-dog-cmykhi.jpeg","contentUrl":"https:\/\/universalpet.cz\/wp-content\/uploads\/2020\/01\/now-fresh-senior-dog-cmykhi.jpeg","width":1080,"height":1440},{"@type":"BreadcrumbList","@id":"https:\/\/universalpet.cz\/?product=grain-free-senior-df-272-kg#breadcrumb","itemListElement":[{"@type":"ListItem","position":1,"name":"Dom\u016f","item":"https:\/\/universalpet.cz\/"},{"@type":"ListItem","position":2,"name":"Obchod","item":"https:\/\/universalpet.cz\/?page_id=6"},{"@type":"ListItem","position":3,"name":"Grain Free Senior DF 2,72 kg"}]},{"@type":"WebSite","@id":"https:\/\/universalpet.cz\/#website","url":"https:\/\/universalpet.cz\/","name":"UniversalPet","description":"Kvalitn\u00ed krmiva pro Va\u0161e mazl\u00ed\u010dky","potentialAction":[{"@type":"SearchAction","target":{"@type":"EntryPoint","urlTemplate":"https:\/\/universalpet.cz\/?s={search_term_string}"},"query-input":{"@type":"PropertyValueSpecification","valueRequired":true,"valueName":"search_term_string"}}],"inLanguage":"cs"}]}},"post_mailing_queue_ids":[],"_links":{"self":[{"href":"https:\/\/universalpet.cz\/index.php?rest_route=\/wp\/v2\/product\/1485","targetHints":{"allow":["GET"]}}],"collection":[{"href":"https:\/\/universalpet.cz\/index.php?rest_route=\/wp\/v2\/product"}],"about":[{"href":"https:\/\/universalpet.cz\/index.php?rest_route=\/wp\/v2\/types\/product"}],"replies":[{"embeddable":true,"href":"https:\/\/universalpet.cz\/index.php?rest_route=%2Fwp%2Fv2%2Fcomments&post=1485"}],"wp:featuredmedia":[{"embeddable":true,"href":"https:\/\/universalpet.cz\/index.php?rest_route=\/wp\/v2\/media\/1487"}],"wp:attachment":[{"href":"https:\/\/universalpet.cz\/index.php?rest_route=%2Fwp%2Fv2%2Fmedia&parent=1485"}],"wp:term":[{"taxonomy":"product_brand","embeddable":true,"href":"https:\/\/universalpet.cz\/index.php?rest_route=%2Fwp%2Fv2%2Fproduct_brand&post=1485"},{"taxonomy":"product_cat","embeddable":true,"href":"https:\/\/universalpet.cz\/index.php?rest_route=%2Fwp%2Fv2%2Fproduct_cat&post=1485"},{"taxonomy":"product_tag","embeddable":true,"href":"https:\/\/universalpet.cz\/index.php?rest_route=%2Fwp%2Fv2%2Fproduct_tag&post=1485"}],"curies":[{"name":"wp","href":"https:\/\/api.w.org\/{rel}","templated":true}]}}