{"id":1490,"date":"2020-01-15T13:49:25","date_gmt":"2020-01-15T11:49:25","guid":{"rendered":"http:\/\/194.213.36.175:8000\/?post_type=product&#038;p=1490"},"modified":"2020-01-15T13:50:21","modified_gmt":"2020-01-15T11:50:21","slug":"grain-free-small-breed-df-272-kg","status":"publish","type":"product","link":"https:\/\/universalpet.cz\/?product=grain-free-small-breed-df-272-kg","title":{"rendered":"Grain Free Small Breed DF 2,72 kg"},"content":{"rendered":"<h2>Podrobn\u00fd popis<\/h2>\n<p>Nab\u00edz\u00ed 100% \u010derstv\u00e9ho krocana, lososa, kachnu a 100% \u010derstv\u00e9 omega 3\u00a0a 6\u00a0oleje z\u00a0kokosov\u00e9ho o\u0159echu a kanoly. NOW FRESH\u2122 tak\u00e9 neobsahuje \u017e\u00e1dn\u00e9 obiloviny, lepek, p\u0161enici, hov\u011bz\u00ed, kuku\u0159ici nebo s\u00f3ju. \u017d\u00e1dn\u00e9 upraven\u00e9 maso, vedlej\u0161\u00ed produkty nebo um\u011bl\u00e9 konzervanty.<\/p>\n<p>Tato receptura tak\u00e9 obsahuje:<\/p>\n<ul>\n<li>Men\u0161\u00ed kousky \u0161rotu ve tvaru \u010dty\u0159l\u00edstku, aby se krmivo l\u00e9pe \u017ev\u00fdkalo<\/li>\n<li>Dobr\u00e9 slo\u017een\u00ed pro sv\u011b\u017e\u00ed dech a zdrav\u00ed \u00fastn\u00ed dutiny<\/li>\n<li>Pre- a pro-biotika pro lep\u0161\u00ed za\u017e\u00edv\u00e1n\u00ed<\/li>\n<li>DHA\/EPA pro spr\u00e1vn\u00fd v\u00fdvoj mozku<\/li>\n<li>Omega oleje pro zdravou k\u016f\u017ei a srst<\/li>\n<li>Antioxidanty pro lep\u0161\u00ed imunitu<\/li>\n<\/ul>\n<h4>Slo\u017een\u00ed<\/h4>\n<p>Vykost\u011bn\u00fd krocan, brambory, su\u0161en\u00e9 vejce, hr\u00e1ch, hrachov\u00e1 vl\u00e1knina, p\u0159\u00edrodn\u00ed dochucovadlo, ln\u011bn\u00e9 sem\u00ednko, jablko, kanolov\u00fd olej, bramborov\u00e1 mouka, uhli\u010ditan v\u00e1penat\u00fd, losos, vykost\u011bn\u00e1 kachna, kokosov\u00fd olej, raj\u010de, su\u0161en\u00e1 vojt\u011b\u0161ka, mrkev, d\u00fdn\u011b, ban\u00e1n, bor\u016fvky, brusinky, maliny, ostru\u017einy, pap\u00e1ja, ananas, \u010do\u010dka, brokolice, \u0161pen\u00e1t, s\u00fdr cottage, v\u00fdhonky vojt\u011b\u0161ky, su\u0161en\u00e1 \u010depelatka, hydrogenfosfore\u010dnan v\u00e1penat\u00fd, chlorid sodn\u00fd, chlorid draseln\u00fd, taurin, extrakt z\u00a0\u0159as, su\u0161en\u00fd ko\u0159en \u010dekanky, produkt fermentace su\u0161en\u00e9ho kropidl\u00e1ku \u010dern\u00e9ho, produkt fermentace su\u0161en\u00e9ho kropidl\u00e1ku oryzae, kvasnicov\u00fd extrakt, m\u011bs\u00ed\u010dek, petr\u017eel, m\u00e1ta, extrakt ze zelen\u00e9ho \u010daje, L-karnitin, su\u0161en\u00fd rozmar\u00fdn.<\/p>\n<h4>P\u0159\u00edsady na 1 kg<\/h4>\n<p>V\u00fd\u017eivov\u00e9 p\u0159\u00edsady; E672 vitamin A 13 914 IU, E671 vitamin D3 1 507 IU, 3a700 vitamin E 210 IU, E1 (\u017eelezo) 276 mg, E2 (j\u00f3d) 2,3 mg, E4 (m\u011b\u010f) 10,7 mg, E5 (mangan) 23 mg, E6 (zinek) 216 mg, 3b8.10 (selen) 0,2 mg; zootechnick\u00e9 p\u0159\u00edsady; Lactobacillus acidofilus a Enterococcus faecium 3,3 x 108JTK.<\/p>\n<h4>Analytick\u00e9 slo\u017een\u00ed<\/h4>\n<p>B\u00edlkoviny 28,5 %, tuk 17,8 %, hrub\u00e1 vl\u00e1knina 3,8 %, hrub\u00e1 popelovina 7,3 %, vlhkost 8,0 %, v\u00e1pn\u00edk 1,4 %, fosfor 0,9 %, omega-6 1,8 %, omega-3 1,4 %<\/p>\n<p>Dostupn\u00e9 ve velikostech 227 g, 2,72 kg a 5,44 kg<\/p>\n","protected":false},"excerpt":{"rendered":"<h1><span style=\"font-size: 16px;\">Kompletn\u00ed bezobiln\u00e9 krmivo pro psy mal\u00fdch plemen. Krocan, losos, kachna.<\/span><\/h1>\n<div class=\"categoryTree\">\n<div class=\"product-controls\">\n<div class=\"product-code\"><\/div>\n<\/div>\n<\/div>\n","protected":false},"featured_media":1491,"comment_status":"open","ping_status":"closed","template":"","meta":[],"product_brand":[],"product_cat":[28],"product_tag":[],"class_list":{"0":"post-1490","1":"product","2":"type-product","3":"status-publish","4":"has-post-thumbnail","6":"product_cat-hillsfeline","8":"first","9":"instock","10":"taxable","11":"shipping-taxable","12":"purchasable","13":"product-type-simple"},"yoast_head":"<!-- This site is optimized with the Yoast SEO plugin v26.9 - https:\/\/yoast.com\/product\/yoast-seo-wordpress\/ -->\n<title>Grain Free Small Breed DF 2,72 kg - UniversalPet<\/title>\n<meta name=\"description\" content=\"Kompletn\u00ed bezobiln\u00e9 krmivo pro psy mal\u00fdch plemen. Krocan, losos, kachna.\" \/>\n<meta name=\"robots\" content=\"index, follow, max-snippet:-1, max-image-preview:large, max-video-preview:-1\" \/>\n<link rel=\"canonical\" href=\"https:\/\/universalpet.cz\/?product=grain-free-small-breed-df-272-kg\" \/>\n<meta property=\"og:locale\" content=\"cs_CZ\" \/>\n<meta property=\"og:type\" content=\"article\" \/>\n<meta property=\"og:title\" content=\"Grain Free Small Breed DF 2,72 kg - UniversalPet\" \/>\n<meta property=\"og:description\" content=\"Kompletn\u00ed bezobiln\u00e9 krmivo pro psy mal\u00fdch plemen. Krocan, losos, kachna.\" \/>\n<meta property=\"og:url\" content=\"https:\/\/universalpet.cz\/?product=grain-free-small-breed-df-272-kg\" \/>\n<meta property=\"og:site_name\" content=\"UniversalPet\" \/>\n<meta property=\"article:modified_time\" content=\"2020-01-15T11:50:21+00:00\" \/>\n<meta property=\"og:image\" content=\"https:\/\/universalpet.cz\/wp-content\/uploads\/2020\/01\/now-fresh-small-breed-dog-cmykhi.jpeg\" \/>\n\t<meta property=\"og:image:width\" content=\"1080\" \/>\n\t<meta property=\"og:image:height\" content=\"1440\" \/>\n\t<meta property=\"og:image:type\" content=\"image\/jpeg\" \/>\n<meta name=\"twitter:card\" content=\"summary_large_image\" \/>\n<meta name=\"twitter:label1\" content=\"Odhadovan\u00e1 doba \u010dten\u00ed\" \/>\n\t<meta name=\"twitter:data1\" content=\"2 minuty\" \/>\n<script type=\"application\/ld+json\" class=\"yoast-schema-graph\">{\"@context\":\"https:\/\/schema.org\",\"@graph\":[{\"@type\":\"WebPage\",\"@id\":\"https:\/\/universalpet.cz\/?product=grain-free-small-breed-df-272-kg\",\"url\":\"https:\/\/universalpet.cz\/?product=grain-free-small-breed-df-272-kg\",\"name\":\"Grain Free Small Breed DF 2,72 kg - UniversalPet\",\"isPartOf\":{\"@id\":\"https:\/\/universalpet.cz\/#website\"},\"primaryImageOfPage\":{\"@id\":\"https:\/\/universalpet.cz\/?product=grain-free-small-breed-df-272-kg#primaryimage\"},\"image\":{\"@id\":\"https:\/\/universalpet.cz\/?product=grain-free-small-breed-df-272-kg#primaryimage\"},\"thumbnailUrl\":\"https:\/\/universalpet.cz\/wp-content\/uploads\/2020\/01\/now-fresh-small-breed-dog-cmykhi.jpeg\",\"datePublished\":\"2020-01-15T11:49:25+00:00\",\"dateModified\":\"2020-01-15T11:50:21+00:00\",\"description\":\"Kompletn\u00ed bezobiln\u00e9 krmivo pro psy mal\u00fdch plemen. Krocan, losos, kachna.\",\"breadcrumb\":{\"@id\":\"https:\/\/universalpet.cz\/?product=grain-free-small-breed-df-272-kg#breadcrumb\"},\"inLanguage\":\"cs\",\"potentialAction\":[{\"@type\":\"ReadAction\",\"target\":[\"https:\/\/universalpet.cz\/?product=grain-free-small-breed-df-272-kg\"]}]},{\"@type\":\"ImageObject\",\"inLanguage\":\"cs\",\"@id\":\"https:\/\/universalpet.cz\/?product=grain-free-small-breed-df-272-kg#primaryimage\",\"url\":\"https:\/\/universalpet.cz\/wp-content\/uploads\/2020\/01\/now-fresh-small-breed-dog-cmykhi.jpeg\",\"contentUrl\":\"https:\/\/universalpet.cz\/wp-content\/uploads\/2020\/01\/now-fresh-small-breed-dog-cmykhi.jpeg\",\"width\":1080,\"height\":1440},{\"@type\":\"BreadcrumbList\",\"@id\":\"https:\/\/universalpet.cz\/?product=grain-free-small-breed-df-272-kg#breadcrumb\",\"itemListElement\":[{\"@type\":\"ListItem\",\"position\":1,\"name\":\"Dom\u016f\",\"item\":\"https:\/\/universalpet.cz\/\"},{\"@type\":\"ListItem\",\"position\":2,\"name\":\"Obchod\",\"item\":\"https:\/\/universalpet.cz\/?page_id=6\"},{\"@type\":\"ListItem\",\"position\":3,\"name\":\"Grain Free Small Breed DF 2,72 kg\"}]},{\"@type\":\"WebSite\",\"@id\":\"https:\/\/universalpet.cz\/#website\",\"url\":\"https:\/\/universalpet.cz\/\",\"name\":\"UniversalPet\",\"description\":\"Kvalitn\u00ed krmiva pro Va\u0161e mazl\u00ed\u010dky\",\"potentialAction\":[{\"@type\":\"SearchAction\",\"target\":{\"@type\":\"EntryPoint\",\"urlTemplate\":\"https:\/\/universalpet.cz\/?s={search_term_string}\"},\"query-input\":{\"@type\":\"PropertyValueSpecification\",\"valueRequired\":true,\"valueName\":\"search_term_string\"}}],\"inLanguage\":\"cs\"}]}<\/script>\n<!-- \/ Yoast SEO plugin. -->","yoast_head_json":{"title":"Grain Free Small Breed DF 2,72 kg - UniversalPet","description":"Kompletn\u00ed bezobiln\u00e9 krmivo pro psy mal\u00fdch plemen. Krocan, losos, kachna.","robots":{"index":"index","follow":"follow","max-snippet":"max-snippet:-1","max-image-preview":"max-image-preview:large","max-video-preview":"max-video-preview:-1"},"canonical":"https:\/\/universalpet.cz\/?product=grain-free-small-breed-df-272-kg","og_locale":"cs_CZ","og_type":"article","og_title":"Grain Free Small Breed DF 2,72 kg - UniversalPet","og_description":"Kompletn\u00ed bezobiln\u00e9 krmivo pro psy mal\u00fdch plemen. Krocan, losos, kachna.","og_url":"https:\/\/universalpet.cz\/?product=grain-free-small-breed-df-272-kg","og_site_name":"UniversalPet","article_modified_time":"2020-01-15T11:50:21+00:00","og_image":[{"width":1080,"height":1440,"url":"https:\/\/universalpet.cz\/wp-content\/uploads\/2020\/01\/now-fresh-small-breed-dog-cmykhi.jpeg","type":"image\/jpeg"}],"twitter_card":"summary_large_image","twitter_misc":{"Odhadovan\u00e1 doba \u010dten\u00ed":"2 minuty"},"schema":{"@context":"https:\/\/schema.org","@graph":[{"@type":"WebPage","@id":"https:\/\/universalpet.cz\/?product=grain-free-small-breed-df-272-kg","url":"https:\/\/universalpet.cz\/?product=grain-free-small-breed-df-272-kg","name":"Grain Free Small Breed DF 2,72 kg - UniversalPet","isPartOf":{"@id":"https:\/\/universalpet.cz\/#website"},"primaryImageOfPage":{"@id":"https:\/\/universalpet.cz\/?product=grain-free-small-breed-df-272-kg#primaryimage"},"image":{"@id":"https:\/\/universalpet.cz\/?product=grain-free-small-breed-df-272-kg#primaryimage"},"thumbnailUrl":"https:\/\/universalpet.cz\/wp-content\/uploads\/2020\/01\/now-fresh-small-breed-dog-cmykhi.jpeg","datePublished":"2020-01-15T11:49:25+00:00","dateModified":"2020-01-15T11:50:21+00:00","description":"Kompletn\u00ed bezobiln\u00e9 krmivo pro psy mal\u00fdch plemen. Krocan, losos, kachna.","breadcrumb":{"@id":"https:\/\/universalpet.cz\/?product=grain-free-small-breed-df-272-kg#breadcrumb"},"inLanguage":"cs","potentialAction":[{"@type":"ReadAction","target":["https:\/\/universalpet.cz\/?product=grain-free-small-breed-df-272-kg"]}]},{"@type":"ImageObject","inLanguage":"cs","@id":"https:\/\/universalpet.cz\/?product=grain-free-small-breed-df-272-kg#primaryimage","url":"https:\/\/universalpet.cz\/wp-content\/uploads\/2020\/01\/now-fresh-small-breed-dog-cmykhi.jpeg","contentUrl":"https:\/\/universalpet.cz\/wp-content\/uploads\/2020\/01\/now-fresh-small-breed-dog-cmykhi.jpeg","width":1080,"height":1440},{"@type":"BreadcrumbList","@id":"https:\/\/universalpet.cz\/?product=grain-free-small-breed-df-272-kg#breadcrumb","itemListElement":[{"@type":"ListItem","position":1,"name":"Dom\u016f","item":"https:\/\/universalpet.cz\/"},{"@type":"ListItem","position":2,"name":"Obchod","item":"https:\/\/universalpet.cz\/?page_id=6"},{"@type":"ListItem","position":3,"name":"Grain Free Small Breed DF 2,72 kg"}]},{"@type":"WebSite","@id":"https:\/\/universalpet.cz\/#website","url":"https:\/\/universalpet.cz\/","name":"UniversalPet","description":"Kvalitn\u00ed krmiva pro Va\u0161e mazl\u00ed\u010dky","potentialAction":[{"@type":"SearchAction","target":{"@type":"EntryPoint","urlTemplate":"https:\/\/universalpet.cz\/?s={search_term_string}"},"query-input":{"@type":"PropertyValueSpecification","valueRequired":true,"valueName":"search_term_string"}}],"inLanguage":"cs"}]}},"post_mailing_queue_ids":[],"_links":{"self":[{"href":"https:\/\/universalpet.cz\/index.php?rest_route=\/wp\/v2\/product\/1490","targetHints":{"allow":["GET"]}}],"collection":[{"href":"https:\/\/universalpet.cz\/index.php?rest_route=\/wp\/v2\/product"}],"about":[{"href":"https:\/\/universalpet.cz\/index.php?rest_route=\/wp\/v2\/types\/product"}],"replies":[{"embeddable":true,"href":"https:\/\/universalpet.cz\/index.php?rest_route=%2Fwp%2Fv2%2Fcomments&post=1490"}],"wp:featuredmedia":[{"embeddable":true,"href":"https:\/\/universalpet.cz\/index.php?rest_route=\/wp\/v2\/media\/1491"}],"wp:attachment":[{"href":"https:\/\/universalpet.cz\/index.php?rest_route=%2Fwp%2Fv2%2Fmedia&parent=1490"}],"wp:term":[{"taxonomy":"product_brand","embeddable":true,"href":"https:\/\/universalpet.cz\/index.php?rest_route=%2Fwp%2Fv2%2Fproduct_brand&post=1490"},{"taxonomy":"product_cat","embeddable":true,"href":"https:\/\/universalpet.cz\/index.php?rest_route=%2Fwp%2Fv2%2Fproduct_cat&post=1490"},{"taxonomy":"product_tag","embeddable":true,"href":"https:\/\/universalpet.cz\/index.php?rest_route=%2Fwp%2Fv2%2Fproduct_tag&post=1490"}],"curies":[{"name":"wp","href":"https:\/\/api.w.org\/{rel}","templated":true}]}}