{"id":1502,"date":"2020-01-28T11:52:02","date_gmt":"2020-01-28T09:52:02","guid":{"rendered":"http:\/\/194.213.36.175:8000\/?post_type=product&#038;p=1502"},"modified":"2020-01-28T11:52:03","modified_gmt":"2020-01-28T09:52:03","slug":"go-daily-defence-chicken-df-1133-kg","status":"publish","type":"product","link":"https:\/\/universalpet.cz\/?product=go-daily-defence-chicken-df-1133-kg","title":{"rendered":"GO Daily Defence Chicken DF 11,33 kg"},"content":{"rendered":"<h2>Podrobn\u00fd popis<\/h2>\n<p>Receptura pe\u010dliv\u011b p\u0159ipravena z\u00a0ku\u0159ec\u00edho masa pr\u00e9miov\u00e9 kvality, ovoce, zeleniny s\u00a0obsahem omega olej\u016f. Krmivo nap\u011bchovan\u00e9 \u017eivinami a doporu\u010den\u00e9 odborn\u00edky na v\u00fd\u017eivu, kter\u00e9 tak poskytuje va\u0161emu psovi tolik d\u016fle\u017eitou preventivn\u00ed zdravotn\u00ed p\u00e9\u010di.<\/p>\n<p>Tato receptura tak\u00e9 obsahuje:<\/p>\n<ul>\n<li>Pre- a pro-biotika pro lep\u0161\u00ed za\u017e\u00edv\u00e1n\u00ed<\/li>\n<li>Antioxidanty pro lep\u0161\u00ed imunitu<\/li>\n<li>Omega oleje pro zdravou k\u016f\u017ei a srst<\/li>\n<li>\u017d\u00e1dn\u00e9 vedlej\u0161\u00ed produkty, p\u0159idan\u00e9 r\u016fstov\u00e9 hormony nebo um\u011bl\u00e9 konzervanty<\/li>\n<li>\u017d\u00e1dn\u00e9 hov\u011bz\u00ed, p\u0161enici, kuku\u0159ici nebo s\u00f3ju<\/li>\n<\/ul>\n<h4>Slo\u017een\u00ed<\/h4>\n<p>Ku\u0159e 60\u00a0% (ku\u0159ec\u00ed mou\u010dka, vykost\u011bn\u00e9 ku\u0159e, ku\u0159ec\u00ed tuk, p\u0159\u00edrodn\u00ed ku\u0159ec\u00ed dochucovadlo), celozrnn\u00e1 hn\u011bd\u00e1 r\u00fd\u017ee, celozrnn\u00e1 b\u00edl\u00e1 r\u00fd\u017ee, ovesn\u00e1 mou\u010dka, slune\u010dnicov\u00fd olej, brambory, lososov\u00e1 mou\u010dka, su\u0161en\u00e9 vejce, ln\u011bn\u00fd olej, r\u00fd\u017eov\u00e9 otruby, hrachov\u00e1 vl\u00e1knina, vojt\u011b\u0161ka, jablko, mrkev, brusinky, chlorid sodn\u00fd, chlorid draseln\u00fd, kvasnicov\u00fd extrakt, su\u0161en\u00e1 \u010depelatka, su\u0161en\u00fd ko\u0159en \u010dekanky, produkt fermentace su\u0161en\u00e9ho kropidl\u00e1ku \u010dern\u00e9ho, produkt fermentace su\u0161en\u00e9ho kropidl\u00e1ku oryzae, su\u0161en\u00fd rozmar\u00fdn.<\/p>\n<h4>P\u0159\u00edsady na 1\u00a0kg<\/h4>\n<p>V\u00fd\u017eivov\u00e9 p\u0159\u00edsady; E672 vitamin A\u00a013\u00a0080\u00a0IU, E671 vitamin D3 1\u00a0420\u00a0IU, 3a700 vitamin E 230\u00a0IU, E1 (\u017eelezo) 290\u00a0mg, E2 (j\u00f3d) 3,7\u00a0mg, E4 (m\u011b\u010f) 15,2\u00a0mg, E5 (mangan) 28\u00a0mg, E6 (zinek) 189\u00a0mg, 3b8.10 (selen) 0,5\u00a0mg; zootechnick\u00e9 p\u0159\u00edsady; Lactobacillus acidofilus a Enterococcus faecium 3,3\u00d7108JTK.<\/p>\n<h4>Analytick\u00e9 slo\u017een\u00ed<\/h4>\n<p>B\u00edlkoviny 25,8\u00a0%, tuk 14,8\u00a0%, hrub\u00e1 vl\u00e1knina 1,7\u00a0%, hrub\u00e1 popelovina 6,9\u00a0%, vlhkost 8,0\u00a0%, omega-6 3,0\u00a0%, omega-3 0,4\u00a0%<\/p>\n<p>Dostupn\u00e9 ve velikostech 227 g, 2,72 kg a 11,33 kg<\/p>\n","protected":false},"excerpt":{"rendered":"<div class=\"product-anotation\">Kompletn\u00ed krmivo pro psy s ku\u0159ec\u00edm masem pro preventivn\u00ed p\u00e9\u010di.<\/div>\n<div class=\"product-controls\">\n<div class=\"product-code\"><\/div>\n<\/div>\n","protected":false},"featured_media":1503,"comment_status":"open","ping_status":"closed","template":"","meta":[],"product_brand":[],"product_cat":[28],"product_tag":[],"class_list":{"0":"post-1502","1":"product","2":"type-product","3":"status-publish","4":"has-post-thumbnail","6":"product_cat-hillsfeline","8":"first","9":"instock","10":"taxable","11":"shipping-taxable","12":"purchasable","13":"product-type-simple"},"yoast_head":"<!-- This site is optimized with the Yoast SEO plugin v26.9 - https:\/\/yoast.com\/product\/yoast-seo-wordpress\/ -->\n<title>GO Daily Defence Chicken DF 11,33 kg - UniversalPet<\/title>\n<meta name=\"description\" content=\"Kompletn\u00ed krmivo pro psy s ku\u0159ec\u00edm masem pro preventivn\u00ed p\u00e9\u010di.\" \/>\n<meta name=\"robots\" content=\"index, follow, max-snippet:-1, max-image-preview:large, max-video-preview:-1\" \/>\n<link rel=\"canonical\" href=\"https:\/\/universalpet.cz\/?product=go-daily-defence-chicken-df-1133-kg\" \/>\n<meta property=\"og:locale\" content=\"cs_CZ\" \/>\n<meta property=\"og:type\" content=\"article\" \/>\n<meta property=\"og:title\" content=\"GO Daily Defence Chicken DF 11,33 kg - UniversalPet\" \/>\n<meta property=\"og:description\" content=\"Kompletn\u00ed krmivo pro psy s ku\u0159ec\u00edm masem pro preventivn\u00ed p\u00e9\u010di.\" \/>\n<meta property=\"og:url\" content=\"https:\/\/universalpet.cz\/?product=go-daily-defence-chicken-df-1133-kg\" \/>\n<meta property=\"og:site_name\" content=\"UniversalPet\" \/>\n<meta property=\"article:modified_time\" content=\"2020-01-28T09:52:03+00:00\" \/>\n<meta property=\"og:image\" content=\"https:\/\/universalpet.cz\/wp-content\/uploads\/2020\/01\/go-dd-chicken-dog-rgblo.jpeg\" \/>\n\t<meta property=\"og:image:width\" content=\"1080\" \/>\n\t<meta property=\"og:image:height\" content=\"1440\" \/>\n\t<meta property=\"og:image:type\" content=\"image\/jpeg\" \/>\n<meta name=\"twitter:card\" content=\"summary_large_image\" \/>\n<meta name=\"twitter:label1\" content=\"Odhadovan\u00e1 doba \u010dten\u00ed\" \/>\n\t<meta name=\"twitter:data1\" content=\"1 minuta\" \/>\n<script type=\"application\/ld+json\" class=\"yoast-schema-graph\">{\"@context\":\"https:\/\/schema.org\",\"@graph\":[{\"@type\":\"WebPage\",\"@id\":\"https:\/\/universalpet.cz\/?product=go-daily-defence-chicken-df-1133-kg\",\"url\":\"https:\/\/universalpet.cz\/?product=go-daily-defence-chicken-df-1133-kg\",\"name\":\"GO Daily Defence Chicken DF 11,33 kg - UniversalPet\",\"isPartOf\":{\"@id\":\"https:\/\/universalpet.cz\/#website\"},\"primaryImageOfPage\":{\"@id\":\"https:\/\/universalpet.cz\/?product=go-daily-defence-chicken-df-1133-kg#primaryimage\"},\"image\":{\"@id\":\"https:\/\/universalpet.cz\/?product=go-daily-defence-chicken-df-1133-kg#primaryimage\"},\"thumbnailUrl\":\"https:\/\/universalpet.cz\/wp-content\/uploads\/2020\/01\/go-dd-chicken-dog-rgblo.jpeg\",\"datePublished\":\"2020-01-28T09:52:02+00:00\",\"dateModified\":\"2020-01-28T09:52:03+00:00\",\"description\":\"Kompletn\u00ed krmivo pro psy s ku\u0159ec\u00edm masem pro preventivn\u00ed p\u00e9\u010di.\",\"breadcrumb\":{\"@id\":\"https:\/\/universalpet.cz\/?product=go-daily-defence-chicken-df-1133-kg#breadcrumb\"},\"inLanguage\":\"cs\",\"potentialAction\":[{\"@type\":\"ReadAction\",\"target\":[\"https:\/\/universalpet.cz\/?product=go-daily-defence-chicken-df-1133-kg\"]}]},{\"@type\":\"ImageObject\",\"inLanguage\":\"cs\",\"@id\":\"https:\/\/universalpet.cz\/?product=go-daily-defence-chicken-df-1133-kg#primaryimage\",\"url\":\"https:\/\/universalpet.cz\/wp-content\/uploads\/2020\/01\/go-dd-chicken-dog-rgblo.jpeg\",\"contentUrl\":\"https:\/\/universalpet.cz\/wp-content\/uploads\/2020\/01\/go-dd-chicken-dog-rgblo.jpeg\",\"width\":1080,\"height\":1440},{\"@type\":\"BreadcrumbList\",\"@id\":\"https:\/\/universalpet.cz\/?product=go-daily-defence-chicken-df-1133-kg#breadcrumb\",\"itemListElement\":[{\"@type\":\"ListItem\",\"position\":1,\"name\":\"Dom\u016f\",\"item\":\"https:\/\/universalpet.cz\/\"},{\"@type\":\"ListItem\",\"position\":2,\"name\":\"Obchod\",\"item\":\"https:\/\/universalpet.cz\/?page_id=6\"},{\"@type\":\"ListItem\",\"position\":3,\"name\":\"GO Daily Defence Chicken DF 11,33 kg\"}]},{\"@type\":\"WebSite\",\"@id\":\"https:\/\/universalpet.cz\/#website\",\"url\":\"https:\/\/universalpet.cz\/\",\"name\":\"UniversalPet\",\"description\":\"Kvalitn\u00ed krmiva pro Va\u0161e mazl\u00ed\u010dky\",\"potentialAction\":[{\"@type\":\"SearchAction\",\"target\":{\"@type\":\"EntryPoint\",\"urlTemplate\":\"https:\/\/universalpet.cz\/?s={search_term_string}\"},\"query-input\":{\"@type\":\"PropertyValueSpecification\",\"valueRequired\":true,\"valueName\":\"search_term_string\"}}],\"inLanguage\":\"cs\"}]}<\/script>\n<!-- \/ Yoast SEO plugin. -->","yoast_head_json":{"title":"GO Daily Defence Chicken DF 11,33 kg - UniversalPet","description":"Kompletn\u00ed krmivo pro psy s ku\u0159ec\u00edm masem pro preventivn\u00ed p\u00e9\u010di.","robots":{"index":"index","follow":"follow","max-snippet":"max-snippet:-1","max-image-preview":"max-image-preview:large","max-video-preview":"max-video-preview:-1"},"canonical":"https:\/\/universalpet.cz\/?product=go-daily-defence-chicken-df-1133-kg","og_locale":"cs_CZ","og_type":"article","og_title":"GO Daily Defence Chicken DF 11,33 kg - UniversalPet","og_description":"Kompletn\u00ed krmivo pro psy s ku\u0159ec\u00edm masem pro preventivn\u00ed p\u00e9\u010di.","og_url":"https:\/\/universalpet.cz\/?product=go-daily-defence-chicken-df-1133-kg","og_site_name":"UniversalPet","article_modified_time":"2020-01-28T09:52:03+00:00","og_image":[{"width":1080,"height":1440,"url":"https:\/\/universalpet.cz\/wp-content\/uploads\/2020\/01\/go-dd-chicken-dog-rgblo.jpeg","type":"image\/jpeg"}],"twitter_card":"summary_large_image","twitter_misc":{"Odhadovan\u00e1 doba \u010dten\u00ed":"1 minuta"},"schema":{"@context":"https:\/\/schema.org","@graph":[{"@type":"WebPage","@id":"https:\/\/universalpet.cz\/?product=go-daily-defence-chicken-df-1133-kg","url":"https:\/\/universalpet.cz\/?product=go-daily-defence-chicken-df-1133-kg","name":"GO Daily Defence Chicken DF 11,33 kg - UniversalPet","isPartOf":{"@id":"https:\/\/universalpet.cz\/#website"},"primaryImageOfPage":{"@id":"https:\/\/universalpet.cz\/?product=go-daily-defence-chicken-df-1133-kg#primaryimage"},"image":{"@id":"https:\/\/universalpet.cz\/?product=go-daily-defence-chicken-df-1133-kg#primaryimage"},"thumbnailUrl":"https:\/\/universalpet.cz\/wp-content\/uploads\/2020\/01\/go-dd-chicken-dog-rgblo.jpeg","datePublished":"2020-01-28T09:52:02+00:00","dateModified":"2020-01-28T09:52:03+00:00","description":"Kompletn\u00ed krmivo pro psy s ku\u0159ec\u00edm masem pro preventivn\u00ed p\u00e9\u010di.","breadcrumb":{"@id":"https:\/\/universalpet.cz\/?product=go-daily-defence-chicken-df-1133-kg#breadcrumb"},"inLanguage":"cs","potentialAction":[{"@type":"ReadAction","target":["https:\/\/universalpet.cz\/?product=go-daily-defence-chicken-df-1133-kg"]}]},{"@type":"ImageObject","inLanguage":"cs","@id":"https:\/\/universalpet.cz\/?product=go-daily-defence-chicken-df-1133-kg#primaryimage","url":"https:\/\/universalpet.cz\/wp-content\/uploads\/2020\/01\/go-dd-chicken-dog-rgblo.jpeg","contentUrl":"https:\/\/universalpet.cz\/wp-content\/uploads\/2020\/01\/go-dd-chicken-dog-rgblo.jpeg","width":1080,"height":1440},{"@type":"BreadcrumbList","@id":"https:\/\/universalpet.cz\/?product=go-daily-defence-chicken-df-1133-kg#breadcrumb","itemListElement":[{"@type":"ListItem","position":1,"name":"Dom\u016f","item":"https:\/\/universalpet.cz\/"},{"@type":"ListItem","position":2,"name":"Obchod","item":"https:\/\/universalpet.cz\/?page_id=6"},{"@type":"ListItem","position":3,"name":"GO Daily Defence Chicken DF 11,33 kg"}]},{"@type":"WebSite","@id":"https:\/\/universalpet.cz\/#website","url":"https:\/\/universalpet.cz\/","name":"UniversalPet","description":"Kvalitn\u00ed krmiva pro Va\u0161e mazl\u00ed\u010dky","potentialAction":[{"@type":"SearchAction","target":{"@type":"EntryPoint","urlTemplate":"https:\/\/universalpet.cz\/?s={search_term_string}"},"query-input":{"@type":"PropertyValueSpecification","valueRequired":true,"valueName":"search_term_string"}}],"inLanguage":"cs"}]}},"post_mailing_queue_ids":[],"_links":{"self":[{"href":"https:\/\/universalpet.cz\/index.php?rest_route=\/wp\/v2\/product\/1502","targetHints":{"allow":["GET"]}}],"collection":[{"href":"https:\/\/universalpet.cz\/index.php?rest_route=\/wp\/v2\/product"}],"about":[{"href":"https:\/\/universalpet.cz\/index.php?rest_route=\/wp\/v2\/types\/product"}],"replies":[{"embeddable":true,"href":"https:\/\/universalpet.cz\/index.php?rest_route=%2Fwp%2Fv2%2Fcomments&post=1502"}],"wp:featuredmedia":[{"embeddable":true,"href":"https:\/\/universalpet.cz\/index.php?rest_route=\/wp\/v2\/media\/1503"}],"wp:attachment":[{"href":"https:\/\/universalpet.cz\/index.php?rest_route=%2Fwp%2Fv2%2Fmedia&parent=1502"}],"wp:term":[{"taxonomy":"product_brand","embeddable":true,"href":"https:\/\/universalpet.cz\/index.php?rest_route=%2Fwp%2Fv2%2Fproduct_brand&post=1502"},{"taxonomy":"product_cat","embeddable":true,"href":"https:\/\/universalpet.cz\/index.php?rest_route=%2Fwp%2Fv2%2Fproduct_cat&post=1502"},{"taxonomy":"product_tag","embeddable":true,"href":"https:\/\/universalpet.cz\/index.php?rest_route=%2Fwp%2Fv2%2Fproduct_tag&post=1502"}],"curies":[{"name":"wp","href":"https:\/\/api.w.org\/{rel}","templated":true}]}}