{"id":1506,"date":"2020-01-28T11:59:29","date_gmt":"2020-01-28T09:59:29","guid":{"rendered":"http:\/\/194.213.36.175:8000\/?post_type=product&#038;p=1506"},"modified":"2020-01-28T11:59:30","modified_gmt":"2020-01-28T09:59:30","slug":"go-fitfree-grain-free-df-1133-kg","status":"publish","type":"product","link":"https:\/\/universalpet.cz\/?product=go-fitfree-grain-free-df-1133-kg","title":{"rendered":"GO Fit+Free Grain Free DF 11,33 kg"},"content":{"rendered":"<h2>Podrobn\u00fd popis<\/h2>\n<p>Nab\u00edz\u00ed b\u00edlkoviny z\u00a0masa t\u00e9 nejvy\u0161\u0161\u00ed kvality, ovoce a zeleninu a tak\u00e9 omega oleje. Na\u0161e FIT+FREE\u2122 obsahuje nejv\u00edce masa ze v\u0161ech receptur GO!\u2122. Strava bohat\u00e1 na b\u00edlkoviny, kter\u00e1 z\u00e1rove\u0148 obsahuje m\u00e1lo uhlohydr\u00e1t\u016f, pom\u00e1h\u00e1 va\u0161emu mazl\u00ed\u010dkovi udr\u017eet si pevn\u00e9 zdrav\u00ed, s\u00edlu a kondici. Receptura vhodn\u00e1 pro psy jak\u00e9hokoli\u00a0v\u011bku.<\/p>\n<p>Tato receptura tak\u00e9 obsahuje:<\/p>\n<ul>\n<li>Pre- a pro-biotika pro lep\u0161\u00ed za\u017e\u00edv\u00e1n\u00ed<\/li>\n<li>Omega oleje pro zdravou k\u016f\u017ei a srst<\/li>\n<li>\u017d\u00e1dn\u00fd lepek<\/li>\n<li>\u017d\u00e1dn\u00e9 vedlej\u0161\u00ed produkty, p\u0159idan\u00e9 r\u016fstov\u00e9 hormony nebo um\u011bl\u00e9 konzervanty<\/li>\n<li>\u017d\u00e1dn\u00e9 hov\u011bz\u00ed, p\u0161enici, kuku\u0159ici nebo s\u00f3ju<\/li>\n<\/ul>\n<h4>Slo\u017een\u00ed<\/h4>\n<p>Ku\u0159e 54\u00a0% (ku\u0159ec\u00ed mou\u010dka, vykost\u011bn\u00e9 ku\u0159e, ku\u0159ec\u00ed tuk, p\u0159\u00edrodn\u00ed ku\u0159ec\u00ed dochucovadlo), vykost\u011bn\u00fd krocan 10\u00a0%, vykost\u011bn\u00fd pstruh 10\u00a0%, brambory, hr\u00e1ch, \u010do\u010dka, tapioka, sle\u010f (mou\u010dka), cizrna, su\u0161en\u00e9 vejce, jablko, lososov\u00fd olej, vojt\u011b\u0161ka, vykost\u011bn\u00e1 kachna, vykost\u011bn\u00fd losos, bat\u00e1ty, kanolov\u00fd olej, kokosov\u00fd olej, ln\u011bn\u00e9 sem\u00ednko, chlorid draseln\u00fd, d\u00fdn\u011b, mrkev, ban\u00e1n, bor\u016fvky, brusinky, brokolice, \u0161pen\u00e1t, v\u00fdhonky vojt\u011b\u0161ky, ostru\u017einy, tykev, pap\u00e1ja, gran\u00e1tov\u00e9 jablko, hydrogenfosfore\u010dnan v\u00e1penat\u00fd, su\u0161en\u00fd ko\u0159en \u010dekanky, produkt fermentace su\u0161en\u00e9ho kropidl\u00e1ku \u010dern\u00e9ho, produkt fermentace su\u0161en\u00e9ho kropidl\u00e1ku oryzae, chlorid sodn\u00fd, taurin, su\u0161en\u00fd rozmar\u00fdn, extrakt zelen\u00e9ho \u010daje, m\u00e1ta, petr\u017eel, \u0161\u00edpek, kurkuma zedo\u00e1rov\u00e1, pampeli\u0161ka, he\u0159m\u00e1nek, z\u00e1zvor, fenykl, kurkuma dlouh\u00e1, bobule jalovce, l\u00e9ko\u0159ice, extrakt m\u011bs\u00ed\u010dku, kardamom, h\u0159eb\u00ed\u010dek.<\/p>\n<h4>P\u0159\u00edsady na 1\u00a0kg<\/h4>\n<p>V\u00fd\u017eivov\u00e9 p\u0159\u00edsady; E672 vitamin A\u00a014\u00a0301\u00a0IU, E671 vitamin D3 1\u00a0549\u00a0IU, 3a700 vitamin E 181\u00a0IU, E1 (\u017eelezo) 266\u00a0mg, E2 (j\u00f3d) 2,9\u00a0mg, E4 (m\u011b\u010f) 14,7\u00a0mg, E5 (mangan) 18\u00a0mg, E6 (zinek) 202\u00a0mg, 3b8.10 (selen) 0,6\u00a0mg; zootechnick\u00e9 p\u0159\u00edsady; Lactobacillus acidofilus a Enterococcus faecium 3,3\u00d7108JTK.<\/p>\n<h4>Analytick\u00e9 slo\u017een\u00ed<\/h4>\n<p>B\u00edlkoviny 35,6\u00a0%, tuk 16,6\u00a0%, hrub\u00e1 vl\u00e1knina 2,8\u00a0%, hrub\u00e1 popelovina 8,9\u00a0%, vlhkost 8,0\u00a0%, v\u00e1pn\u00edk 2,4\u00a0%, fosfor 1,4\u00a0%, omega-6 2,1\u00a0%, omega-3 0,7\u00a0%<\/p>\n<p>Dostupn\u00e9 ve velikostech 227 g, 2,72 kg a 11,33 kg<\/p>\n","protected":false},"excerpt":{"rendered":"<p class=\"under-h1\">Kompletn\u00ed bezobiln\u00e9 krmivo s vysok\u00fdm obsahem b\u00edlkovin pro psy.<\/p>\n<div class=\"variants-and-prices\"><\/div>\n","protected":false},"featured_media":1507,"comment_status":"open","ping_status":"closed","template":"","meta":[],"product_brand":[],"product_cat":[28],"product_tag":[],"class_list":{"0":"post-1506","1":"product","2":"type-product","3":"status-publish","4":"has-post-thumbnail","6":"product_cat-hillsfeline","8":"first","9":"instock","10":"taxable","11":"shipping-taxable","12":"purchasable","13":"product-type-simple"},"yoast_head":"<!-- This site is optimized with the Yoast SEO plugin v26.9 - https:\/\/yoast.com\/product\/yoast-seo-wordpress\/ -->\n<title>GO Fit+Free Grain Free DF 11,33 kg - UniversalPet<\/title>\n<meta name=\"description\" content=\"Kompletn\u00ed bezobiln\u00e9 krmivo s vysok\u00fdm obsahem b\u00edlkovin pro psy.\" \/>\n<meta name=\"robots\" content=\"index, follow, max-snippet:-1, max-image-preview:large, max-video-preview:-1\" \/>\n<link rel=\"canonical\" href=\"https:\/\/universalpet.cz\/?product=go-fitfree-grain-free-df-1133-kg\" \/>\n<meta property=\"og:locale\" content=\"cs_CZ\" \/>\n<meta property=\"og:type\" content=\"article\" \/>\n<meta property=\"og:title\" content=\"GO Fit+Free Grain Free DF 11,33 kg - UniversalPet\" \/>\n<meta property=\"og:description\" content=\"Kompletn\u00ed bezobiln\u00e9 krmivo s vysok\u00fdm obsahem b\u00edlkovin pro psy.\" \/>\n<meta property=\"og:url\" content=\"https:\/\/universalpet.cz\/?product=go-fitfree-grain-free-df-1133-kg\" \/>\n<meta property=\"og:site_name\" content=\"UniversalPet\" \/>\n<meta property=\"article:modified_time\" content=\"2020-01-28T09:59:30+00:00\" \/>\n<meta property=\"og:image\" content=\"https:\/\/universalpet.cz\/wp-content\/uploads\/2020\/01\/1.jpeg\" \/>\n\t<meta property=\"og:image:width\" content=\"600\" \/>\n\t<meta property=\"og:image:height\" content=\"750\" \/>\n\t<meta property=\"og:image:type\" content=\"image\/jpeg\" \/>\n<meta name=\"twitter:card\" content=\"summary_large_image\" \/>\n<meta name=\"twitter:label1\" content=\"Odhadovan\u00e1 doba \u010dten\u00ed\" \/>\n\t<meta name=\"twitter:data1\" content=\"2 minuty\" \/>\n<script type=\"application\/ld+json\" class=\"yoast-schema-graph\">{\"@context\":\"https:\/\/schema.org\",\"@graph\":[{\"@type\":\"WebPage\",\"@id\":\"https:\/\/universalpet.cz\/?product=go-fitfree-grain-free-df-1133-kg\",\"url\":\"https:\/\/universalpet.cz\/?product=go-fitfree-grain-free-df-1133-kg\",\"name\":\"GO Fit+Free Grain Free DF 11,33 kg - UniversalPet\",\"isPartOf\":{\"@id\":\"https:\/\/universalpet.cz\/#website\"},\"primaryImageOfPage\":{\"@id\":\"https:\/\/universalpet.cz\/?product=go-fitfree-grain-free-df-1133-kg#primaryimage\"},\"image\":{\"@id\":\"https:\/\/universalpet.cz\/?product=go-fitfree-grain-free-df-1133-kg#primaryimage\"},\"thumbnailUrl\":\"https:\/\/universalpet.cz\/wp-content\/uploads\/2020\/01\/1.jpeg\",\"datePublished\":\"2020-01-28T09:59:29+00:00\",\"dateModified\":\"2020-01-28T09:59:30+00:00\",\"description\":\"Kompletn\u00ed bezobiln\u00e9 krmivo s vysok\u00fdm obsahem b\u00edlkovin pro psy.\",\"breadcrumb\":{\"@id\":\"https:\/\/universalpet.cz\/?product=go-fitfree-grain-free-df-1133-kg#breadcrumb\"},\"inLanguage\":\"cs\",\"potentialAction\":[{\"@type\":\"ReadAction\",\"target\":[\"https:\/\/universalpet.cz\/?product=go-fitfree-grain-free-df-1133-kg\"]}]},{\"@type\":\"ImageObject\",\"inLanguage\":\"cs\",\"@id\":\"https:\/\/universalpet.cz\/?product=go-fitfree-grain-free-df-1133-kg#primaryimage\",\"url\":\"https:\/\/universalpet.cz\/wp-content\/uploads\/2020\/01\/1.jpeg\",\"contentUrl\":\"https:\/\/universalpet.cz\/wp-content\/uploads\/2020\/01\/1.jpeg\",\"width\":600,\"height\":750},{\"@type\":\"BreadcrumbList\",\"@id\":\"https:\/\/universalpet.cz\/?product=go-fitfree-grain-free-df-1133-kg#breadcrumb\",\"itemListElement\":[{\"@type\":\"ListItem\",\"position\":1,\"name\":\"Dom\u016f\",\"item\":\"https:\/\/universalpet.cz\/\"},{\"@type\":\"ListItem\",\"position\":2,\"name\":\"Obchod\",\"item\":\"https:\/\/universalpet.cz\/?page_id=6\"},{\"@type\":\"ListItem\",\"position\":3,\"name\":\"GO Fit+Free Grain Free DF 11,33 kg\"}]},{\"@type\":\"WebSite\",\"@id\":\"https:\/\/universalpet.cz\/#website\",\"url\":\"https:\/\/universalpet.cz\/\",\"name\":\"UniversalPet\",\"description\":\"Kvalitn\u00ed krmiva pro Va\u0161e mazl\u00ed\u010dky\",\"potentialAction\":[{\"@type\":\"SearchAction\",\"target\":{\"@type\":\"EntryPoint\",\"urlTemplate\":\"https:\/\/universalpet.cz\/?s={search_term_string}\"},\"query-input\":{\"@type\":\"PropertyValueSpecification\",\"valueRequired\":true,\"valueName\":\"search_term_string\"}}],\"inLanguage\":\"cs\"}]}<\/script>\n<!-- \/ Yoast SEO plugin. -->","yoast_head_json":{"title":"GO Fit+Free Grain Free DF 11,33 kg - UniversalPet","description":"Kompletn\u00ed bezobiln\u00e9 krmivo s vysok\u00fdm obsahem b\u00edlkovin pro psy.","robots":{"index":"index","follow":"follow","max-snippet":"max-snippet:-1","max-image-preview":"max-image-preview:large","max-video-preview":"max-video-preview:-1"},"canonical":"https:\/\/universalpet.cz\/?product=go-fitfree-grain-free-df-1133-kg","og_locale":"cs_CZ","og_type":"article","og_title":"GO Fit+Free Grain Free DF 11,33 kg - UniversalPet","og_description":"Kompletn\u00ed bezobiln\u00e9 krmivo s vysok\u00fdm obsahem b\u00edlkovin pro psy.","og_url":"https:\/\/universalpet.cz\/?product=go-fitfree-grain-free-df-1133-kg","og_site_name":"UniversalPet","article_modified_time":"2020-01-28T09:59:30+00:00","og_image":[{"width":600,"height":750,"url":"https:\/\/universalpet.cz\/wp-content\/uploads\/2020\/01\/1.jpeg","type":"image\/jpeg"}],"twitter_card":"summary_large_image","twitter_misc":{"Odhadovan\u00e1 doba \u010dten\u00ed":"2 minuty"},"schema":{"@context":"https:\/\/schema.org","@graph":[{"@type":"WebPage","@id":"https:\/\/universalpet.cz\/?product=go-fitfree-grain-free-df-1133-kg","url":"https:\/\/universalpet.cz\/?product=go-fitfree-grain-free-df-1133-kg","name":"GO Fit+Free Grain Free DF 11,33 kg - UniversalPet","isPartOf":{"@id":"https:\/\/universalpet.cz\/#website"},"primaryImageOfPage":{"@id":"https:\/\/universalpet.cz\/?product=go-fitfree-grain-free-df-1133-kg#primaryimage"},"image":{"@id":"https:\/\/universalpet.cz\/?product=go-fitfree-grain-free-df-1133-kg#primaryimage"},"thumbnailUrl":"https:\/\/universalpet.cz\/wp-content\/uploads\/2020\/01\/1.jpeg","datePublished":"2020-01-28T09:59:29+00:00","dateModified":"2020-01-28T09:59:30+00:00","description":"Kompletn\u00ed bezobiln\u00e9 krmivo s vysok\u00fdm obsahem b\u00edlkovin pro psy.","breadcrumb":{"@id":"https:\/\/universalpet.cz\/?product=go-fitfree-grain-free-df-1133-kg#breadcrumb"},"inLanguage":"cs","potentialAction":[{"@type":"ReadAction","target":["https:\/\/universalpet.cz\/?product=go-fitfree-grain-free-df-1133-kg"]}]},{"@type":"ImageObject","inLanguage":"cs","@id":"https:\/\/universalpet.cz\/?product=go-fitfree-grain-free-df-1133-kg#primaryimage","url":"https:\/\/universalpet.cz\/wp-content\/uploads\/2020\/01\/1.jpeg","contentUrl":"https:\/\/universalpet.cz\/wp-content\/uploads\/2020\/01\/1.jpeg","width":600,"height":750},{"@type":"BreadcrumbList","@id":"https:\/\/universalpet.cz\/?product=go-fitfree-grain-free-df-1133-kg#breadcrumb","itemListElement":[{"@type":"ListItem","position":1,"name":"Dom\u016f","item":"https:\/\/universalpet.cz\/"},{"@type":"ListItem","position":2,"name":"Obchod","item":"https:\/\/universalpet.cz\/?page_id=6"},{"@type":"ListItem","position":3,"name":"GO Fit+Free Grain Free DF 11,33 kg"}]},{"@type":"WebSite","@id":"https:\/\/universalpet.cz\/#website","url":"https:\/\/universalpet.cz\/","name":"UniversalPet","description":"Kvalitn\u00ed krmiva pro Va\u0161e mazl\u00ed\u010dky","potentialAction":[{"@type":"SearchAction","target":{"@type":"EntryPoint","urlTemplate":"https:\/\/universalpet.cz\/?s={search_term_string}"},"query-input":{"@type":"PropertyValueSpecification","valueRequired":true,"valueName":"search_term_string"}}],"inLanguage":"cs"}]}},"post_mailing_queue_ids":[],"_links":{"self":[{"href":"https:\/\/universalpet.cz\/index.php?rest_route=\/wp\/v2\/product\/1506","targetHints":{"allow":["GET"]}}],"collection":[{"href":"https:\/\/universalpet.cz\/index.php?rest_route=\/wp\/v2\/product"}],"about":[{"href":"https:\/\/universalpet.cz\/index.php?rest_route=\/wp\/v2\/types\/product"}],"replies":[{"embeddable":true,"href":"https:\/\/universalpet.cz\/index.php?rest_route=%2Fwp%2Fv2%2Fcomments&post=1506"}],"wp:featuredmedia":[{"embeddable":true,"href":"https:\/\/universalpet.cz\/index.php?rest_route=\/wp\/v2\/media\/1507"}],"wp:attachment":[{"href":"https:\/\/universalpet.cz\/index.php?rest_route=%2Fwp%2Fv2%2Fmedia&parent=1506"}],"wp:term":[{"taxonomy":"product_brand","embeddable":true,"href":"https:\/\/universalpet.cz\/index.php?rest_route=%2Fwp%2Fv2%2Fproduct_brand&post=1506"},{"taxonomy":"product_cat","embeddable":true,"href":"https:\/\/universalpet.cz\/index.php?rest_route=%2Fwp%2Fv2%2Fproduct_cat&post=1506"},{"taxonomy":"product_tag","embeddable":true,"href":"https:\/\/universalpet.cz\/index.php?rest_route=%2Fwp%2Fv2%2Fproduct_tag&post=1506"}],"curies":[{"name":"wp","href":"https:\/\/api.w.org\/{rel}","templated":true}]}}