{"id":1510,"date":"2020-01-28T12:04:05","date_gmt":"2020-01-28T10:04:05","guid":{"rendered":"http:\/\/194.213.36.175:8000\/?post_type=product&#038;p=1510"},"modified":"2026-01-03T08:11:57","modified_gmt":"2026-01-03T06:11:57","slug":"go-sensitiveshine-lid-duck-1133-kg","status":"publish","type":"product","link":"https:\/\/universalpet.cz\/?product=go-sensitiveshine-lid-duck-1133-kg","title":{"rendered":"GO Sensitive+Shine LID Duck 11,33 kg"},"content":{"rendered":"<h2>Podrobn\u00fd popis<\/h2>\n<p>Receptura s kachnou pr\u00e9miov\u00e9 kvality jako jedin\u00fdm zdrojem b\u00edlkoviny z masa, ovocem, zeleninou a omega oleji. Po\u010det jin\u00fdch ingredienc\u00ed je u tohoto krmiva omezen, tak\u017ee si ho bez probl\u00e9mu a s chut\u00ed u\u017eij\u00ed psi s\u00a0citliv\u00fdm za\u017e\u00edv\u00e1n\u00edm.<\/p>\n<p>Tato receptura tak\u00e9 obsahuje:<\/p>\n<ul>\n<li>Pre- a pro-biotika pro lep\u0161\u00ed za\u017e\u00edv\u00e1n\u00ed<\/li>\n<li>Antioxidanty pro lep\u0161\u00ed imunitu<\/li>\n<li>Omega oleje pro zdravou k\u016f\u017ei a srst<\/li>\n<li>\u017d\u00e1dn\u00e9 vedlej\u0161\u00ed produkty, p\u0159idan\u00e9 r\u016fstov\u00e9 hormony nebo um\u011bl\u00e9 konzervanty<\/li>\n<li>\u017d\u00e1dn\u00e9 hov\u011bz\u00ed, p\u0161enici, kuku\u0159ici nebo s\u00f3ju<\/li>\n<\/ul>\n<h4>Slo\u017een\u00ed<\/h4>\n<p>30 % kachna (vykost\u011bn\u00e1 \u010derstv\u00e1 kachna, kachn\u00ed mou\u010dka), hr\u00e1ch, tapioka, \u010do\u010dka, cizrna, hrachov\u00e1 mouka, \u0159epkov\u00fd olej (konzervov\u00e1n sm\u011bs\u00ed tokoferol\u016f), kokosov\u00fd olej (konzervov\u00e1n sm\u011bs\u00ed tokoferol\u016f), p\u0159\u00edrodn\u00ed aroma.<\/p>\n<h4>Analytick\u00e9 slo\u017een\u00ed<\/h4>\n<p>B\u00edlkoviny 24,5 %, tuk 11,6 %, hrub\u00e1 vl\u00e1knina 4,2 %, vlhkost 8 %, v\u00e1pn\u00edk 1,1 %, fosfor 0,9 %, omega-6 2 %, omega-6 0,5 %.<\/p>\n<p>Metabolizovateln\u00e1 energie: 3 991 kcal.<\/p>\n","protected":false},"excerpt":{"rendered":"<div class=\"product-anotation\">Kompletn\u00ed krmivo s kachn\u00edm masem a limitovan\u00fdm po\u010dtem ingredienc\u00ed. Velmi vhodn\u00e9 pro psy trp\u00edc\u00ed intolerancemi.<\/div>\n<div class=\"product-controls\">\n<div class=\"product-code\"><\/div>\n<\/div>\n","protected":false},"featured_media":1511,"comment_status":"open","ping_status":"closed","template":"","meta":[],"product_brand":[],"product_cat":[28],"product_tag":[],"class_list":{"0":"post-1510","1":"product","2":"type-product","3":"status-publish","4":"has-post-thumbnail","6":"product_cat-hillsfeline","8":"first","9":"instock","10":"taxable","11":"shipping-taxable","12":"purchasable","13":"product-type-simple"},"yoast_head":"<!-- This site is optimized with the Yoast SEO plugin v26.9 - https:\/\/yoast.com\/product\/yoast-seo-wordpress\/ -->\n<title>GO Sensitive+Shine LID Duck 11,33 kg - UniversalPet<\/title>\n<meta name=\"description\" content=\"Kompletn\u00ed krmivo s kachn\u00edm masem a limitovan\u00fdm po\u010dtem ingredienc\u00ed. Velmi vhodn\u00e9 pro psy trp\u00edc\u00ed intolerancemi.\" \/>\n<meta name=\"robots\" content=\"index, follow, max-snippet:-1, max-image-preview:large, max-video-preview:-1\" \/>\n<link rel=\"canonical\" href=\"https:\/\/universalpet.cz\/?product=go-sensitiveshine-lid-duck-1133-kg\" \/>\n<meta property=\"og:locale\" content=\"cs_CZ\" \/>\n<meta property=\"og:type\" content=\"article\" \/>\n<meta property=\"og:title\" content=\"GO Sensitive+Shine LID Duck 11,33 kg - UniversalPet\" \/>\n<meta property=\"og:description\" content=\"Kompletn\u00ed krmivo s kachn\u00edm masem a limitovan\u00fdm po\u010dtem ingredienc\u00ed. Velmi vhodn\u00e9 pro psy trp\u00edc\u00ed intolerancemi.\" \/>\n<meta property=\"og:url\" content=\"https:\/\/universalpet.cz\/?product=go-sensitiveshine-lid-duck-1133-kg\" \/>\n<meta property=\"og:site_name\" content=\"UniversalPet\" \/>\n<meta property=\"article:modified_time\" content=\"2026-01-03T06:11:57+00:00\" \/>\n<meta property=\"og:image\" content=\"https:\/\/universalpet.cz\/wp-content\/uploads\/2020\/01\/go-dog-ss-duck-limiteddiet-new.jpeg\" \/>\n\t<meta property=\"og:image:width\" content=\"470\" \/>\n\t<meta property=\"og:image:height\" content=\"610\" \/>\n\t<meta property=\"og:image:type\" content=\"image\/jpeg\" \/>\n<meta name=\"twitter:card\" content=\"summary_large_image\" \/>\n<meta name=\"twitter:label1\" content=\"Odhadovan\u00e1 doba \u010dten\u00ed\" \/>\n\t<meta name=\"twitter:data1\" content=\"1 minuta\" \/>\n<script type=\"application\/ld+json\" class=\"yoast-schema-graph\">{\"@context\":\"https:\/\/schema.org\",\"@graph\":[{\"@type\":\"WebPage\",\"@id\":\"https:\/\/universalpet.cz\/?product=go-sensitiveshine-lid-duck-1133-kg\",\"url\":\"https:\/\/universalpet.cz\/?product=go-sensitiveshine-lid-duck-1133-kg\",\"name\":\"GO Sensitive+Shine LID Duck 11,33 kg - UniversalPet\",\"isPartOf\":{\"@id\":\"https:\/\/universalpet.cz\/#website\"},\"primaryImageOfPage\":{\"@id\":\"https:\/\/universalpet.cz\/?product=go-sensitiveshine-lid-duck-1133-kg#primaryimage\"},\"image\":{\"@id\":\"https:\/\/universalpet.cz\/?product=go-sensitiveshine-lid-duck-1133-kg#primaryimage\"},\"thumbnailUrl\":\"https:\/\/universalpet.cz\/wp-content\/uploads\/2020\/01\/go-dog-ss-duck-limiteddiet-new.jpeg\",\"datePublished\":\"2020-01-28T10:04:05+00:00\",\"dateModified\":\"2026-01-03T06:11:57+00:00\",\"description\":\"Kompletn\u00ed krmivo s kachn\u00edm masem a limitovan\u00fdm po\u010dtem ingredienc\u00ed. Velmi vhodn\u00e9 pro psy trp\u00edc\u00ed intolerancemi.\",\"breadcrumb\":{\"@id\":\"https:\/\/universalpet.cz\/?product=go-sensitiveshine-lid-duck-1133-kg#breadcrumb\"},\"inLanguage\":\"cs\",\"potentialAction\":[{\"@type\":\"ReadAction\",\"target\":[\"https:\/\/universalpet.cz\/?product=go-sensitiveshine-lid-duck-1133-kg\"]}]},{\"@type\":\"ImageObject\",\"inLanguage\":\"cs\",\"@id\":\"https:\/\/universalpet.cz\/?product=go-sensitiveshine-lid-duck-1133-kg#primaryimage\",\"url\":\"https:\/\/universalpet.cz\/wp-content\/uploads\/2020\/01\/go-dog-ss-duck-limiteddiet-new.jpeg\",\"contentUrl\":\"https:\/\/universalpet.cz\/wp-content\/uploads\/2020\/01\/go-dog-ss-duck-limiteddiet-new.jpeg\",\"width\":470,\"height\":610},{\"@type\":\"BreadcrumbList\",\"@id\":\"https:\/\/universalpet.cz\/?product=go-sensitiveshine-lid-duck-1133-kg#breadcrumb\",\"itemListElement\":[{\"@type\":\"ListItem\",\"position\":1,\"name\":\"Dom\u016f\",\"item\":\"https:\/\/universalpet.cz\/\"},{\"@type\":\"ListItem\",\"position\":2,\"name\":\"Obchod\",\"item\":\"https:\/\/universalpet.cz\/?page_id=6\"},{\"@type\":\"ListItem\",\"position\":3,\"name\":\"GO Sensitive+Shine LID Duck 11,33 kg\"}]},{\"@type\":\"WebSite\",\"@id\":\"https:\/\/universalpet.cz\/#website\",\"url\":\"https:\/\/universalpet.cz\/\",\"name\":\"UniversalPet\",\"description\":\"Kvalitn\u00ed krmiva pro Va\u0161e mazl\u00ed\u010dky\",\"potentialAction\":[{\"@type\":\"SearchAction\",\"target\":{\"@type\":\"EntryPoint\",\"urlTemplate\":\"https:\/\/universalpet.cz\/?s={search_term_string}\"},\"query-input\":{\"@type\":\"PropertyValueSpecification\",\"valueRequired\":true,\"valueName\":\"search_term_string\"}}],\"inLanguage\":\"cs\"}]}<\/script>\n<!-- \/ Yoast SEO plugin. -->","yoast_head_json":{"title":"GO Sensitive+Shine LID Duck 11,33 kg - UniversalPet","description":"Kompletn\u00ed krmivo s kachn\u00edm masem a limitovan\u00fdm po\u010dtem ingredienc\u00ed. Velmi vhodn\u00e9 pro psy trp\u00edc\u00ed intolerancemi.","robots":{"index":"index","follow":"follow","max-snippet":"max-snippet:-1","max-image-preview":"max-image-preview:large","max-video-preview":"max-video-preview:-1"},"canonical":"https:\/\/universalpet.cz\/?product=go-sensitiveshine-lid-duck-1133-kg","og_locale":"cs_CZ","og_type":"article","og_title":"GO Sensitive+Shine LID Duck 11,33 kg - UniversalPet","og_description":"Kompletn\u00ed krmivo s kachn\u00edm masem a limitovan\u00fdm po\u010dtem ingredienc\u00ed. Velmi vhodn\u00e9 pro psy trp\u00edc\u00ed intolerancemi.","og_url":"https:\/\/universalpet.cz\/?product=go-sensitiveshine-lid-duck-1133-kg","og_site_name":"UniversalPet","article_modified_time":"2026-01-03T06:11:57+00:00","og_image":[{"width":470,"height":610,"url":"https:\/\/universalpet.cz\/wp-content\/uploads\/2020\/01\/go-dog-ss-duck-limiteddiet-new.jpeg","type":"image\/jpeg"}],"twitter_card":"summary_large_image","twitter_misc":{"Odhadovan\u00e1 doba \u010dten\u00ed":"1 minuta"},"schema":{"@context":"https:\/\/schema.org","@graph":[{"@type":"WebPage","@id":"https:\/\/universalpet.cz\/?product=go-sensitiveshine-lid-duck-1133-kg","url":"https:\/\/universalpet.cz\/?product=go-sensitiveshine-lid-duck-1133-kg","name":"GO Sensitive+Shine LID Duck 11,33 kg - UniversalPet","isPartOf":{"@id":"https:\/\/universalpet.cz\/#website"},"primaryImageOfPage":{"@id":"https:\/\/universalpet.cz\/?product=go-sensitiveshine-lid-duck-1133-kg#primaryimage"},"image":{"@id":"https:\/\/universalpet.cz\/?product=go-sensitiveshine-lid-duck-1133-kg#primaryimage"},"thumbnailUrl":"https:\/\/universalpet.cz\/wp-content\/uploads\/2020\/01\/go-dog-ss-duck-limiteddiet-new.jpeg","datePublished":"2020-01-28T10:04:05+00:00","dateModified":"2026-01-03T06:11:57+00:00","description":"Kompletn\u00ed krmivo s kachn\u00edm masem a limitovan\u00fdm po\u010dtem ingredienc\u00ed. Velmi vhodn\u00e9 pro psy trp\u00edc\u00ed intolerancemi.","breadcrumb":{"@id":"https:\/\/universalpet.cz\/?product=go-sensitiveshine-lid-duck-1133-kg#breadcrumb"},"inLanguage":"cs","potentialAction":[{"@type":"ReadAction","target":["https:\/\/universalpet.cz\/?product=go-sensitiveshine-lid-duck-1133-kg"]}]},{"@type":"ImageObject","inLanguage":"cs","@id":"https:\/\/universalpet.cz\/?product=go-sensitiveshine-lid-duck-1133-kg#primaryimage","url":"https:\/\/universalpet.cz\/wp-content\/uploads\/2020\/01\/go-dog-ss-duck-limiteddiet-new.jpeg","contentUrl":"https:\/\/universalpet.cz\/wp-content\/uploads\/2020\/01\/go-dog-ss-duck-limiteddiet-new.jpeg","width":470,"height":610},{"@type":"BreadcrumbList","@id":"https:\/\/universalpet.cz\/?product=go-sensitiveshine-lid-duck-1133-kg#breadcrumb","itemListElement":[{"@type":"ListItem","position":1,"name":"Dom\u016f","item":"https:\/\/universalpet.cz\/"},{"@type":"ListItem","position":2,"name":"Obchod","item":"https:\/\/universalpet.cz\/?page_id=6"},{"@type":"ListItem","position":3,"name":"GO Sensitive+Shine LID Duck 11,33 kg"}]},{"@type":"WebSite","@id":"https:\/\/universalpet.cz\/#website","url":"https:\/\/universalpet.cz\/","name":"UniversalPet","description":"Kvalitn\u00ed krmiva pro Va\u0161e mazl\u00ed\u010dky","potentialAction":[{"@type":"SearchAction","target":{"@type":"EntryPoint","urlTemplate":"https:\/\/universalpet.cz\/?s={search_term_string}"},"query-input":{"@type":"PropertyValueSpecification","valueRequired":true,"valueName":"search_term_string"}}],"inLanguage":"cs"}]}},"post_mailing_queue_ids":[],"_links":{"self":[{"href":"https:\/\/universalpet.cz\/index.php?rest_route=\/wp\/v2\/product\/1510","targetHints":{"allow":["GET"]}}],"collection":[{"href":"https:\/\/universalpet.cz\/index.php?rest_route=\/wp\/v2\/product"}],"about":[{"href":"https:\/\/universalpet.cz\/index.php?rest_route=\/wp\/v2\/types\/product"}],"replies":[{"embeddable":true,"href":"https:\/\/universalpet.cz\/index.php?rest_route=%2Fwp%2Fv2%2Fcomments&post=1510"}],"wp:featuredmedia":[{"embeddable":true,"href":"https:\/\/universalpet.cz\/index.php?rest_route=\/wp\/v2\/media\/1511"}],"wp:attachment":[{"href":"https:\/\/universalpet.cz\/index.php?rest_route=%2Fwp%2Fv2%2Fmedia&parent=1510"}],"wp:term":[{"taxonomy":"product_brand","embeddable":true,"href":"https:\/\/universalpet.cz\/index.php?rest_route=%2Fwp%2Fv2%2Fproduct_brand&post=1510"},{"taxonomy":"product_cat","embeddable":true,"href":"https:\/\/universalpet.cz\/index.php?rest_route=%2Fwp%2Fv2%2Fproduct_cat&post=1510"},{"taxonomy":"product_tag","embeddable":true,"href":"https:\/\/universalpet.cz\/index.php?rest_route=%2Fwp%2Fv2%2Fproduct_tag&post=1510"}],"curies":[{"name":"wp","href":"https:\/\/api.w.org\/{rel}","templated":true}]}}