{"id":1512,"date":"2020-01-28T12:11:19","date_gmt":"2020-01-28T10:11:19","guid":{"rendered":"http:\/\/194.213.36.175:8000\/?post_type=product&#038;p=1512"},"modified":"2026-01-03T08:12:12","modified_gmt":"2026-01-03T06:12:12","slug":"go-skincoat-lamb-dog-food-114kg","status":"publish","type":"product","link":"https:\/\/universalpet.cz\/?product=go-skincoat-lamb-dog-food-114kg","title":{"rendered":"GO! Skin&#038;Coat Lamb Dog Food 11,4kg"},"content":{"rendered":"<p>Slo\u017een\u00ed: Jehn\u011b\u010d\u00ed (vykost\u011bn\u00e9 jehn\u011b\u010d\u00ed, jehn\u011b\u010d\u00ed mou\u010dka), ovesn\u00e9 vlo\u010dky, cel\u00e1 hn\u011bd\u00e1 r\u00fd\u017ee, \u0159epkov\u00fd olej, kokosov\u00fd olej, ln\u011bn\u00e9 semeno, lososov\u00fd olej, jablka, mrkev, brusinky, su\u0161en\u00fd ko\u0159en \u010dekanky, extrakt z yucca schidigera, su\u0161en\u00fd rozmar\u00fdn.<\/p>\n<p>&nbsp;<\/p>\n<p>Analytick\u00e9 slo\u017eky: Hrub\u00fd protein 24%, hrub\u00e9 oleje a tuky 14%, hrub\u00e1 vl\u00e1knina 3%, hrub\u00fd popel 9,4%, v\u00e1pn\u00edk 1,8%, fosfor 1%, omega 3 mastn\u00e9 kyseliny 0,8%, omega 6 mastn\u00e9 kyseliny 2,1%, vlhkost 8%.<\/p>\n<p>&nbsp;<\/p>\n<p>Dopl\u0148kov\u00e9 l\u00e1tky na kg:\u00a0retinylacet\u00e1t 21,246 IU; vitamin D3 1 300 IU; taurin 500 mg; s\u00edran \u017eeleznat\u00fd monohydr\u00e1t 66 mg; chel\u00e1t \u017eeleznat\u00fd hydr\u00e1t 22 mg; jodi\u010dnan v\u00e1penat\u00fd bezvod\u00fd 3 mg; s\u00edran m\u011b\u010fnat\u00fd pentahydr\u00e1t 9,3 mg; chel\u00e1t m\u011b\u010fnat\u00fd hydr\u00e1t 3,1 mg; oxid mangani\u010dit\u00fd 10,8 mg; chel\u00e1t manganu hydr\u00e1t 3,6 mg; oxid zine\u010dnat\u00fd 82,5 mg; chel\u00e1t zine\u010dnat\u00fd hydr\u00e1t 27,5 mg; 3b8,10 selen 0,35 mg.<\/p>\n","protected":false},"excerpt":{"rendered":"<div class=\"product-anotation\">Kompletn\u00ed krmivo pro psy v\u0161ech plemen a v\u0161eho v\u011bku.<\/div>\n<div class=\"product-controls\">\n<div class=\"product-code\"><\/div>\n<\/div>\n","protected":false},"featured_media":1513,"comment_status":"open","ping_status":"closed","template":"","meta":[],"product_brand":[],"product_cat":[28],"product_tag":[],"class_list":{"0":"post-1512","1":"product","2":"type-product","3":"status-publish","4":"has-post-thumbnail","6":"product_cat-hillsfeline","8":"first","9":"instock","10":"taxable","11":"shipping-taxable","12":"purchasable","13":"product-type-simple"},"yoast_head":"<!-- This site is optimized with the Yoast SEO plugin v26.9 - https:\/\/yoast.com\/product\/yoast-seo-wordpress\/ -->\n<title>GO! Skin&amp;Coat Lamb Dog Food 11,4kg - UniversalPet<\/title>\n<meta name=\"description\" content=\"Kompletn\u00ed krmivo pro psy v\u0161ech plemen a v\u0161eho v\u011bku.\" \/>\n<meta name=\"robots\" content=\"index, follow, max-snippet:-1, max-image-preview:large, max-video-preview:-1\" \/>\n<link rel=\"canonical\" href=\"https:\/\/universalpet.cz\/?product=go-skincoat-lamb-dog-food-114kg\" \/>\n<meta property=\"og:locale\" content=\"cs_CZ\" \/>\n<meta property=\"og:type\" content=\"article\" \/>\n<meta property=\"og:title\" content=\"GO! Skin&amp;Coat Lamb Dog Food 11,4kg - UniversalPet\" \/>\n<meta property=\"og:description\" content=\"Kompletn\u00ed krmivo pro psy v\u0161ech plemen a v\u0161eho v\u011bku.\" \/>\n<meta property=\"og:url\" content=\"https:\/\/universalpet.cz\/?product=go-skincoat-lamb-dog-food-114kg\" \/>\n<meta property=\"og:site_name\" content=\"UniversalPet\" \/>\n<meta property=\"article:modified_time\" content=\"2026-01-03T06:12:12+00:00\" \/>\n<meta property=\"og:image\" content=\"https:\/\/universalpet.cz\/wp-content\/uploads\/2020\/01\/eu-go-df-sc-lamb-rgbhi.jpeg\" \/>\n\t<meta property=\"og:image:width\" content=\"470\" \/>\n\t<meta property=\"og:image:height\" content=\"610\" \/>\n\t<meta property=\"og:image:type\" content=\"image\/jpeg\" \/>\n<meta name=\"twitter:card\" content=\"summary_large_image\" \/>\n<meta name=\"twitter:label1\" content=\"Odhadovan\u00e1 doba \u010dten\u00ed\" \/>\n\t<meta name=\"twitter:data1\" content=\"1 minuta\" \/>\n<script type=\"application\/ld+json\" class=\"yoast-schema-graph\">{\"@context\":\"https:\/\/schema.org\",\"@graph\":[{\"@type\":\"WebPage\",\"@id\":\"https:\/\/universalpet.cz\/?product=go-skincoat-lamb-dog-food-114kg\",\"url\":\"https:\/\/universalpet.cz\/?product=go-skincoat-lamb-dog-food-114kg\",\"name\":\"GO! Skin&Coat Lamb Dog Food 11,4kg - UniversalPet\",\"isPartOf\":{\"@id\":\"https:\/\/universalpet.cz\/#website\"},\"primaryImageOfPage\":{\"@id\":\"https:\/\/universalpet.cz\/?product=go-skincoat-lamb-dog-food-114kg#primaryimage\"},\"image\":{\"@id\":\"https:\/\/universalpet.cz\/?product=go-skincoat-lamb-dog-food-114kg#primaryimage\"},\"thumbnailUrl\":\"https:\/\/universalpet.cz\/wp-content\/uploads\/2020\/01\/eu-go-df-sc-lamb-rgbhi.jpeg\",\"datePublished\":\"2020-01-28T10:11:19+00:00\",\"dateModified\":\"2026-01-03T06:12:12+00:00\",\"description\":\"Kompletn\u00ed krmivo pro psy v\u0161ech plemen a v\u0161eho v\u011bku.\",\"breadcrumb\":{\"@id\":\"https:\/\/universalpet.cz\/?product=go-skincoat-lamb-dog-food-114kg#breadcrumb\"},\"inLanguage\":\"cs\",\"potentialAction\":[{\"@type\":\"ReadAction\",\"target\":[\"https:\/\/universalpet.cz\/?product=go-skincoat-lamb-dog-food-114kg\"]}]},{\"@type\":\"ImageObject\",\"inLanguage\":\"cs\",\"@id\":\"https:\/\/universalpet.cz\/?product=go-skincoat-lamb-dog-food-114kg#primaryimage\",\"url\":\"https:\/\/universalpet.cz\/wp-content\/uploads\/2020\/01\/eu-go-df-sc-lamb-rgbhi.jpeg\",\"contentUrl\":\"https:\/\/universalpet.cz\/wp-content\/uploads\/2020\/01\/eu-go-df-sc-lamb-rgbhi.jpeg\",\"width\":470,\"height\":610},{\"@type\":\"BreadcrumbList\",\"@id\":\"https:\/\/universalpet.cz\/?product=go-skincoat-lamb-dog-food-114kg#breadcrumb\",\"itemListElement\":[{\"@type\":\"ListItem\",\"position\":1,\"name\":\"Dom\u016f\",\"item\":\"https:\/\/universalpet.cz\/\"},{\"@type\":\"ListItem\",\"position\":2,\"name\":\"Obchod\",\"item\":\"https:\/\/universalpet.cz\/?page_id=6\"},{\"@type\":\"ListItem\",\"position\":3,\"name\":\"GO! Skin&#038;Coat Lamb Dog Food 11,4kg\"}]},{\"@type\":\"WebSite\",\"@id\":\"https:\/\/universalpet.cz\/#website\",\"url\":\"https:\/\/universalpet.cz\/\",\"name\":\"UniversalPet\",\"description\":\"Kvalitn\u00ed krmiva pro Va\u0161e mazl\u00ed\u010dky\",\"potentialAction\":[{\"@type\":\"SearchAction\",\"target\":{\"@type\":\"EntryPoint\",\"urlTemplate\":\"https:\/\/universalpet.cz\/?s={search_term_string}\"},\"query-input\":{\"@type\":\"PropertyValueSpecification\",\"valueRequired\":true,\"valueName\":\"search_term_string\"}}],\"inLanguage\":\"cs\"}]}<\/script>\n<!-- \/ Yoast SEO plugin. -->","yoast_head_json":{"title":"GO! Skin&Coat Lamb Dog Food 11,4kg - UniversalPet","description":"Kompletn\u00ed krmivo pro psy v\u0161ech plemen a v\u0161eho v\u011bku.","robots":{"index":"index","follow":"follow","max-snippet":"max-snippet:-1","max-image-preview":"max-image-preview:large","max-video-preview":"max-video-preview:-1"},"canonical":"https:\/\/universalpet.cz\/?product=go-skincoat-lamb-dog-food-114kg","og_locale":"cs_CZ","og_type":"article","og_title":"GO! Skin&Coat Lamb Dog Food 11,4kg - UniversalPet","og_description":"Kompletn\u00ed krmivo pro psy v\u0161ech plemen a v\u0161eho v\u011bku.","og_url":"https:\/\/universalpet.cz\/?product=go-skincoat-lamb-dog-food-114kg","og_site_name":"UniversalPet","article_modified_time":"2026-01-03T06:12:12+00:00","og_image":[{"width":470,"height":610,"url":"https:\/\/universalpet.cz\/wp-content\/uploads\/2020\/01\/eu-go-df-sc-lamb-rgbhi.jpeg","type":"image\/jpeg"}],"twitter_card":"summary_large_image","twitter_misc":{"Odhadovan\u00e1 doba \u010dten\u00ed":"1 minuta"},"schema":{"@context":"https:\/\/schema.org","@graph":[{"@type":"WebPage","@id":"https:\/\/universalpet.cz\/?product=go-skincoat-lamb-dog-food-114kg","url":"https:\/\/universalpet.cz\/?product=go-skincoat-lamb-dog-food-114kg","name":"GO! Skin&Coat Lamb Dog Food 11,4kg - UniversalPet","isPartOf":{"@id":"https:\/\/universalpet.cz\/#website"},"primaryImageOfPage":{"@id":"https:\/\/universalpet.cz\/?product=go-skincoat-lamb-dog-food-114kg#primaryimage"},"image":{"@id":"https:\/\/universalpet.cz\/?product=go-skincoat-lamb-dog-food-114kg#primaryimage"},"thumbnailUrl":"https:\/\/universalpet.cz\/wp-content\/uploads\/2020\/01\/eu-go-df-sc-lamb-rgbhi.jpeg","datePublished":"2020-01-28T10:11:19+00:00","dateModified":"2026-01-03T06:12:12+00:00","description":"Kompletn\u00ed krmivo pro psy v\u0161ech plemen a v\u0161eho v\u011bku.","breadcrumb":{"@id":"https:\/\/universalpet.cz\/?product=go-skincoat-lamb-dog-food-114kg#breadcrumb"},"inLanguage":"cs","potentialAction":[{"@type":"ReadAction","target":["https:\/\/universalpet.cz\/?product=go-skincoat-lamb-dog-food-114kg"]}]},{"@type":"ImageObject","inLanguage":"cs","@id":"https:\/\/universalpet.cz\/?product=go-skincoat-lamb-dog-food-114kg#primaryimage","url":"https:\/\/universalpet.cz\/wp-content\/uploads\/2020\/01\/eu-go-df-sc-lamb-rgbhi.jpeg","contentUrl":"https:\/\/universalpet.cz\/wp-content\/uploads\/2020\/01\/eu-go-df-sc-lamb-rgbhi.jpeg","width":470,"height":610},{"@type":"BreadcrumbList","@id":"https:\/\/universalpet.cz\/?product=go-skincoat-lamb-dog-food-114kg#breadcrumb","itemListElement":[{"@type":"ListItem","position":1,"name":"Dom\u016f","item":"https:\/\/universalpet.cz\/"},{"@type":"ListItem","position":2,"name":"Obchod","item":"https:\/\/universalpet.cz\/?page_id=6"},{"@type":"ListItem","position":3,"name":"GO! Skin&#038;Coat Lamb Dog Food 11,4kg"}]},{"@type":"WebSite","@id":"https:\/\/universalpet.cz\/#website","url":"https:\/\/universalpet.cz\/","name":"UniversalPet","description":"Kvalitn\u00ed krmiva pro Va\u0161e mazl\u00ed\u010dky","potentialAction":[{"@type":"SearchAction","target":{"@type":"EntryPoint","urlTemplate":"https:\/\/universalpet.cz\/?s={search_term_string}"},"query-input":{"@type":"PropertyValueSpecification","valueRequired":true,"valueName":"search_term_string"}}],"inLanguage":"cs"}]}},"post_mailing_queue_ids":[],"_links":{"self":[{"href":"https:\/\/universalpet.cz\/index.php?rest_route=\/wp\/v2\/product\/1512","targetHints":{"allow":["GET"]}}],"collection":[{"href":"https:\/\/universalpet.cz\/index.php?rest_route=\/wp\/v2\/product"}],"about":[{"href":"https:\/\/universalpet.cz\/index.php?rest_route=\/wp\/v2\/types\/product"}],"replies":[{"embeddable":true,"href":"https:\/\/universalpet.cz\/index.php?rest_route=%2Fwp%2Fv2%2Fcomments&post=1512"}],"wp:featuredmedia":[{"embeddable":true,"href":"https:\/\/universalpet.cz\/index.php?rest_route=\/wp\/v2\/media\/1513"}],"wp:attachment":[{"href":"https:\/\/universalpet.cz\/index.php?rest_route=%2Fwp%2Fv2%2Fmedia&parent=1512"}],"wp:term":[{"taxonomy":"product_brand","embeddable":true,"href":"https:\/\/universalpet.cz\/index.php?rest_route=%2Fwp%2Fv2%2Fproduct_brand&post=1512"},{"taxonomy":"product_cat","embeddable":true,"href":"https:\/\/universalpet.cz\/index.php?rest_route=%2Fwp%2Fv2%2Fproduct_cat&post=1512"},{"taxonomy":"product_tag","embeddable":true,"href":"https:\/\/universalpet.cz\/index.php?rest_route=%2Fwp%2Fv2%2Fproduct_tag&post=1512"}],"curies":[{"name":"wp","href":"https:\/\/api.w.org\/{rel}","templated":true}]}}