{"id":295,"date":"2017-12-05T10:34:06","date_gmt":"2017-12-05T10:34:06","guid":{"rendered":"http:\/\/194.213.36.175:8000\/?post_type=product&#038;p=295"},"modified":"2026-01-03T08:11:40","modified_gmt":"2026-01-03T06:11:40","slug":"brit-care-adult-large-breed-12kg","status":"publish","type":"product","link":"https:\/\/universalpet.cz\/?product=brit-care-adult-large-breed-12kg","title":{"rendered":"Brit Care Adult Large Breed 12kg"},"content":{"rendered":"<p class=\"hidden-xs\">HYPOALERGENN\u00cd receptura Jehn\u011b\u010d\u00ed s r\u00fd\u017e\u00ed pro dosp\u011bl\u00e9 psy velk\u00fdch plemen (NAD 25 KG)<\/p>\n<p class=\"composition\"><strong>Slo\u017een\u00ed:<\/strong>\u00a0jehn\u011b\u010d\u00ed masov\u00e1 mou\u010dka (38%), r\u00fd\u017ee (38%), ku\u0159ec\u00ed tuk (chr\u00e1n\u011bno tokoferoly), su\u0161en\u00e1 jablka, lososov\u00fd olej (2%), p\u0159\u00edrodn\u00ed chu\u0165, pivovarsk\u00e9 kvasnice, schr\u00e1nky mo\u0159sk\u00fdch kor\u00fd\u0161\u016f (zdroj glukosaminu, 260 mg\/kg), extrakt z chrupavky (zdroj chondroitinu, 160 mg\/kg), mannan-oligosacharidy (150 mg\/kg), ovocn\u00fd a bylinn\u00fd extrakt (rozmar\u00fdn, h\u0159eb\u00ed\u010dek, citrusy, kurkuma, 150 mg\/kg), fruktooligosacharidy (100 mg\/kg), juka schidigera (100 mg\/kg), inulin (90 mg\/kg), ostropest\u0159ec mari\u00e1nsk\u00fd\u00a0(Silybum marianum)\u00a0(75 mg\/kg).<\/p>\n<p><strong>Analytick\u00e9 slo\u017eky:<\/strong>\u00a0hrub\u00fd protein 26%, hrub\u00fd tuk 14%, vlhkost 10%, hrub\u00fd popel 7,0%, hrub\u00e1 vl\u00e1knina 2,8%, v\u00e1pn\u00edk 1,5%, fosfor 1,2%.<\/p>\n<p><strong>Nutri\u010dn\u00ed slo\u017een\u00ed:<\/strong>\u00a0vitam\u00edn A (E672) 20 000 IU, vitam\u00edn D3 (E671) 1 500 IU, vitam\u00edn E (\u03b1-tocopherol) (3a700) 500 mg, vitam\u00edn C (E300) 200 mg, cholinchlorid 600 mg, biotin 0,6 mg, vitam\u00edn B1 1 mg, vitam\u00edn B2 4 mg, niacinamid (3a315) 12 mg, pantothenan v\u00e1penat\u00fd 10 mg, vitam\u00edn B6 (3a831) 1 mg, kyselina listov\u00e1 (3a316) 0,5 mg, vitam\u00edn B12 0,04 mg, zinek (E6) 80 mg, \u017eelezo (E1) 70 mg, mangan (E5) 35 mg, j\u00f3d (E2) 0,65 mg, m\u011b\u010f (E4) 15 mg, selen (3b8.10) 0,25 mg.<\/p>\n<p>&nbsp;<\/p>\n","protected":false},"excerpt":{"rendered":"<p>HYPOALERGENN\u00cd receptura Jehn\u011b\u010d\u00ed s r\u00fd\u017e\u00ed pro dosp\u011bl\u00e9 psy velk\u00fdch plemen (NAD 25 KG) Slo\u017een\u00ed:\u00a0jehn\u011b\u010d\u00ed masov\u00e1 mou\u010dka (38%), r\u00fd\u017ee (38%), ku\u0159ec\u00ed tuk (chr\u00e1n\u011bno tokoferoly), su\u0161en\u00e1 jablka, lososov\u00fd olej (2%), p\u0159\u00edrodn\u00ed chu\u0165, pivovarsk\u00e9 kvasnice, schr\u00e1nky mo\u0159sk\u00fdch kor\u00fd\u0161\u016f (zdroj glukosaminu, 260 mg\/kg), extrakt z chrupavky (zdroj chondroitinu, 160 mg\/kg), mannan-oligosacharidy (150 mg\/kg), ovocn\u00fd a bylinn\u00fd extrakt (rozmar\u00fdn, h\u0159eb\u00ed\u010dek, [&hellip;]<\/p>\n","protected":false},"featured_media":296,"comment_status":"open","ping_status":"closed","template":"","meta":[],"product_brand":[],"product_cat":[28],"product_tag":[],"class_list":{"0":"post-295","1":"product","2":"type-product","3":"status-publish","4":"has-post-thumbnail","6":"product_cat-hillsfeline","8":"first","9":"instock","10":"taxable","11":"shipping-taxable","12":"purchasable","13":"product-type-simple"},"yoast_head":"<!-- This site is optimized with the Yoast SEO plugin v26.9 - https:\/\/yoast.com\/product\/yoast-seo-wordpress\/ -->\n<title>Brit Care Adult Large Breed 12kg - UniversalPet<\/title>\n<meta name=\"robots\" content=\"index, follow, max-snippet:-1, max-image-preview:large, max-video-preview:-1\" \/>\n<link rel=\"canonical\" href=\"https:\/\/universalpet.cz\/?product=brit-care-adult-large-breed-12kg\" \/>\n<meta property=\"og:locale\" content=\"cs_CZ\" \/>\n<meta property=\"og:type\" content=\"article\" \/>\n<meta property=\"og:title\" content=\"Brit Care Adult Large Breed 12kg - UniversalPet\" \/>\n<meta property=\"og:description\" content=\"HYPOALERGENN\u00cd receptura Jehn\u011b\u010d\u00ed s r\u00fd\u017e\u00ed pro dosp\u011bl\u00e9 psy velk\u00fdch plemen (NAD 25 KG) Slo\u017een\u00ed:\u00a0jehn\u011b\u010d\u00ed masov\u00e1 mou\u010dka (38%), r\u00fd\u017ee (38%), ku\u0159ec\u00ed tuk (chr\u00e1n\u011bno tokoferoly), su\u0161en\u00e1 jablka, lososov\u00fd olej (2%), p\u0159\u00edrodn\u00ed chu\u0165, pivovarsk\u00e9 kvasnice, schr\u00e1nky mo\u0159sk\u00fdch kor\u00fd\u0161\u016f (zdroj glukosaminu, 260 mg\/kg), extrakt z chrupavky (zdroj chondroitinu, 160 mg\/kg), mannan-oligosacharidy (150 mg\/kg), ovocn\u00fd a bylinn\u00fd extrakt (rozmar\u00fdn, h\u0159eb\u00ed\u010dek, [&hellip;]\" \/>\n<meta property=\"og:url\" content=\"https:\/\/universalpet.cz\/?product=brit-care-adult-large-breed-12kg\" \/>\n<meta property=\"og:site_name\" content=\"UniversalPet\" \/>\n<meta property=\"article:modified_time\" content=\"2026-01-03T06:11:40+00:00\" \/>\n<meta property=\"og:image\" content=\"https:\/\/universalpet.cz\/wp-content\/uploads\/2017\/12\/adultlargebreed_lambrice.png\" \/>\n\t<meta property=\"og:image:width\" content=\"1595\" \/>\n\t<meta property=\"og:image:height\" content=\"2126\" \/>\n\t<meta property=\"og:image:type\" content=\"image\/png\" \/>\n<meta name=\"twitter:card\" content=\"summary_large_image\" \/>\n<meta name=\"twitter:label1\" content=\"Odhadovan\u00e1 doba \u010dten\u00ed\" \/>\n\t<meta name=\"twitter:data1\" content=\"1 minuta\" \/>\n<script type=\"application\/ld+json\" class=\"yoast-schema-graph\">{\"@context\":\"https:\/\/schema.org\",\"@graph\":[{\"@type\":\"WebPage\",\"@id\":\"https:\/\/universalpet.cz\/?product=brit-care-adult-large-breed-12kg\",\"url\":\"https:\/\/universalpet.cz\/?product=brit-care-adult-large-breed-12kg\",\"name\":\"Brit Care Adult Large Breed 12kg - UniversalPet\",\"isPartOf\":{\"@id\":\"https:\/\/universalpet.cz\/#website\"},\"primaryImageOfPage\":{\"@id\":\"https:\/\/universalpet.cz\/?product=brit-care-adult-large-breed-12kg#primaryimage\"},\"image\":{\"@id\":\"https:\/\/universalpet.cz\/?product=brit-care-adult-large-breed-12kg#primaryimage\"},\"thumbnailUrl\":\"https:\/\/universalpet.cz\/wp-content\/uploads\/2017\/12\/adultlargebreed_lambrice.png\",\"datePublished\":\"2017-12-05T10:34:06+00:00\",\"dateModified\":\"2026-01-03T06:11:40+00:00\",\"breadcrumb\":{\"@id\":\"https:\/\/universalpet.cz\/?product=brit-care-adult-large-breed-12kg#breadcrumb\"},\"inLanguage\":\"cs\",\"potentialAction\":[{\"@type\":\"ReadAction\",\"target\":[\"https:\/\/universalpet.cz\/?product=brit-care-adult-large-breed-12kg\"]}]},{\"@type\":\"ImageObject\",\"inLanguage\":\"cs\",\"@id\":\"https:\/\/universalpet.cz\/?product=brit-care-adult-large-breed-12kg#primaryimage\",\"url\":\"https:\/\/universalpet.cz\/wp-content\/uploads\/2017\/12\/adultlargebreed_lambrice.png\",\"contentUrl\":\"https:\/\/universalpet.cz\/wp-content\/uploads\/2017\/12\/adultlargebreed_lambrice.png\",\"width\":1595,\"height\":2126},{\"@type\":\"BreadcrumbList\",\"@id\":\"https:\/\/universalpet.cz\/?product=brit-care-adult-large-breed-12kg#breadcrumb\",\"itemListElement\":[{\"@type\":\"ListItem\",\"position\":1,\"name\":\"Dom\u016f\",\"item\":\"https:\/\/universalpet.cz\/\"},{\"@type\":\"ListItem\",\"position\":2,\"name\":\"Obchod\",\"item\":\"https:\/\/universalpet.cz\/?page_id=6\"},{\"@type\":\"ListItem\",\"position\":3,\"name\":\"Brit Care Adult Large Breed 12kg\"}]},{\"@type\":\"WebSite\",\"@id\":\"https:\/\/universalpet.cz\/#website\",\"url\":\"https:\/\/universalpet.cz\/\",\"name\":\"UniversalPet\",\"description\":\"Kvalitn\u00ed krmiva pro Va\u0161e mazl\u00ed\u010dky\",\"potentialAction\":[{\"@type\":\"SearchAction\",\"target\":{\"@type\":\"EntryPoint\",\"urlTemplate\":\"https:\/\/universalpet.cz\/?s={search_term_string}\"},\"query-input\":{\"@type\":\"PropertyValueSpecification\",\"valueRequired\":true,\"valueName\":\"search_term_string\"}}],\"inLanguage\":\"cs\"}]}<\/script>\n<!-- \/ Yoast SEO plugin. -->","yoast_head_json":{"title":"Brit Care Adult Large Breed 12kg - UniversalPet","robots":{"index":"index","follow":"follow","max-snippet":"max-snippet:-1","max-image-preview":"max-image-preview:large","max-video-preview":"max-video-preview:-1"},"canonical":"https:\/\/universalpet.cz\/?product=brit-care-adult-large-breed-12kg","og_locale":"cs_CZ","og_type":"article","og_title":"Brit Care Adult Large Breed 12kg - UniversalPet","og_description":"HYPOALERGENN\u00cd receptura Jehn\u011b\u010d\u00ed s r\u00fd\u017e\u00ed pro dosp\u011bl\u00e9 psy velk\u00fdch plemen (NAD 25 KG) Slo\u017een\u00ed:\u00a0jehn\u011b\u010d\u00ed masov\u00e1 mou\u010dka (38%), r\u00fd\u017ee (38%), ku\u0159ec\u00ed tuk (chr\u00e1n\u011bno tokoferoly), su\u0161en\u00e1 jablka, lososov\u00fd olej (2%), p\u0159\u00edrodn\u00ed chu\u0165, pivovarsk\u00e9 kvasnice, schr\u00e1nky mo\u0159sk\u00fdch kor\u00fd\u0161\u016f (zdroj glukosaminu, 260 mg\/kg), extrakt z chrupavky (zdroj chondroitinu, 160 mg\/kg), mannan-oligosacharidy (150 mg\/kg), ovocn\u00fd a bylinn\u00fd extrakt (rozmar\u00fdn, h\u0159eb\u00ed\u010dek, [&hellip;]","og_url":"https:\/\/universalpet.cz\/?product=brit-care-adult-large-breed-12kg","og_site_name":"UniversalPet","article_modified_time":"2026-01-03T06:11:40+00:00","og_image":[{"width":1595,"height":2126,"url":"https:\/\/universalpet.cz\/wp-content\/uploads\/2017\/12\/adultlargebreed_lambrice.png","type":"image\/png"}],"twitter_card":"summary_large_image","twitter_misc":{"Odhadovan\u00e1 doba \u010dten\u00ed":"1 minuta"},"schema":{"@context":"https:\/\/schema.org","@graph":[{"@type":"WebPage","@id":"https:\/\/universalpet.cz\/?product=brit-care-adult-large-breed-12kg","url":"https:\/\/universalpet.cz\/?product=brit-care-adult-large-breed-12kg","name":"Brit Care Adult Large Breed 12kg - UniversalPet","isPartOf":{"@id":"https:\/\/universalpet.cz\/#website"},"primaryImageOfPage":{"@id":"https:\/\/universalpet.cz\/?product=brit-care-adult-large-breed-12kg#primaryimage"},"image":{"@id":"https:\/\/universalpet.cz\/?product=brit-care-adult-large-breed-12kg#primaryimage"},"thumbnailUrl":"https:\/\/universalpet.cz\/wp-content\/uploads\/2017\/12\/adultlargebreed_lambrice.png","datePublished":"2017-12-05T10:34:06+00:00","dateModified":"2026-01-03T06:11:40+00:00","breadcrumb":{"@id":"https:\/\/universalpet.cz\/?product=brit-care-adult-large-breed-12kg#breadcrumb"},"inLanguage":"cs","potentialAction":[{"@type":"ReadAction","target":["https:\/\/universalpet.cz\/?product=brit-care-adult-large-breed-12kg"]}]},{"@type":"ImageObject","inLanguage":"cs","@id":"https:\/\/universalpet.cz\/?product=brit-care-adult-large-breed-12kg#primaryimage","url":"https:\/\/universalpet.cz\/wp-content\/uploads\/2017\/12\/adultlargebreed_lambrice.png","contentUrl":"https:\/\/universalpet.cz\/wp-content\/uploads\/2017\/12\/adultlargebreed_lambrice.png","width":1595,"height":2126},{"@type":"BreadcrumbList","@id":"https:\/\/universalpet.cz\/?product=brit-care-adult-large-breed-12kg#breadcrumb","itemListElement":[{"@type":"ListItem","position":1,"name":"Dom\u016f","item":"https:\/\/universalpet.cz\/"},{"@type":"ListItem","position":2,"name":"Obchod","item":"https:\/\/universalpet.cz\/?page_id=6"},{"@type":"ListItem","position":3,"name":"Brit Care Adult Large Breed 12kg"}]},{"@type":"WebSite","@id":"https:\/\/universalpet.cz\/#website","url":"https:\/\/universalpet.cz\/","name":"UniversalPet","description":"Kvalitn\u00ed krmiva pro Va\u0161e mazl\u00ed\u010dky","potentialAction":[{"@type":"SearchAction","target":{"@type":"EntryPoint","urlTemplate":"https:\/\/universalpet.cz\/?s={search_term_string}"},"query-input":{"@type":"PropertyValueSpecification","valueRequired":true,"valueName":"search_term_string"}}],"inLanguage":"cs"}]}},"post_mailing_queue_ids":[],"_links":{"self":[{"href":"https:\/\/universalpet.cz\/index.php?rest_route=\/wp\/v2\/product\/295","targetHints":{"allow":["GET"]}}],"collection":[{"href":"https:\/\/universalpet.cz\/index.php?rest_route=\/wp\/v2\/product"}],"about":[{"href":"https:\/\/universalpet.cz\/index.php?rest_route=\/wp\/v2\/types\/product"}],"replies":[{"embeddable":true,"href":"https:\/\/universalpet.cz\/index.php?rest_route=%2Fwp%2Fv2%2Fcomments&post=295"}],"wp:featuredmedia":[{"embeddable":true,"href":"https:\/\/universalpet.cz\/index.php?rest_route=\/wp\/v2\/media\/296"}],"wp:attachment":[{"href":"https:\/\/universalpet.cz\/index.php?rest_route=%2Fwp%2Fv2%2Fmedia&parent=295"}],"wp:term":[{"taxonomy":"product_brand","embeddable":true,"href":"https:\/\/universalpet.cz\/index.php?rest_route=%2Fwp%2Fv2%2Fproduct_brand&post=295"},{"taxonomy":"product_cat","embeddable":true,"href":"https:\/\/universalpet.cz\/index.php?rest_route=%2Fwp%2Fv2%2Fproduct_cat&post=295"},{"taxonomy":"product_tag","embeddable":true,"href":"https:\/\/universalpet.cz\/index.php?rest_route=%2Fwp%2Fv2%2Fproduct_tag&post=295"}],"curies":[{"name":"wp","href":"https:\/\/api.w.org\/{rel}","templated":true}]}}